{"id":2105,"date":"2020-11-21T19:01:29","date_gmt":"2020-11-21T18:01:29","guid":{"rendered":"http:\/\/store.droneway.ma\/index.php\/produit\/valise-4600w-etanche-pour-dji-matrice-200-210-hprc\/"},"modified":"2020-11-21T19:01:41","modified_gmt":"2020-11-21T18:01:41","slug":"valise-4600w-etanche-pour-dji-matrice-200-210-hprc","status":"publish","type":"product","link":"https:\/\/store.droneway.ma\/index.php\/produit\/valise-4600w-etanche-pour-dji-matrice-200-210-hprc\/","title":{"rendered":"Valise 4600W \u00e9tanche pour DJI Matrice 200 &#038; 210 &#8211; HPRC"},"content":{"rendered":"<p>Cette valise HPRC vous permettra de transporter en toute s\u00e9curit\u00e9 votre drone DJI Matrice 210 et tous ces accessoires. La mousse haute densit\u00e9 est divis\u00e9e en deux \u00e9tages qui accueilleront tous les \u00e9l\u00e9ments et qui permettront au drone de garder son train d\u2019atterrissage mont\u00e9 pour un d\u00e9ploiement plus rapide sur la zone de vol. Dans la valise HPRC V1, vous pourrez accueillir un M200\/M210, une radiocommande DJI Cendence, une radiocommande standard, une batterie WB37, un hub de chargement pour CrystalSky, un CrystalSky 7.85 pouces, un hub de chargement (IN2), deux batteries TB50 ou une batterie TB55, un chargeur, 4 h\u00e9lices, 2 batteries TB50 et des petits accessoires. Vous pourrez ainsi ranger dans la valise HPRC V2 sur plus de 12 emplacements sp\u00e9cifiques un M200\/M210, deux radiocommandes DJI Cendence, une radiocommande standard, une batterie WB37, un hub de chargement pour CrystalSky, deux CrystalSky 7.85 pouces, un hub de chargement (IN2), deux batteries TB50 ou une batterie TB55, un chargeur, 4 h\u00e9lices, 2 batteries TB50 et des petits accessoires.<\/p>\n","protected":false},"excerpt":{"rendered":"<p>Valise haut de gamme HPRC  Compatible DJI Matrice 200\/210  Supporte le drone avec son train en landing mode  IP67 : prot\u00e9g\u00e9e contre eau &#038; poussi\u00e8re  Plus de 12 rangements<\/p>\n","protected":false},"featured_media":514,"template":"","meta":{"content-type":"","rop_custom_images_group":[],"rop_custom_messages_group":[],"rop_publish_now":"initial","rop_publish_now_accounts":[],"rop_publish_now_history":[],"rop_publish_now_status":"pending"},"product_brand":[],"product_cat":[18,31],"product_tag":[],"class_list":{"0":"post-2105","1":"product","2":"type-product","3":"status-publish","4":"has-post-thumbnail","6":"product_cat-dji-matrice","7":"product_cat-matrice-200","9":"first","10":"instock","11":"purchasable","12":"product-type-simple"},"jetpack-related-posts":[{"id":2106,"url":"https:\/\/store.droneway.ma\/index.php\/produit\/valise-2550w-etanche-a-roulettes-pour-tb50-tb55-wb37-crystalsky-hprc\/","url_meta":{"origin":2105,"position":0},"title":"Valise 2550W \u00e9tanche \u00e0 roulettes pour TB50 \/ TB55 \/ WB37 \/ CrystalSky &#8211; HPRC","author":"admin","date":"21 novembre 2020","format":false,"excerpt":"Valise \u00e9tanche haute gamme HPRC pour batteries TB 50 et 55 \/ Crystalsky Mousse haute densit\u00e9 pr\u00e9d\u00e9coup\u00e9e avec 6 emplacements S\u00e9curis\u00e9e \/ emplacements pour cadenas","rel":"","context":"Article similaire","block_context":{"text":"Article similaire","link":""},"img":{"alt_text":"Valise 2550W \u00e9tanche \u00e0 roulettes pour TB50 \/ TB55 \/ WB37 \/ CrystalSky - HPRC","src":"https:\/\/i0.wp.com\/store.droneway.ma\/wp-content\/uploads\/2020\/11\/valise-2550w-etanche-et-a-roulettes-pour-batteries-tb50-et-55-wb37-crystalsky-hprc-p-image-213927-grande.jpg?resize=350%2C200&ssl=1","width":350,"height":200,"srcset":"https:\/\/i0.wp.com\/store.droneway.ma\/wp-content\/uploads\/2020\/11\/valise-2550w-etanche-et-a-roulettes-pour-batteries-tb50-et-55-wb37-crystalsky-hprc-p-image-213927-grande.jpg?resize=350%2C200&ssl=1 1x, https:\/\/i0.wp.com\/store.droneway.ma\/wp-content\/uploads\/2020\/11\/valise-2550w-etanche-et-a-roulettes-pour-batteries-tb50-et-55-wb37-crystalsky-hprc-p-image-213927-grande.jpg?resize=525%2C300&ssl=1 1.5x, https:\/\/i0.wp.com\/store.droneway.ma\/wp-content\/uploads\/2020\/11\/valise-2550w-etanche-et-a-roulettes-pour-batteries-tb50-et-55-wb37-crystalsky-hprc-p-image-213927-grande.jpg?resize=700%2C400&ssl=1 2x"},"classes":[]},{"id":2121,"url":"https:\/\/store.droneway.ma\/index.php\/produit\/valise-2550w-etanche-a-roulettes-pour-tb50-tb55-wb37-crystalsky-hprc-2\/","url_meta":{"origin":2105,"position":1},"title":"Valise 2550W \u00e9tanche \u00e0 roulettes pour TB50 \/ TB55 \/ WB37 \/ CrystalSky &#8211; HPRC","author":"admin","date":"21 novembre 2020","format":false,"excerpt":"Valise \u00e9tanche haute gamme HPRC pour batteries TB 50 et 55 \/ Crystalsky Mousse haute densit\u00e9 pr\u00e9d\u00e9coup\u00e9e avec 6 emplacements S\u00e9curis\u00e9e \/ emplacements pour cadenas","rel":"","context":"Article similaire","block_context":{"text":"Article similaire","link":""},"img":{"alt_text":"Valise 2550W \u00e9tanche \u00e0 roulettes pour TB50 \/ TB55 \/ WB37 \/ CrystalSky - HPRC","src":"https:\/\/i0.wp.com\/store.droneway.ma\/wp-content\/uploads\/2020\/11\/valise-2550w-etanche-et-a-roulettes-pour-batteries-tb50-et-55-wb37-crystalsky-hprc-p-image-213927-grande.jpg?resize=350%2C200&ssl=1","width":350,"height":200,"srcset":"https:\/\/i0.wp.com\/store.droneway.ma\/wp-content\/uploads\/2020\/11\/valise-2550w-etanche-et-a-roulettes-pour-batteries-tb50-et-55-wb37-crystalsky-hprc-p-image-213927-grande.jpg?resize=350%2C200&ssl=1 1x, https:\/\/i0.wp.com\/store.droneway.ma\/wp-content\/uploads\/2020\/11\/valise-2550w-etanche-et-a-roulettes-pour-batteries-tb50-et-55-wb37-crystalsky-hprc-p-image-213927-grande.jpg?resize=525%2C300&ssl=1 1.5x, https:\/\/i0.wp.com\/store.droneway.ma\/wp-content\/uploads\/2020\/11\/valise-2550w-etanche-et-a-roulettes-pour-batteries-tb50-et-55-wb37-crystalsky-hprc-p-image-213927-grande.jpg?resize=700%2C400&ssl=1 2x"},"classes":[]},{"id":2084,"url":"https:\/\/store.droneway.ma\/index.php\/produit\/valise-2780w-double-a-roulettes-pour-dji-inspire-2-hprc\/","url_meta":{"origin":2105,"position":2},"title":"Valise 2780W double \u00e0 roulettes pour DJI Inspire 2 &#8211; HPRC","author":"admin","date":"21 novembre 2020","format":false,"excerpt":"Valise \u00e0 roulettes haut de gamme HPRC Supporte la nacelle mont\u00e9e sur le drone IP67 : prot\u00e9g\u00e9e contre eau & poussi\u00e8re Double compartiment : 17 rangements S\u00e9curis\u00e9e","rel":"","context":"Article similaire","block_context":{"text":"Article similaire","link":""},"img":{"alt_text":"Valise 2780W double \u00e0 roulettes pour DJI Inspire 2 - HPRC","src":"https:\/\/i0.wp.com\/store.droneway.ma\/wp-content\/uploads\/2020\/11\/valise-hprc-a-roulettes-double-pour-dji-inspire-2-p-image-187266-grande.jpg?resize=350%2C200&ssl=1","width":350,"height":200},"classes":[]},{"id":2134,"url":"https:\/\/store.droneway.ma\/index.php\/produit\/valise-etanche-2800w-pour-dji-matrice-300-rtk-hprc\/","url_meta":{"origin":2105,"position":3},"title":"Valise \u00e9tanche 2800W pour DJI Matrice 300 RTK &#8211; HPRC","author":"admin","date":"21 novembre 2020","format":false,"excerpt":"Valise haut de gamme de chez HPRC Mousse haute densit\u00e9 permettant le respect du mat\u00e9riel Con\u00e7ue pour le drone DJI Matrice 300 RTK et ses accessoires Indice de protection IP67","rel":"","context":"Article similaire","block_context":{"text":"Article similaire","link":""},"img":{"alt_text":"Valise \u00e9tanche 2800W pour DJI Matrice 300 RTK - HPRC","src":"https:\/\/i0.wp.com\/store.droneway.ma\/wp-content\/uploads\/2020\/11\/valise-etanche-2800w-pour-dji-matrice-300-rtk-hprc-p-image-218929-grande.jpg?resize=350%2C200&ssl=1","width":350,"height":200,"srcset":"https:\/\/i0.wp.com\/store.droneway.ma\/wp-content\/uploads\/2020\/11\/valise-etanche-2800w-pour-dji-matrice-300-rtk-hprc-p-image-218929-grande.jpg?resize=350%2C200&ssl=1 1x, https:\/\/i0.wp.com\/store.droneway.ma\/wp-content\/uploads\/2020\/11\/valise-etanche-2800w-pour-dji-matrice-300-rtk-hprc-p-image-218929-grande.jpg?resize=525%2C300&ssl=1 1.5x, https:\/\/i0.wp.com\/store.droneway.ma\/wp-content\/uploads\/2020\/11\/valise-etanche-2800w-pour-dji-matrice-300-rtk-hprc-p-image-218929-grande.jpg?resize=700%2C400&ssl=1 2x"},"classes":[]},{"id":2107,"url":"https:\/\/store.droneway.ma\/index.php\/produit\/valise-2460-etanche-pour-dji-cendence-et-crystalsky-hprc-2\/","url_meta":{"origin":2105,"position":4},"title":"Valise 2460 \u00e9tanche pour DJI Cendence et Crystalsky &#8211; HPRC","author":"admin","date":"21 novembre 2020","format":false,"excerpt":"Valise \u00e9tanche haute gamme HPRC pour Cendence et Crystalsky Mousse haute densit\u00e9 pr\u00e9d\u00e9coup\u00e9e avec 6 emplacements S\u00e9curis\u00e9e \/ emplacements pour cadenas","rel":"","context":"Article similaire","block_context":{"text":"Article similaire","link":""},"img":{"alt_text":"Valise 2460 \u00e9tanche pour DJI Cendence et Crystalsky - HPRC","src":"https:\/\/i0.wp.com\/store.droneway.ma\/wp-content\/uploads\/2020\/11\/valise-hprc2460-pour-dji-cendence-et-cristalsky-p-image-201889-grande.jpg?resize=350%2C200&ssl=1","width":350,"height":200,"srcset":"https:\/\/i0.wp.com\/store.droneway.ma\/wp-content\/uploads\/2020\/11\/valise-hprc2460-pour-dji-cendence-et-cristalsky-p-image-201889-grande.jpg?resize=350%2C200&ssl=1 1x, https:\/\/i0.wp.com\/store.droneway.ma\/wp-content\/uploads\/2020\/11\/valise-hprc2460-pour-dji-cendence-et-cristalsky-p-image-201889-grande.jpg?resize=525%2C300&ssl=1 1.5x, https:\/\/i0.wp.com\/store.droneway.ma\/wp-content\/uploads\/2020\/11\/valise-hprc2460-pour-dji-cendence-et-cristalsky-p-image-201889-grande.jpg?resize=700%2C400&ssl=1 2x"},"classes":[]},{"id":2454,"url":"https:\/\/store.droneway.ma\/index.php\/produit\/valise-2700w-etanche-pour-dji-phantom-4-rtk-hprc\/","url_meta":{"origin":2105,"position":5},"title":"Valise 2700W \u00e9tanche pour DJI Phantom 4 RTK &#8211; HPRC","author":"admin","date":"21 novembre 2020","format":false,"excerpt":"Pesant 9.40 kg, cette valise est cependant tr\u00e8s agr\u00e9able \u00e0 manipuler avec ses roues et son syst\u00e8me de poign\u00e9e r\u00e9tractable. Les emplacements sp\u00e9cifiques cadenas permettront de la s\u00e9curiser durant tous vos d\u00e9placements.","rel":"","context":"Article similaire","block_context":{"text":"Article similaire","link":""},"img":{"alt_text":"Valise 2700W \u00e9tanche pour DJI Phantom 4 RTK - HPRC","src":"https:\/\/i0.wp.com\/store.droneway.ma\/wp-content\/uploads\/2020\/11\/Valise-2700W-etanche-pour-DJI-Phantom-4-RTK-HPRC.jpg?resize=350%2C200&ssl=1","width":350,"height":200},"classes":[]}],"jetpack_sharing_enabled":true,"_links":{"self":[{"href":"https:\/\/store.droneway.ma\/index.php\/wp-json\/wp\/v2\/product\/2105","targetHints":{"allow":["GET"]}}],"collection":[{"href":"https:\/\/store.droneway.ma\/index.php\/wp-json\/wp\/v2\/product"}],"about":[{"href":"https:\/\/store.droneway.ma\/index.php\/wp-json\/wp\/v2\/types\/product"}],"wp:featuredmedia":[{"embeddable":true,"href":"https:\/\/store.droneway.ma\/index.php\/wp-json\/wp\/v2\/media\/514"}],"wp:attachment":[{"href":"https:\/\/store.droneway.ma\/index.php\/wp-json\/wp\/v2\/media?parent=2105"}],"wp:term":[{"taxonomy":"product_brand","embeddable":true,"href":"https:\/\/store.droneway.ma\/index.php\/wp-json\/wp\/v2\/product_brand?post=2105"},{"taxonomy":"product_cat","embeddable":true,"href":"https:\/\/store.droneway.ma\/index.php\/wp-json\/wp\/v2\/product_cat?post=2105"},{"taxonomy":"product_tag","embeddable":true,"href":"https:\/\/store.droneway.ma\/index.php\/wp-json\/wp\/v2\/product_tag?post=2105"}],"curies":[{"name":"wp","href":"https:\/\/api.w.org\/{rel}","templated":true}]}}