{"id":2103,"date":"2020-11-21T19:01:29","date_gmt":"2020-11-21T18:01:29","guid":{"rendered":"http:\/\/store.droneway.ma\/index.php\/produit\/support-smartphone-tablette-pour-dji-cendence-et-inspire-2-2\/"},"modified":"2020-11-21T19:01:40","modified_gmt":"2020-11-21T18:01:40","slug":"support-smartphone-tablette-pour-dji-cendence-et-inspire-2-2","status":"publish","type":"product","link":"https:\/\/store.droneway.ma\/index.php\/produit\/support-smartphone-tablette-pour-dji-cendence-et-inspire-2-2\/","title":{"rendered":"Support smartphone &#038; tablette pour DJI Cendence et Inspire 2"},"content":{"rendered":"<p>Ce syst\u00e8me de fixation vous permettra de fixer une tablette ou un smartphone sur la radiocommande DJI Cendence ou DJI Inspire 2 \u00e0 la place d\u2019un \u00e9cran DJI CrystalSky.  Il est compatible uniquement avec le syst\u00e8me de fixation radio pour Crystalsky.<\/p>\n","protected":false},"excerpt":{"rendered":"<p>Permet la fixation de smartphone et tablette \t  \tInstallation ais\u00e9e<\/p>\n","protected":false},"featured_media":504,"template":"","meta":{"content-type":"","rop_custom_images_group":[],"rop_custom_messages_group":[],"rop_publish_now":"initial","rop_publish_now_accounts":[],"rop_publish_now_history":[],"rop_publish_now_status":"pending"},"product_brand":[],"product_cat":[18,31],"product_tag":[],"class_list":{"0":"post-2103","1":"product","2":"type-product","3":"status-publish","4":"has-post-thumbnail","6":"product_cat-dji-matrice","7":"product_cat-matrice-200","9":"first","10":"instock","11":"purchasable","12":"product-type-simple"},"jetpack-related-posts":[{"id":2088,"url":"https:\/\/store.droneway.ma\/index.php\/produit\/support-smartphone-tablette-pour-dji-cendence-et-inspire-2\/","url_meta":{"origin":2103,"position":0},"title":"Support smartphone &#038; tablette pour DJI Cendence et Inspire 2","author":"admin","date":"21 novembre 2020","format":false,"excerpt":"Permet la fixation de smartphone et tablette Installation facile","rel":"","context":"Article similaire","block_context":{"text":"Article similaire","link":""},"img":{"alt_text":"Support smartphone & tablette pour DJI Cendence et Inspire 2","src":"https:\/\/i0.wp.com\/store.droneway.ma\/wp-content\/uploads\/2020\/11\/support-smartphone-tablette-pour-dji-cendence-p-image-188058-grande.jpg?resize=350%2C200&ssl=1","width":350,"height":200},"classes":[]},{"id":2097,"url":"https:\/\/store.droneway.ma\/index.php\/produit\/radiocommande-dji-inspire-2-matrice-200-2\/","url_meta":{"origin":2103,"position":1},"title":"Radiocommande DJI Inspire 2 \/ Matrice 200","author":"admin","date":"21 novembre 2020","format":false,"excerpt":"Radiocommande ergonomique Lightbridge int\u00e9gr\u00e9 Id\u00e9al pour remplacement ou cadreur Port\u00e9e radio : 3.5Km (CE) Compatible DJI Inspire 2 et M200 series","rel":"","context":"Article similaire","block_context":{"text":"Article similaire","link":""},"img":{"alt_text":"Radiocommande DJI Inspire 2 \/ Matrice 200","src":"https:\/\/i0.wp.com\/store.droneway.ma\/wp-content\/uploads\/2020\/11\/radiocommande-dji-inspire-2-p-image-199921-grande.jpg?resize=350%2C200&ssl=1","width":350,"height":200},"classes":[]},{"id":2094,"url":"https:\/\/store.droneway.ma\/index.php\/produit\/radiocommande-dji-inspire-2-matrice-200\/","url_meta":{"origin":2103,"position":2},"title":"Radiocommande DJI Inspire 2 \/ Matrice 200","author":"admin","date":"21 novembre 2020","format":false,"excerpt":"Radiocommande ergonomique Lightbridge int\u00e9gr\u00e9 Id\u00e9al pour remplacement ou cadreur Port\u00e9e radio : 3.5Km (CE) Compatible DJI Inspire 2 et M200 series","rel":"","context":"Article similaire","block_context":{"text":"Article similaire","link":""},"img":{"alt_text":"Radiocommande DJI Inspire 2 \/ Matrice 200","src":"https:\/\/i0.wp.com\/store.droneway.ma\/wp-content\/uploads\/2020\/11\/radiocommande-dji-inspire-2-p-image-199921-grande.jpg?resize=350%2C200&ssl=1","width":350,"height":200},"classes":[]},{"id":2081,"url":"https:\/\/store.droneway.ma\/index.php\/produit\/station-de-charge-dji-pour-tb50\/","url_meta":{"origin":2103,"position":3},"title":"Station de charge DJI pour TB50","author":"admin","date":"21 novembre 2020","format":false,"excerpt":"Transport et stockage pour 12 TB50, 2 Li-Pos CrystalSky\/Cendence et 1 Li-Po CrystalSky\/Cendence Rechargement simultan\u00e9 de 8 TB50, 1 radio Inspire 2, 2 Li-Po CrystalSky \/ Cendence et un smartphone \/ tablette Fonction de d\u00e9charge intelligente : am\u00e9lioration dur\u00e9e de vie des batteries pour leur rangement et transport. Monitoring des\u2026","rel":"","context":"Article similaire","block_context":{"text":"Article similaire","link":""},"img":{"alt_text":"Station de charge DJI pour TB50","src":"https:\/\/i0.wp.com\/store.droneway.ma\/wp-content\/uploads\/2020\/11\/station-de-charge-dji-pour-tb50-p-image-200338-grande.jpg?resize=350%2C200&ssl=1","width":350,"height":200},"classes":[]},{"id":2124,"url":"https:\/\/store.droneway.ma\/index.php\/produit\/station-de-charge-dji-pour-tb50-2\/","url_meta":{"origin":2103,"position":4},"title":"Station de charge DJI pour TB50","author":"admin","date":"21 novembre 2020","format":false,"excerpt":"Transport et stockage pour 12 TB50, 2 Li-Pos CrystalSky\/Cendence et 1 Li-Po CrystalSky\/Cendence Rechargement simultan\u00e9 de 8 TB50, 1 radio Inspire 2, 2 Li-Po CrystalSky \/ Cendence et un smartphone \/ tablette Fonction de d\u00e9charge intelligente : am\u00e9lioration dur\u00e9e de vie des batteries pour leur rangement et transport. Monitoring des\u2026","rel":"","context":"Article similaire","block_context":{"text":"Article similaire","link":""},"img":{"alt_text":"Station de charge DJI pour TB50","src":"https:\/\/i0.wp.com\/store.droneway.ma\/wp-content\/uploads\/2020\/11\/station-de-charge-dji-pour-tb50-p-image-200338-grande.jpg?resize=350%2C200&ssl=1","width":350,"height":200},"classes":[]},{"id":2487,"url":"https:\/\/store.droneway.ma\/index.php\/produit\/station-de-charge-dji-pour-tb50-3\/","url_meta":{"origin":2103,"position":5},"title":"Station de charge DJI pour TB50","author":"admin","date":"21 novembre 2020","format":false,"excerpt":"Transport et stockage pour 12 TB50, 2 Li-Pos CrystalSky\/Cendence et 1 Li-Po CrystalSky\/Cendence Rechargement simultan\u00e9 de 8 TB50, 1 radio Inspire 2, 2 Li-Po CrystalSky \/ Cendence et un smartphone \/ tablette Fonction de d\u00e9charge intelligente : am\u00e9lioration dur\u00e9e de vie des batteries pour leur rangement et transport. Monitoring des\u2026","rel":"","context":"Article similaire","block_context":{"text":"Article similaire","link":""},"img":{"alt_text":"Station de charge DJI pour TB50","src":"https:\/\/i0.wp.com\/store.droneway.ma\/wp-content\/uploads\/2020\/11\/station-de-charge-dji-pour-tb50-p-image-200338-grande.jpg?resize=350%2C200&ssl=1","width":350,"height":200},"classes":[]}],"jetpack_sharing_enabled":true,"_links":{"self":[{"href":"https:\/\/store.droneway.ma\/index.php\/wp-json\/wp\/v2\/product\/2103","targetHints":{"allow":["GET"]}}],"collection":[{"href":"https:\/\/store.droneway.ma\/index.php\/wp-json\/wp\/v2\/product"}],"about":[{"href":"https:\/\/store.droneway.ma\/index.php\/wp-json\/wp\/v2\/types\/product"}],"wp:featuredmedia":[{"embeddable":true,"href":"https:\/\/store.droneway.ma\/index.php\/wp-json\/wp\/v2\/media\/504"}],"wp:attachment":[{"href":"https:\/\/store.droneway.ma\/index.php\/wp-json\/wp\/v2\/media?parent=2103"}],"wp:term":[{"taxonomy":"product_brand","embeddable":true,"href":"https:\/\/store.droneway.ma\/index.php\/wp-json\/wp\/v2\/product_brand?post=2103"},{"taxonomy":"product_cat","embeddable":true,"href":"https:\/\/store.droneway.ma\/index.php\/wp-json\/wp\/v2\/product_cat?post=2103"},{"taxonomy":"product_tag","embeddable":true,"href":"https:\/\/store.droneway.ma\/index.php\/wp-json\/wp\/v2\/product_tag?post=2103"}],"curies":[{"name":"wp","href":"https:\/\/api.w.org\/{rel}","templated":true}]}}