{"id":2102,"date":"2020-11-21T19:01:29","date_gmt":"2020-11-21T18:01:29","guid":{"rendered":"http:\/\/store.droneway.ma\/index.php\/produit\/systeme-de-fixation-radio-pour-dji-crystalsky-2\/"},"modified":"2020-11-21T19:01:39","modified_gmt":"2020-11-21T18:01:39","slug":"systeme-de-fixation-radio-pour-dji-crystalsky-2","status":"publish","type":"product","link":"https:\/\/store.droneway.ma\/index.php\/produit\/systeme-de-fixation-radio-pour-dji-crystalsky-2\/","title":{"rendered":"Syst\u00e8me de fixation radio pour DJI Crystalsky"},"content":{"rendered":"<p>Le syst\u00e8me de fixation pour \u00e9cran Crystalsky est un accessoire indispensable pour qui souhaite installer un Crystalsky sur sa radio DJI.  Il est compatible Inspire 1 et 2, Phantom 4, Phantom 4 Pro, Phantom 3 Pro et Advanced ou encore Matrice 100, 200 et 600.<\/p>\n","protected":false},"excerpt":{"rendered":"<p>Syst\u00e8me de fixation pour Crystalsky<\/p>\n","protected":false},"featured_media":499,"template":"","meta":{"content-type":"","rop_custom_images_group":[],"rop_custom_messages_group":[],"rop_publish_now":"initial","rop_publish_now_accounts":[],"rop_publish_now_history":[],"rop_publish_now_status":"pending"},"product_brand":[],"product_cat":[18,31],"product_tag":[],"class_list":{"0":"post-2102","1":"product","2":"type-product","3":"status-publish","4":"has-post-thumbnail","6":"product_cat-dji-matrice","7":"product_cat-matrice-200","9":"first","10":"instock","11":"purchasable","12":"product-type-simple"},"jetpack-related-posts":[{"id":2087,"url":"https:\/\/store.droneway.ma\/index.php\/produit\/systeme-de-fixation-radio-pour-dji-crystalsky\/","url_meta":{"origin":2102,"position":0},"title":"Syst\u00e8me de fixation radio pour DJI Crystalsky","author":"admin","date":"21 novembre 2020","format":false,"excerpt":"Syst\u00e8me de fixation pour Crystalsky","rel":"","context":"Article similaire","block_context":{"text":"Article similaire","link":""},"img":{"alt_text":"Syst\u00e8me de fixation radio pour DJI Crystalsky","src":"https:\/\/i0.wp.com\/store.droneway.ma\/wp-content\/uploads\/2020\/11\/systeme-de-fixation-radio-pour-dji-crystalsky-p-image-188028-grande.jpg?resize=350%2C200&ssl=1","width":350,"height":200},"classes":[]},{"id":2449,"url":"https:\/\/store.droneway.ma\/index.php\/produit\/batterie-wb37-dji-3\/","url_meta":{"origin":2102,"position":1},"title":"Batterie WB37 &#8211; DJI","author":"admin","date":"21 novembre 2020","format":false,"excerpt":"4H \u00e0 5H avec Crystalsky 7.85\" 5H \u00e0 6H avec Crystalsky 5.5\" 4H avec radio DJI Cendence","rel":"","context":"Article similaire","block_context":{"text":"Article similaire","link":""},"img":{"alt_text":"Batterie WB37 - DJI","src":"https:\/\/i0.wp.com\/store.droneway.ma\/wp-content\/uploads\/2020\/11\/batterie-pour-dji-crystalsky-cendence-p-image-190296-grande.jpg?resize=350%2C200&ssl=1","width":350,"height":200},"classes":[]},{"id":2126,"url":"https:\/\/store.droneway.ma\/index.php\/produit\/batterie-wb37-dji-2\/","url_meta":{"origin":2102,"position":2},"title":"Batterie WB37 &#8211; DJI","author":"admin","date":"21 novembre 2020","format":false,"excerpt":"4H \u00e0 5H avec Crystalsky 7.85\" 5H \u00e0 6H avec Crystalsky 5.5\" 4H avec radio DJI Cendence","rel":"","context":"Article similaire","block_context":{"text":"Article similaire","link":""},"img":{"alt_text":"Batterie WB37 - DJI","src":"https:\/\/i0.wp.com\/store.droneway.ma\/wp-content\/uploads\/2020\/11\/batterie-pour-dji-crystalsky-cendence-p-image-190296-grande.jpg?resize=350%2C200&ssl=1","width":350,"height":200},"classes":[]},{"id":2059,"url":"https:\/\/store.droneway.ma\/index.php\/produit\/batterie-wb37-dji\/","url_meta":{"origin":2102,"position":3},"title":"Batterie WB37 &#8211; DJI","author":"admin","date":"21 novembre 2020","format":false,"excerpt":"Batterie intelligente de 4920 mAh","rel":"","context":"Article similaire","block_context":{"text":"Article similaire","link":""},"img":{"alt_text":"Batterie WB37 - DJI","src":"https:\/\/i0.wp.com\/store.droneway.ma\/wp-content\/uploads\/2020\/11\/batterie-pour-dji-crystalsky-cendence-p-image-190296-grande.jpg?resize=350%2C200&ssl=1","width":350,"height":200},"classes":[]},{"id":2088,"url":"https:\/\/store.droneway.ma\/index.php\/produit\/support-smartphone-tablette-pour-dji-cendence-et-inspire-2\/","url_meta":{"origin":2102,"position":4},"title":"Support smartphone &#038; tablette pour DJI Cendence et Inspire 2","author":"admin","date":"21 novembre 2020","format":false,"excerpt":"Permet la fixation de smartphone et tablette Installation facile","rel":"","context":"Article similaire","block_context":{"text":"Article similaire","link":""},"img":{"alt_text":"Support smartphone & tablette pour DJI Cendence et Inspire 2","src":"https:\/\/i0.wp.com\/store.droneway.ma\/wp-content\/uploads\/2020\/11\/support-smartphone-tablette-pour-dji-cendence-p-image-188058-grande.jpg?resize=350%2C200&ssl=1","width":350,"height":200},"classes":[]},{"id":2133,"url":"https:\/\/store.droneway.ma\/index.php\/produit\/systeme-de-fixation-pour-crystalsky-et-dji-smart-controller-enterprise\/","url_meta":{"origin":2102,"position":5},"title":"Syst\u00e8me de fixation pour Crystalsky et DJI Smart Controller Enterprise","author":"admin","date":"21 novembre 2020","format":false,"excerpt":"Installez un \u00e9cran DJI CrystalSky sur la radiocommande Smart Controller Enterprise de votre DJI Matrice 300 RTK. Facile \u00e0 installer sur la radiocommande, cette fixation vous permet de b\u00e9n\u00e9ficier d'un plus grand \u00e9cran plus lumineux de la gamme CrystalSky.","rel":"","context":"Article similaire","block_context":{"text":"Article similaire","link":""},"img":{"alt_text":"Syst\u00e8me de fixation pour Crystalsky et DJI Smart Controller Enterprise","src":"https:\/\/i0.wp.com\/store.droneway.ma\/wp-content\/uploads\/2020\/11\/systeme-de-fixation-pour-crystalsky-et-dji-smart-controller-enterprise-p-image-217663-grande.jpg?resize=350%2C200&ssl=1","width":350,"height":200,"srcset":"https:\/\/i0.wp.com\/store.droneway.ma\/wp-content\/uploads\/2020\/11\/systeme-de-fixation-pour-crystalsky-et-dji-smart-controller-enterprise-p-image-217663-grande.jpg?resize=350%2C200&ssl=1 1x, https:\/\/i0.wp.com\/store.droneway.ma\/wp-content\/uploads\/2020\/11\/systeme-de-fixation-pour-crystalsky-et-dji-smart-controller-enterprise-p-image-217663-grande.jpg?resize=525%2C300&ssl=1 1.5x, https:\/\/i0.wp.com\/store.droneway.ma\/wp-content\/uploads\/2020\/11\/systeme-de-fixation-pour-crystalsky-et-dji-smart-controller-enterprise-p-image-217663-grande.jpg?resize=700%2C400&ssl=1 2x"},"classes":[]}],"jetpack_sharing_enabled":true,"_links":{"self":[{"href":"https:\/\/store.droneway.ma\/index.php\/wp-json\/wp\/v2\/product\/2102","targetHints":{"allow":["GET"]}}],"collection":[{"href":"https:\/\/store.droneway.ma\/index.php\/wp-json\/wp\/v2\/product"}],"about":[{"href":"https:\/\/store.droneway.ma\/index.php\/wp-json\/wp\/v2\/types\/product"}],"wp:featuredmedia":[{"embeddable":true,"href":"https:\/\/store.droneway.ma\/index.php\/wp-json\/wp\/v2\/media\/499"}],"wp:attachment":[{"href":"https:\/\/store.droneway.ma\/index.php\/wp-json\/wp\/v2\/media?parent=2102"}],"wp:term":[{"taxonomy":"product_brand","embeddable":true,"href":"https:\/\/store.droneway.ma\/index.php\/wp-json\/wp\/v2\/product_brand?post=2102"},{"taxonomy":"product_cat","embeddable":true,"href":"https:\/\/store.droneway.ma\/index.php\/wp-json\/wp\/v2\/product_cat?post=2102"},{"taxonomy":"product_tag","embeddable":true,"href":"https:\/\/store.droneway.ma\/index.php\/wp-json\/wp\/v2\/product_tag?post=2102"}],"curies":[{"name":"wp","href":"https:\/\/api.w.org\/{rel}","templated":true}]}}