{"id":2101,"date":"2020-11-21T19:01:29","date_gmt":"2020-11-21T18:01:29","guid":{"rendered":"http:\/\/store.droneway.ma\/index.php\/produit\/dji-matrice-200-v2\/"},"modified":"2020-11-21T19:01:39","modified_gmt":"2020-11-21T18:01:39","slug":"dji-matrice-200-v2","status":"publish","type":"product","link":"https:\/\/store.droneway.ma\/index.php\/produit\/dji-matrice-200-v2\/","title":{"rendered":"DJI Matrice 200 V2"},"content":{"rendered":"<p>Le Matrice 200 V2 est la version ultra am\u00e9lior\u00e9e du Matrice 200 int\u00e9grant de nouvelles fonctionnalit\u00e9s innovantes pour les professionnels.  La technologie OcuSync 2.0 est ajout\u00e9e pour permettre au drone de commuter de fa\u00e7on automatique entre les fr\u00e9quences 2,4Ghz et 5,8Ghz permettant une fluidit\u00e9 en vol in\u00e9galable.  Des balises anti-collision ont \u00e9t\u00e9 ajout\u00e9es sur et sous le drone afin de garantir une s\u00e9curit\u00e9 \u00e0 toute \u00e9preuve en vol, rendant le drone plus visible en faible lumi\u00e8re.  Les donn\u00e9es sont chiffr\u00e9es en standard AES-256 afin d&rsquo;assurer un maximum de s\u00e9curit\u00e9 et de confidentialit\u00e9.  Le Matrice 200 V2 peut emporter la plupart des nacelles professionnelles de DJI (Zenmuse XT2, Zenmuse X5S, Zenmuse X7, Zenmuse Z30, Zenmuse X4S et gamme Zenmuse XT).  Enfin, il int\u00e8gre une toute nouvelle radiocommande : la Cendence S.<\/p>\n","protected":false},"excerpt":{"rendered":"<p>Le drone DJI Matrice s\u00e9rie 200 Con\u00e7u pour durer:<br \/>\nDes moteurs haute performance associ\u00e9s \u00e0 des h\u00e9lices de 17 pouces assurent un vol stable par vent fort. Le nouveau syst\u00e8me d&rsquo;alimentation \u00e0 double batterie chauffe automatiquement les batteries lors du vol \u00e0 des temp\u00e9ratures inf\u00e9rieures \u00e0 z\u00e9ro,<br \/>\ntandis qu&rsquo;une conception ferm\u00e9e garantit la r\u00e9sistance aux intemp\u00e9ries et \u00e0 l&rsquo;eau, vous permettant ainsi de voler dans un large \u00e9ventail d&rsquo;environnements.<\/p>\n","protected":false},"featured_media":492,"template":"","meta":{"content-type":"","rop_custom_images_group":[],"rop_custom_messages_group":[],"rop_publish_now":"initial","rop_publish_now_accounts":[],"rop_publish_now_history":[],"rop_publish_now_status":"pending"},"product_brand":[],"product_cat":[18,31],"product_tag":[],"class_list":{"0":"post-2101","1":"product","2":"type-product","3":"status-publish","4":"has-post-thumbnail","6":"product_cat-dji-matrice","7":"product_cat-matrice-200","9":"first","10":"instock","11":"purchasable","12":"product-type-simple"},"jetpack-related-posts":[{"id":2100,"url":"https:\/\/store.droneway.ma\/index.php\/produit\/dji-matrice-210-rtk-v2-et-station-gnss\/","url_meta":{"origin":2101,"position":0},"title":"DJI Matrice 210 RTK V2 et station GNSS","author":"admin","date":"21 novembre 2020","format":false,"excerpt":"Le drone DJI Matrice s\u00e9rie 200 Con\u00e7u pour durer: Des moteurs haute performance associ\u00e9s \u00e0 des h\u00e9lices de 17 pouces assurent un vol stable par vent fort. Le nouveau syst\u00e8me d'alimentation \u00e0 double batterie chauffe automatiquement les batteries lors du vol \u00e0 des temp\u00e9ratures inf\u00e9rieures \u00e0 z\u00e9ro, tandis qu'une conception\u2026","rel":"","context":"Article similaire","block_context":{"text":"Article similaire","link":""},"img":{"alt_text":"DJI Matrice 210 RTK V2 et station GNSS","src":"https:\/\/i0.wp.com\/store.droneway.ma\/wp-content\/uploads\/2020\/11\/dji-matrice-210-rtk-v2-et-station-mobile-gnss-de-haute-precision-p-image-206250-grande.jpg?resize=350%2C200&ssl=1","width":350,"height":200,"srcset":"https:\/\/i0.wp.com\/store.droneway.ma\/wp-content\/uploads\/2020\/11\/dji-matrice-210-rtk-v2-et-station-mobile-gnss-de-haute-precision-p-image-206250-grande.jpg?resize=350%2C200&ssl=1 1x, https:\/\/i0.wp.com\/store.droneway.ma\/wp-content\/uploads\/2020\/11\/dji-matrice-210-rtk-v2-et-station-mobile-gnss-de-haute-precision-p-image-206250-grande.jpg?resize=525%2C300&ssl=1 1.5x, https:\/\/i0.wp.com\/store.droneway.ma\/wp-content\/uploads\/2020\/11\/dji-matrice-210-rtk-v2-et-station-mobile-gnss-de-haute-precision-p-image-206250-grande.jpg?resize=700%2C400&ssl=1 2x"},"classes":[]},{"id":2098,"url":"https:\/\/store.droneway.ma\/index.php\/produit\/dji-matrice-210-v2\/","url_meta":{"origin":2101,"position":1},"title":"DJI Matrice 210 V2","author":"admin","date":"21 novembre 2020","format":false,"excerpt":"Le drone DJI Matrice s\u00e9rie 200 Con\u00e7u pour durer: Des moteurs haute performance associ\u00e9s \u00e0 des h\u00e9lices de 17 pouces assurent un vol stable par vent fort. Le nouveau syst\u00e8me d'alimentation \u00e0 double batterie chauffe automatiquement les batteries lors du vol \u00e0 des temp\u00e9ratures inf\u00e9rieures \u00e0 z\u00e9ro, tandis qu'une conception\u2026","rel":"","context":"Article similaire","block_context":{"text":"Article similaire","link":""},"img":{"alt_text":"DJI Matrice 210 V2","src":"https:\/\/i0.wp.com\/store.droneway.ma\/wp-content\/uploads\/2020\/11\/dji-matrice-210-v2-p-image-206573-grande.jpg?resize=350%2C200&ssl=1","width":350,"height":200,"srcset":"https:\/\/i0.wp.com\/store.droneway.ma\/wp-content\/uploads\/2020\/11\/dji-matrice-210-v2-p-image-206573-grande.jpg?resize=350%2C200&ssl=1 1x, https:\/\/i0.wp.com\/store.droneway.ma\/wp-content\/uploads\/2020\/11\/dji-matrice-210-v2-p-image-206573-grande.jpg?resize=525%2C300&ssl=1 1.5x, https:\/\/i0.wp.com\/store.droneway.ma\/wp-content\/uploads\/2020\/11\/dji-matrice-210-v2-p-image-206573-grande.jpg?resize=700%2C400&ssl=1 2x"},"classes":[]},{"id":2114,"url":"https:\/\/store.droneway.ma\/index.php\/produit\/projecteur-led-wingsland-z15-pour-dji-m200-dji\/","url_meta":{"origin":2101,"position":2},"title":"Projecteur LED Wingsland Z15 pour DJI M200 &#8211; DJI","author":"admin","date":"21 novembre 2020","format":false,"excerpt":"Projecteur LED stabilis\u00e9 sur nacelle 3 axes pour drones DJI M200 Plusieurs modes d'\u00e9clairage disponibles : On, Flashing et SOS Compatible avec tous les drones de la s\u00e9rie Matrice 200 Support double nacelles en configuration basse Protection thermique automatique d\u00e8s 90\u00b0C Puissant : 10 200 lumens","rel":"","context":"Article similaire","block_context":{"text":"Article similaire","link":""},"img":{"alt_text":"Projecteur LED Wingsland Z15 pour DJI M200 - DJI","src":"https:\/\/i0.wp.com\/store.droneway.ma\/wp-content\/uploads\/2020\/11\/projecteur-led-wingsland-z15-pour-dji-m200-p-image-213386-grande.jpg?resize=350%2C200&ssl=1","width":350,"height":200,"srcset":"https:\/\/i0.wp.com\/store.droneway.ma\/wp-content\/uploads\/2020\/11\/projecteur-led-wingsland-z15-pour-dji-m200-p-image-213386-grande.jpg?resize=350%2C200&ssl=1 1x, https:\/\/i0.wp.com\/store.droneway.ma\/wp-content\/uploads\/2020\/11\/projecteur-led-wingsland-z15-pour-dji-m200-p-image-213386-grande.jpg?resize=525%2C300&ssl=1 1.5x, https:\/\/i0.wp.com\/store.droneway.ma\/wp-content\/uploads\/2020\/11\/projecteur-led-wingsland-z15-pour-dji-m200-p-image-213386-grande.jpg?resize=700%2C400&ssl=1 2x"},"classes":[]},{"id":2125,"url":"https:\/\/store.droneway.ma\/index.php\/produit\/dji-matrice-300-rtk\/","url_meta":{"origin":2101,"position":3},"title":"DJI Matrice 300 RTK","author":"admin","date":"21 novembre 2020","format":false,"excerpt":"Le drone DJI Matrice 300 RTK est capable d'emporter jusqu'\u00e0 trois nacelles dont les Zenmuse H20 et H20T, les cam\u00e9ras Zenmuse P1 et Zenmuse L1 ainsi que d'autres mod\u00e8les comme les Z30, XT2 et XT S (jusque 2,7 kgs d'emport max.).","rel":"","context":"Article similaire","block_context":{"text":"Article similaire","link":""},"img":{"alt_text":"DJI Matrice 300 RTK","src":"https:\/\/i0.wp.com\/store.droneway.ma\/wp-content\/uploads\/2020\/11\/p-image-217671-grande.jpg?resize=350%2C200&ssl=1","width":350,"height":200,"srcset":"https:\/\/i0.wp.com\/store.droneway.ma\/wp-content\/uploads\/2020\/11\/p-image-217671-grande.jpg?resize=350%2C200&ssl=1 1x, https:\/\/i0.wp.com\/store.droneway.ma\/wp-content\/uploads\/2020\/11\/p-image-217671-grande.jpg?resize=525%2C300&ssl=1 1.5x, https:\/\/i0.wp.com\/store.droneway.ma\/wp-content\/uploads\/2020\/11\/p-image-217671-grande.jpg?resize=700%2C400&ssl=1 2x"},"classes":[]},{"id":2883,"url":"https:\/\/store.droneway.ma\/index.php\/produit\/dji-matrice-350-rtk\/","url_meta":{"origin":2101,"position":4},"title":"DJI Matrice 350 RTK","author":"admin","date":"1 juillet 2024","format":false,"excerpt":"Le drone DJI Matrice 350 RTK est capable d'emporter jusqu'\u00e0 trois nacelles dont les Zenmuse H20 et H20T, les cam\u00e9ras Zenmuse P1 et Zenmuse L2 ainsi que d'autres mod\u00e8les comme les Z30, XT2 et XTS (jusque 2,7 kgs d'emport max.).","rel":"","context":"Article similaire","block_context":{"text":"Article similaire","link":""},"img":{"alt_text":"DJI Matrice 350","src":"https:\/\/i0.wp.com\/store.droneway.ma\/wp-content\/uploads\/2024\/07\/DJI-Matrice-350.jpg?resize=350%2C200&ssl=1","width":350,"height":200,"srcset":"https:\/\/i0.wp.com\/store.droneway.ma\/wp-content\/uploads\/2024\/07\/DJI-Matrice-350.jpg?resize=350%2C200&ssl=1 1x, https:\/\/i0.wp.com\/store.droneway.ma\/wp-content\/uploads\/2024\/07\/DJI-Matrice-350.jpg?resize=525%2C300&ssl=1 1.5x"},"classes":[]},{"id":2888,"url":"https:\/\/store.droneway.ma\/index.php\/produit\/dji-zenmuse-lidar-l2\/","url_meta":{"origin":2101,"position":5},"title":"DJI Zenmuse Lidar L2","author":"admin","date":"1 juillet 2024","format":false,"excerpt":"Le zenmuse L2 int\u00e8gre le cadre LiDAR, un syst\u00e8me IMU \u00e0 haute pr\u00e9cision auto-d\u00e9velopp\u00e9, et une cam\u00e9ra de cartographie RGB CMOS 4\/3, fournissant des plates-formes de vol DJI avec une acquisition de donn\u00e9es g\u00e9ospatiales plus pr\u00e9cises, plus efficaces et plus fiables. Lorsqu'il est utilis\u00e9 avec DJI Terra, il fournit une\u2026","rel":"","context":"Article similaire","block_context":{"text":"Article similaire","link":""},"img":{"alt_text":"dji-zenmuse-lidar-l2","src":"https:\/\/i0.wp.com\/store.droneway.ma\/wp-content\/uploads\/2024\/07\/dji-lidar-l2.jpg?resize=350%2C200&ssl=1","width":350,"height":200},"classes":[]}],"jetpack_sharing_enabled":true,"_links":{"self":[{"href":"https:\/\/store.droneway.ma\/index.php\/wp-json\/wp\/v2\/product\/2101","targetHints":{"allow":["GET"]}}],"collection":[{"href":"https:\/\/store.droneway.ma\/index.php\/wp-json\/wp\/v2\/product"}],"about":[{"href":"https:\/\/store.droneway.ma\/index.php\/wp-json\/wp\/v2\/types\/product"}],"wp:featuredmedia":[{"embeddable":true,"href":"https:\/\/store.droneway.ma\/index.php\/wp-json\/wp\/v2\/media\/492"}],"wp:attachment":[{"href":"https:\/\/store.droneway.ma\/index.php\/wp-json\/wp\/v2\/media?parent=2101"}],"wp:term":[{"taxonomy":"product_brand","embeddable":true,"href":"https:\/\/store.droneway.ma\/index.php\/wp-json\/wp\/v2\/product_brand?post=2101"},{"taxonomy":"product_cat","embeddable":true,"href":"https:\/\/store.droneway.ma\/index.php\/wp-json\/wp\/v2\/product_cat?post=2101"},{"taxonomy":"product_tag","embeddable":true,"href":"https:\/\/store.droneway.ma\/index.php\/wp-json\/wp\/v2\/product_tag?post=2101"}],"curies":[{"name":"wp","href":"https:\/\/api.w.org\/{rel}","templated":true}]}}