{"id":2100,"date":"2020-11-21T19:01:29","date_gmt":"2020-11-21T18:01:29","guid":{"rendered":"http:\/\/store.droneway.ma\/index.php\/produit\/dji-matrice-210-rtk-v2-et-station-gnss\/"},"modified":"2020-11-21T19:01:38","modified_gmt":"2020-11-21T18:01:38","slug":"dji-matrice-210-rtk-v2-et-station-gnss","status":"publish","type":"product","link":"https:\/\/store.droneway.ma\/index.php\/produit\/dji-matrice-210-rtk-v2-et-station-gnss\/","title":{"rendered":"DJI Matrice 210 RTK V2 et station GNSS"},"content":{"rendered":"<p>Le Matrice 210 RTK V2 b\u00e9n\u00e9ficie des am\u00e9liorations apport\u00e9es par la Matrice 200 Series V2. Au programme des nouvelles fonctionnalit\u00e9s, on trouve l\u2019int\u00e9gration de l\u2019OcuSync 2.0 pour une transmission fiable jusqu\u2019\u00e0 8 km avec un cryptage des donn\u00e9es num\u00e9riques en AES256, le syst\u00e8me anti-collision Airsense pour une plus grande s\u00e9curit\u00e9 et une meilleure prise en charge du centre de gravit\u00e9 du drone lors d\u2019un multi-payload pour optimiser le vol du drone DJI.  Cette version DJI Matrice 210 RTK V2 est compatible avec de nombreuses nacelles : Zenmuse XT2, X5S, X7, Z30, X4S et XT ainsi que les composants tierces.  Comme sur le drone Mavic 2 Enterprise, le M210 RTK utilisera la technologie TimeSync pour synchroniser le Flight Controller, les cam\u00e9ras, le GPS et le module RTK afin d&rsquo;obtenir les relev\u00e9s les plus pr\u00e9cis jamais captur\u00e9s \u00e0 ce jour par un drone professionnel, de l&rsquo;ordre du centim\u00e8tre.  Cette version est livr\u00e9e avec la station mobile GNSS de haute pr\u00e9cision.<\/p>\n","protected":false},"excerpt":{"rendered":"<p>Le drone DJI Matrice s\u00e9rie 200 Con\u00e7u pour durer:<br \/>\nDes moteurs haute performance associ\u00e9s \u00e0 des h\u00e9lices de 17 pouces assurent un vol stable par vent fort. Le nouveau syst\u00e8me d&rsquo;alimentation \u00e0 double batterie chauffe automatiquement les batteries lors du vol \u00e0 des temp\u00e9ratures inf\u00e9rieures \u00e0 z\u00e9ro,<br \/>\ntandis qu&rsquo;une conception ferm\u00e9e garantit la r\u00e9sistance aux intemp\u00e9ries et \u00e0 l&rsquo;eau, vous permettant ainsi de voler dans un large \u00e9ventail d&rsquo;environnements.<\/p>\n","protected":false},"featured_media":487,"template":"","meta":{"content-type":"","rop_custom_images_group":[],"rop_custom_messages_group":[],"rop_publish_now":"initial","rop_publish_now_accounts":[],"rop_publish_now_history":[],"rop_publish_now_status":"pending"},"product_brand":[],"product_cat":[18,31],"product_tag":[],"class_list":{"0":"post-2100","1":"product","2":"type-product","3":"status-publish","4":"has-post-thumbnail","6":"product_cat-dji-matrice","7":"product_cat-matrice-200","9":"first","10":"instock","11":"purchasable","12":"product-type-simple"},"jetpack-related-posts":[{"id":2108,"url":"https:\/\/store.droneway.ma\/index.php\/produit\/connecteur-de-nacelle-superieur-dji-pour-matrice-210-v2\/","url_meta":{"origin":2100,"position":0},"title":"Connecteur de nacelle sup\u00e9rieur DJI pour Matrice 210 V2","author":"admin","date":"21 novembre 2020","format":false,"excerpt":"Connecteur pour fixer une nacelle en position haute Pour Matrice 210 RTK V2 Dampers int\u00e9gr\u00e9s","rel":"","context":"Article similaire","block_context":{"text":"Article similaire","link":""},"img":{"alt_text":"Connecteur de nacelle sup\u00e9rieur DJI pour Matrice 210 V2","src":"https:\/\/i0.wp.com\/store.droneway.ma\/wp-content\/uploads\/2020\/11\/connecteur-de-nacelle-superieur-dji-pour-matrice-210-v2-p-image-206557-grande.jpg?resize=350%2C200&ssl=1","width":350,"height":200},"classes":[]},{"id":2110,"url":"https:\/\/store.droneway.ma\/index.php\/produit\/support-dji-pour-manifold-2-et-matrice-200-series\/","url_meta":{"origin":2100,"position":1},"title":"Support DJI pour Manifold 2 et Matrice 200 series","author":"admin","date":"21 novembre 2020","format":false,"excerpt":"Support pour montage DJI Manifold 2 Compatible M210, M210V2 et RTK Installation ais\u00e9e : passage des c\u00e2bles","rel":"","context":"Article similaire","block_context":{"text":"Article similaire","link":""},"img":{"alt_text":"Support DJI pour Manifold 2 et Matrice 200 series","src":"https:\/\/i0.wp.com\/store.droneway.ma\/wp-content\/uploads\/2020\/11\/support-dji-pour-manifold-2-et-matrice-200-series-p-image-209486-grande.jpg?resize=350%2C200&ssl=1","width":350,"height":200},"classes":[]},{"id":2099,"url":"https:\/\/store.droneway.ma\/index.php\/produit\/dji-matrice-210-rtk\/","url_meta":{"origin":2100,"position":2},"title":"DJI Matrice 210 RTK","author":"admin","date":"21 novembre 2020","format":false,"excerpt":"Le drone DJI Matrice s\u00e9rie 200 Con\u00e7u pour durer: Des moteurs haute performance associ\u00e9s \u00e0 des h\u00e9lices de 17 pouces assurent un vol stable par vent fort. Le nouveau syst\u00e8me d'alimentation \u00e0 double batterie chauffe automatiquement les batteries lors du vol \u00e0 des temp\u00e9ratures inf\u00e9rieures \u00e0 z\u00e9ro, tandis qu'une conception\u2026","rel":"","context":"Article similaire","block_context":{"text":"Article similaire","link":""},"img":{"alt_text":"DJI Matrice 210 RTK","src":"https:\/\/i0.wp.com\/store.droneway.ma\/wp-content\/uploads\/2020\/11\/dji-matrice-210-rtk-p-image-198019-grande.jpg?resize=350%2C200&ssl=1","width":350,"height":200,"srcset":"https:\/\/i0.wp.com\/store.droneway.ma\/wp-content\/uploads\/2020\/11\/dji-matrice-210-rtk-p-image-198019-grande.jpg?resize=350%2C200&ssl=1 1x, https:\/\/i0.wp.com\/store.droneway.ma\/wp-content\/uploads\/2020\/11\/dji-matrice-210-rtk-p-image-198019-grande.jpg?resize=525%2C300&ssl=1 1.5x, https:\/\/i0.wp.com\/store.droneway.ma\/wp-content\/uploads\/2020\/11\/dji-matrice-210-rtk-p-image-198019-grande.jpg?resize=700%2C400&ssl=1 2x"},"classes":[]},{"id":2117,"url":"https:\/\/store.droneway.ma\/index.php\/produit\/module-dexpansion-osdk-dji\/","url_meta":{"origin":2100,"position":3},"title":"Module d&rsquo;expansion OSDK &#8211; DJI","author":"admin","date":"21 novembre 2020","format":false,"excerpt":"Module OSDK","rel":"","context":"Article similaire","block_context":{"text":"Article similaire","link":""},"img":{"alt_text":"Module d'expansion OSDK - DJI","src":"https:\/\/i0.wp.com\/store.droneway.ma\/wp-content\/uploads\/2020\/11\/module-d-expansion-osdk-dji-p-image-219104-grande.jpg?resize=350%2C200&ssl=1","width":350,"height":200,"srcset":"https:\/\/i0.wp.com\/store.droneway.ma\/wp-content\/uploads\/2020\/11\/module-d-expansion-osdk-dji-p-image-219104-grande.jpg?resize=350%2C200&ssl=1 1x, https:\/\/i0.wp.com\/store.droneway.ma\/wp-content\/uploads\/2020\/11\/module-d-expansion-osdk-dji-p-image-219104-grande.jpg?resize=525%2C300&ssl=1 1.5x, https:\/\/i0.wp.com\/store.droneway.ma\/wp-content\/uploads\/2020\/11\/module-d-expansion-osdk-dji-p-image-219104-grande.jpg?resize=700%2C400&ssl=1 2x"},"classes":[]},{"id":2138,"url":"https:\/\/store.droneway.ma\/index.php\/produit\/module-dexpansion-osdk-dji-2\/","url_meta":{"origin":2100,"position":4},"title":"Module d&rsquo;expansion OSDK &#8211; DJI","author":"admin","date":"21 novembre 2020","format":false,"excerpt":"Le module OSDK est \u00e0 installer sur le drone Matrice 300 RTK (ou Matrice 210 V2) afin de connecter le Manifold 2. Ainsi les d\u00e9veloppeurs peuvent r\u00e9cup\u00e9rer les informations du drone dans l'interface OSDK. Ce module permet notamment d'avoir acc\u00e8s au vol automatis\u00e9, au contr\u00f4le de la charge utile etc.,\u2026","rel":"","context":"Article similaire","block_context":{"text":"Article similaire","link":""},"img":{"alt_text":"Module d'expansion OSDK - DJI","src":"https:\/\/i0.wp.com\/store.droneway.ma\/wp-content\/uploads\/2020\/11\/module-d-expansion-osdk-dji-p-image-219104-grande.jpg?resize=350%2C200&ssl=1","width":350,"height":200,"srcset":"https:\/\/i0.wp.com\/store.droneway.ma\/wp-content\/uploads\/2020\/11\/module-d-expansion-osdk-dji-p-image-219104-grande.jpg?resize=350%2C200&ssl=1 1x, https:\/\/i0.wp.com\/store.droneway.ma\/wp-content\/uploads\/2020\/11\/module-d-expansion-osdk-dji-p-image-219104-grande.jpg?resize=525%2C300&ssl=1 1.5x, https:\/\/i0.wp.com\/store.droneway.ma\/wp-content\/uploads\/2020\/11\/module-d-expansion-osdk-dji-p-image-219104-grande.jpg?resize=700%2C400&ssl=1 2x"},"classes":[]},{"id":2112,"url":"https:\/\/store.droneway.ma\/index.php\/produit\/dji-manifold-2-g-128g\/","url_meta":{"origin":2100,"position":5},"title":"DJI Manifold 2-G 128G","author":"admin","date":"21 novembre 2020","format":false,"excerpt":"Personnalisation et extensibilit\u00e9 Compatibilit\u00e9 avec le Kit de d\u00e9veloppement mobile (SDK) Intelligence artificielle Reconnaissance d'objets Analyse des mouvements Traitements d'image","rel":"","context":"Article similaire","block_context":{"text":"Article similaire","link":""},"img":{"alt_text":"DJI Manifold 2-G 128G","src":"https:\/\/i0.wp.com\/store.droneway.ma\/wp-content\/uploads\/2020\/11\/p-image-209481-grande.png?resize=350%2C200&ssl=1","width":350,"height":200,"srcset":"https:\/\/i0.wp.com\/store.droneway.ma\/wp-content\/uploads\/2020\/11\/p-image-209481-grande.png?resize=350%2C200&ssl=1 1x, https:\/\/i0.wp.com\/store.droneway.ma\/wp-content\/uploads\/2020\/11\/p-image-209481-grande.png?resize=525%2C300&ssl=1 1.5x, https:\/\/i0.wp.com\/store.droneway.ma\/wp-content\/uploads\/2020\/11\/p-image-209481-grande.png?resize=700%2C400&ssl=1 2x"},"classes":[]}],"jetpack_sharing_enabled":true,"_links":{"self":[{"href":"https:\/\/store.droneway.ma\/index.php\/wp-json\/wp\/v2\/product\/2100","targetHints":{"allow":["GET"]}}],"collection":[{"href":"https:\/\/store.droneway.ma\/index.php\/wp-json\/wp\/v2\/product"}],"about":[{"href":"https:\/\/store.droneway.ma\/index.php\/wp-json\/wp\/v2\/types\/product"}],"wp:featuredmedia":[{"embeddable":true,"href":"https:\/\/store.droneway.ma\/index.php\/wp-json\/wp\/v2\/media\/487"}],"wp:attachment":[{"href":"https:\/\/store.droneway.ma\/index.php\/wp-json\/wp\/v2\/media?parent=2100"}],"wp:term":[{"taxonomy":"product_brand","embeddable":true,"href":"https:\/\/store.droneway.ma\/index.php\/wp-json\/wp\/v2\/product_brand?post=2100"},{"taxonomy":"product_cat","embeddable":true,"href":"https:\/\/store.droneway.ma\/index.php\/wp-json\/wp\/v2\/product_cat?post=2100"},{"taxonomy":"product_tag","embeddable":true,"href":"https:\/\/store.droneway.ma\/index.php\/wp-json\/wp\/v2\/product_tag?post=2100"}],"curies":[{"name":"wp","href":"https:\/\/api.w.org\/{rel}","templated":true}]}}