{"id":2099,"date":"2020-11-21T19:01:29","date_gmt":"2020-11-21T18:01:29","guid":{"rendered":"http:\/\/store.droneway.ma\/index.php\/produit\/dji-matrice-210-rtk\/"},"modified":"2020-11-21T19:01:37","modified_gmt":"2020-11-21T18:01:37","slug":"dji-matrice-210-rtk","status":"publish","type":"product","link":"https:\/\/store.droneway.ma\/index.php\/produit\/dji-matrice-210-rtk\/","title":{"rendered":"DJI Matrice 210 RTK"},"content":{"rendered":"<p>Destin\u00e9 \u00e0 un usage professionnel, le DJI Matrice 210 RTK est un drone de type modulable pouvant accueillir deux nacelles simultan\u00e9ment et int\u00e9grant de nombreux capteurs pour une grande fiabilit\u00e9 en vol.Avec ce drone, DJI met en avant son syst\u00e8me de redondance des diff\u00e9rents capteurs pour vous permettre d&rsquo;avoir le vol le plus pr\u00e9cis possible.Son autonomie record de 38 minutes (avec 2 batteries TB55) lui donne un net avantage face aux drones concurrents et il vous permet d&rsquo;effectuer sans probl\u00e8me les op\u00e9rations de sauvetage, d&rsquo;inspection ou encore les relev\u00e9s et la cartographie. Cette version dispose du module D-RTK vous donnant ainsi une pr\u00e9cision en vol de l&rsquo;ordre du centim\u00e8tre et une meilleure immunit\u00e9 aux interf\u00e9rences magn\u00e9tiques.<\/p>\n","protected":false},"excerpt":{"rendered":"<p>Le drone DJI Matrice s\u00e9rie 200 Con\u00e7u pour durer:<br \/>\nDes moteurs haute performance associ\u00e9s \u00e0 des h\u00e9lices de 17 pouces assurent un vol stable par vent fort. Le nouveau syst\u00e8me d&rsquo;alimentation \u00e0 double batterie chauffe automatiquement les batteries lors du vol \u00e0 des temp\u00e9ratures inf\u00e9rieures \u00e0 z\u00e9ro,<br \/>\ntandis qu&rsquo;une conception ferm\u00e9e garantit la r\u00e9sistance aux intemp\u00e9ries et \u00e0 l&rsquo;eau, vous permettant ainsi de voler dans un large \u00e9ventail d&rsquo;environnements.<\/p>\n","protected":false},"featured_media":483,"template":"","meta":{"content-type":"","rop_custom_images_group":[],"rop_custom_messages_group":[],"rop_publish_now":"initial","rop_publish_now_accounts":[],"rop_publish_now_history":[],"rop_publish_now_status":"pending"},"product_brand":[],"product_cat":[18,31],"product_tag":[],"class_list":{"0":"post-2099","1":"product","2":"type-product","3":"status-publish","4":"has-post-thumbnail","6":"product_cat-dji-matrice","7":"product_cat-matrice-200","9":"first","10":"instock","11":"purchasable","12":"product-type-simple"},"jetpack-related-posts":[{"id":2100,"url":"https:\/\/store.droneway.ma\/index.php\/produit\/dji-matrice-210-rtk-v2-et-station-gnss\/","url_meta":{"origin":2099,"position":0},"title":"DJI Matrice 210 RTK V2 et station GNSS","author":"admin","date":"21 novembre 2020","format":false,"excerpt":"Le drone DJI Matrice s\u00e9rie 200 Con\u00e7u pour durer: Des moteurs haute performance associ\u00e9s \u00e0 des h\u00e9lices de 17 pouces assurent un vol stable par vent fort. Le nouveau syst\u00e8me d'alimentation \u00e0 double batterie chauffe automatiquement les batteries lors du vol \u00e0 des temp\u00e9ratures inf\u00e9rieures \u00e0 z\u00e9ro, tandis qu'une conception\u2026","rel":"","context":"Article similaire","block_context":{"text":"Article similaire","link":""},"img":{"alt_text":"DJI Matrice 210 RTK V2 et station GNSS","src":"https:\/\/i0.wp.com\/store.droneway.ma\/wp-content\/uploads\/2020\/11\/dji-matrice-210-rtk-v2-et-station-mobile-gnss-de-haute-precision-p-image-206250-grande.jpg?resize=350%2C200&ssl=1","width":350,"height":200,"srcset":"https:\/\/i0.wp.com\/store.droneway.ma\/wp-content\/uploads\/2020\/11\/dji-matrice-210-rtk-v2-et-station-mobile-gnss-de-haute-precision-p-image-206250-grande.jpg?resize=350%2C200&ssl=1 1x, https:\/\/i0.wp.com\/store.droneway.ma\/wp-content\/uploads\/2020\/11\/dji-matrice-210-rtk-v2-et-station-mobile-gnss-de-haute-precision-p-image-206250-grande.jpg?resize=525%2C300&ssl=1 1.5x, https:\/\/i0.wp.com\/store.droneway.ma\/wp-content\/uploads\/2020\/11\/dji-matrice-210-rtk-v2-et-station-mobile-gnss-de-haute-precision-p-image-206250-grande.jpg?resize=700%2C400&ssl=1 2x"},"classes":[]},{"id":2117,"url":"https:\/\/store.droneway.ma\/index.php\/produit\/module-dexpansion-osdk-dji\/","url_meta":{"origin":2099,"position":1},"title":"Module d&rsquo;expansion OSDK &#8211; DJI","author":"admin","date":"21 novembre 2020","format":false,"excerpt":"Module OSDK","rel":"","context":"Article similaire","block_context":{"text":"Article similaire","link":""},"img":{"alt_text":"Module d'expansion OSDK - DJI","src":"https:\/\/i0.wp.com\/store.droneway.ma\/wp-content\/uploads\/2020\/11\/module-d-expansion-osdk-dji-p-image-219104-grande.jpg?resize=350%2C200&ssl=1","width":350,"height":200,"srcset":"https:\/\/i0.wp.com\/store.droneway.ma\/wp-content\/uploads\/2020\/11\/module-d-expansion-osdk-dji-p-image-219104-grande.jpg?resize=350%2C200&ssl=1 1x, https:\/\/i0.wp.com\/store.droneway.ma\/wp-content\/uploads\/2020\/11\/module-d-expansion-osdk-dji-p-image-219104-grande.jpg?resize=525%2C300&ssl=1 1.5x, https:\/\/i0.wp.com\/store.droneway.ma\/wp-content\/uploads\/2020\/11\/module-d-expansion-osdk-dji-p-image-219104-grande.jpg?resize=700%2C400&ssl=1 2x"},"classes":[]},{"id":2138,"url":"https:\/\/store.droneway.ma\/index.php\/produit\/module-dexpansion-osdk-dji-2\/","url_meta":{"origin":2099,"position":2},"title":"Module d&rsquo;expansion OSDK &#8211; DJI","author":"admin","date":"21 novembre 2020","format":false,"excerpt":"Le module OSDK est \u00e0 installer sur le drone Matrice 300 RTK (ou Matrice 210 V2) afin de connecter le Manifold 2. Ainsi les d\u00e9veloppeurs peuvent r\u00e9cup\u00e9rer les informations du drone dans l'interface OSDK. Ce module permet notamment d'avoir acc\u00e8s au vol automatis\u00e9, au contr\u00f4le de la charge utile etc.,\u2026","rel":"","context":"Article similaire","block_context":{"text":"Article similaire","link":""},"img":{"alt_text":"Module d'expansion OSDK - DJI","src":"https:\/\/i0.wp.com\/store.droneway.ma\/wp-content\/uploads\/2020\/11\/module-d-expansion-osdk-dji-p-image-219104-grande.jpg?resize=350%2C200&ssl=1","width":350,"height":200,"srcset":"https:\/\/i0.wp.com\/store.droneway.ma\/wp-content\/uploads\/2020\/11\/module-d-expansion-osdk-dji-p-image-219104-grande.jpg?resize=350%2C200&ssl=1 1x, https:\/\/i0.wp.com\/store.droneway.ma\/wp-content\/uploads\/2020\/11\/module-d-expansion-osdk-dji-p-image-219104-grande.jpg?resize=525%2C300&ssl=1 1.5x, https:\/\/i0.wp.com\/store.droneway.ma\/wp-content\/uploads\/2020\/11\/module-d-expansion-osdk-dji-p-image-219104-grande.jpg?resize=700%2C400&ssl=1 2x"},"classes":[]},{"id":2125,"url":"https:\/\/store.droneway.ma\/index.php\/produit\/dji-matrice-300-rtk\/","url_meta":{"origin":2099,"position":3},"title":"DJI Matrice 300 RTK","author":"admin","date":"21 novembre 2020","format":false,"excerpt":"Le drone DJI Matrice 300 RTK est capable d'emporter jusqu'\u00e0 trois nacelles dont les Zenmuse H20 et H20T, les cam\u00e9ras Zenmuse P1 et Zenmuse L1 ainsi que d'autres mod\u00e8les comme les Z30, XT2 et XT S (jusque 2,7 kgs d'emport max.).","rel":"","context":"Article similaire","block_context":{"text":"Article similaire","link":""},"img":{"alt_text":"DJI Matrice 300 RTK","src":"https:\/\/i0.wp.com\/store.droneway.ma\/wp-content\/uploads\/2020\/11\/p-image-217671-grande.jpg?resize=350%2C200&ssl=1","width":350,"height":200,"srcset":"https:\/\/i0.wp.com\/store.droneway.ma\/wp-content\/uploads\/2020\/11\/p-image-217671-grande.jpg?resize=350%2C200&ssl=1 1x, https:\/\/i0.wp.com\/store.droneway.ma\/wp-content\/uploads\/2020\/11\/p-image-217671-grande.jpg?resize=525%2C300&ssl=1 1.5x, https:\/\/i0.wp.com\/store.droneway.ma\/wp-content\/uploads\/2020\/11\/p-image-217671-grande.jpg?resize=700%2C400&ssl=1 2x"},"classes":[]},{"id":2883,"url":"https:\/\/store.droneway.ma\/index.php\/produit\/dji-matrice-350-rtk\/","url_meta":{"origin":2099,"position":4},"title":"DJI Matrice 350 RTK","author":"admin","date":"1 juillet 2024","format":false,"excerpt":"Le drone DJI Matrice 350 RTK est capable d'emporter jusqu'\u00e0 trois nacelles dont les Zenmuse H20 et H20T, les cam\u00e9ras Zenmuse P1 et Zenmuse L2 ainsi que d'autres mod\u00e8les comme les Z30, XT2 et XTS (jusque 2,7 kgs d'emport max.).","rel":"","context":"Article similaire","block_context":{"text":"Article similaire","link":""},"img":{"alt_text":"DJI Matrice 350","src":"https:\/\/i0.wp.com\/store.droneway.ma\/wp-content\/uploads\/2024\/07\/DJI-Matrice-350.jpg?resize=350%2C200&ssl=1","width":350,"height":200,"srcset":"https:\/\/i0.wp.com\/store.droneway.ma\/wp-content\/uploads\/2024\/07\/DJI-Matrice-350.jpg?resize=350%2C200&ssl=1 1x, https:\/\/i0.wp.com\/store.droneway.ma\/wp-content\/uploads\/2024\/07\/DJI-Matrice-350.jpg?resize=525%2C300&ssl=1 1.5x"},"classes":[]},{"id":2112,"url":"https:\/\/store.droneway.ma\/index.php\/produit\/dji-manifold-2-g-128g\/","url_meta":{"origin":2099,"position":5},"title":"DJI Manifold 2-G 128G","author":"admin","date":"21 novembre 2020","format":false,"excerpt":"Personnalisation et extensibilit\u00e9 Compatibilit\u00e9 avec le Kit de d\u00e9veloppement mobile (SDK) Intelligence artificielle Reconnaissance d'objets Analyse des mouvements Traitements d'image","rel":"","context":"Article similaire","block_context":{"text":"Article similaire","link":""},"img":{"alt_text":"DJI Manifold 2-G 128G","src":"https:\/\/i0.wp.com\/store.droneway.ma\/wp-content\/uploads\/2020\/11\/p-image-209481-grande.png?resize=350%2C200&ssl=1","width":350,"height":200,"srcset":"https:\/\/i0.wp.com\/store.droneway.ma\/wp-content\/uploads\/2020\/11\/p-image-209481-grande.png?resize=350%2C200&ssl=1 1x, https:\/\/i0.wp.com\/store.droneway.ma\/wp-content\/uploads\/2020\/11\/p-image-209481-grande.png?resize=525%2C300&ssl=1 1.5x, https:\/\/i0.wp.com\/store.droneway.ma\/wp-content\/uploads\/2020\/11\/p-image-209481-grande.png?resize=700%2C400&ssl=1 2x"},"classes":[]}],"jetpack_sharing_enabled":true,"_links":{"self":[{"href":"https:\/\/store.droneway.ma\/index.php\/wp-json\/wp\/v2\/product\/2099","targetHints":{"allow":["GET"]}}],"collection":[{"href":"https:\/\/store.droneway.ma\/index.php\/wp-json\/wp\/v2\/product"}],"about":[{"href":"https:\/\/store.droneway.ma\/index.php\/wp-json\/wp\/v2\/types\/product"}],"wp:featuredmedia":[{"embeddable":true,"href":"https:\/\/store.droneway.ma\/index.php\/wp-json\/wp\/v2\/media\/483"}],"wp:attachment":[{"href":"https:\/\/store.droneway.ma\/index.php\/wp-json\/wp\/v2\/media?parent=2099"}],"wp:term":[{"taxonomy":"product_brand","embeddable":true,"href":"https:\/\/store.droneway.ma\/index.php\/wp-json\/wp\/v2\/product_brand?post=2099"},{"taxonomy":"product_cat","embeddable":true,"href":"https:\/\/store.droneway.ma\/index.php\/wp-json\/wp\/v2\/product_cat?post=2099"},{"taxonomy":"product_tag","embeddable":true,"href":"https:\/\/store.droneway.ma\/index.php\/wp-json\/wp\/v2\/product_tag?post=2099"}],"curies":[{"name":"wp","href":"https:\/\/api.w.org\/{rel}","templated":true}]}}