{"id":2096,"date":"2020-11-21T19:01:29","date_gmt":"2020-11-21T18:01:29","guid":{"rendered":"http:\/\/store.droneway.ma\/index.php\/produit\/pack-5-filtres-ir-nd-pour-dji-zenmuse-x7\/"},"modified":"2020-11-21T19:01:35","modified_gmt":"2020-11-21T18:01:35","slug":"pack-5-filtres-ir-nd-pour-dji-zenmuse-x7","status":"publish","type":"product","link":"https:\/\/store.droneway.ma\/index.php\/produit\/pack-5-filtres-ir-nd-pour-dji-zenmuse-x7\/","title":{"rendered":"Pack 5 filtres IR ND pour DJI Zenmuse X7"},"content":{"rendered":"<p>Sublimez vos vid\u00e9os en optant pour ce pack de 5 filtres IR ND Freewell pour DJI Zenmuse X7 !<\/p>\n<p>Ces filtres de diff\u00e9rentes intensit\u00e9 vous permettront de supprimer la lumi\u00e8re IR ind\u00e9sirable afin de vous proposer une image claire de qualit\u00e9.<\/p>\n<p>Ce pack comprend 1 filtre IR ND4, IR ND8, IR ND16, IR ND32 et IR ND64 !<\/p>\n","protected":false},"excerpt":{"rendered":"<p>Pack complet de 5 filtres IR ND<br \/>\nVerre optique multicouche haut de gamme<br \/>\nPermet d&rsquo;obtenir des images claires<br \/>\nUltra l\u00e9ger : 10 grammes<\/p>\n","protected":false},"featured_media":867,"template":"","meta":{"content-type":"","rop_custom_images_group":[],"rop_custom_messages_group":[],"rop_publish_now":"initial","rop_publish_now_accounts":[],"rop_publish_now_history":[],"rop_publish_now_status":"pending"},"product_brand":[],"product_cat":[40,41],"product_tag":[],"class_list":{"0":"post-2096","1":"product","2":"type-product","3":"status-publish","4":"has-post-thumbnail","6":"product_cat-inspire","7":"product_cat-inspire-2","9":"first","10":"instock","11":"purchasable","12":"product-type-simple"},"jetpack-related-posts":[{"id":2095,"url":"https:\/\/store.droneway.ma\/index.php\/produit\/filtre-nd16-et-pl-pour-dji-zenmuse-x5-x5r-x5s-x7\/","url_meta":{"origin":2096,"position":0},"title":"Filtre ND16 et PL pour DJI Zenmuse X5\/X5R\/X5S &#038; X7","author":"admin","date":"21 novembre 2020","format":false,"excerpt":"Filtre 2 en 1 ND & PL de qualit\u00e9 sup\u00e9rieure Effet Neutral Density ( ND16 ) Effet Polarisant ( PL ) Compatibles DJI ZENMUSE X5\/X5R\/X5S & X7","rel":"","context":"Article similaire","block_context":{"text":"Article similaire","link":""},"img":{"alt_text":"Filtre ND16 et PL pour DJI Zenmuse X5\/X5R\/X5S & X7","src":"https:\/\/i0.wp.com\/store.droneway.ma\/wp-content\/uploads\/2020\/11\/dji-zenmuse-x5-x5r-filtre-pour-drone-inspire-et-stabilisateur-main-osmo-p-image-175563-grande.jpg?resize=350%2C200&ssl=1","width":350,"height":200},"classes":[]},{"id":2290,"url":"https:\/\/store.droneway.ma\/index.php\/produit\/pack-de-4-filtres-nd-pl-pour-dji-osmo-action-pgytech\/","url_meta":{"origin":2096,"position":1},"title":"Pack de 4 filtres ND\/PL pour DJI Osmo Action- PGYTECH","author":"admin","date":"21 novembre 2020","format":false,"excerpt":"Kit complet de 4 filtres Verre trait\u00e9 anti-rayures et anti-eau et huile Sp\u00e9cialement con\u00e7us pour DJI Osmo Action","rel":"","context":"Article similaire","block_context":{"text":"Article similaire","link":""},"img":{"alt_text":"Pack de 4 filtres ND\/PL pour DJI Osmo Action- PGYTECH","src":"https:\/\/i0.wp.com\/store.droneway.ma\/wp-content\/uploads\/2020\/11\/pack-de-4-filtres-nd-pl-pour-dji-osmo-action-pgytech-p-image-210122-grande.jpg?resize=350%2C200&ssl=1","width":350,"height":200,"srcset":"https:\/\/i0.wp.com\/store.droneway.ma\/wp-content\/uploads\/2020\/11\/pack-de-4-filtres-nd-pl-pour-dji-osmo-action-pgytech-p-image-210122-grande.jpg?resize=350%2C200&ssl=1 1x, https:\/\/i0.wp.com\/store.droneway.ma\/wp-content\/uploads\/2020\/11\/pack-de-4-filtres-nd-pl-pour-dji-osmo-action-pgytech-p-image-210122-grande.jpg?resize=525%2C300&ssl=1 1.5x, https:\/\/i0.wp.com\/store.droneway.ma\/wp-content\/uploads\/2020\/11\/pack-de-4-filtres-nd-pl-pour-dji-osmo-action-pgytech-p-image-210122-grande.jpg?resize=700%2C400&ssl=1 2x"},"classes":[]},{"id":2289,"url":"https:\/\/store.droneway.ma\/index.php\/produit\/pack-de-4-filtres-nd-pour-dji-osmo-action-pgytech\/","url_meta":{"origin":2096,"position":2},"title":"Pack de 4 filtres ND pour DJI Osmo Action &#8211; PGYTECH","author":"admin","date":"21 novembre 2020","format":false,"excerpt":"Att\u00e9nue la lumi\u00e8re Qualit\u00e9 PGYTECH Con\u00e7us pour cam\u00e9ra DJI Osmo Action Facile \u00e0 installer en lieu et place de la lentille protectrice","rel":"","context":"Article similaire","block_context":{"text":"Article similaire","link":""},"img":{"alt_text":"Pack de 4 filtres ND pour DJI Osmo Action - PGYTECH","src":"https:\/\/i0.wp.com\/store.droneway.ma\/wp-content\/uploads\/2020\/11\/pack-de-4-filtres-nd-pour-dji-osmo-action-pgytech-p-image-214296-grande.jpg?resize=350%2C200&ssl=1","width":350,"height":200},"classes":[]},{"id":2292,"url":"https:\/\/store.droneway.ma\/index.php\/produit\/kit-de-filtres-nd-pour-osmo-action-dji\/","url_meta":{"origin":2096,"position":3},"title":"Kit de filtres ND pour Osmo Action &#8211; DJI","author":"admin","date":"21 novembre 2020","format":false,"excerpt":"R\u00e9duit l'exposition \u00e0 la lumi\u00e8re pour \u00e9largir les options de prise de vue Dot\u00e9 d'un rev\u00eatement anti-empreinte Fixation ais\u00e9e","rel":"","context":"Article similaire","block_context":{"text":"Article similaire","link":""},"img":{"alt_text":"Kit de filtres ND pour Osmo Action - DJI","src":"https:\/\/i0.wp.com\/store.droneway.ma\/wp-content\/uploads\/2020\/11\/jeu-de-filtres-nd-pour-osmo-action-p-image-213126-grande.jpg?resize=350%2C200&ssl=1","width":350,"height":200},"classes":[]},{"id":2291,"url":"https:\/\/store.droneway.ma\/index.php\/produit\/kit-de-3-filtres-nd-pl-gradues-pour-dji-osmo-action-pgytech\/","url_meta":{"origin":2096,"position":4},"title":"Kit de 3 filtres ND-PL gradu\u00e9s pour DJI Osmo Action &#8211; PGYTECH","author":"admin","date":"21 novembre 2020","format":false,"excerpt":"Kit compos\u00e9 de trois filtres ND, PL et gradu\u00e9s Filtres \u00e0 visser en lieu et place de la lentille d'origine Filtres ultra l\u00e9gers","rel":"","context":"Article similaire","block_context":{"text":"Article similaire","link":""},"img":{"alt_text":"Kit de 3 filtres ND-PL gradu\u00e9s pour DJI Osmo Action - PGYTECH","src":"https:\/\/i0.wp.com\/store.droneway.ma\/wp-content\/uploads\/2020\/11\/kit-de-3-filtres-nd-pl-gradues-pour-dji-osmo-pocket-pgytech-p-image-211825-grande.jpg?resize=350%2C200&ssl=1","width":350,"height":200,"srcset":"https:\/\/i0.wp.com\/store.droneway.ma\/wp-content\/uploads\/2020\/11\/kit-de-3-filtres-nd-pl-gradues-pour-dji-osmo-pocket-pgytech-p-image-211825-grande.jpg?resize=350%2C200&ssl=1 1x, https:\/\/i0.wp.com\/store.droneway.ma\/wp-content\/uploads\/2020\/11\/kit-de-3-filtres-nd-pl-gradues-pour-dji-osmo-pocket-pgytech-p-image-211825-grande.jpg?resize=525%2C300&ssl=1 1.5x, https:\/\/i0.wp.com\/store.droneway.ma\/wp-content\/uploads\/2020\/11\/kit-de-3-filtres-nd-pl-gradues-pour-dji-osmo-pocket-pgytech-p-image-211825-grande.jpg?resize=700%2C400&ssl=1 2x"},"classes":[]},{"id":2069,"url":"https:\/\/store.droneway.ma\/index.php\/produit\/dji-inspire-2-avec-zenmuse-x7-advanced-kit\/","url_meta":{"origin":2096,"position":5},"title":"DJI Inspire 2 avec Zenmuse X7 Advanced Kit","author":"admin","date":"21 novembre 2020","format":false,"excerpt":"Pack complet : Inspire 2 et Zenmuse X7 Licences Apple ProRes et CinemaDNG Jusqu'\u00e0 25 minutes de vol D\u00e9tection d'obstacles","rel":"","context":"Article similaire","block_context":{"text":"Article similaire","link":""},"img":{"alt_text":"DJI Inspire 2 avec Zenmuse X7 Advanced Kit","src":"https:\/\/i0.wp.com\/store.droneway.ma\/wp-content\/uploads\/2020\/11\/dji-inspire-2-avec-zenmuse-x7-advanced-kit-p-image-219936-grande.jpg?resize=350%2C200&ssl=1","width":350,"height":200,"srcset":"https:\/\/i0.wp.com\/store.droneway.ma\/wp-content\/uploads\/2020\/11\/dji-inspire-2-avec-zenmuse-x7-advanced-kit-p-image-219936-grande.jpg?resize=350%2C200&ssl=1 1x, https:\/\/i0.wp.com\/store.droneway.ma\/wp-content\/uploads\/2020\/11\/dji-inspire-2-avec-zenmuse-x7-advanced-kit-p-image-219936-grande.jpg?resize=525%2C300&ssl=1 1.5x, https:\/\/i0.wp.com\/store.droneway.ma\/wp-content\/uploads\/2020\/11\/dji-inspire-2-avec-zenmuse-x7-advanced-kit-p-image-219936-grande.jpg?resize=700%2C400&ssl=1 2x"},"classes":[]}],"jetpack_sharing_enabled":true,"_links":{"self":[{"href":"https:\/\/store.droneway.ma\/index.php\/wp-json\/wp\/v2\/product\/2096","targetHints":{"allow":["GET"]}}],"collection":[{"href":"https:\/\/store.droneway.ma\/index.php\/wp-json\/wp\/v2\/product"}],"about":[{"href":"https:\/\/store.droneway.ma\/index.php\/wp-json\/wp\/v2\/types\/product"}],"wp:featuredmedia":[{"embeddable":true,"href":"https:\/\/store.droneway.ma\/index.php\/wp-json\/wp\/v2\/media\/867"}],"wp:attachment":[{"href":"https:\/\/store.droneway.ma\/index.php\/wp-json\/wp\/v2\/media?parent=2096"}],"wp:term":[{"taxonomy":"product_brand","embeddable":true,"href":"https:\/\/store.droneway.ma\/index.php\/wp-json\/wp\/v2\/product_brand?post=2096"},{"taxonomy":"product_cat","embeddable":true,"href":"https:\/\/store.droneway.ma\/index.php\/wp-json\/wp\/v2\/product_cat?post=2096"},{"taxonomy":"product_tag","embeddable":true,"href":"https:\/\/store.droneway.ma\/index.php\/wp-json\/wp\/v2\/product_tag?post=2096"}],"curies":[{"name":"wp","href":"https:\/\/api.w.org\/{rel}","templated":true}]}}