{"id":2095,"date":"2020-11-21T19:01:29","date_gmt":"2020-11-21T18:01:29","guid":{"rendered":"http:\/\/store.droneway.ma\/index.php\/produit\/filtre-nd16-et-pl-pour-dji-zenmuse-x5-x5r-x5s-x7\/"},"modified":"2020-11-21T19:01:34","modified_gmt":"2020-11-21T18:01:34","slug":"filtre-nd16-et-pl-pour-dji-zenmuse-x5-x5r-x5s-x7","status":"publish","type":"product","link":"https:\/\/store.droneway.ma\/index.php\/produit\/filtre-nd16-et-pl-pour-dji-zenmuse-x5-x5r-x5s-x7\/","title":{"rendered":"Filtre ND16 et PL pour DJI Zenmuse X5\/X5R\/X5S &#038; X7"},"content":{"rendered":"<p>Ce filtre 2 en 1 cumule les corrections densit\u00e9 neutre (ND16) et polarisante (PL). Cela optimisera l&rsquo;image \u00e0 plusieurs niveaux : meilleur contraste et saturation des couleurs, reflets minimis\u00e9s et meilleur \u00e9quilibre des couleurs.<\/p>\n","protected":false},"excerpt":{"rendered":"<p>Filtre 2 en 1 ND &#038; PL de qualit\u00e9 sup\u00e9rieure<br \/>\nEffet Neutral Density ( ND16 )<br \/>\nEffet Polarisant ( PL )<br \/>\nCompatibles DJI ZENMUSE X5\/X5R\/X5S &#038; X7<\/p>\n","protected":false},"featured_media":849,"template":"","meta":{"content-type":"","rop_custom_images_group":[],"rop_custom_messages_group":[],"rop_publish_now":"initial","rop_publish_now_accounts":[],"rop_publish_now_history":[],"rop_publish_now_status":"pending"},"product_brand":[],"product_cat":[40,41],"product_tag":[],"class_list":{"0":"post-2095","1":"product","2":"type-product","3":"status-publish","4":"has-post-thumbnail","6":"product_cat-inspire","7":"product_cat-inspire-2","9":"first","10":"instock","11":"purchasable","12":"product-type-simple"},"jetpack-related-posts":[{"id":2290,"url":"https:\/\/store.droneway.ma\/index.php\/produit\/pack-de-4-filtres-nd-pl-pour-dji-osmo-action-pgytech\/","url_meta":{"origin":2095,"position":0},"title":"Pack de 4 filtres ND\/PL pour DJI Osmo Action- PGYTECH","author":"admin","date":"21 novembre 2020","format":false,"excerpt":"Kit complet de 4 filtres Verre trait\u00e9 anti-rayures et anti-eau et huile Sp\u00e9cialement con\u00e7us pour DJI Osmo Action","rel":"","context":"Article similaire","block_context":{"text":"Article similaire","link":""},"img":{"alt_text":"Pack de 4 filtres ND\/PL pour DJI Osmo Action- PGYTECH","src":"https:\/\/i0.wp.com\/store.droneway.ma\/wp-content\/uploads\/2020\/11\/pack-de-4-filtres-nd-pl-pour-dji-osmo-action-pgytech-p-image-210122-grande.jpg?resize=350%2C200&ssl=1","width":350,"height":200,"srcset":"https:\/\/i0.wp.com\/store.droneway.ma\/wp-content\/uploads\/2020\/11\/pack-de-4-filtres-nd-pl-pour-dji-osmo-action-pgytech-p-image-210122-grande.jpg?resize=350%2C200&ssl=1 1x, https:\/\/i0.wp.com\/store.droneway.ma\/wp-content\/uploads\/2020\/11\/pack-de-4-filtres-nd-pl-pour-dji-osmo-action-pgytech-p-image-210122-grande.jpg?resize=525%2C300&ssl=1 1.5x, https:\/\/i0.wp.com\/store.droneway.ma\/wp-content\/uploads\/2020\/11\/pack-de-4-filtres-nd-pl-pour-dji-osmo-action-pgytech-p-image-210122-grande.jpg?resize=700%2C400&ssl=1 2x"},"classes":[]},{"id":2291,"url":"https:\/\/store.droneway.ma\/index.php\/produit\/kit-de-3-filtres-nd-pl-gradues-pour-dji-osmo-action-pgytech\/","url_meta":{"origin":2095,"position":1},"title":"Kit de 3 filtres ND-PL gradu\u00e9s pour DJI Osmo Action &#8211; PGYTECH","author":"admin","date":"21 novembre 2020","format":false,"excerpt":"Kit compos\u00e9 de trois filtres ND, PL et gradu\u00e9s Filtres \u00e0 visser en lieu et place de la lentille d'origine Filtres ultra l\u00e9gers","rel":"","context":"Article similaire","block_context":{"text":"Article similaire","link":""},"img":{"alt_text":"Kit de 3 filtres ND-PL gradu\u00e9s pour DJI Osmo Action - PGYTECH","src":"https:\/\/i0.wp.com\/store.droneway.ma\/wp-content\/uploads\/2020\/11\/kit-de-3-filtres-nd-pl-gradues-pour-dji-osmo-pocket-pgytech-p-image-211825-grande.jpg?resize=350%2C200&ssl=1","width":350,"height":200,"srcset":"https:\/\/i0.wp.com\/store.droneway.ma\/wp-content\/uploads\/2020\/11\/kit-de-3-filtres-nd-pl-gradues-pour-dji-osmo-pocket-pgytech-p-image-211825-grande.jpg?resize=350%2C200&ssl=1 1x, https:\/\/i0.wp.com\/store.droneway.ma\/wp-content\/uploads\/2020\/11\/kit-de-3-filtres-nd-pl-gradues-pour-dji-osmo-pocket-pgytech-p-image-211825-grande.jpg?resize=525%2C300&ssl=1 1.5x, https:\/\/i0.wp.com\/store.droneway.ma\/wp-content\/uploads\/2020\/11\/kit-de-3-filtres-nd-pl-gradues-pour-dji-osmo-pocket-pgytech-p-image-211825-grande.jpg?resize=700%2C400&ssl=1 2x"},"classes":[]},{"id":2096,"url":"https:\/\/store.droneway.ma\/index.php\/produit\/pack-5-filtres-ir-nd-pour-dji-zenmuse-x7\/","url_meta":{"origin":2095,"position":2},"title":"Pack 5 filtres IR ND pour DJI Zenmuse X7","author":"admin","date":"21 novembre 2020","format":false,"excerpt":"Pack complet de 5 filtres IR ND Verre optique multicouche haut de gamme Permet d'obtenir des images claires Ultra l\u00e9ger : 10 grammes","rel":"","context":"Article similaire","block_context":{"text":"Article similaire","link":""},"img":{"alt_text":"Pack 5 filtres IR ND pour DJI Zenmuse X7","src":"https:\/\/i0.wp.com\/store.droneway.ma\/wp-content\/uploads\/2020\/11\/pack-5-filtres-ir-nd-pour-dji-zenmuse-x7-p-image-193878-grande.jpg?resize=350%2C200&ssl=1","width":350,"height":200,"srcset":"https:\/\/i0.wp.com\/store.droneway.ma\/wp-content\/uploads\/2020\/11\/pack-5-filtres-ir-nd-pour-dji-zenmuse-x7-p-image-193878-grande.jpg?resize=350%2C200&ssl=1 1x, https:\/\/i0.wp.com\/store.droneway.ma\/wp-content\/uploads\/2020\/11\/pack-5-filtres-ir-nd-pour-dji-zenmuse-x7-p-image-193878-grande.jpg?resize=525%2C300&ssl=1 1.5x, https:\/\/i0.wp.com\/store.droneway.ma\/wp-content\/uploads\/2020\/11\/pack-5-filtres-ir-nd-pour-dji-zenmuse-x7-p-image-193878-grande.jpg?resize=700%2C400&ssl=1 2x"},"classes":[]},{"id":2070,"url":"https:\/\/store.droneway.ma\/index.php\/produit\/dji-inspire-2-avec-zenmuse-x7-standard-kit\/","url_meta":{"origin":2095,"position":3},"title":"DJI Inspire 2 avec Zenmuse X7 Standard Kit","author":"admin","date":"21 novembre 2020","format":false,"excerpt":"Pack complet : Inspire 2 et Zenmuse X7 Jusqu'\u00e0 25 minutes de vol D\u00e9tection d'obstacles","rel":"","context":"Article similaire","block_context":{"text":"Article similaire","link":""},"img":{"alt_text":"DJI Inspire 2 avec Zenmuse X7 Standard Kit","src":"https:\/\/i0.wp.com\/store.droneway.ma\/wp-content\/uploads\/2020\/11\/dji-inspire-2-avec-zenmuse-x7-standard-kit-p-image-219935-grande.jpg?resize=350%2C200&ssl=1","width":350,"height":200,"srcset":"https:\/\/i0.wp.com\/store.droneway.ma\/wp-content\/uploads\/2020\/11\/dji-inspire-2-avec-zenmuse-x7-standard-kit-p-image-219935-grande.jpg?resize=350%2C200&ssl=1 1x, https:\/\/i0.wp.com\/store.droneway.ma\/wp-content\/uploads\/2020\/11\/dji-inspire-2-avec-zenmuse-x7-standard-kit-p-image-219935-grande.jpg?resize=525%2C300&ssl=1 1.5x, https:\/\/i0.wp.com\/store.droneway.ma\/wp-content\/uploads\/2020\/11\/dji-inspire-2-avec-zenmuse-x7-standard-kit-p-image-219935-grande.jpg?resize=700%2C400&ssl=1 2x"},"classes":[]},{"id":2071,"url":"https:\/\/store.droneway.ma\/index.php\/produit\/dji-inspire-2-avec-zenmuse-x5s-advanced-kit\/","url_meta":{"origin":2095,"position":4},"title":"DJI Inspire 2 avec Zenmuse X5S Advanced Kit","author":"admin","date":"21 novembre 2020","format":false,"excerpt":"Pack complet : Inspire 2 et Zenmuse X5S Licences Apple ProRes et CinemaDNG Jusqu'\u00e0 25 minutes de vol D\u00e9tection d'obstacles","rel":"","context":"Article similaire","block_context":{"text":"Article similaire","link":""},"img":{"alt_text":"DJI Inspire 2 avec Zenmuse X5S Advanced Kit","src":"https:\/\/i0.wp.com\/store.droneway.ma\/wp-content\/uploads\/2020\/11\/dji-inspire-2-avec-zenmuse-x5s-advanced-kit-p-image-219931-grande.jpg?resize=350%2C200&ssl=1","width":350,"height":200,"srcset":"https:\/\/i0.wp.com\/store.droneway.ma\/wp-content\/uploads\/2020\/11\/dji-inspire-2-avec-zenmuse-x5s-advanced-kit-p-image-219931-grande.jpg?resize=350%2C200&ssl=1 1x, https:\/\/i0.wp.com\/store.droneway.ma\/wp-content\/uploads\/2020\/11\/dji-inspire-2-avec-zenmuse-x5s-advanced-kit-p-image-219931-grande.jpg?resize=525%2C300&ssl=1 1.5x, https:\/\/i0.wp.com\/store.droneway.ma\/wp-content\/uploads\/2020\/11\/dji-inspire-2-avec-zenmuse-x5s-advanced-kit-p-image-219931-grande.jpg?resize=700%2C400&ssl=1 2x"},"classes":[]},{"id":2072,"url":"https:\/\/store.droneway.ma\/index.php\/produit\/dji-inspire-2-avec-zenmuse-x5s-standard-kit\/","url_meta":{"origin":2095,"position":5},"title":"DJI Inspire 2 avec Zenmuse X5S Standard Kit","author":"admin","date":"21 novembre 2020","format":false,"excerpt":"Pack complet : Inspire 2 et Zenmuse X5S Jusqu'\u00e0 25 minutes de vol D\u00e9tection d'obstacles","rel":"","context":"Article similaire","block_context":{"text":"Article similaire","link":""},"img":{"alt_text":"DJI Inspire 2 avec Zenmuse X5S Standard Kit","src":"https:\/\/i0.wp.com\/store.droneway.ma\/wp-content\/uploads\/2020\/11\/dji-inspire-2-avec-zenmuse-x5s-standard-kit-p-image-219928-grande.jpg?resize=350%2C200&ssl=1","width":350,"height":200,"srcset":"https:\/\/i0.wp.com\/store.droneway.ma\/wp-content\/uploads\/2020\/11\/dji-inspire-2-avec-zenmuse-x5s-standard-kit-p-image-219928-grande.jpg?resize=350%2C200&ssl=1 1x, https:\/\/i0.wp.com\/store.droneway.ma\/wp-content\/uploads\/2020\/11\/dji-inspire-2-avec-zenmuse-x5s-standard-kit-p-image-219928-grande.jpg?resize=525%2C300&ssl=1 1.5x, https:\/\/i0.wp.com\/store.droneway.ma\/wp-content\/uploads\/2020\/11\/dji-inspire-2-avec-zenmuse-x5s-standard-kit-p-image-219928-grande.jpg?resize=700%2C400&ssl=1 2x"},"classes":[]}],"jetpack_sharing_enabled":true,"_links":{"self":[{"href":"https:\/\/store.droneway.ma\/index.php\/wp-json\/wp\/v2\/product\/2095","targetHints":{"allow":["GET"]}}],"collection":[{"href":"https:\/\/store.droneway.ma\/index.php\/wp-json\/wp\/v2\/product"}],"about":[{"href":"https:\/\/store.droneway.ma\/index.php\/wp-json\/wp\/v2\/types\/product"}],"wp:featuredmedia":[{"embeddable":true,"href":"https:\/\/store.droneway.ma\/index.php\/wp-json\/wp\/v2\/media\/849"}],"wp:attachment":[{"href":"https:\/\/store.droneway.ma\/index.php\/wp-json\/wp\/v2\/media?parent=2095"}],"wp:term":[{"taxonomy":"product_brand","embeddable":true,"href":"https:\/\/store.droneway.ma\/index.php\/wp-json\/wp\/v2\/product_brand?post=2095"},{"taxonomy":"product_cat","embeddable":true,"href":"https:\/\/store.droneway.ma\/index.php\/wp-json\/wp\/v2\/product_cat?post=2095"},{"taxonomy":"product_tag","embeddable":true,"href":"https:\/\/store.droneway.ma\/index.php\/wp-json\/wp\/v2\/product_tag?post=2095"}],"curies":[{"name":"wp","href":"https:\/\/api.w.org\/{rel}","templated":true}]}}