{"id":2094,"date":"2020-11-21T19:01:29","date_gmt":"2020-11-21T18:01:29","guid":{"rendered":"http:\/\/store.droneway.ma\/index.php\/produit\/radiocommande-dji-inspire-2-matrice-200\/"},"modified":"2020-11-21T19:01:34","modified_gmt":"2020-11-21T18:01:34","slug":"radiocommande-dji-inspire-2-matrice-200","status":"publish","type":"product","link":"https:\/\/store.droneway.ma\/index.php\/produit\/radiocommande-dji-inspire-2-matrice-200\/","title":{"rendered":"Radiocommande DJI Inspire 2 \/ Matrice 200"},"content":{"rendered":"<p>La radiocommande DJI pour Inspire 2 et Matrice 200, 210 et 210 RTK est un concentr\u00e9 de technologie. Elle int\u00e8gre la derni\u00e8re version du puissant syst\u00e8me DJI Lightbridge qui vous donnera une transmission vid\u00e9o num\u00e9rique en FullHD sur une distance allant jusqu&rsquo;\u00e0 3.5 Km (en environnement d\u00e9gag\u00e9).  Ergonomique, cette radio se r\u00e9v\u00e9lera tr\u00e8s agr\u00e9able \u00e0 l&rsquo;usage avec la possibilit\u00e9 de l&rsquo;utiliser en double commande pour un duo pilote et cadreur.  Le support de fixation CrystalSky pour radiocommande est inclus, afin d\u2019y fixer un moniteur CrystalSky directement.  Note : Pour un installer un appareil mobile (smartphone ou tablette), vous devrez vous munir du support smartphone &#038; tablette pour radiocommande DJI Cendence et Inspire 2.<\/p>\n","protected":false},"excerpt":{"rendered":"<p>Radiocommande ergonomique<br \/>\nLightbridge int\u00e9gr\u00e9<br \/>\nId\u00e9al pour remplacement ou cadreur<br \/>\nPort\u00e9e radio : 3.5Km (CE)<br \/>\nCompatible DJI Inspire 2 et M200 series<\/p>\n","protected":false},"featured_media":837,"template":"","meta":{"content-type":"","rop_custom_images_group":[],"rop_custom_messages_group":[],"rop_publish_now":"initial","rop_publish_now_accounts":[],"rop_publish_now_history":[],"rop_publish_now_status":"pending"},"product_brand":[],"product_cat":[40,41],"product_tag":[],"class_list":{"0":"post-2094","1":"product","2":"type-product","3":"status-publish","4":"has-post-thumbnail","6":"product_cat-inspire","7":"product_cat-inspire-2","9":"first","10":"instock","11":"purchasable","12":"product-type-simple"},"jetpack-related-posts":[{"id":2097,"url":"https:\/\/store.droneway.ma\/index.php\/produit\/radiocommande-dji-inspire-2-matrice-200-2\/","url_meta":{"origin":2094,"position":0},"title":"Radiocommande DJI Inspire 2 \/ Matrice 200","author":"admin","date":"21 novembre 2020","format":false,"excerpt":"Radiocommande ergonomique Lightbridge int\u00e9gr\u00e9 Id\u00e9al pour remplacement ou cadreur Port\u00e9e radio : 3.5Km (CE) Compatible DJI Inspire 2 et M200 series","rel":"","context":"Article similaire","block_context":{"text":"Article similaire","link":""},"img":{"alt_text":"Radiocommande DJI Inspire 2 \/ Matrice 200","src":"https:\/\/i0.wp.com\/store.droneway.ma\/wp-content\/uploads\/2020\/11\/radiocommande-dji-inspire-2-p-image-199921-grande.jpg?resize=350%2C200&ssl=1","width":350,"height":200},"classes":[]},{"id":2103,"url":"https:\/\/store.droneway.ma\/index.php\/produit\/support-smartphone-tablette-pour-dji-cendence-et-inspire-2-2\/","url_meta":{"origin":2094,"position":1},"title":"Support smartphone &#038; tablette pour DJI Cendence et Inspire 2","author":"admin","date":"21 novembre 2020","format":false,"excerpt":"Permet la fixation de smartphone et tablette Installation ais\u00e9e","rel":"","context":"Article similaire","block_context":{"text":"Article similaire","link":""},"img":{"alt_text":"Support smartphone & tablette pour DJI Cendence et Inspire 2","src":"https:\/\/i0.wp.com\/store.droneway.ma\/wp-content\/uploads\/2020\/11\/support-smartphone-tablette-pour-dji-cendence-p-image-188058-grande.jpg?resize=350%2C200&ssl=1","width":350,"height":200},"classes":[]},{"id":2092,"url":"https:\/\/store.droneway.ma\/index.php\/produit\/radiocommande-dji-cendence-s\/","url_meta":{"origin":2094,"position":2},"title":"Radiocommande DJI Cendence S","author":"admin","date":"21 novembre 2020","format":false,"excerpt":"Radio professionnelle hautement personnalisable Version sp\u00e9ciale pour pros et d\u00e9veloppeurs Prise en charge des tablettes iPad et Android","rel":"","context":"Article similaire","block_context":{"text":"Article similaire","link":""},"img":{"alt_text":"Radiocommande DJI Cendence S","src":"https:\/\/i0.wp.com\/store.droneway.ma\/wp-content\/uploads\/2020\/11\/p-image-209829-grande.jpg?resize=350%2C200&ssl=1","width":350,"height":200},"classes":[]},{"id":2104,"url":"https:\/\/store.droneway.ma\/index.php\/produit\/radiocommande-dji-cendence-2\/","url_meta":{"origin":2094,"position":3},"title":"Radiocommande DJI Cendence","author":"admin","date":"21 novembre 2020","format":false,"excerpt":"Radio professionnelle hautement personnalisable Antenne interchangeable : DJI Tracktenna Nombreux ports d'extension Compatible CrystalSky Sorties HDMI\/SDI Remarque : Hub de chargement non fourni.","rel":"","context":"Article similaire","block_context":{"text":"Article similaire","link":""},"img":{"alt_text":"Radiocommande DJI Cendence","src":"https:\/\/i0.wp.com\/store.droneway.ma\/wp-content\/uploads\/2020\/11\/radiocommande-dji-cendence-p-image-188001-grande.jpg?resize=350%2C200&ssl=1","width":350,"height":200},"classes":[]},{"id":2109,"url":"https:\/\/store.droneway.ma\/index.php\/produit\/radiocommande-dji-cendence-s-2\/","url_meta":{"origin":2094,"position":4},"title":"Radiocommande DJI Cendence S","author":"admin","date":"21 novembre 2020","format":false,"excerpt":"Radio professionnelle hautement personnalisable Version sp\u00e9ciale pour pros et d\u00e9veloppeurs Prise en charge des tablettes iPad et Android Antenne interchangeable : DJI Tracktenna Nombreux ports d'extension Sorties HDMI\/SDI","rel":"","context":"Article similaire","block_context":{"text":"Article similaire","link":""},"img":{"alt_text":"Radiocommande DJI Cendence S","src":"https:\/\/i0.wp.com\/store.droneway.ma\/wp-content\/uploads\/2020\/11\/p-image-209829-grande.jpg?resize=350%2C200&ssl=1","width":350,"height":200},"classes":[]},{"id":2090,"url":"https:\/\/store.droneway.ma\/index.php\/produit\/radiocommande-dji-cendence\/","url_meta":{"origin":2094,"position":5},"title":"Radiocommande DJI Cendence","author":"admin","date":"21 novembre 2020","format":false,"excerpt":"Radio professionnelle hautement personnalisable Antenne interchangeable : DJI Tracktenna Nombreux ports d'extension Compatible CrystalSky Sorties HDMI\/SDI","rel":"","context":"Article similaire","block_context":{"text":"Article similaire","link":""},"img":{"alt_text":"Radiocommande DJI Cendence","src":"https:\/\/i0.wp.com\/store.droneway.ma\/wp-content\/uploads\/2020\/11\/radiocommande-dji-cendence-p-image-188001-grande.jpg?resize=350%2C200&ssl=1","width":350,"height":200},"classes":[]}],"jetpack_sharing_enabled":true,"_links":{"self":[{"href":"https:\/\/store.droneway.ma\/index.php\/wp-json\/wp\/v2\/product\/2094","targetHints":{"allow":["GET"]}}],"collection":[{"href":"https:\/\/store.droneway.ma\/index.php\/wp-json\/wp\/v2\/product"}],"about":[{"href":"https:\/\/store.droneway.ma\/index.php\/wp-json\/wp\/v2\/types\/product"}],"wp:featuredmedia":[{"embeddable":true,"href":"https:\/\/store.droneway.ma\/index.php\/wp-json\/wp\/v2\/media\/837"}],"wp:attachment":[{"href":"https:\/\/store.droneway.ma\/index.php\/wp-json\/wp\/v2\/media?parent=2094"}],"wp:term":[{"taxonomy":"product_brand","embeddable":true,"href":"https:\/\/store.droneway.ma\/index.php\/wp-json\/wp\/v2\/product_brand?post=2094"},{"taxonomy":"product_cat","embeddable":true,"href":"https:\/\/store.droneway.ma\/index.php\/wp-json\/wp\/v2\/product_cat?post=2094"},{"taxonomy":"product_tag","embeddable":true,"href":"https:\/\/store.droneway.ma\/index.php\/wp-json\/wp\/v2\/product_tag?post=2094"}],"curies":[{"name":"wp","href":"https:\/\/api.w.org\/{rel}","templated":true}]}}