{"id":2090,"date":"2020-11-21T19:01:29","date_gmt":"2020-11-21T18:01:29","guid":{"rendered":"http:\/\/store.droneway.ma\/index.php\/produit\/radiocommande-dji-cendence\/"},"modified":"2020-11-21T19:01:30","modified_gmt":"2020-11-21T18:01:30","slug":"radiocommande-dji-cendence","status":"publish","type":"product","link":"https:\/\/store.droneway.ma\/index.php\/produit\/radiocommande-dji-cendence\/","title":{"rendered":"Radiocommande DJI Cendence"},"content":{"rendered":"<p>DJI Cendence est une radiocommande compatible Inspire 2 et Matrice 200 V1 con\u00e7ue pour les professionnels. Elle dispose d\u2019une tr\u00e8s bonne ergonomie, d\u2019un nombre impressionnant de voies et de boutons personnalisables. Elle propose un syst\u00e8me d\u2019antenne interchangeable pour basculer sur une antenne \u00e0 haut gain ou encore sur le syst\u00e8me DJI Tracktenna pour atteindre une port\u00e9e de 10km ! Une connectique riche, HDMI, SDI, USB et CAN, permettra de r\u00e9cup\u00e9rer le flux vid\u00e9o et de g\u00e9rer de futurs modules.<\/p>\n","protected":false},"excerpt":{"rendered":"<p>Radio professionnelle hautement personnalisable<br \/>\nAntenne interchangeable : DJI Tracktenna<br \/>\nNombreux ports d&rsquo;extension<br \/>\nCompatible CrystalSky<br \/>\nSorties HDMI\/SDI<\/p>\n","protected":false},"featured_media":509,"template":"","meta":{"content-type":"","rop_custom_images_group":[],"rop_custom_messages_group":[],"rop_publish_now":"initial","rop_publish_now_accounts":[],"rop_publish_now_history":[],"rop_publish_now_status":"pending"},"product_brand":[],"product_cat":[40,41],"product_tag":[],"class_list":{"0":"post-2090","1":"product","2":"type-product","3":"status-publish","4":"has-post-thumbnail","6":"product_cat-inspire","7":"product_cat-inspire-2","9":"first","10":"instock","11":"purchasable","12":"product-type-simple"},"jetpack-related-posts":[{"id":2104,"url":"https:\/\/store.droneway.ma\/index.php\/produit\/radiocommande-dji-cendence-2\/","url_meta":{"origin":2090,"position":0},"title":"Radiocommande DJI Cendence","author":"admin","date":"21 novembre 2020","format":false,"excerpt":"Radio professionnelle hautement personnalisable Antenne interchangeable : DJI Tracktenna Nombreux ports d'extension Compatible CrystalSky Sorties HDMI\/SDI Remarque : Hub de chargement non fourni.","rel":"","context":"Article similaire","block_context":{"text":"Article similaire","link":""},"img":{"alt_text":"Radiocommande DJI Cendence","src":"https:\/\/i0.wp.com\/store.droneway.ma\/wp-content\/uploads\/2020\/11\/radiocommande-dji-cendence-p-image-188001-grande.jpg?resize=350%2C200&ssl=1","width":350,"height":200},"classes":[]},{"id":2109,"url":"https:\/\/store.droneway.ma\/index.php\/produit\/radiocommande-dji-cendence-s-2\/","url_meta":{"origin":2090,"position":1},"title":"Radiocommande DJI Cendence S","author":"admin","date":"21 novembre 2020","format":false,"excerpt":"Radio professionnelle hautement personnalisable Version sp\u00e9ciale pour pros et d\u00e9veloppeurs Prise en charge des tablettes iPad et Android Antenne interchangeable : DJI Tracktenna Nombreux ports d'extension Sorties HDMI\/SDI","rel":"","context":"Article similaire","block_context":{"text":"Article similaire","link":""},"img":{"alt_text":"Radiocommande DJI Cendence S","src":"https:\/\/i0.wp.com\/store.droneway.ma\/wp-content\/uploads\/2020\/11\/p-image-209829-grande.jpg?resize=350%2C200&ssl=1","width":350,"height":200},"classes":[]},{"id":2092,"url":"https:\/\/store.droneway.ma\/index.php\/produit\/radiocommande-dji-cendence-s\/","url_meta":{"origin":2090,"position":2},"title":"Radiocommande DJI Cendence S","author":"admin","date":"21 novembre 2020","format":false,"excerpt":"Radio professionnelle hautement personnalisable Version sp\u00e9ciale pour pros et d\u00e9veloppeurs Prise en charge des tablettes iPad et Android","rel":"","context":"Article similaire","block_context":{"text":"Article similaire","link":""},"img":{"alt_text":"Radiocommande DJI Cendence S","src":"https:\/\/i0.wp.com\/store.droneway.ma\/wp-content\/uploads\/2020\/11\/p-image-209829-grande.jpg?resize=350%2C200&ssl=1","width":350,"height":200},"classes":[]},{"id":2088,"url":"https:\/\/store.droneway.ma\/index.php\/produit\/support-smartphone-tablette-pour-dji-cendence-et-inspire-2\/","url_meta":{"origin":2090,"position":3},"title":"Support smartphone &#038; tablette pour DJI Cendence et Inspire 2","author":"admin","date":"21 novembre 2020","format":false,"excerpt":"Permet la fixation de smartphone et tablette Installation facile","rel":"","context":"Article similaire","block_context":{"text":"Article similaire","link":""},"img":{"alt_text":"Support smartphone & tablette pour DJI Cendence et Inspire 2","src":"https:\/\/i0.wp.com\/store.droneway.ma\/wp-content\/uploads\/2020\/11\/support-smartphone-tablette-pour-dji-cendence-p-image-188058-grande.jpg?resize=350%2C200&ssl=1","width":350,"height":200},"classes":[]},{"id":2103,"url":"https:\/\/store.droneway.ma\/index.php\/produit\/support-smartphone-tablette-pour-dji-cendence-et-inspire-2-2\/","url_meta":{"origin":2090,"position":4},"title":"Support smartphone &#038; tablette pour DJI Cendence et Inspire 2","author":"admin","date":"21 novembre 2020","format":false,"excerpt":"Permet la fixation de smartphone et tablette Installation ais\u00e9e","rel":"","context":"Article similaire","block_context":{"text":"Article similaire","link":""},"img":{"alt_text":"Support smartphone & tablette pour DJI Cendence et Inspire 2","src":"https:\/\/i0.wp.com\/store.droneway.ma\/wp-content\/uploads\/2020\/11\/support-smartphone-tablette-pour-dji-cendence-p-image-188058-grande.jpg?resize=350%2C200&ssl=1","width":350,"height":200},"classes":[]},{"id":2174,"url":"https:\/\/store.droneway.ma\/index.php\/produit\/dji-mavic-2-pro-smart-controller\/","url_meta":{"origin":2090,"position":5},"title":"DJI Mavic 2 Pro &#038; Smart controller","author":"admin","date":"21 novembre 2020","format":false,"excerpt":"Capable d'accueillir des applications tierces (Instagram, Facebook, Youtube...), le Smart Controller de votre Mavic 2 Pro dispose en plus d'une sortie HDMI, d'un microphone, et d'un haut parleur. Dot\u00e9e d'une batterie de 5000 mAh, cette radiocommande offrira une belle autonomie de 2h30.","rel":"","context":"Article similaire","block_context":{"text":"Article similaire","link":""},"img":{"alt_text":"DJI Mavic 2 Pro & Smart controller","src":"https:\/\/i0.wp.com\/store.droneway.ma\/wp-content\/uploads\/2020\/11\/dji-mavic-2-pro-smart-controller-p-image-204869-grande.jpg?resize=350%2C200&ssl=1","width":350,"height":200,"srcset":"https:\/\/i0.wp.com\/store.droneway.ma\/wp-content\/uploads\/2020\/11\/dji-mavic-2-pro-smart-controller-p-image-204869-grande.jpg?resize=350%2C200&ssl=1 1x, https:\/\/i0.wp.com\/store.droneway.ma\/wp-content\/uploads\/2020\/11\/dji-mavic-2-pro-smart-controller-p-image-204869-grande.jpg?resize=525%2C300&ssl=1 1.5x, https:\/\/i0.wp.com\/store.droneway.ma\/wp-content\/uploads\/2020\/11\/dji-mavic-2-pro-smart-controller-p-image-204869-grande.jpg?resize=700%2C400&ssl=1 2x"},"classes":[]}],"jetpack_sharing_enabled":true,"_links":{"self":[{"href":"https:\/\/store.droneway.ma\/index.php\/wp-json\/wp\/v2\/product\/2090","targetHints":{"allow":["GET"]}}],"collection":[{"href":"https:\/\/store.droneway.ma\/index.php\/wp-json\/wp\/v2\/product"}],"about":[{"href":"https:\/\/store.droneway.ma\/index.php\/wp-json\/wp\/v2\/types\/product"}],"wp:featuredmedia":[{"embeddable":true,"href":"https:\/\/store.droneway.ma\/index.php\/wp-json\/wp\/v2\/media\/509"}],"wp:attachment":[{"href":"https:\/\/store.droneway.ma\/index.php\/wp-json\/wp\/v2\/media?parent=2090"}],"wp:term":[{"taxonomy":"product_brand","embeddable":true,"href":"https:\/\/store.droneway.ma\/index.php\/wp-json\/wp\/v2\/product_brand?post=2090"},{"taxonomy":"product_cat","embeddable":true,"href":"https:\/\/store.droneway.ma\/index.php\/wp-json\/wp\/v2\/product_cat?post=2090"},{"taxonomy":"product_tag","embeddable":true,"href":"https:\/\/store.droneway.ma\/index.php\/wp-json\/wp\/v2\/product_tag?post=2090"}],"curies":[{"name":"wp","href":"https:\/\/api.w.org\/{rel}","templated":true}]}}