{"id":2086,"date":"2020-11-21T19:00:59","date_gmt":"2020-11-21T18:00:59","guid":{"rendered":"http:\/\/store.droneway.ma\/index.php\/produit\/dji-goggles-racing-edition-2\/"},"modified":"2020-11-21T19:01:27","modified_gmt":"2020-11-21T18:01:27","slug":"dji-goggles-racing-edition-2","status":"publish","type":"product","link":"https:\/\/store.droneway.ma\/index.php\/produit\/dji-goggles-racing-edition-2\/","title":{"rendered":"DJI Goggles Racing Edition"},"content":{"rendered":"<p>Le casque DJI Goggles fait peau neuve avec son nouveau look et propose d\u00e9sormais d&rsquo;\u00eatre compatible avec les drones de course !  Le DJI Goggles RE (Racing Edition) dispose de 2 \u00e9crans de r\u00e9solution 1920&#215;1080 pixels chacun et est compatible avec le syst\u00e8me de transmission OcuSync.  Ce casque FPV vous permettra d&rsquo;avoir un retour vid\u00e9o fluide de votre drone racer ou de votre drone DJI (Mavic Pro\/Air\/ 2 Pro &#038; Zoom, Spark, Inspire, Phantom 4&#8230;) jusqu&rsquo;\u00e0 une distance de 4 km !<\/p>\n","protected":false},"excerpt":{"rendered":"<p>R\u00e9solution d&rsquo;affichage 3840 x 1080 pixels<br \/>\n\tOptimis\u00e9 pour les drones racer (FPV)<br \/>\n\tCompatible syst\u00e8me de transmission OcuSync<br \/>\n\tCompatible Mavic, Spark, Inspire, Phantom 4&#8230;<\/p>\n","protected":false},"featured_media":691,"template":"","meta":{"content-type":"","rop_custom_images_group":[],"rop_custom_messages_group":[],"rop_publish_now":"initial","rop_publish_now_accounts":[],"rop_publish_now_history":[],"rop_publish_now_status":"pending"},"product_brand":[],"product_cat":[40,41],"product_tag":[],"class_list":{"0":"post-2086","1":"product","2":"type-product","3":"status-publish","4":"has-post-thumbnail","6":"product_cat-inspire","7":"product_cat-inspire-2","9":"first","10":"instock","11":"purchasable","12":"product-type-simple"},"jetpack-related-posts":[{"id":2065,"url":"https:\/\/store.droneway.ma\/index.php\/produit\/dji-goggles-racing-edition\/","url_meta":{"origin":2086,"position":0},"title":"DJI Goggles Racing Edition","author":"admin","date":"21 novembre 2020","format":false,"excerpt":"R\u00e9solution d'affichage 3840 x 1080 pixels Optimis\u00e9 pour les drones racer (FPV) Compatible syst\u00e8me de transmission OcuSync Compatible Mavic, Spark, Inspire, Phantom 4...","rel":"","context":"Article similaire","block_context":{"text":"Article similaire","link":""},"img":{"alt_text":"DJI Goggles Racing Edition","src":"https:\/\/i0.wp.com\/store.droneway.ma\/wp-content\/uploads\/2020\/11\/dji-goggles-re-p-image-193061-grande.jpg?resize=350%2C200&ssl=1","width":350,"height":200,"srcset":"https:\/\/i0.wp.com\/store.droneway.ma\/wp-content\/uploads\/2020\/11\/dji-goggles-re-p-image-193061-grande.jpg?resize=350%2C200&ssl=1 1x, https:\/\/i0.wp.com\/store.droneway.ma\/wp-content\/uploads\/2020\/11\/dji-goggles-re-p-image-193061-grande.jpg?resize=525%2C300&ssl=1 1.5x"},"classes":[]},{"id":2241,"url":"https:\/\/store.droneway.ma\/index.php\/produit\/dji-goggles-racing-edition-3\/","url_meta":{"origin":2086,"position":1},"title":"DJI Goggles Racing Edition","author":"admin","date":"21 novembre 2020","format":false,"excerpt":"R\u00e9solution d'affichage 3840 x 1080 pixels Optimis\u00e9 pour les drones racer (FPV) Compatible syst\u00e8me de transmission OcuSync Compatible Mavic, Spark, Inspire, Phantom 4...","rel":"","context":"Article similaire","block_context":{"text":"Article similaire","link":""},"img":{"alt_text":"DJI Goggles Racing Edition","src":"https:\/\/i0.wp.com\/store.droneway.ma\/wp-content\/uploads\/2020\/11\/dji-goggles-re-p-image-193061-grande.jpg?resize=350%2C200&ssl=1","width":350,"height":200,"srcset":"https:\/\/i0.wp.com\/store.droneway.ma\/wp-content\/uploads\/2020\/11\/dji-goggles-re-p-image-193061-grande.jpg?resize=350%2C200&ssl=1 1x, https:\/\/i0.wp.com\/store.droneway.ma\/wp-content\/uploads\/2020\/11\/dji-goggles-re-p-image-193061-grande.jpg?resize=525%2C300&ssl=1 1.5x"},"classes":[]},{"id":2066,"url":"https:\/\/store.droneway.ma\/index.php\/produit\/dji-goggles\/","url_meta":{"origin":2086,"position":2},"title":"DJI Goggles","author":"admin","date":"21 novembre 2020","format":false,"excerpt":"Retour FULL HD 1080p \u00c9crans 5\" \/ FOV de 85\u00b0 Connectique HDMI 110 millisecondes de latence Compatible Mavic, Inspire, Phantom 4, Spark...","rel":"","context":"Article similaire","block_context":{"text":"Article similaire","link":""},"img":{"alt_text":"DJI Goggles","src":"https:\/\/i0.wp.com\/store.droneway.ma\/wp-content\/uploads\/2020\/11\/casque-dji-goggles-p-image-188044-grande.jpg?resize=350%2C200&ssl=1","width":350,"height":200},"classes":[]},{"id":2093,"url":"https:\/\/store.droneway.ma\/index.php\/produit\/dji-goggles-2\/","url_meta":{"origin":2086,"position":3},"title":"DJI Goggles","author":"admin","date":"21 novembre 2020","format":false,"excerpt":"Retour FULL HD 1080p \u00c9crans 5\" \/ FOV de 85\u00b0 Connectique HDMI 110 millisecondes de latence Compatible Mavic, Inspire, Phantom 4, Spark...","rel":"","context":"Article similaire","block_context":{"text":"Article similaire","link":""},"img":{"alt_text":"DJI Goggles","src":"https:\/\/i0.wp.com\/store.droneway.ma\/wp-content\/uploads\/2020\/11\/casque-dji-goggles-p-image-188044-grande.jpg?resize=350%2C200&ssl=1","width":350,"height":200},"classes":[]},{"id":2261,"url":"https:\/\/store.droneway.ma\/index.php\/produit\/dji-goggles-3\/","url_meta":{"origin":2086,"position":4},"title":"DJI Goggles","author":"admin","date":"21 novembre 2020","format":false,"excerpt":"Retour FULL HD 1080p \u00c9crans 5\" \/ FOV de 85\u00b0 Connectique HDMI 110 millisecondes de latence Compatible Mavic, Inspire, Phantom 4, Spark...","rel":"","context":"Article similaire","block_context":{"text":"Article similaire","link":""},"img":{"alt_text":"DJI Goggles","src":"https:\/\/i0.wp.com\/store.droneway.ma\/wp-content\/uploads\/2020\/11\/casque-dji-goggles-p-image-188044-grande.jpg?resize=350%2C200&ssl=1","width":350,"height":200},"classes":[]},{"id":2064,"url":"https:\/\/store.droneway.ma\/index.php\/produit\/dji-fpv-basic-combo\/","url_meta":{"origin":2086,"position":5},"title":"DJI FPV &#8211; Basic combo","author":"admin","date":"21 novembre 2020","format":false,"excerpt":"Combo cam\u00e9ra DJI FPV","rel":"","context":"Article similaire","block_context":{"text":"Article similaire","link":""},"img":{"alt_text":"DJI FPV - Basic combo","src":"https:\/\/i0.wp.com\/store.droneway.ma\/wp-content\/uploads\/2020\/11\/dji-fpv-basic-combo-p-image-211406-grande.jpg?resize=350%2C200&ssl=1","width":350,"height":200,"srcset":"https:\/\/i0.wp.com\/store.droneway.ma\/wp-content\/uploads\/2020\/11\/dji-fpv-basic-combo-p-image-211406-grande.jpg?resize=350%2C200&ssl=1 1x, https:\/\/i0.wp.com\/store.droneway.ma\/wp-content\/uploads\/2020\/11\/dji-fpv-basic-combo-p-image-211406-grande.jpg?resize=525%2C300&ssl=1 1.5x, https:\/\/i0.wp.com\/store.droneway.ma\/wp-content\/uploads\/2020\/11\/dji-fpv-basic-combo-p-image-211406-grande.jpg?resize=700%2C400&ssl=1 2x"},"classes":[]}],"jetpack_sharing_enabled":true,"_links":{"self":[{"href":"https:\/\/store.droneway.ma\/index.php\/wp-json\/wp\/v2\/product\/2086","targetHints":{"allow":["GET"]}}],"collection":[{"href":"https:\/\/store.droneway.ma\/index.php\/wp-json\/wp\/v2\/product"}],"about":[{"href":"https:\/\/store.droneway.ma\/index.php\/wp-json\/wp\/v2\/types\/product"}],"wp:featuredmedia":[{"embeddable":true,"href":"https:\/\/store.droneway.ma\/index.php\/wp-json\/wp\/v2\/media\/691"}],"wp:attachment":[{"href":"https:\/\/store.droneway.ma\/index.php\/wp-json\/wp\/v2\/media?parent=2086"}],"wp:term":[{"taxonomy":"product_brand","embeddable":true,"href":"https:\/\/store.droneway.ma\/index.php\/wp-json\/wp\/v2\/product_brand?post=2086"},{"taxonomy":"product_cat","embeddable":true,"href":"https:\/\/store.droneway.ma\/index.php\/wp-json\/wp\/v2\/product_cat?post=2086"},{"taxonomy":"product_tag","embeddable":true,"href":"https:\/\/store.droneway.ma\/index.php\/wp-json\/wp\/v2\/product_tag?post=2086"}],"curies":[{"name":"wp","href":"https:\/\/api.w.org\/{rel}","templated":true}]}}