{"id":2085,"date":"2020-11-21T19:00:59","date_gmt":"2020-11-21T18:00:59","guid":{"rendered":"http:\/\/store.droneway.ma\/index.php\/produit\/valise-4600w-simple-a-roulettes-pour-dji-inspire-2-hprc\/"},"modified":"2020-11-21T19:01:26","modified_gmt":"2020-11-21T18:01:26","slug":"valise-4600w-simple-a-roulettes-pour-dji-inspire-2-hprc","status":"publish","type":"product","link":"https:\/\/store.droneway.ma\/index.php\/produit\/valise-4600w-simple-a-roulettes-pour-dji-inspire-2-hprc\/","title":{"rendered":"Valise 4600W simple \u00e0 roulettes pour DJI Inspire 2 &#8211; HPRC"},"content":{"rendered":"<p>Prot\u00e9gez et transportez votre drone DJI Inspire 2 gr\u00e2ce \u00e0 cette valise HPRC. Munie de roulettes et d&rsquo;une poign\u00e9e r\u00e9tractable, cette valise est parfaite pour transporter votre drone en toute s\u00e9curit\u00e9 dans tous vos d\u00e9placements. De nombreux rangements sont pr\u00e9vus pour accueillir les accessoires (radiocommandes, batteries, chargeur, h\u00e9lices &#8230;).<\/p>\n","protected":false},"excerpt":{"rendered":"<p>Valise \u00e0 roulettes haut de gamme HPRC<br \/>\nCompatible DJI Inspire 2  \tSupporte la nacelle mont\u00e9e sur le drone<br \/>\n\tIP67 : prot\u00e9g\u00e9e contre eau &#038; poussi\u00e8re<br \/>\n\t14 rangements<br \/>\nS\u00e9curis\u00e9e<\/p>\n","protected":false},"featured_media":778,"template":"","meta":{"content-type":"","rop_custom_images_group":[],"rop_custom_messages_group":[],"rop_publish_now":"initial","rop_publish_now_accounts":[],"rop_publish_now_history":[],"rop_publish_now_status":"pending"},"product_brand":[],"product_cat":[40,41],"product_tag":[],"class_list":{"0":"post-2085","1":"product","2":"type-product","3":"status-publish","4":"has-post-thumbnail","6":"product_cat-inspire","7":"product_cat-inspire-2","9":"first","10":"instock","11":"purchasable","12":"product-type-simple"},"jetpack-related-posts":[{"id":2084,"url":"https:\/\/store.droneway.ma\/index.php\/produit\/valise-2780w-double-a-roulettes-pour-dji-inspire-2-hprc\/","url_meta":{"origin":2085,"position":0},"title":"Valise 2780W double \u00e0 roulettes pour DJI Inspire 2 &#8211; HPRC","author":"admin","date":"21 novembre 2020","format":false,"excerpt":"Valise \u00e0 roulettes haut de gamme HPRC Supporte la nacelle mont\u00e9e sur le drone IP67 : prot\u00e9g\u00e9e contre eau & poussi\u00e8re Double compartiment : 17 rangements S\u00e9curis\u00e9e","rel":"","context":"Article similaire","block_context":{"text":"Article similaire","link":""},"img":{"alt_text":"Valise 2780W double \u00e0 roulettes pour DJI Inspire 2 - HPRC","src":"https:\/\/i0.wp.com\/store.droneway.ma\/wp-content\/uploads\/2020\/11\/valise-hprc-a-roulettes-double-pour-dji-inspire-2-p-image-187266-grande.jpg?resize=350%2C200&ssl=1","width":350,"height":200},"classes":[]},{"id":2475,"url":"https:\/\/store.droneway.ma\/index.php\/produit\/valise-2730w-pour-dji-robomaster-s1-hprc\/","url_meta":{"origin":2085,"position":1},"title":"Valise 2730W pour DJI RoboMaster S1 &#8211; HPRC","author":"admin","date":"21 novembre 2020","format":false,"excerpt":"Valise \u00e0 roulettes haut de gamme HPRC sp\u00e9cialement con\u00e7ue pour le RoboMaster S1 Emplacement pour les accessoires et une tablette multim\u00e9dia 12.9\" IP67 : prot\u00e9g\u00e9e contre l'eau et la poussi\u00e8re Nombreux compartiments : 13 rangements Technologie Vector panel S\u00e9curis\u00e9e","rel":"","context":"Article similaire","block_context":{"text":"Article similaire","link":""},"img":{"alt_text":"Valise 2730W pour DJI RoboMaster S1 - HPRC","src":"https:\/\/i0.wp.com\/store.droneway.ma\/wp-content\/uploads\/2020\/11\/valise-2730w-pour-dji-robomaster-s1-hprc-p-image-214454-grande.jpg?resize=350%2C200&ssl=1","width":350,"height":200,"srcset":"https:\/\/i0.wp.com\/store.droneway.ma\/wp-content\/uploads\/2020\/11\/valise-2730w-pour-dji-robomaster-s1-hprc-p-image-214454-grande.jpg?resize=350%2C200&ssl=1 1x, https:\/\/i0.wp.com\/store.droneway.ma\/wp-content\/uploads\/2020\/11\/valise-2730w-pour-dji-robomaster-s1-hprc-p-image-214454-grande.jpg?resize=525%2C300&ssl=1 1.5x, https:\/\/i0.wp.com\/store.droneway.ma\/wp-content\/uploads\/2020\/11\/valise-2730w-pour-dji-robomaster-s1-hprc-p-image-214454-grande.jpg?resize=700%2C400&ssl=1 2x"},"classes":[]},{"id":2134,"url":"https:\/\/store.droneway.ma\/index.php\/produit\/valise-etanche-2800w-pour-dji-matrice-300-rtk-hprc\/","url_meta":{"origin":2085,"position":2},"title":"Valise \u00e9tanche 2800W pour DJI Matrice 300 RTK &#8211; HPRC","author":"admin","date":"21 novembre 2020","format":false,"excerpt":"Valise haut de gamme de chez HPRC Mousse haute densit\u00e9 permettant le respect du mat\u00e9riel Con\u00e7ue pour le drone DJI Matrice 300 RTK et ses accessoires Indice de protection IP67","rel":"","context":"Article similaire","block_context":{"text":"Article similaire","link":""},"img":{"alt_text":"Valise \u00e9tanche 2800W pour DJI Matrice 300 RTK - HPRC","src":"https:\/\/i0.wp.com\/store.droneway.ma\/wp-content\/uploads\/2020\/11\/valise-etanche-2800w-pour-dji-matrice-300-rtk-hprc-p-image-218929-grande.jpg?resize=350%2C200&ssl=1","width":350,"height":200,"srcset":"https:\/\/i0.wp.com\/store.droneway.ma\/wp-content\/uploads\/2020\/11\/valise-etanche-2800w-pour-dji-matrice-300-rtk-hprc-p-image-218929-grande.jpg?resize=350%2C200&ssl=1 1x, https:\/\/i0.wp.com\/store.droneway.ma\/wp-content\/uploads\/2020\/11\/valise-etanche-2800w-pour-dji-matrice-300-rtk-hprc-p-image-218929-grande.jpg?resize=525%2C300&ssl=1 1.5x, https:\/\/i0.wp.com\/store.droneway.ma\/wp-content\/uploads\/2020\/11\/valise-etanche-2800w-pour-dji-matrice-300-rtk-hprc-p-image-218929-grande.jpg?resize=700%2C400&ssl=1 2x"},"classes":[]},{"id":2105,"url":"https:\/\/store.droneway.ma\/index.php\/produit\/valise-4600w-etanche-pour-dji-matrice-200-210-hprc\/","url_meta":{"origin":2085,"position":3},"title":"Valise 4600W \u00e9tanche pour DJI Matrice 200 &#038; 210 &#8211; HPRC","author":"admin","date":"21 novembre 2020","format":false,"excerpt":"Valise haut de gamme HPRC Compatible DJI Matrice 200\/210 Supporte le drone avec son train en landing mode IP67 : prot\u00e9g\u00e9e contre eau & poussi\u00e8re Plus de 12 rangements","rel":"","context":"Article similaire","block_context":{"text":"Article similaire","link":""},"img":{"alt_text":"Valise 4600W \u00e9tanche pour DJI Matrice 200 & 210 - HPRC","src":"https:\/\/i0.wp.com\/store.droneway.ma\/wp-content\/uploads\/2020\/11\/valise-hprc-pour-dji-matrice-200-210-p-image-201677-grande.jpg?resize=350%2C200&ssl=1","width":350,"height":200,"srcset":"https:\/\/i0.wp.com\/store.droneway.ma\/wp-content\/uploads\/2020\/11\/valise-hprc-pour-dji-matrice-200-210-p-image-201677-grande.jpg?resize=350%2C200&ssl=1 1x, https:\/\/i0.wp.com\/store.droneway.ma\/wp-content\/uploads\/2020\/11\/valise-hprc-pour-dji-matrice-200-210-p-image-201677-grande.jpg?resize=525%2C300&ssl=1 1.5x, https:\/\/i0.wp.com\/store.droneway.ma\/wp-content\/uploads\/2020\/11\/valise-hprc-pour-dji-matrice-200-210-p-image-201677-grande.jpg?resize=700%2C400&ssl=1 2x"},"classes":[]},{"id":2082,"url":"https:\/\/store.droneway.ma\/index.php\/produit\/valise-2550w-pour-batteries-dji-inspire-2-jaune-hprc\/","url_meta":{"origin":2085,"position":4},"title":"Valise 2550W pour batteries DJI Inspire 2 (Jaune) &#8211; HPRC","author":"admin","date":"21 novembre 2020","format":false,"excerpt":"Compatible batteries DJI Inspire 2 Peut contenir jusqu'\u00e0 10 batteries TB50 Compartiments pour 2 chargeurs + Hub Valise \u00e9tanche IP67","rel":"","context":"Article similaire","block_context":{"text":"Article similaire","link":""},"img":{"alt_text":"Valise 2550W pour batteries DJI Inspire 2 (Jaune) - HPRC","src":"https:\/\/i0.wp.com\/store.droneway.ma\/wp-content\/uploads\/2020\/11\/valise-hprc-pour-batteries-dji-inspire-2-p-image-193247-grande.jpg?resize=350%2C200&ssl=1","width":350,"height":200,"srcset":"https:\/\/i0.wp.com\/store.droneway.ma\/wp-content\/uploads\/2020\/11\/valise-hprc-pour-batteries-dji-inspire-2-p-image-193247-grande.jpg?resize=350%2C200&ssl=1 1x, https:\/\/i0.wp.com\/store.droneway.ma\/wp-content\/uploads\/2020\/11\/valise-hprc-pour-batteries-dji-inspire-2-p-image-193247-grande.jpg?resize=525%2C300&ssl=1 1.5x, https:\/\/i0.wp.com\/store.droneway.ma\/wp-content\/uploads\/2020\/11\/valise-hprc-pour-batteries-dji-inspire-2-p-image-193247-grande.jpg?resize=700%2C400&ssl=1 2x"},"classes":[]},{"id":2083,"url":"https:\/\/store.droneway.ma\/index.php\/produit\/valise-2460-etanche-pour-dji-cendence-et-crystalsky-hprc\/","url_meta":{"origin":2085,"position":5},"title":"Valise 2460 \u00e9tanche pour DJI Cendence et Crystalsky &#8211; HPRC","author":"admin","date":"21 novembre 2020","format":false,"excerpt":"Valise \u00e9tanche haute gamme HPRC pour Cendence et Crystalsky Mousse haute densit\u00e9 pr\u00e9d\u00e9coup\u00e9e avec 6 emplacements S\u00e9curis\u00e9e \/ emplacements pour cadenas","rel":"","context":"Article similaire","block_context":{"text":"Article similaire","link":""},"img":{"alt_text":"Valise 2460 \u00e9tanche pour DJI Cendence et Crystalsky - HPRC","src":"https:\/\/i0.wp.com\/store.droneway.ma\/wp-content\/uploads\/2020\/11\/valise-hprc2460-pour-dji-cendence-et-cristalsky-p-image-201889-grande.jpg?resize=350%2C200&ssl=1","width":350,"height":200,"srcset":"https:\/\/i0.wp.com\/store.droneway.ma\/wp-content\/uploads\/2020\/11\/valise-hprc2460-pour-dji-cendence-et-cristalsky-p-image-201889-grande.jpg?resize=350%2C200&ssl=1 1x, https:\/\/i0.wp.com\/store.droneway.ma\/wp-content\/uploads\/2020\/11\/valise-hprc2460-pour-dji-cendence-et-cristalsky-p-image-201889-grande.jpg?resize=525%2C300&ssl=1 1.5x, https:\/\/i0.wp.com\/store.droneway.ma\/wp-content\/uploads\/2020\/11\/valise-hprc2460-pour-dji-cendence-et-cristalsky-p-image-201889-grande.jpg?resize=700%2C400&ssl=1 2x"},"classes":[]}],"jetpack_sharing_enabled":true,"_links":{"self":[{"href":"https:\/\/store.droneway.ma\/index.php\/wp-json\/wp\/v2\/product\/2085","targetHints":{"allow":["GET"]}}],"collection":[{"href":"https:\/\/store.droneway.ma\/index.php\/wp-json\/wp\/v2\/product"}],"about":[{"href":"https:\/\/store.droneway.ma\/index.php\/wp-json\/wp\/v2\/types\/product"}],"wp:featuredmedia":[{"embeddable":true,"href":"https:\/\/store.droneway.ma\/index.php\/wp-json\/wp\/v2\/media\/778"}],"wp:attachment":[{"href":"https:\/\/store.droneway.ma\/index.php\/wp-json\/wp\/v2\/media?parent=2085"}],"wp:term":[{"taxonomy":"product_brand","embeddable":true,"href":"https:\/\/store.droneway.ma\/index.php\/wp-json\/wp\/v2\/product_brand?post=2085"},{"taxonomy":"product_cat","embeddable":true,"href":"https:\/\/store.droneway.ma\/index.php\/wp-json\/wp\/v2\/product_cat?post=2085"},{"taxonomy":"product_tag","embeddable":true,"href":"https:\/\/store.droneway.ma\/index.php\/wp-json\/wp\/v2\/product_tag?post=2085"}],"curies":[{"name":"wp","href":"https:\/\/api.w.org\/{rel}","templated":true}]}}