{"id":2084,"date":"2020-11-21T19:00:59","date_gmt":"2020-11-21T18:00:59","guid":{"rendered":"http:\/\/store.droneway.ma\/index.php\/produit\/valise-2780w-double-a-roulettes-pour-dji-inspire-2-hprc\/"},"modified":"2020-11-21T19:01:26","modified_gmt":"2020-11-21T18:01:26","slug":"valise-2780w-double-a-roulettes-pour-dji-inspire-2-hprc","status":"publish","type":"product","link":"https:\/\/store.droneway.ma\/index.php\/produit\/valise-2780w-double-a-roulettes-pour-dji-inspire-2-hprc\/","title":{"rendered":"Valise 2780W double \u00e0 roulettes pour DJI Inspire 2 &#8211; HPRC"},"content":{"rendered":"<p>Transportez votre drone DJI Inspire 2 gr\u00e2ce \u00e0 cette valise double HPRC.  Elle dispose d\u2019un compartiment lat\u00e9ral suppl\u00e9mentaire qui vous permettra de ranger de nombreux accessoires en plus des radiocommandes et batteries d\u00e9j\u00e0 rang\u00e9es pr\u00e8s du drone. Class\u00e9e IP67, elle saura r\u00e9sister \u00e0 l\u2019eau et la poussi\u00e8re, prot\u00e9geant ainsi l\u2019Inspire 2 et tous ses accessoires.  Disponible selon deux versions, la valise 2780W pour Inspire 2 vous permet de moduler l&rsquo;espace et le stockage des accessoires. En version INS2-2780W-01, vous aurez la possibilit\u00e9 de stocker en plus des accessoires : le drone, deux radiocommandes, une nacelle (jusqu&rsquo;\u00e0 Zenmuse X5) ainsi qu&rsquo;un \u00e9cran Crystalsky 5&Prime;. Pour la version INS2-2780W-02, vous pourrez stocker une radiocommande standard, une Cendence, une nacelle jusqu&rsquo;\u00e0 Zenmuse X7 ainsi qu&rsquo;un \u00e9cran Crystalsky 7&Prime;.<\/p>\n","protected":false},"excerpt":{"rendered":"<p>Valise \u00e0 roulettes haut de gamme HPRC<br \/>\n\tSupporte la nacelle mont\u00e9e sur le drone<br \/>\n\tIP67 : prot\u00e9g\u00e9e contre eau &#038; poussi\u00e8re<br \/>\nDouble compartiment : 17 rangements<br \/>\nS\u00e9curis\u00e9e<\/p>\n","protected":false},"featured_media":774,"template":"","meta":{"content-type":"","rop_custom_images_group":[],"rop_custom_messages_group":[],"rop_publish_now":"initial","rop_publish_now_accounts":[],"rop_publish_now_history":[],"rop_publish_now_status":"pending"},"product_brand":[],"product_cat":[40,41],"product_tag":[],"class_list":{"0":"post-2084","1":"product","2":"type-product","3":"status-publish","4":"has-post-thumbnail","6":"product_cat-inspire","7":"product_cat-inspire-2","9":"first","10":"instock","11":"purchasable","12":"product-type-simple"},"jetpack-related-posts":[{"id":2134,"url":"https:\/\/store.droneway.ma\/index.php\/produit\/valise-etanche-2800w-pour-dji-matrice-300-rtk-hprc\/","url_meta":{"origin":2084,"position":0},"title":"Valise \u00e9tanche 2800W pour DJI Matrice 300 RTK &#8211; HPRC","author":"admin","date":"21 novembre 2020","format":false,"excerpt":"Valise haut de gamme de chez HPRC Mousse haute densit\u00e9 permettant le respect du mat\u00e9riel Con\u00e7ue pour le drone DJI Matrice 300 RTK et ses accessoires Indice de protection IP67","rel":"","context":"Article similaire","block_context":{"text":"Article similaire","link":""},"img":{"alt_text":"Valise \u00e9tanche 2800W pour DJI Matrice 300 RTK - HPRC","src":"https:\/\/i0.wp.com\/store.droneway.ma\/wp-content\/uploads\/2020\/11\/valise-etanche-2800w-pour-dji-matrice-300-rtk-hprc-p-image-218929-grande.jpg?resize=350%2C200&ssl=1","width":350,"height":200,"srcset":"https:\/\/i0.wp.com\/store.droneway.ma\/wp-content\/uploads\/2020\/11\/valise-etanche-2800w-pour-dji-matrice-300-rtk-hprc-p-image-218929-grande.jpg?resize=350%2C200&ssl=1 1x, https:\/\/i0.wp.com\/store.droneway.ma\/wp-content\/uploads\/2020\/11\/valise-etanche-2800w-pour-dji-matrice-300-rtk-hprc-p-image-218929-grande.jpg?resize=525%2C300&ssl=1 1.5x, https:\/\/i0.wp.com\/store.droneway.ma\/wp-content\/uploads\/2020\/11\/valise-etanche-2800w-pour-dji-matrice-300-rtk-hprc-p-image-218929-grande.jpg?resize=700%2C400&ssl=1 2x"},"classes":[]},{"id":2105,"url":"https:\/\/store.droneway.ma\/index.php\/produit\/valise-4600w-etanche-pour-dji-matrice-200-210-hprc\/","url_meta":{"origin":2084,"position":1},"title":"Valise 4600W \u00e9tanche pour DJI Matrice 200 &#038; 210 &#8211; HPRC","author":"admin","date":"21 novembre 2020","format":false,"excerpt":"Valise haut de gamme HPRC Compatible DJI Matrice 200\/210 Supporte le drone avec son train en landing mode IP67 : prot\u00e9g\u00e9e contre eau & poussi\u00e8re Plus de 12 rangements","rel":"","context":"Article similaire","block_context":{"text":"Article similaire","link":""},"img":{"alt_text":"Valise 4600W \u00e9tanche pour DJI Matrice 200 & 210 - HPRC","src":"https:\/\/i0.wp.com\/store.droneway.ma\/wp-content\/uploads\/2020\/11\/valise-hprc-pour-dji-matrice-200-210-p-image-201677-grande.jpg?resize=350%2C200&ssl=1","width":350,"height":200,"srcset":"https:\/\/i0.wp.com\/store.droneway.ma\/wp-content\/uploads\/2020\/11\/valise-hprc-pour-dji-matrice-200-210-p-image-201677-grande.jpg?resize=350%2C200&ssl=1 1x, https:\/\/i0.wp.com\/store.droneway.ma\/wp-content\/uploads\/2020\/11\/valise-hprc-pour-dji-matrice-200-210-p-image-201677-grande.jpg?resize=525%2C300&ssl=1 1.5x, https:\/\/i0.wp.com\/store.droneway.ma\/wp-content\/uploads\/2020\/11\/valise-hprc-pour-dji-matrice-200-210-p-image-201677-grande.jpg?resize=700%2C400&ssl=1 2x"},"classes":[]},{"id":2085,"url":"https:\/\/store.droneway.ma\/index.php\/produit\/valise-4600w-simple-a-roulettes-pour-dji-inspire-2-hprc\/","url_meta":{"origin":2084,"position":2},"title":"Valise 4600W simple \u00e0 roulettes pour DJI Inspire 2 &#8211; HPRC","author":"admin","date":"21 novembre 2020","format":false,"excerpt":"Valise \u00e0 roulettes haut de gamme HPRC Compatible DJI Inspire 2 Supporte la nacelle mont\u00e9e sur le drone IP67 : prot\u00e9g\u00e9e contre eau & poussi\u00e8re 14 rangements S\u00e9curis\u00e9e","rel":"","context":"Article similaire","block_context":{"text":"Article similaire","link":""},"img":{"alt_text":"Valise 4600W simple \u00e0 roulettes pour DJI Inspire 2 - HPRC","src":"https:\/\/i0.wp.com\/store.droneway.ma\/wp-content\/uploads\/2020\/11\/valise-a-roulettes-hprc-simple-pour-dji-inspire-2-p-image-187227-grande.jpg?resize=350%2C200&ssl=1","width":350,"height":200},"classes":[]},{"id":2083,"url":"https:\/\/store.droneway.ma\/index.php\/produit\/valise-2460-etanche-pour-dji-cendence-et-crystalsky-hprc\/","url_meta":{"origin":2084,"position":3},"title":"Valise 2460 \u00e9tanche pour DJI Cendence et Crystalsky &#8211; HPRC","author":"admin","date":"21 novembre 2020","format":false,"excerpt":"Valise \u00e9tanche haute gamme HPRC pour Cendence et Crystalsky Mousse haute densit\u00e9 pr\u00e9d\u00e9coup\u00e9e avec 6 emplacements S\u00e9curis\u00e9e \/ emplacements pour cadenas","rel":"","context":"Article similaire","block_context":{"text":"Article similaire","link":""},"img":{"alt_text":"Valise 2460 \u00e9tanche pour DJI Cendence et Crystalsky - HPRC","src":"https:\/\/i0.wp.com\/store.droneway.ma\/wp-content\/uploads\/2020\/11\/valise-hprc2460-pour-dji-cendence-et-cristalsky-p-image-201889-grande.jpg?resize=350%2C200&ssl=1","width":350,"height":200,"srcset":"https:\/\/i0.wp.com\/store.droneway.ma\/wp-content\/uploads\/2020\/11\/valise-hprc2460-pour-dji-cendence-et-cristalsky-p-image-201889-grande.jpg?resize=350%2C200&ssl=1 1x, https:\/\/i0.wp.com\/store.droneway.ma\/wp-content\/uploads\/2020\/11\/valise-hprc2460-pour-dji-cendence-et-cristalsky-p-image-201889-grande.jpg?resize=525%2C300&ssl=1 1.5x, https:\/\/i0.wp.com\/store.droneway.ma\/wp-content\/uploads\/2020\/11\/valise-hprc2460-pour-dji-cendence-et-cristalsky-p-image-201889-grande.jpg?resize=700%2C400&ssl=1 2x"},"classes":[]},{"id":2107,"url":"https:\/\/store.droneway.ma\/index.php\/produit\/valise-2460-etanche-pour-dji-cendence-et-crystalsky-hprc-2\/","url_meta":{"origin":2084,"position":4},"title":"Valise 2460 \u00e9tanche pour DJI Cendence et Crystalsky &#8211; HPRC","author":"admin","date":"21 novembre 2020","format":false,"excerpt":"Valise \u00e9tanche haute gamme HPRC pour Cendence et Crystalsky Mousse haute densit\u00e9 pr\u00e9d\u00e9coup\u00e9e avec 6 emplacements S\u00e9curis\u00e9e \/ emplacements pour cadenas","rel":"","context":"Article similaire","block_context":{"text":"Article similaire","link":""},"img":{"alt_text":"Valise 2460 \u00e9tanche pour DJI Cendence et Crystalsky - HPRC","src":"https:\/\/i0.wp.com\/store.droneway.ma\/wp-content\/uploads\/2020\/11\/valise-hprc2460-pour-dji-cendence-et-cristalsky-p-image-201889-grande.jpg?resize=350%2C200&ssl=1","width":350,"height":200,"srcset":"https:\/\/i0.wp.com\/store.droneway.ma\/wp-content\/uploads\/2020\/11\/valise-hprc2460-pour-dji-cendence-et-cristalsky-p-image-201889-grande.jpg?resize=350%2C200&ssl=1 1x, https:\/\/i0.wp.com\/store.droneway.ma\/wp-content\/uploads\/2020\/11\/valise-hprc2460-pour-dji-cendence-et-cristalsky-p-image-201889-grande.jpg?resize=525%2C300&ssl=1 1.5x, https:\/\/i0.wp.com\/store.droneway.ma\/wp-content\/uploads\/2020\/11\/valise-hprc2460-pour-dji-cendence-et-cristalsky-p-image-201889-grande.jpg?resize=700%2C400&ssl=1 2x"},"classes":[]},{"id":2209,"url":"https:\/\/store.droneway.ma\/index.php\/produit\/valise-2400-etanche-pour-mavic-2-et-smart-controller-hprc\/","url_meta":{"origin":2084,"position":5},"title":"Valise 2400 \u00e9tanche pour Mavic 2 et Smart Controller &#8211; HPRC","author":"admin","date":"21 novembre 2020","format":false,"excerpt":"La valise peut contenir : le drone, le Smart Controller, la radiocommande classique, le chargeur, 3 batteries, h\u00e9lices et accessoires divers.","rel":"","context":"Article similaire","block_context":{"text":"Article similaire","link":""},"img":{"alt_text":"Valise 2400 \u00e9tanche pour Mavic 2 et Smart Controller - HPRC","src":"https:\/\/i0.wp.com\/store.droneway.ma\/wp-content\/uploads\/2020\/11\/Valise-2400-etanche-pour-Mavic-2-et-Smart-Controller-HPRC.jpg?resize=350%2C200&ssl=1","width":350,"height":200},"classes":[]}],"jetpack_sharing_enabled":true,"_links":{"self":[{"href":"https:\/\/store.droneway.ma\/index.php\/wp-json\/wp\/v2\/product\/2084","targetHints":{"allow":["GET"]}}],"collection":[{"href":"https:\/\/store.droneway.ma\/index.php\/wp-json\/wp\/v2\/product"}],"about":[{"href":"https:\/\/store.droneway.ma\/index.php\/wp-json\/wp\/v2\/types\/product"}],"wp:featuredmedia":[{"embeddable":true,"href":"https:\/\/store.droneway.ma\/index.php\/wp-json\/wp\/v2\/media\/774"}],"wp:attachment":[{"href":"https:\/\/store.droneway.ma\/index.php\/wp-json\/wp\/v2\/media?parent=2084"}],"wp:term":[{"taxonomy":"product_brand","embeddable":true,"href":"https:\/\/store.droneway.ma\/index.php\/wp-json\/wp\/v2\/product_brand?post=2084"},{"taxonomy":"product_cat","embeddable":true,"href":"https:\/\/store.droneway.ma\/index.php\/wp-json\/wp\/v2\/product_cat?post=2084"},{"taxonomy":"product_tag","embeddable":true,"href":"https:\/\/store.droneway.ma\/index.php\/wp-json\/wp\/v2\/product_tag?post=2084"}],"curies":[{"name":"wp","href":"https:\/\/api.w.org\/{rel}","templated":true}]}}