{"id":2082,"date":"2020-11-21T19:00:59","date_gmt":"2020-11-21T18:00:59","guid":{"rendered":"http:\/\/store.droneway.ma\/index.php\/produit\/valise-2550w-pour-batteries-dji-inspire-2-jaune-hprc\/"},"modified":"2020-11-21T19:01:08","modified_gmt":"2020-11-21T18:01:08","slug":"valise-2550w-pour-batteries-dji-inspire-2-jaune-hprc","status":"publish","type":"product","link":"https:\/\/store.droneway.ma\/index.php\/produit\/valise-2550w-pour-batteries-dji-inspire-2-jaune-hprc\/","title":{"rendered":"Valise 2550W pour batteries DJI Inspire 2 (Jaune) &#8211; HPRC"},"content":{"rendered":"<p>La valise HPRC pour batteries DJI Inspire 2 permettra de transporter en toute s\u00e9curit\u00e9 vos batteries TB50. Equip\u00e9 d&rsquo;un trolley pour faciliter le transport, la valise HPRC pourra accueillir jusqu&rsquo;\u00e0 10 batteries TB50, 2 chargeurs et 2 hubs de chargement. Certifi\u00e9 IP67, la valise HPRC offrira une \u00e9tanch\u00e9it\u00e9 maximale contre l&rsquo;eau et la poussi\u00e8re en plus des chocs pouvant survenir lors du transport.<\/p>\n","protected":false},"excerpt":{"rendered":"<p>Compatible batteries DJI Inspire 2  \tPeut contenir jusqu&rsquo;\u00e0 10 batteries TB50  \tCompartiments pour 2 chargeurs + Hub  \tValise \u00e9tanche IP67<\/p>\n","protected":false},"featured_media":758,"template":"","meta":{"content-type":"","rop_custom_images_group":[],"rop_custom_messages_group":[],"rop_publish_now":"initial","rop_publish_now_accounts":[],"rop_publish_now_history":[],"rop_publish_now_status":"pending"},"product_brand":[],"product_cat":[40,41],"product_tag":[],"class_list":{"0":"post-2082","1":"product","2":"type-product","3":"status-publish","4":"has-post-thumbnail","6":"product_cat-inspire","7":"product_cat-inspire-2","9":"first","10":"instock","11":"purchasable","12":"product-type-simple"},"jetpack-related-posts":[{"id":2105,"url":"https:\/\/store.droneway.ma\/index.php\/produit\/valise-4600w-etanche-pour-dji-matrice-200-210-hprc\/","url_meta":{"origin":2082,"position":0},"title":"Valise 4600W \u00e9tanche pour DJI Matrice 200 &#038; 210 &#8211; HPRC","author":"admin","date":"21 novembre 2020","format":false,"excerpt":"Valise haut de gamme HPRC Compatible DJI Matrice 200\/210 Supporte le drone avec son train en landing mode IP67 : prot\u00e9g\u00e9e contre eau & poussi\u00e8re Plus de 12 rangements","rel":"","context":"Article similaire","block_context":{"text":"Article similaire","link":""},"img":{"alt_text":"Valise 4600W \u00e9tanche pour DJI Matrice 200 & 210 - HPRC","src":"https:\/\/i0.wp.com\/store.droneway.ma\/wp-content\/uploads\/2020\/11\/valise-hprc-pour-dji-matrice-200-210-p-image-201677-grande.jpg?resize=350%2C200&ssl=1","width":350,"height":200,"srcset":"https:\/\/i0.wp.com\/store.droneway.ma\/wp-content\/uploads\/2020\/11\/valise-hprc-pour-dji-matrice-200-210-p-image-201677-grande.jpg?resize=350%2C200&ssl=1 1x, https:\/\/i0.wp.com\/store.droneway.ma\/wp-content\/uploads\/2020\/11\/valise-hprc-pour-dji-matrice-200-210-p-image-201677-grande.jpg?resize=525%2C300&ssl=1 1.5x, https:\/\/i0.wp.com\/store.droneway.ma\/wp-content\/uploads\/2020\/11\/valise-hprc-pour-dji-matrice-200-210-p-image-201677-grande.jpg?resize=700%2C400&ssl=1 2x"},"classes":[]},{"id":2121,"url":"https:\/\/store.droneway.ma\/index.php\/produit\/valise-2550w-etanche-a-roulettes-pour-tb50-tb55-wb37-crystalsky-hprc-2\/","url_meta":{"origin":2082,"position":1},"title":"Valise 2550W \u00e9tanche \u00e0 roulettes pour TB50 \/ TB55 \/ WB37 \/ CrystalSky &#8211; HPRC","author":"admin","date":"21 novembre 2020","format":false,"excerpt":"Valise \u00e9tanche haute gamme HPRC pour batteries TB 50 et 55 \/ Crystalsky Mousse haute densit\u00e9 pr\u00e9d\u00e9coup\u00e9e avec 6 emplacements S\u00e9curis\u00e9e \/ emplacements pour cadenas","rel":"","context":"Article similaire","block_context":{"text":"Article similaire","link":""},"img":{"alt_text":"Valise 2550W \u00e9tanche \u00e0 roulettes pour TB50 \/ TB55 \/ WB37 \/ CrystalSky - HPRC","src":"https:\/\/i0.wp.com\/store.droneway.ma\/wp-content\/uploads\/2020\/11\/valise-2550w-etanche-et-a-roulettes-pour-batteries-tb50-et-55-wb37-crystalsky-hprc-p-image-213927-grande.jpg?resize=350%2C200&ssl=1","width":350,"height":200,"srcset":"https:\/\/i0.wp.com\/store.droneway.ma\/wp-content\/uploads\/2020\/11\/valise-2550w-etanche-et-a-roulettes-pour-batteries-tb50-et-55-wb37-crystalsky-hprc-p-image-213927-grande.jpg?resize=350%2C200&ssl=1 1x, https:\/\/i0.wp.com\/store.droneway.ma\/wp-content\/uploads\/2020\/11\/valise-2550w-etanche-et-a-roulettes-pour-batteries-tb50-et-55-wb37-crystalsky-hprc-p-image-213927-grande.jpg?resize=525%2C300&ssl=1 1.5x, https:\/\/i0.wp.com\/store.droneway.ma\/wp-content\/uploads\/2020\/11\/valise-2550w-etanche-et-a-roulettes-pour-batteries-tb50-et-55-wb37-crystalsky-hprc-p-image-213927-grande.jpg?resize=700%2C400&ssl=1 2x"},"classes":[]},{"id":2106,"url":"https:\/\/store.droneway.ma\/index.php\/produit\/valise-2550w-etanche-a-roulettes-pour-tb50-tb55-wb37-crystalsky-hprc\/","url_meta":{"origin":2082,"position":2},"title":"Valise 2550W \u00e9tanche \u00e0 roulettes pour TB50 \/ TB55 \/ WB37 \/ CrystalSky &#8211; HPRC","author":"admin","date":"21 novembre 2020","format":false,"excerpt":"Valise \u00e9tanche haute gamme HPRC pour batteries TB 50 et 55 \/ Crystalsky Mousse haute densit\u00e9 pr\u00e9d\u00e9coup\u00e9e avec 6 emplacements S\u00e9curis\u00e9e \/ emplacements pour cadenas","rel":"","context":"Article similaire","block_context":{"text":"Article similaire","link":""},"img":{"alt_text":"Valise 2550W \u00e9tanche \u00e0 roulettes pour TB50 \/ TB55 \/ WB37 \/ CrystalSky - HPRC","src":"https:\/\/i0.wp.com\/store.droneway.ma\/wp-content\/uploads\/2020\/11\/valise-2550w-etanche-et-a-roulettes-pour-batteries-tb50-et-55-wb37-crystalsky-hprc-p-image-213927-grande.jpg?resize=350%2C200&ssl=1","width":350,"height":200,"srcset":"https:\/\/i0.wp.com\/store.droneway.ma\/wp-content\/uploads\/2020\/11\/valise-2550w-etanche-et-a-roulettes-pour-batteries-tb50-et-55-wb37-crystalsky-hprc-p-image-213927-grande.jpg?resize=350%2C200&ssl=1 1x, https:\/\/i0.wp.com\/store.droneway.ma\/wp-content\/uploads\/2020\/11\/valise-2550w-etanche-et-a-roulettes-pour-batteries-tb50-et-55-wb37-crystalsky-hprc-p-image-213927-grande.jpg?resize=525%2C300&ssl=1 1.5x, https:\/\/i0.wp.com\/store.droneway.ma\/wp-content\/uploads\/2020\/11\/valise-2550w-etanche-et-a-roulettes-pour-batteries-tb50-et-55-wb37-crystalsky-hprc-p-image-213927-grande.jpg?resize=700%2C400&ssl=1 2x"},"classes":[]},{"id":2085,"url":"https:\/\/store.droneway.ma\/index.php\/produit\/valise-4600w-simple-a-roulettes-pour-dji-inspire-2-hprc\/","url_meta":{"origin":2082,"position":3},"title":"Valise 4600W simple \u00e0 roulettes pour DJI Inspire 2 &#8211; HPRC","author":"admin","date":"21 novembre 2020","format":false,"excerpt":"Valise \u00e0 roulettes haut de gamme HPRC Compatible DJI Inspire 2 Supporte la nacelle mont\u00e9e sur le drone IP67 : prot\u00e9g\u00e9e contre eau & poussi\u00e8re 14 rangements S\u00e9curis\u00e9e","rel":"","context":"Article similaire","block_context":{"text":"Article similaire","link":""},"img":{"alt_text":"Valise 4600W simple \u00e0 roulettes pour DJI Inspire 2 - HPRC","src":"https:\/\/i0.wp.com\/store.droneway.ma\/wp-content\/uploads\/2020\/11\/valise-a-roulettes-hprc-simple-pour-dji-inspire-2-p-image-187227-grande.jpg?resize=350%2C200&ssl=1","width":350,"height":200},"classes":[]},{"id":2084,"url":"https:\/\/store.droneway.ma\/index.php\/produit\/valise-2780w-double-a-roulettes-pour-dji-inspire-2-hprc\/","url_meta":{"origin":2082,"position":4},"title":"Valise 2780W double \u00e0 roulettes pour DJI Inspire 2 &#8211; HPRC","author":"admin","date":"21 novembre 2020","format":false,"excerpt":"Valise \u00e0 roulettes haut de gamme HPRC Supporte la nacelle mont\u00e9e sur le drone IP67 : prot\u00e9g\u00e9e contre eau & poussi\u00e8re Double compartiment : 17 rangements S\u00e9curis\u00e9e","rel":"","context":"Article similaire","block_context":{"text":"Article similaire","link":""},"img":{"alt_text":"Valise 2780W double \u00e0 roulettes pour DJI Inspire 2 - HPRC","src":"https:\/\/i0.wp.com\/store.droneway.ma\/wp-content\/uploads\/2020\/11\/valise-hprc-a-roulettes-double-pour-dji-inspire-2-p-image-187266-grande.jpg?resize=350%2C200&ssl=1","width":350,"height":200},"classes":[]},{"id":2134,"url":"https:\/\/store.droneway.ma\/index.php\/produit\/valise-etanche-2800w-pour-dji-matrice-300-rtk-hprc\/","url_meta":{"origin":2082,"position":5},"title":"Valise \u00e9tanche 2800W pour DJI Matrice 300 RTK &#8211; HPRC","author":"admin","date":"21 novembre 2020","format":false,"excerpt":"Valise haut de gamme de chez HPRC Mousse haute densit\u00e9 permettant le respect du mat\u00e9riel Con\u00e7ue pour le drone DJI Matrice 300 RTK et ses accessoires Indice de protection IP67","rel":"","context":"Article similaire","block_context":{"text":"Article similaire","link":""},"img":{"alt_text":"Valise \u00e9tanche 2800W pour DJI Matrice 300 RTK - HPRC","src":"https:\/\/i0.wp.com\/store.droneway.ma\/wp-content\/uploads\/2020\/11\/valise-etanche-2800w-pour-dji-matrice-300-rtk-hprc-p-image-218929-grande.jpg?resize=350%2C200&ssl=1","width":350,"height":200,"srcset":"https:\/\/i0.wp.com\/store.droneway.ma\/wp-content\/uploads\/2020\/11\/valise-etanche-2800w-pour-dji-matrice-300-rtk-hprc-p-image-218929-grande.jpg?resize=350%2C200&ssl=1 1x, https:\/\/i0.wp.com\/store.droneway.ma\/wp-content\/uploads\/2020\/11\/valise-etanche-2800w-pour-dji-matrice-300-rtk-hprc-p-image-218929-grande.jpg?resize=525%2C300&ssl=1 1.5x, https:\/\/i0.wp.com\/store.droneway.ma\/wp-content\/uploads\/2020\/11\/valise-etanche-2800w-pour-dji-matrice-300-rtk-hprc-p-image-218929-grande.jpg?resize=700%2C400&ssl=1 2x"},"classes":[]}],"jetpack_sharing_enabled":true,"_links":{"self":[{"href":"https:\/\/store.droneway.ma\/index.php\/wp-json\/wp\/v2\/product\/2082","targetHints":{"allow":["GET"]}}],"collection":[{"href":"https:\/\/store.droneway.ma\/index.php\/wp-json\/wp\/v2\/product"}],"about":[{"href":"https:\/\/store.droneway.ma\/index.php\/wp-json\/wp\/v2\/types\/product"}],"wp:featuredmedia":[{"embeddable":true,"href":"https:\/\/store.droneway.ma\/index.php\/wp-json\/wp\/v2\/media\/758"}],"wp:attachment":[{"href":"https:\/\/store.droneway.ma\/index.php\/wp-json\/wp\/v2\/media?parent=2082"}],"wp:term":[{"taxonomy":"product_brand","embeddable":true,"href":"https:\/\/store.droneway.ma\/index.php\/wp-json\/wp\/v2\/product_brand?post=2082"},{"taxonomy":"product_cat","embeddable":true,"href":"https:\/\/store.droneway.ma\/index.php\/wp-json\/wp\/v2\/product_cat?post=2082"},{"taxonomy":"product_tag","embeddable":true,"href":"https:\/\/store.droneway.ma\/index.php\/wp-json\/wp\/v2\/product_tag?post=2082"}],"curies":[{"name":"wp","href":"https:\/\/api.w.org\/{rel}","templated":true}]}}