{"id":2081,"date":"2020-11-21T19:00:59","date_gmt":"2020-11-21T18:00:59","guid":{"rendered":"http:\/\/store.droneway.ma\/index.php\/produit\/station-de-charge-dji-pour-tb50\/"},"modified":"2023-01-19T18:30:12","modified_gmt":"2023-01-19T17:30:12","slug":"station-de-charge-dji-pour-tb50","status":"publish","type":"product","link":"https:\/\/store.droneway.ma\/index.php\/produit\/station-de-charge-dji-pour-tb50\/","title":{"rendered":"Station de charge DJI pour TB50"},"content":{"rendered":"<p>La station de charge pour batteries DJI permettra de recharger 12 Li-Pos TB50 mais \u00e9galement celles des \u00e9crans DJI CrystalSky et Cendence WB 37 (x2) ou d&rsquo;un hub de charge WCH2. Un \u00e9cran LCD, positionn\u00e9 au centre de la valise, affichera la version du firmware de chaque batterie durant sa charge. Une fonction de d\u00e9charge intelligente permet d\u2019augmenter significativement la dur\u00e9e de vie des batteries DJI TB50 et permettra un transport et un stockage optimis\u00e9s, \u00e0 25 et 50% de charge respectivement. Un ventilateur int\u00e9gr\u00e9 assure que chaque batterie reste bien dans l\u2019intervalle des temp\u00e9ratures qui garantit un rechargement optimal de la TB50. En cas de surchauffe, la station DJI arr\u00eatera automatiquement la charge pour pr\u00e9venir tous risques de surchauffe. Les roues et une poign\u00e9e r\u00e9tractable offriront une meilleure ergonomie pour le transport de la station de charge DJI. Cette station est compatible avec les batteries TB50, CrystalSky\/Cendence, station de recharge de batterie CrystalSky\/Cendence, radio Inspire 2, radio Ronin 2, radio Matrice 200, smartphone et tablette.<\/p>\n","protected":false},"excerpt":{"rendered":"<p>Transport et stockage pour 12 TB50, 2 Li-Pos CrystalSky\/Cendence et 1 Li-Po CrystalSky\/Cendence Rechargement simultan\u00e9 de 8 TB50, 1 radio Inspire 2, 2 Li-Po CrystalSky \/ Cendence et un smartphone \/ tablette Fonction de d\u00e9charge intelligente : am\u00e9lioration dur\u00e9e de vie des batteries pour leur rangement et transport. Monitoring des temp\u00e9ratures et pr\u00e9vention des risques de surchauffe \u00c9cran LCD : firmware et statut de la batterie Ergonomique : roues et la poign\u00e9e r\u00e9tractable<\/p>\n","protected":false},"featured_media":596,"template":"","meta":{"content-type":"","rop_custom_images_group":[],"rop_custom_messages_group":[],"rop_publish_now":"initial","rop_publish_now_accounts":[],"rop_publish_now_history":[],"rop_publish_now_status":"pending"},"product_brand":[],"product_cat":[40,41],"product_tag":[],"class_list":{"0":"post-2081","1":"product","2":"type-product","3":"status-publish","4":"has-post-thumbnail","6":"product_cat-inspire","7":"product_cat-inspire-2","9":"first","10":"instock","11":"purchasable","12":"product-type-simple"},"jetpack-related-posts":[{"id":2124,"url":"https:\/\/store.droneway.ma\/index.php\/produit\/station-de-charge-dji-pour-tb50-2\/","url_meta":{"origin":2081,"position":0},"title":"Station de charge DJI pour TB50","author":"admin","date":"21 novembre 2020","format":false,"excerpt":"Transport et stockage pour 12 TB50, 2 Li-Pos CrystalSky\/Cendence et 1 Li-Po CrystalSky\/Cendence Rechargement simultan\u00e9 de 8 TB50, 1 radio Inspire 2, 2 Li-Po CrystalSky \/ Cendence et un smartphone \/ tablette Fonction de d\u00e9charge intelligente : am\u00e9lioration dur\u00e9e de vie des batteries pour leur rangement et transport. Monitoring des\u2026","rel":"","context":"Article similaire","block_context":{"text":"Article similaire","link":""},"img":{"alt_text":"Station de charge DJI pour TB50","src":"https:\/\/i0.wp.com\/store.droneway.ma\/wp-content\/uploads\/2020\/11\/station-de-charge-dji-pour-tb50-p-image-200338-grande.jpg?resize=350%2C200&ssl=1","width":350,"height":200},"classes":[]},{"id":2487,"url":"https:\/\/store.droneway.ma\/index.php\/produit\/station-de-charge-dji-pour-tb50-3\/","url_meta":{"origin":2081,"position":1},"title":"Station de charge DJI pour TB50","author":"admin","date":"21 novembre 2020","format":false,"excerpt":"Transport et stockage pour 12 TB50, 2 Li-Pos CrystalSky\/Cendence et 1 Li-Po CrystalSky\/Cendence Rechargement simultan\u00e9 de 8 TB50, 1 radio Inspire 2, 2 Li-Po CrystalSky \/ Cendence et un smartphone \/ tablette Fonction de d\u00e9charge intelligente : am\u00e9lioration dur\u00e9e de vie des batteries pour leur rangement et transport. Monitoring des\u2026","rel":"","context":"Article similaire","block_context":{"text":"Article similaire","link":""},"img":{"alt_text":"Station de charge DJI pour TB50","src":"https:\/\/i0.wp.com\/store.droneway.ma\/wp-content\/uploads\/2020\/11\/station-de-charge-dji-pour-tb50-p-image-200338-grande.jpg?resize=350%2C200&ssl=1","width":350,"height":200},"classes":[]},{"id":2080,"url":"https:\/\/store.droneway.ma\/index.php\/produit\/cable-de-charge-tb50-vers-radio-dji-inspire-2\/","url_meta":{"origin":2081,"position":2},"title":"C\u00e2ble de charge TB50 vers radio DJI Inspire 2","author":"admin","date":"21 novembre 2020","format":false,"excerpt":"Le c\u00e2ble de charge pour radiocommande DJI Inspire 2 permet de recharger la batterie interne de la radiocommande \u00e0 l'aide d'une batterie intelligente TB50 6S 4280 mAh.","rel":"","context":"Article similaire","block_context":{"text":"Article similaire","link":""},"img":{"alt_text":"C\u00e2ble de charge TB50 vers radio DJI Inspire 2","src":"https:\/\/i0.wp.com\/store.droneway.ma\/wp-content\/uploads\/2020\/11\/cable-de-charge-radio-dji-inspire-2-p-image-183871-grande.jpg?resize=350%2C200&ssl=1","width":350,"height":200,"srcset":"https:\/\/i0.wp.com\/store.droneway.ma\/wp-content\/uploads\/2020\/11\/cable-de-charge-radio-dji-inspire-2-p-image-183871-grande.jpg?resize=350%2C200&ssl=1 1x, https:\/\/i0.wp.com\/store.droneway.ma\/wp-content\/uploads\/2020\/11\/cable-de-charge-radio-dji-inspire-2-p-image-183871-grande.jpg?resize=525%2C300&ssl=1 1.5x, https:\/\/i0.wp.com\/store.droneway.ma\/wp-content\/uploads\/2020\/11\/cable-de-charge-radio-dji-inspire-2-p-image-183871-grande.jpg?resize=700%2C400&ssl=1 2x"},"classes":[]},{"id":2123,"url":"https:\/\/store.droneway.ma\/index.php\/produit\/batterie-tb50-4280-mah-pour-dji-matrice-200\/","url_meta":{"origin":2081,"position":3},"title":"Batterie TB50 4280 mAh pour DJI Matrice 200","author":"admin","date":"21 novembre 2020","format":false,"excerpt":"Batterie TB50 pour DJI Matrice 200 et 210","rel":"","context":"Article similaire","block_context":{"text":"Article similaire","link":""},"img":{"alt_text":"Batterie TB50 4280 mAh pour DJI Matrice 200","src":"https:\/\/i0.wp.com\/store.droneway.ma\/wp-content\/uploads\/2020\/11\/batterie-tb50-pour-dji-matrice-200-p-image-189655-grande.jpg?resize=350%2C200&ssl=1","width":350,"height":200},"classes":[]},{"id":2074,"url":"https:\/\/store.droneway.ma\/index.php\/produit\/hub-de-chargement-dji-inspire-2-et-matrice-200\/","url_meta":{"origin":2081,"position":4},"title":"Hub de chargement DJI Inspire 2 et Matrice 200","author":"admin","date":"21 novembre 2020","format":false,"excerpt":"Jusqu'\u00e0 4 batteries ! Charge automatique Compatible batteries TB50","rel":"","context":"Article similaire","block_context":{"text":"Article similaire","link":""},"img":{"alt_text":"Hub de chargement DJI Inspire 2 et Matrice 200","src":"https:\/\/i0.wp.com\/store.droneway.ma\/wp-content\/uploads\/2020\/11\/hub-de-chargement-dji-inspire-2-p-image-194240-grande.jpg?resize=350%2C200&ssl=1","width":350,"height":200,"srcset":"https:\/\/i0.wp.com\/store.droneway.ma\/wp-content\/uploads\/2020\/11\/hub-de-chargement-dji-inspire-2-p-image-194240-grande.jpg?resize=350%2C200&ssl=1 1x, https:\/\/i0.wp.com\/store.droneway.ma\/wp-content\/uploads\/2020\/11\/hub-de-chargement-dji-inspire-2-p-image-194240-grande.jpg?resize=525%2C300&ssl=1 1.5x"},"classes":[]},{"id":2118,"url":"https:\/\/store.droneway.ma\/index.php\/produit\/hub-de-chargement-dji-inspire-2-et-matrice-200-2\/","url_meta":{"origin":2081,"position":5},"title":"Hub de chargement DJI Inspire 2 et Matrice 200","author":"admin","date":"21 novembre 2020","format":false,"excerpt":"Jusqu'\u00e0 4 batteries ! Charge automatique Compatible batteries TB50","rel":"","context":"Article similaire","block_context":{"text":"Article similaire","link":""},"img":{"alt_text":"Hub de chargement DJI Inspire 2 et Matrice 200","src":"https:\/\/i0.wp.com\/store.droneway.ma\/wp-content\/uploads\/2020\/11\/hub-de-chargement-dji-inspire-2-p-image-194240-grande.jpg?resize=350%2C200&ssl=1","width":350,"height":200,"srcset":"https:\/\/i0.wp.com\/store.droneway.ma\/wp-content\/uploads\/2020\/11\/hub-de-chargement-dji-inspire-2-p-image-194240-grande.jpg?resize=350%2C200&ssl=1 1x, https:\/\/i0.wp.com\/store.droneway.ma\/wp-content\/uploads\/2020\/11\/hub-de-chargement-dji-inspire-2-p-image-194240-grande.jpg?resize=525%2C300&ssl=1 1.5x"},"classes":[]}],"jetpack_sharing_enabled":true,"_links":{"self":[{"href":"https:\/\/store.droneway.ma\/index.php\/wp-json\/wp\/v2\/product\/2081","targetHints":{"allow":["GET"]}}],"collection":[{"href":"https:\/\/store.droneway.ma\/index.php\/wp-json\/wp\/v2\/product"}],"about":[{"href":"https:\/\/store.droneway.ma\/index.php\/wp-json\/wp\/v2\/types\/product"}],"wp:featuredmedia":[{"embeddable":true,"href":"https:\/\/store.droneway.ma\/index.php\/wp-json\/wp\/v2\/media\/596"}],"wp:attachment":[{"href":"https:\/\/store.droneway.ma\/index.php\/wp-json\/wp\/v2\/media?parent=2081"}],"wp:term":[{"taxonomy":"product_brand","embeddable":true,"href":"https:\/\/store.droneway.ma\/index.php\/wp-json\/wp\/v2\/product_brand?post=2081"},{"taxonomy":"product_cat","embeddable":true,"href":"https:\/\/store.droneway.ma\/index.php\/wp-json\/wp\/v2\/product_cat?post=2081"},{"taxonomy":"product_tag","embeddable":true,"href":"https:\/\/store.droneway.ma\/index.php\/wp-json\/wp\/v2\/product_tag?post=2081"}],"curies":[{"name":"wp","href":"https:\/\/api.w.org\/{rel}","templated":true}]}}