{"id":2080,"date":"2020-11-21T19:00:59","date_gmt":"2020-11-21T18:00:59","guid":{"rendered":"http:\/\/store.droneway.ma\/index.php\/produit\/cable-de-charge-tb50-vers-radio-dji-inspire-2\/"},"modified":"2020-11-21T19:01:06","modified_gmt":"2020-11-21T18:01:06","slug":"cable-de-charge-tb50-vers-radio-dji-inspire-2","status":"publish","type":"product","link":"https:\/\/store.droneway.ma\/index.php\/produit\/cable-de-charge-tb50-vers-radio-dji-inspire-2\/","title":{"rendered":"C\u00e2ble de charge TB50 vers radio DJI Inspire 2"},"content":{"rendered":"<p>Le c\u00e2ble de charge pour radiocommande DJI Inspire 2 permet de recharger la batterie interne de la radiocommande \u00e0 l&rsquo;aide d&rsquo;une batterie intelligente TB50 6S 4280 mAh.<\/p>\n","protected":false},"excerpt":{"rendered":"<p>Le c\u00e2ble de charge pour radiocommande DJI Inspire 2 permet de recharger la batterie interne de la radiocommande \u00e0 l&rsquo;aide d&rsquo;une batterie intelligente TB50 6S 4280 mAh.<\/p>\n","protected":false},"featured_media":754,"template":"","meta":{"content-type":"","rop_custom_images_group":[],"rop_custom_messages_group":[],"rop_publish_now":"initial","rop_publish_now_accounts":[],"rop_publish_now_history":[],"rop_publish_now_status":"pending"},"product_brand":[],"product_cat":[40,41],"product_tag":[],"class_list":{"0":"post-2080","1":"product","2":"type-product","3":"status-publish","4":"has-post-thumbnail","6":"product_cat-inspire","7":"product_cat-inspire-2","9":"first","10":"instock","11":"purchasable","12":"product-type-simple"},"jetpack-related-posts":[{"id":2076,"url":"https:\/\/store.droneway.ma\/index.php\/produit\/batterie-tb50-4280-mah-pour-dji-inspire-2-ronin-2\/","url_meta":{"origin":2080,"position":0},"title":"Batterie TB50 4280 mAh pour DJI Inspire 2 &#038; Ronin 2","author":"admin","date":"21 novembre 2020","format":false,"excerpt":"Syst\u00e8me d'auto-chauffage \u00e0 5\u00b0C Redondance de l'alimentation DJI GO : gestion intelligente Compatible DJI Inspire 2 & Ronin 2","rel":"","context":"Article similaire","block_context":{"text":"Article similaire","link":""},"img":{"alt_text":"Batterie TB50 4280 mAh pour DJI Inspire 2 & Ronin 2","src":"https:\/\/i0.wp.com\/store.droneway.ma\/wp-content\/uploads\/2020\/11\/batterie-tb50-4280-mah-pour-dji-inspire-2-p-image-183804-grande.jpg?resize=350%2C200&ssl=1","width":350,"height":200},"classes":[]},{"id":2485,"url":"https:\/\/store.droneway.ma\/index.php\/produit\/batterie-tb50-4280-mah-pour-dji-inspire-2-ronin-2-2\/","url_meta":{"origin":2080,"position":1},"title":"Batterie TB50 4280 mAh pour DJI Inspire 2 &#038; Ronin 2","author":"admin","date":"21 novembre 2020","format":false,"excerpt":"Syst\u00e8me d'auto-chauffage \u00e0 5\u00b0C Redondance de l'alimentation DJI GO : gestion intelligente Compatible DJI Inspire 2 & Ronin 2","rel":"","context":"Article similaire","block_context":{"text":"Article similaire","link":""},"img":{"alt_text":"Batterie TB50 4280 mAh pour DJI Inspire 2 & Ronin 2","src":"https:\/\/i0.wp.com\/store.droneway.ma\/wp-content\/uploads\/2020\/11\/batterie-tb50-4280-mah-pour-dji-inspire-2-p-image-183804-grande.jpg?resize=350%2C200&ssl=1","width":350,"height":200},"classes":[]},{"id":2123,"url":"https:\/\/store.droneway.ma\/index.php\/produit\/batterie-tb50-4280-mah-pour-dji-matrice-200\/","url_meta":{"origin":2080,"position":2},"title":"Batterie TB50 4280 mAh pour DJI Matrice 200","author":"admin","date":"21 novembre 2020","format":false,"excerpt":"Batterie TB50 pour DJI Matrice 200 et 210","rel":"","context":"Article similaire","block_context":{"text":"Article similaire","link":""},"img":{"alt_text":"Batterie TB50 4280 mAh pour DJI Matrice 200","src":"https:\/\/i0.wp.com\/store.droneway.ma\/wp-content\/uploads\/2020\/11\/batterie-tb50-pour-dji-matrice-200-p-image-189655-grande.jpg?resize=350%2C200&ssl=1","width":350,"height":200},"classes":[]},{"id":2074,"url":"https:\/\/store.droneway.ma\/index.php\/produit\/hub-de-chargement-dji-inspire-2-et-matrice-200\/","url_meta":{"origin":2080,"position":3},"title":"Hub de chargement DJI Inspire 2 et Matrice 200","author":"admin","date":"21 novembre 2020","format":false,"excerpt":"Jusqu'\u00e0 4 batteries ! Charge automatique Compatible batteries TB50","rel":"","context":"Article similaire","block_context":{"text":"Article similaire","link":""},"img":{"alt_text":"Hub de chargement DJI Inspire 2 et Matrice 200","src":"https:\/\/i0.wp.com\/store.droneway.ma\/wp-content\/uploads\/2020\/11\/hub-de-chargement-dji-inspire-2-p-image-194240-grande.jpg?resize=350%2C200&ssl=1","width":350,"height":200,"srcset":"https:\/\/i0.wp.com\/store.droneway.ma\/wp-content\/uploads\/2020\/11\/hub-de-chargement-dji-inspire-2-p-image-194240-grande.jpg?resize=350%2C200&ssl=1 1x, https:\/\/i0.wp.com\/store.droneway.ma\/wp-content\/uploads\/2020\/11\/hub-de-chargement-dji-inspire-2-p-image-194240-grande.jpg?resize=525%2C300&ssl=1 1.5x"},"classes":[]},{"id":2118,"url":"https:\/\/store.droneway.ma\/index.php\/produit\/hub-de-chargement-dji-inspire-2-et-matrice-200-2\/","url_meta":{"origin":2080,"position":4},"title":"Hub de chargement DJI Inspire 2 et Matrice 200","author":"admin","date":"21 novembre 2020","format":false,"excerpt":"Jusqu'\u00e0 4 batteries ! Charge automatique Compatible batteries TB50","rel":"","context":"Article similaire","block_context":{"text":"Article similaire","link":""},"img":{"alt_text":"Hub de chargement DJI Inspire 2 et Matrice 200","src":"https:\/\/i0.wp.com\/store.droneway.ma\/wp-content\/uploads\/2020\/11\/hub-de-chargement-dji-inspire-2-p-image-194240-grande.jpg?resize=350%2C200&ssl=1","width":350,"height":200,"srcset":"https:\/\/i0.wp.com\/store.droneway.ma\/wp-content\/uploads\/2020\/11\/hub-de-chargement-dji-inspire-2-p-image-194240-grande.jpg?resize=350%2C200&ssl=1 1x, https:\/\/i0.wp.com\/store.droneway.ma\/wp-content\/uploads\/2020\/11\/hub-de-chargement-dji-inspire-2-p-image-194240-grande.jpg?resize=525%2C300&ssl=1 1.5x"},"classes":[]},{"id":2075,"url":"https:\/\/store.droneway.ma\/index.php\/produit\/chargeur-dji-inspire-2-et-matrice-200-180w\/","url_meta":{"origin":2080,"position":5},"title":"Chargeur DJI Inspire 2 et Matrice 200 180W","author":"admin","date":"21 novembre 2020","format":false,"excerpt":"Chargeur DJI Inspire 2 180W sans cordon secteur","rel":"","context":"Article similaire","block_context":{"text":"Article similaire","link":""},"img":{"alt_text":"Chargeur DJI Inspire 2 et Matrice 200 180W","src":"https:\/\/i0.wp.com\/store.droneway.ma\/wp-content\/uploads\/2020\/11\/chargeur-dji-inspire-2-180w-p-image-183811-grande.jpg?resize=350%2C200&ssl=1","width":350,"height":200,"srcset":"https:\/\/i0.wp.com\/store.droneway.ma\/wp-content\/uploads\/2020\/11\/chargeur-dji-inspire-2-180w-p-image-183811-grande.jpg?resize=350%2C200&ssl=1 1x, https:\/\/i0.wp.com\/store.droneway.ma\/wp-content\/uploads\/2020\/11\/chargeur-dji-inspire-2-180w-p-image-183811-grande.jpg?resize=525%2C300&ssl=1 1.5x, https:\/\/i0.wp.com\/store.droneway.ma\/wp-content\/uploads\/2020\/11\/chargeur-dji-inspire-2-180w-p-image-183811-grande.jpg?resize=700%2C400&ssl=1 2x"},"classes":[]}],"jetpack_sharing_enabled":true,"_links":{"self":[{"href":"https:\/\/store.droneway.ma\/index.php\/wp-json\/wp\/v2\/product\/2080","targetHints":{"allow":["GET"]}}],"collection":[{"href":"https:\/\/store.droneway.ma\/index.php\/wp-json\/wp\/v2\/product"}],"about":[{"href":"https:\/\/store.droneway.ma\/index.php\/wp-json\/wp\/v2\/types\/product"}],"wp:featuredmedia":[{"embeddable":true,"href":"https:\/\/store.droneway.ma\/index.php\/wp-json\/wp\/v2\/media\/754"}],"wp:attachment":[{"href":"https:\/\/store.droneway.ma\/index.php\/wp-json\/wp\/v2\/media?parent=2080"}],"wp:term":[{"taxonomy":"product_brand","embeddable":true,"href":"https:\/\/store.droneway.ma\/index.php\/wp-json\/wp\/v2\/product_brand?post=2080"},{"taxonomy":"product_cat","embeddable":true,"href":"https:\/\/store.droneway.ma\/index.php\/wp-json\/wp\/v2\/product_cat?post=2080"},{"taxonomy":"product_tag","embeddable":true,"href":"https:\/\/store.droneway.ma\/index.php\/wp-json\/wp\/v2\/product_tag?post=2080"}],"curies":[{"name":"wp","href":"https:\/\/api.w.org\/{rel}","templated":true}]}}