{"id":2079,"date":"2020-11-21T19:00:59","date_gmt":"2020-11-21T18:00:59","guid":{"rendered":"http:\/\/store.droneway.ma\/index.php\/produit\/chargeur-multiple-pour-batteries-dji-inspire-1-et-inspire-2\/"},"modified":"2020-11-21T19:01:06","modified_gmt":"2020-11-21T18:01:06","slug":"chargeur-multiple-pour-batteries-dji-inspire-1-et-inspire-2","status":"publish","type":"product","link":"https:\/\/store.droneway.ma\/index.php\/produit\/chargeur-multiple-pour-batteries-dji-inspire-1-et-inspire-2\/","title":{"rendered":"Chargeur multiple pour batteries DJI Inspire 1 et Inspire 2"},"content":{"rendered":"<p>Rechargez simultan\u00e9ment jusqu&rsquo;\u00e0 quatre batteries du DJI Inspire, sa radiocommande ainsi que vos p\u00e9riph\u00e9riques mobiles (smartphone, tablette etc&#8230;) gr\u00e2ce \u00e0 ce chargeur multifonctions.  Con\u00e7u pour les batteries de DJI Inspire 1 et DJI Inspire 2, ce chargeur dispose de quatre connecteurs pour recharger ces batteries ainsi que de quatre ports USB-A.  La recharge des quatre batteries prendra environ 70 minutes. Le chargeur est livr\u00e9 avec son alimentation secteur ainsi que 4 connectiques pour les batteries.<\/p>\n","protected":false},"excerpt":{"rendered":"<p>Rechargez simultan\u00e9ment jusqu&rsquo;\u00e0 quatre batteries du DJI Inspire, sa radiocommande ainsi que vos p\u00e9riph\u00e9riques mobiles (smartphone, tablette etc&#8230;) gr\u00e2ce \u00e0 ce chargeur multifonctions.  Con\u00e7u pour les batteries de DJI Inspire 1 et DJI Inspire 2, ce chargeur dispose de quatre connecteurs pour recharger ces batteries ainsi que de quatre ports USB-A.  La recharge des quatre batteries prendra environ 70 minutes. Le chargeur est livr\u00e9 avec son alimentation secteur ainsi que 4 connectiques pour les batteries.<\/p>\n","protected":false},"featured_media":752,"template":"","meta":{"content-type":"","rop_custom_images_group":[],"rop_custom_messages_group":[],"rop_publish_now":"initial","rop_publish_now_accounts":[],"rop_publish_now_history":[],"rop_publish_now_status":"pending"},"product_brand":[],"product_cat":[40,41],"product_tag":[],"class_list":{"0":"post-2079","1":"product","2":"type-product","3":"status-publish","4":"has-post-thumbnail","6":"product_cat-inspire","7":"product_cat-inspire-2","9":"first","10":"instock","11":"purchasable","12":"product-type-simple"},"jetpack-related-posts":[{"id":2162,"url":"https:\/\/store.droneway.ma\/index.php\/produit\/chargeur-multiple-pour-dji-mavic-air-2\/","url_meta":{"origin":2079,"position":0},"title":"Chargeur multiple pour DJI Mavic Air 2","author":"admin","date":"21 novembre 2020","format":false,"excerpt":"Chargeur con\u00e7u pour le DJI Mavic Air 2 Possibilit\u00e9 de recharger quatre batteries simultan\u00e9ment Permet de recharger la radiocommande et le smartphone Alimentation fournie","rel":"","context":"Article similaire","block_context":{"text":"Article similaire","link":""},"img":{"alt_text":"Chargeur multiple pour DJI Mavic Air 2","src":"https:\/\/i0.wp.com\/store.droneway.ma\/wp-content\/uploads\/2020\/11\/chargeur-multiple-pour-dji-mavic-mini-p-image-217808-grande.jpg?resize=350%2C200&ssl=1","width":350,"height":200,"srcset":"https:\/\/i0.wp.com\/store.droneway.ma\/wp-content\/uploads\/2020\/11\/chargeur-multiple-pour-dji-mavic-mini-p-image-217808-grande.jpg?resize=350%2C200&ssl=1 1x, https:\/\/i0.wp.com\/store.droneway.ma\/wp-content\/uploads\/2020\/11\/chargeur-multiple-pour-dji-mavic-mini-p-image-217808-grande.jpg?resize=525%2C300&ssl=1 1.5x, https:\/\/i0.wp.com\/store.droneway.ma\/wp-content\/uploads\/2020\/11\/chargeur-multiple-pour-dji-mavic-mini-p-image-217808-grande.jpg?resize=700%2C400&ssl=1 2x"},"classes":[]},{"id":2075,"url":"https:\/\/store.droneway.ma\/index.php\/produit\/chargeur-dji-inspire-2-et-matrice-200-180w\/","url_meta":{"origin":2079,"position":1},"title":"Chargeur DJI Inspire 2 et Matrice 200 180W","author":"admin","date":"21 novembre 2020","format":false,"excerpt":"Chargeur DJI Inspire 2 180W sans cordon secteur","rel":"","context":"Article similaire","block_context":{"text":"Article similaire","link":""},"img":{"alt_text":"Chargeur DJI Inspire 2 et Matrice 200 180W","src":"https:\/\/i0.wp.com\/store.droneway.ma\/wp-content\/uploads\/2020\/11\/chargeur-dji-inspire-2-180w-p-image-183811-grande.jpg?resize=350%2C200&ssl=1","width":350,"height":200,"srcset":"https:\/\/i0.wp.com\/store.droneway.ma\/wp-content\/uploads\/2020\/11\/chargeur-dji-inspire-2-180w-p-image-183811-grande.jpg?resize=350%2C200&ssl=1 1x, https:\/\/i0.wp.com\/store.droneway.ma\/wp-content\/uploads\/2020\/11\/chargeur-dji-inspire-2-180w-p-image-183811-grande.jpg?resize=525%2C300&ssl=1 1.5x, https:\/\/i0.wp.com\/store.droneway.ma\/wp-content\/uploads\/2020\/11\/chargeur-dji-inspire-2-180w-p-image-183811-grande.jpg?resize=700%2C400&ssl=1 2x"},"classes":[]},{"id":2119,"url":"https:\/\/store.droneway.ma\/index.php\/produit\/chargeur-dji-inspire-2-et-matrice-200-180w-2\/","url_meta":{"origin":2079,"position":2},"title":"Chargeur DJI Inspire 2 et Matrice 200 180W","author":"admin","date":"21 novembre 2020","format":false,"excerpt":"Chargeur DJI Inspire 2 180W sans cordon secteur","rel":"","context":"Article similaire","block_context":{"text":"Article similaire","link":""},"img":{"alt_text":"Chargeur DJI Inspire 2 et Matrice 200 180W","src":"https:\/\/i0.wp.com\/store.droneway.ma\/wp-content\/uploads\/2020\/11\/chargeur-dji-inspire-2-180w-p-image-183811-grande.jpg?resize=350%2C200&ssl=1","width":350,"height":200,"srcset":"https:\/\/i0.wp.com\/store.droneway.ma\/wp-content\/uploads\/2020\/11\/chargeur-dji-inspire-2-180w-p-image-183811-grande.jpg?resize=350%2C200&ssl=1 1x, https:\/\/i0.wp.com\/store.droneway.ma\/wp-content\/uploads\/2020\/11\/chargeur-dji-inspire-2-180w-p-image-183811-grande.jpg?resize=525%2C300&ssl=1 1.5x, https:\/\/i0.wp.com\/store.droneway.ma\/wp-content\/uploads\/2020\/11\/chargeur-dji-inspire-2-180w-p-image-183811-grande.jpg?resize=700%2C400&ssl=1 2x"},"classes":[]},{"id":2450,"url":"https:\/\/store.droneway.ma\/index.php\/produit\/chargeur-multiple-pour-dji-phantom-4\/","url_meta":{"origin":2079,"position":3},"title":"Chargeur multiple pour DJI Phantom 4","author":"admin","date":"21 novembre 2020","format":false,"excerpt":"Recharge 3 batteries + radio + smartphone Syst\u00e8me intelligent int\u00e9gr\u00e9 Recharge rapide","rel":"","context":"Article similaire","block_context":{"text":"Article similaire","link":""},"img":{"alt_text":"Chargeur multiple pour DJI Phantom 4","src":"https:\/\/i0.wp.com\/store.droneway.ma\/wp-content\/uploads\/2020\/11\/Chargeur-multiple-pour-DJI-Phantom-4.jpg?resize=350%2C200&ssl=1","width":350,"height":200},"classes":[]},{"id":2144,"url":"https:\/\/store.droneway.ma\/index.php\/produit\/chargeur-hex-dji\/","url_meta":{"origin":2079,"position":4},"title":"Chargeur HEX DJI","author":"admin","date":"21 novembre 2020","format":false,"excerpt":"Chargeur Hex DJI","rel":"","context":"Article similaire","block_context":{"text":"Article similaire","link":""},"img":{"alt_text":"Chargeur HEX DJI","src":"https:\/\/i0.wp.com\/store.droneway.ma\/wp-content\/uploads\/2020\/11\/chargeur-hex-dji-p-image-183261-grande.jpg?resize=350%2C200&ssl=1","width":350,"height":200,"srcset":"https:\/\/i0.wp.com\/store.droneway.ma\/wp-content\/uploads\/2020\/11\/chargeur-hex-dji-p-image-183261-grande.jpg?resize=350%2C200&ssl=1 1x, https:\/\/i0.wp.com\/store.droneway.ma\/wp-content\/uploads\/2020\/11\/chargeur-hex-dji-p-image-183261-grande.jpg?resize=525%2C300&ssl=1 1.5x, https:\/\/i0.wp.com\/store.droneway.ma\/wp-content\/uploads\/2020\/11\/chargeur-hex-dji-p-image-183261-grande.jpg?resize=700%2C400&ssl=1 2x"},"classes":[]},{"id":2163,"url":"https:\/\/store.droneway.ma\/index.php\/produit\/chargeur-pour-dji-mavic-air-2\/","url_meta":{"origin":2079,"position":5},"title":"Chargeur pour DJI Mavic Air 2","author":"admin","date":"21 novembre 2020","format":false,"excerpt":"Charge la batterie et la radiocommande en simultan\u00e9 Plusieurs sorties","rel":"","context":"Article similaire","block_context":{"text":"Article similaire","link":""},"img":{"alt_text":"Chargeur pour DJI Mavic Air 2","src":"https:\/\/i0.wp.com\/store.droneway.ma\/wp-content\/uploads\/2020\/11\/chargeur-pour-dji-mavic-air-2-p-image-217445-grande.jpg?resize=350%2C200&ssl=1","width":350,"height":200,"srcset":"https:\/\/i0.wp.com\/store.droneway.ma\/wp-content\/uploads\/2020\/11\/chargeur-pour-dji-mavic-air-2-p-image-217445-grande.jpg?resize=350%2C200&ssl=1 1x, https:\/\/i0.wp.com\/store.droneway.ma\/wp-content\/uploads\/2020\/11\/chargeur-pour-dji-mavic-air-2-p-image-217445-grande.jpg?resize=525%2C300&ssl=1 1.5x, https:\/\/i0.wp.com\/store.droneway.ma\/wp-content\/uploads\/2020\/11\/chargeur-pour-dji-mavic-air-2-p-image-217445-grande.jpg?resize=700%2C400&ssl=1 2x"},"classes":[]}],"jetpack_sharing_enabled":true,"_links":{"self":[{"href":"https:\/\/store.droneway.ma\/index.php\/wp-json\/wp\/v2\/product\/2079","targetHints":{"allow":["GET"]}}],"collection":[{"href":"https:\/\/store.droneway.ma\/index.php\/wp-json\/wp\/v2\/product"}],"about":[{"href":"https:\/\/store.droneway.ma\/index.php\/wp-json\/wp\/v2\/types\/product"}],"wp:featuredmedia":[{"embeddable":true,"href":"https:\/\/store.droneway.ma\/index.php\/wp-json\/wp\/v2\/media\/752"}],"wp:attachment":[{"href":"https:\/\/store.droneway.ma\/index.php\/wp-json\/wp\/v2\/media?parent=2079"}],"wp:term":[{"taxonomy":"product_brand","embeddable":true,"href":"https:\/\/store.droneway.ma\/index.php\/wp-json\/wp\/v2\/product_brand?post=2079"},{"taxonomy":"product_cat","embeddable":true,"href":"https:\/\/store.droneway.ma\/index.php\/wp-json\/wp\/v2\/product_cat?post=2079"},{"taxonomy":"product_tag","embeddable":true,"href":"https:\/\/store.droneway.ma\/index.php\/wp-json\/wp\/v2\/product_tag?post=2079"}],"curies":[{"name":"wp","href":"https:\/\/api.w.org\/{rel}","templated":true}]}}