{"id":2078,"date":"2020-11-21T19:00:59","date_gmt":"2020-11-21T18:00:59","guid":{"rendered":"http:\/\/store.droneway.ma\/index.php\/produit\/cable-dalimentation-secteur-180w-pour-dji-inspire-2-dji-ronin-2\/"},"modified":"2020-11-21T19:01:05","modified_gmt":"2020-11-21T18:01:05","slug":"cable-dalimentation-secteur-180w-pour-dji-inspire-2-dji-ronin-2","status":"publish","type":"product","link":"https:\/\/store.droneway.ma\/index.php\/produit\/cable-dalimentation-secteur-180w-pour-dji-inspire-2-dji-ronin-2\/","title":{"rendered":"C\u00e2ble d&rsquo;alimentation secteur 180W pour DJI Inspire 2 &#038; DJI Ronin 2"},"content":{"rendered":"<p>C\u00e2ble de charge pour chargeur 180 W, compatible avec le DJI Inspire 2 et le stabilisateur DJI Ronin 2.<\/p>\n","protected":false},"excerpt":{"rendered":"<p>C\u00e2ble de charge pour chargeur 180 W, compatible avec le DJI Inspire 2 et le stabilisateur DJI Ronin 2.<\/p>\n","protected":false},"featured_media":750,"template":"","meta":{"content-type":"","rop_custom_images_group":[],"rop_custom_messages_group":[],"rop_publish_now":"initial","rop_publish_now_accounts":[],"rop_publish_now_history":[],"rop_publish_now_status":"pending"},"product_brand":[],"product_cat":[40,41],"product_tag":[],"class_list":{"0":"post-2078","1":"product","2":"type-product","3":"status-publish","4":"has-post-thumbnail","6":"product_cat-inspire","7":"product_cat-inspire-2","9":"first","10":"instock","11":"purchasable","12":"product-type-simple"},"jetpack-related-posts":[{"id":2486,"url":"https:\/\/store.droneway.ma\/index.php\/produit\/cable-dalimentation-secteur-180w-pour-dji-inspire-2-dji-ronin-2-2\/","url_meta":{"origin":2078,"position":0},"title":"C\u00e2ble d&rsquo;alimentation secteur 180W pour DJI Inspire 2 &#038; DJI Ronin 2","author":"admin","date":"21 novembre 2020","format":false,"excerpt":"C\u00e2ble AC pour adaptateur secteur 180W Inspire 2","rel":"","context":"Article similaire","block_context":{"text":"Article similaire","link":""},"img":{"alt_text":"","src":"https:\/\/i0.wp.com\/store.droneway.ma\/wp-content\/uploads\/2020\/11\/cable-ac-pour-adaptateur-secteur-180w-inspire-2-p-image-217792-grande.jpg?resize=350%2C200&ssl=1","width":350,"height":200},"classes":[]},{"id":2485,"url":"https:\/\/store.droneway.ma\/index.php\/produit\/batterie-tb50-4280-mah-pour-dji-inspire-2-ronin-2-2\/","url_meta":{"origin":2078,"position":1},"title":"Batterie TB50 4280 mAh pour DJI Inspire 2 &#038; Ronin 2","author":"admin","date":"21 novembre 2020","format":false,"excerpt":"Syst\u00e8me d'auto-chauffage \u00e0 5\u00b0C Redondance de l'alimentation DJI GO : gestion intelligente Compatible DJI Inspire 2 & Ronin 2","rel":"","context":"Article similaire","block_context":{"text":"Article similaire","link":""},"img":{"alt_text":"Batterie TB50 4280 mAh pour DJI Inspire 2 & Ronin 2","src":"https:\/\/i0.wp.com\/store.droneway.ma\/wp-content\/uploads\/2020\/11\/batterie-tb50-4280-mah-pour-dji-inspire-2-p-image-183804-grande.jpg?resize=350%2C200&ssl=1","width":350,"height":200},"classes":[]},{"id":2076,"url":"https:\/\/store.droneway.ma\/index.php\/produit\/batterie-tb50-4280-mah-pour-dji-inspire-2-ronin-2\/","url_meta":{"origin":2078,"position":2},"title":"Batterie TB50 4280 mAh pour DJI Inspire 2 &#038; Ronin 2","author":"admin","date":"21 novembre 2020","format":false,"excerpt":"Syst\u00e8me d'auto-chauffage \u00e0 5\u00b0C Redondance de l'alimentation DJI GO : gestion intelligente Compatible DJI Inspire 2 & Ronin 2","rel":"","context":"Article similaire","block_context":{"text":"Article similaire","link":""},"img":{"alt_text":"Batterie TB50 4280 mAh pour DJI Inspire 2 & Ronin 2","src":"https:\/\/i0.wp.com\/store.droneway.ma\/wp-content\/uploads\/2020\/11\/batterie-tb50-4280-mah-pour-dji-inspire-2-p-image-183804-grande.jpg?resize=350%2C200&ssl=1","width":350,"height":200},"classes":[]},{"id":2479,"url":"https:\/\/store.droneway.ma\/index.php\/produit\/dji-ronin-sc\/","url_meta":{"origin":2078,"position":3},"title":"DJI Ronin-SC","author":"admin","date":"21 novembre 2020","format":false,"excerpt":"Stabilisateur DJI Ronin SC 3 axes plus l\u00e9ger, plus compact et ultra performant\u00a0 Compatible avec les appareils DSLR et mirrorless jusqu\u2019\u00e0 2 kg Fonctions Motionlapse \/ Activetrack 3.0 \/ CamAnchor\u2026 Structure en deux parties avec nacelle d\u00e9tachable Commandes de contr\u00f4le int\u00e9gr\u00e9es au manche Technologie SmoothTrack\u00a0 et Mode sport Nombreux accessoires\u2026","rel":"","context":"Article similaire","block_context":{"text":"Article similaire","link":""},"img":{"alt_text":"DJI Ronin-SC","src":"https:\/\/i0.wp.com\/store.droneway.ma\/wp-content\/uploads\/2020\/11\/dji-ronin-sc-p-image-210759-grande.jpg?resize=350%2C200&ssl=1","width":350,"height":200,"srcset":"https:\/\/i0.wp.com\/store.droneway.ma\/wp-content\/uploads\/2020\/11\/dji-ronin-sc-p-image-210759-grande.jpg?resize=350%2C200&ssl=1 1x, https:\/\/i0.wp.com\/store.droneway.ma\/wp-content\/uploads\/2020\/11\/dji-ronin-sc-p-image-210759-grande.jpg?resize=525%2C300&ssl=1 1.5x, https:\/\/i0.wp.com\/store.droneway.ma\/wp-content\/uploads\/2020\/11\/dji-ronin-sc-p-image-210759-grande.jpg?resize=700%2C400&ssl=1 2x"},"classes":[]},{"id":2488,"url":"https:\/\/store.droneway.ma\/index.php\/produit\/valise-2500-etanche-pour-dji-ronin-s-et-systeme-focus-hprc\/","url_meta":{"origin":2078,"position":4},"title":"Valise 2500 \u00e9tanche pour DJI Ronin S et syst\u00e8me Focus &#8211; HPRC","author":"admin","date":"21 novembre 2020","format":false,"excerpt":"Valise \u00e9tanche haute gamme HPRC pour DJI Ronin S Mousse haute densit\u00e9 pr\u00e9d\u00e9coup\u00e9e avec 6 emplacements Emplacement pour syst\u00e8me DJI Focus S\u00e9curis\u00e9e \/ emplacements pour cadenas","rel":"","context":"Article similaire","block_context":{"text":"Article similaire","link":""},"img":{"alt_text":"Valise 2500 \u00e9tanche pour DJI Ronin S et syst\u00e8me Focus - HPRC","src":"https:\/\/i0.wp.com\/store.droneway.ma\/wp-content\/uploads\/2020\/11\/Valise-2500-etanche-pour-DJI-Ronin-S-et-systeme-Focus-HPRC.jpg?resize=350%2C200&ssl=1","width":350,"height":200,"srcset":"https:\/\/i0.wp.com\/store.droneway.ma\/wp-content\/uploads\/2020\/11\/Valise-2500-etanche-pour-DJI-Ronin-S-et-systeme-Focus-HPRC.jpg?resize=350%2C200&ssl=1 1x, https:\/\/i0.wp.com\/store.droneway.ma\/wp-content\/uploads\/2020\/11\/Valise-2500-etanche-pour-DJI-Ronin-S-et-systeme-Focus-HPRC.jpg?resize=525%2C300&ssl=1 1.5x"},"classes":[]},{"id":2073,"url":"https:\/\/store.droneway.ma\/index.php\/produit\/cable-secteur-pour-chargeur-dji-hex\/","url_meta":{"origin":2078,"position":5},"title":"C\u00e2ble secteur pour chargeur DJI Hex","author":"admin","date":"21 novembre 2020","format":false,"excerpt":"C\u00e2ble secteur pour chargeur DJI HEX","rel":"","context":"Article similaire","block_context":{"text":"Article similaire","link":""},"img":{"alt_text":"C\u00e2ble secteur pour chargeur DJI Hex","src":"https:\/\/i0.wp.com\/store.droneway.ma\/wp-content\/uploads\/2020\/11\/cable-secteur-pour-chargeur-dji-inspire-1-et-inspire-2-p-image-211480-grande.jpg?resize=350%2C200&ssl=1","width":350,"height":200,"srcset":"https:\/\/i0.wp.com\/store.droneway.ma\/wp-content\/uploads\/2020\/11\/cable-secteur-pour-chargeur-dji-inspire-1-et-inspire-2-p-image-211480-grande.jpg?resize=350%2C200&ssl=1 1x, https:\/\/i0.wp.com\/store.droneway.ma\/wp-content\/uploads\/2020\/11\/cable-secteur-pour-chargeur-dji-inspire-1-et-inspire-2-p-image-211480-grande.jpg?resize=525%2C300&ssl=1 1.5x"},"classes":[]}],"jetpack_sharing_enabled":true,"_links":{"self":[{"href":"https:\/\/store.droneway.ma\/index.php\/wp-json\/wp\/v2\/product\/2078","targetHints":{"allow":["GET"]}}],"collection":[{"href":"https:\/\/store.droneway.ma\/index.php\/wp-json\/wp\/v2\/product"}],"about":[{"href":"https:\/\/store.droneway.ma\/index.php\/wp-json\/wp\/v2\/types\/product"}],"wp:featuredmedia":[{"embeddable":true,"href":"https:\/\/store.droneway.ma\/index.php\/wp-json\/wp\/v2\/media\/750"}],"wp:attachment":[{"href":"https:\/\/store.droneway.ma\/index.php\/wp-json\/wp\/v2\/media?parent=2078"}],"wp:term":[{"taxonomy":"product_brand","embeddable":true,"href":"https:\/\/store.droneway.ma\/index.php\/wp-json\/wp\/v2\/product_brand?post=2078"},{"taxonomy":"product_cat","embeddable":true,"href":"https:\/\/store.droneway.ma\/index.php\/wp-json\/wp\/v2\/product_cat?post=2078"},{"taxonomy":"product_tag","embeddable":true,"href":"https:\/\/store.droneway.ma\/index.php\/wp-json\/wp\/v2\/product_tag?post=2078"}],"curies":[{"name":"wp","href":"https:\/\/api.w.org\/{rel}","templated":true}]}}