{"id":2077,"date":"2020-11-21T19:00:59","date_gmt":"2020-11-21T18:00:59","guid":{"rendered":"http:\/\/store.droneway.ma\/index.php\/produit\/cable-dalimentation-pour-chargeur-matrice-200-et-inspire-2\/"},"modified":"2020-11-21T19:01:05","modified_gmt":"2020-11-21T18:01:05","slug":"cable-dalimentation-pour-chargeur-matrice-200-et-inspire-2","status":"publish","type":"product","link":"https:\/\/store.droneway.ma\/index.php\/produit\/cable-dalimentation-pour-chargeur-matrice-200-et-inspire-2\/","title":{"rendered":"C\u00e2ble d&rsquo;alimentation pour chargeur Matrice 200 et Inspire 2"},"content":{"rendered":"<p>Ce c\u00e2ble d&rsquo;alimentation vous permettra d&rsquo;alimenter votre chargeur de Matrice 200 ou d&rsquo;Inspire 2.\u00a0Il mesure 2.5 m afin d&rsquo;\u00eatre d\u00e9ploy\u00e9 ou bon vous semble.<\/p>\n","protected":false},"excerpt":{"rendered":"<p>Ce c\u00e2ble d&rsquo;alimentation vous permettra d&rsquo;alimenter votre chargeur de Matrice 200 ou d&rsquo;Inspire 2.\u00a0Il mesure 2.5 m afin d&rsquo;\u00eatre d\u00e9ploy\u00e9 ou bon vous semble.<\/p>\n","protected":false},"featured_media":588,"template":"","meta":{"content-type":"","rop_custom_images_group":[],"rop_custom_messages_group":[],"rop_publish_now":"initial","rop_publish_now_accounts":[],"rop_publish_now_history":[],"rop_publish_now_status":"pending"},"product_brand":[],"product_cat":[40,41],"product_tag":[],"class_list":{"0":"post-2077","1":"product","2":"type-product","3":"status-publish","4":"has-post-thumbnail","6":"product_cat-inspire","7":"product_cat-inspire-2","9":"first","10":"instock","11":"purchasable","12":"product-type-simple"},"jetpack-related-posts":[{"id":2122,"url":"https:\/\/store.droneway.ma\/index.php\/produit\/cable-dalimentation-pour-chargeur-matrice-200-et-inspire-2-2\/","url_meta":{"origin":2077,"position":0},"title":"C\u00e2ble d&rsquo;alimentation pour chargeur Matrice 200 et Inspire 2","author":"admin","date":"21 novembre 2020","format":false,"excerpt":"C\u00e2ble d'alimentation pour chargeur\u00a0","rel":"","context":"Article similaire","block_context":{"text":"Article similaire","link":""},"img":{"alt_text":"","src":"https:\/\/i0.wp.com\/store.droneway.ma\/wp-content\/uploads\/2020\/11\/cable-d-alimentation-pour-chargeur-matrice-200-et-inspire-2-p-image-215891-grande.jpg?resize=350%2C200&ssl=1","width":350,"height":200},"classes":[]},{"id":2073,"url":"https:\/\/store.droneway.ma\/index.php\/produit\/cable-secteur-pour-chargeur-dji-hex\/","url_meta":{"origin":2077,"position":1},"title":"C\u00e2ble secteur pour chargeur DJI Hex","author":"admin","date":"21 novembre 2020","format":false,"excerpt":"C\u00e2ble secteur pour chargeur DJI HEX","rel":"","context":"Article similaire","block_context":{"text":"Article similaire","link":""},"img":{"alt_text":"C\u00e2ble secteur pour chargeur DJI Hex","src":"https:\/\/i0.wp.com\/store.droneway.ma\/wp-content\/uploads\/2020\/11\/cable-secteur-pour-chargeur-dji-inspire-1-et-inspire-2-p-image-211480-grande.jpg?resize=350%2C200&ssl=1","width":350,"height":200,"srcset":"https:\/\/i0.wp.com\/store.droneway.ma\/wp-content\/uploads\/2020\/11\/cable-secteur-pour-chargeur-dji-inspire-1-et-inspire-2-p-image-211480-grande.jpg?resize=350%2C200&ssl=1 1x, https:\/\/i0.wp.com\/store.droneway.ma\/wp-content\/uploads\/2020\/11\/cable-secteur-pour-chargeur-dji-inspire-1-et-inspire-2-p-image-211480-grande.jpg?resize=525%2C300&ssl=1 1.5x"},"classes":[]},{"id":2118,"url":"https:\/\/store.droneway.ma\/index.php\/produit\/hub-de-chargement-dji-inspire-2-et-matrice-200-2\/","url_meta":{"origin":2077,"position":2},"title":"Hub de chargement DJI Inspire 2 et Matrice 200","author":"admin","date":"21 novembre 2020","format":false,"excerpt":"Jusqu'\u00e0 4 batteries ! Charge automatique Compatible batteries TB50","rel":"","context":"Article similaire","block_context":{"text":"Article similaire","link":""},"img":{"alt_text":"Hub de chargement DJI Inspire 2 et Matrice 200","src":"https:\/\/i0.wp.com\/store.droneway.ma\/wp-content\/uploads\/2020\/11\/hub-de-chargement-dji-inspire-2-p-image-194240-grande.jpg?resize=350%2C200&ssl=1","width":350,"height":200,"srcset":"https:\/\/i0.wp.com\/store.droneway.ma\/wp-content\/uploads\/2020\/11\/hub-de-chargement-dji-inspire-2-p-image-194240-grande.jpg?resize=350%2C200&ssl=1 1x, https:\/\/i0.wp.com\/store.droneway.ma\/wp-content\/uploads\/2020\/11\/hub-de-chargement-dji-inspire-2-p-image-194240-grande.jpg?resize=525%2C300&ssl=1 1.5x"},"classes":[]},{"id":2074,"url":"https:\/\/store.droneway.ma\/index.php\/produit\/hub-de-chargement-dji-inspire-2-et-matrice-200\/","url_meta":{"origin":2077,"position":3},"title":"Hub de chargement DJI Inspire 2 et Matrice 200","author":"admin","date":"21 novembre 2020","format":false,"excerpt":"Jusqu'\u00e0 4 batteries ! Charge automatique Compatible batteries TB50","rel":"","context":"Article similaire","block_context":{"text":"Article similaire","link":""},"img":{"alt_text":"Hub de chargement DJI Inspire 2 et Matrice 200","src":"https:\/\/i0.wp.com\/store.droneway.ma\/wp-content\/uploads\/2020\/11\/hub-de-chargement-dji-inspire-2-p-image-194240-grande.jpg?resize=350%2C200&ssl=1","width":350,"height":200,"srcset":"https:\/\/i0.wp.com\/store.droneway.ma\/wp-content\/uploads\/2020\/11\/hub-de-chargement-dji-inspire-2-p-image-194240-grande.jpg?resize=350%2C200&ssl=1 1x, https:\/\/i0.wp.com\/store.droneway.ma\/wp-content\/uploads\/2020\/11\/hub-de-chargement-dji-inspire-2-p-image-194240-grande.jpg?resize=525%2C300&ssl=1 1.5x"},"classes":[]},{"id":2119,"url":"https:\/\/store.droneway.ma\/index.php\/produit\/chargeur-dji-inspire-2-et-matrice-200-180w-2\/","url_meta":{"origin":2077,"position":4},"title":"Chargeur DJI Inspire 2 et Matrice 200 180W","author":"admin","date":"21 novembre 2020","format":false,"excerpt":"Chargeur DJI Inspire 2 180W sans cordon secteur","rel":"","context":"Article similaire","block_context":{"text":"Article similaire","link":""},"img":{"alt_text":"Chargeur DJI Inspire 2 et Matrice 200 180W","src":"https:\/\/i0.wp.com\/store.droneway.ma\/wp-content\/uploads\/2020\/11\/chargeur-dji-inspire-2-180w-p-image-183811-grande.jpg?resize=350%2C200&ssl=1","width":350,"height":200,"srcset":"https:\/\/i0.wp.com\/store.droneway.ma\/wp-content\/uploads\/2020\/11\/chargeur-dji-inspire-2-180w-p-image-183811-grande.jpg?resize=350%2C200&ssl=1 1x, https:\/\/i0.wp.com\/store.droneway.ma\/wp-content\/uploads\/2020\/11\/chargeur-dji-inspire-2-180w-p-image-183811-grande.jpg?resize=525%2C300&ssl=1 1.5x, https:\/\/i0.wp.com\/store.droneway.ma\/wp-content\/uploads\/2020\/11\/chargeur-dji-inspire-2-180w-p-image-183811-grande.jpg?resize=700%2C400&ssl=1 2x"},"classes":[]},{"id":2075,"url":"https:\/\/store.droneway.ma\/index.php\/produit\/chargeur-dji-inspire-2-et-matrice-200-180w\/","url_meta":{"origin":2077,"position":5},"title":"Chargeur DJI Inspire 2 et Matrice 200 180W","author":"admin","date":"21 novembre 2020","format":false,"excerpt":"Chargeur DJI Inspire 2 180W sans cordon secteur","rel":"","context":"Article similaire","block_context":{"text":"Article similaire","link":""},"img":{"alt_text":"Chargeur DJI Inspire 2 et Matrice 200 180W","src":"https:\/\/i0.wp.com\/store.droneway.ma\/wp-content\/uploads\/2020\/11\/chargeur-dji-inspire-2-180w-p-image-183811-grande.jpg?resize=350%2C200&ssl=1","width":350,"height":200,"srcset":"https:\/\/i0.wp.com\/store.droneway.ma\/wp-content\/uploads\/2020\/11\/chargeur-dji-inspire-2-180w-p-image-183811-grande.jpg?resize=350%2C200&ssl=1 1x, https:\/\/i0.wp.com\/store.droneway.ma\/wp-content\/uploads\/2020\/11\/chargeur-dji-inspire-2-180w-p-image-183811-grande.jpg?resize=525%2C300&ssl=1 1.5x, https:\/\/i0.wp.com\/store.droneway.ma\/wp-content\/uploads\/2020\/11\/chargeur-dji-inspire-2-180w-p-image-183811-grande.jpg?resize=700%2C400&ssl=1 2x"},"classes":[]}],"jetpack_sharing_enabled":true,"_links":{"self":[{"href":"https:\/\/store.droneway.ma\/index.php\/wp-json\/wp\/v2\/product\/2077","targetHints":{"allow":["GET"]}}],"collection":[{"href":"https:\/\/store.droneway.ma\/index.php\/wp-json\/wp\/v2\/product"}],"about":[{"href":"https:\/\/store.droneway.ma\/index.php\/wp-json\/wp\/v2\/types\/product"}],"wp:featuredmedia":[{"embeddable":true,"href":"https:\/\/store.droneway.ma\/index.php\/wp-json\/wp\/v2\/media\/588"}],"wp:attachment":[{"href":"https:\/\/store.droneway.ma\/index.php\/wp-json\/wp\/v2\/media?parent=2077"}],"wp:term":[{"taxonomy":"product_brand","embeddable":true,"href":"https:\/\/store.droneway.ma\/index.php\/wp-json\/wp\/v2\/product_brand?post=2077"},{"taxonomy":"product_cat","embeddable":true,"href":"https:\/\/store.droneway.ma\/index.php\/wp-json\/wp\/v2\/product_cat?post=2077"},{"taxonomy":"product_tag","embeddable":true,"href":"https:\/\/store.droneway.ma\/index.php\/wp-json\/wp\/v2\/product_tag?post=2077"}],"curies":[{"name":"wp","href":"https:\/\/api.w.org\/{rel}","templated":true}]}}