{"id":2075,"date":"2020-11-21T19:00:59","date_gmt":"2020-11-21T18:00:59","guid":{"rendered":"http:\/\/store.droneway.ma\/index.php\/produit\/chargeur-dji-inspire-2-et-matrice-200-180w\/"},"modified":"2020-11-21T19:01:03","modified_gmt":"2020-11-21T18:01:03","slug":"chargeur-dji-inspire-2-et-matrice-200-180w","status":"publish","type":"product","link":"https:\/\/store.droneway.ma\/index.php\/produit\/chargeur-dji-inspire-2-et-matrice-200-180w\/","title":{"rendered":"Chargeur DJI Inspire 2 et Matrice 200 180W"},"content":{"rendered":"<p>Le chargeur pour DJI Inspire 2 et Matrice 200 permet de recharger les batteries TB50 ainsi que la batterie interne de la radiocommande de l&rsquo;Inspire 2 et du Matrice 200.  Il est m\u00eame possible de recharger ces deux batteries en m\u00eame temps !  A noter que le chargeur 180W.<\/p>\n","protected":false},"excerpt":{"rendered":"<p>Chargeur DJI Inspire 2 180W sans cordon secteur<\/p>\n","protected":false},"featured_media":579,"template":"","meta":{"content-type":"","rop_custom_images_group":[],"rop_custom_messages_group":[],"rop_publish_now":"initial","rop_publish_now_accounts":[],"rop_publish_now_history":[],"rop_publish_now_status":"pending"},"product_brand":[],"product_cat":[40,41],"product_tag":[],"class_list":{"0":"post-2075","1":"product","2":"type-product","3":"status-publish","4":"has-post-thumbnail","6":"product_cat-inspire","7":"product_cat-inspire-2","9":"first","10":"instock","11":"purchasable","12":"product-type-simple"},"jetpack-related-posts":[{"id":2119,"url":"https:\/\/store.droneway.ma\/index.php\/produit\/chargeur-dji-inspire-2-et-matrice-200-180w-2\/","url_meta":{"origin":2075,"position":0},"title":"Chargeur DJI Inspire 2 et Matrice 200 180W","author":"admin","date":"21 novembre 2020","format":false,"excerpt":"Chargeur DJI Inspire 2 180W sans cordon secteur","rel":"","context":"Article similaire","block_context":{"text":"Article similaire","link":""},"img":{"alt_text":"Chargeur DJI Inspire 2 et Matrice 200 180W","src":"https:\/\/i0.wp.com\/store.droneway.ma\/wp-content\/uploads\/2020\/11\/chargeur-dji-inspire-2-180w-p-image-183811-grande.jpg?resize=350%2C200&ssl=1","width":350,"height":200,"srcset":"https:\/\/i0.wp.com\/store.droneway.ma\/wp-content\/uploads\/2020\/11\/chargeur-dji-inspire-2-180w-p-image-183811-grande.jpg?resize=350%2C200&ssl=1 1x, https:\/\/i0.wp.com\/store.droneway.ma\/wp-content\/uploads\/2020\/11\/chargeur-dji-inspire-2-180w-p-image-183811-grande.jpg?resize=525%2C300&ssl=1 1.5x, https:\/\/i0.wp.com\/store.droneway.ma\/wp-content\/uploads\/2020\/11\/chargeur-dji-inspire-2-180w-p-image-183811-grande.jpg?resize=700%2C400&ssl=1 2x"},"classes":[]},{"id":2118,"url":"https:\/\/store.droneway.ma\/index.php\/produit\/hub-de-chargement-dji-inspire-2-et-matrice-200-2\/","url_meta":{"origin":2075,"position":1},"title":"Hub de chargement DJI Inspire 2 et Matrice 200","author":"admin","date":"21 novembre 2020","format":false,"excerpt":"Jusqu'\u00e0 4 batteries ! Charge automatique Compatible batteries TB50","rel":"","context":"Article similaire","block_context":{"text":"Article similaire","link":""},"img":{"alt_text":"Hub de chargement DJI Inspire 2 et Matrice 200","src":"https:\/\/i0.wp.com\/store.droneway.ma\/wp-content\/uploads\/2020\/11\/hub-de-chargement-dji-inspire-2-p-image-194240-grande.jpg?resize=350%2C200&ssl=1","width":350,"height":200,"srcset":"https:\/\/i0.wp.com\/store.droneway.ma\/wp-content\/uploads\/2020\/11\/hub-de-chargement-dji-inspire-2-p-image-194240-grande.jpg?resize=350%2C200&ssl=1 1x, https:\/\/i0.wp.com\/store.droneway.ma\/wp-content\/uploads\/2020\/11\/hub-de-chargement-dji-inspire-2-p-image-194240-grande.jpg?resize=525%2C300&ssl=1 1.5x"},"classes":[]},{"id":2074,"url":"https:\/\/store.droneway.ma\/index.php\/produit\/hub-de-chargement-dji-inspire-2-et-matrice-200\/","url_meta":{"origin":2075,"position":2},"title":"Hub de chargement DJI Inspire 2 et Matrice 200","author":"admin","date":"21 novembre 2020","format":false,"excerpt":"Jusqu'\u00e0 4 batteries ! Charge automatique Compatible batteries TB50","rel":"","context":"Article similaire","block_context":{"text":"Article similaire","link":""},"img":{"alt_text":"Hub de chargement DJI Inspire 2 et Matrice 200","src":"https:\/\/i0.wp.com\/store.droneway.ma\/wp-content\/uploads\/2020\/11\/hub-de-chargement-dji-inspire-2-p-image-194240-grande.jpg?resize=350%2C200&ssl=1","width":350,"height":200,"srcset":"https:\/\/i0.wp.com\/store.droneway.ma\/wp-content\/uploads\/2020\/11\/hub-de-chargement-dji-inspire-2-p-image-194240-grande.jpg?resize=350%2C200&ssl=1 1x, https:\/\/i0.wp.com\/store.droneway.ma\/wp-content\/uploads\/2020\/11\/hub-de-chargement-dji-inspire-2-p-image-194240-grande.jpg?resize=525%2C300&ssl=1 1.5x"},"classes":[]},{"id":2078,"url":"https:\/\/store.droneway.ma\/index.php\/produit\/cable-dalimentation-secteur-180w-pour-dji-inspire-2-dji-ronin-2\/","url_meta":{"origin":2075,"position":3},"title":"C\u00e2ble d&rsquo;alimentation secteur 180W pour DJI Inspire 2 &#038; DJI Ronin 2","author":"admin","date":"21 novembre 2020","format":false,"excerpt":"C\u00e2ble de charge pour chargeur 180 W, compatible avec le DJI Inspire 2 et le stabilisateur DJI Ronin 2.","rel":"","context":"Article similaire","block_context":{"text":"Article similaire","link":""},"img":{"alt_text":"","src":"https:\/\/i0.wp.com\/store.droneway.ma\/wp-content\/uploads\/2020\/11\/cable-ac-pour-adaptateur-secteur-180w-inspire-2-p-image-217792-grande.jpg?resize=350%2C200&ssl=1","width":350,"height":200},"classes":[]},{"id":2079,"url":"https:\/\/store.droneway.ma\/index.php\/produit\/chargeur-multiple-pour-batteries-dji-inspire-1-et-inspire-2\/","url_meta":{"origin":2075,"position":4},"title":"Chargeur multiple pour batteries DJI Inspire 1 et Inspire 2","author":"admin","date":"21 novembre 2020","format":false,"excerpt":"Rechargez simultan\u00e9ment jusqu'\u00e0 quatre batteries du DJI Inspire, sa radiocommande ainsi que vos p\u00e9riph\u00e9riques mobiles (smartphone, tablette etc...) gr\u00e2ce \u00e0 ce chargeur multifonctions. Con\u00e7u pour les batteries de DJI Inspire 1 et DJI Inspire 2, ce chargeur dispose de quatre connecteurs pour recharger ces batteries ainsi que de quatre ports\u2026","rel":"","context":"Article similaire","block_context":{"text":"Article similaire","link":""},"img":{"alt_text":"Chargeur multiple pour batteries DJI Inspire 1 et Inspire 2","src":"https:\/\/i0.wp.com\/store.droneway.ma\/wp-content\/uploads\/2020\/11\/chargeur-multiple-pour-batteries-dji-inspire-1-et-inspire-2-p-image-219635-grande.jpg?resize=350%2C200&ssl=1","width":350,"height":200,"srcset":"https:\/\/i0.wp.com\/store.droneway.ma\/wp-content\/uploads\/2020\/11\/chargeur-multiple-pour-batteries-dji-inspire-1-et-inspire-2-p-image-219635-grande.jpg?resize=350%2C200&ssl=1 1x, https:\/\/i0.wp.com\/store.droneway.ma\/wp-content\/uploads\/2020\/11\/chargeur-multiple-pour-batteries-dji-inspire-1-et-inspire-2-p-image-219635-grande.jpg?resize=525%2C300&ssl=1 1.5x, https:\/\/i0.wp.com\/store.droneway.ma\/wp-content\/uploads\/2020\/11\/chargeur-multiple-pour-batteries-dji-inspire-1-et-inspire-2-p-image-219635-grande.jpg?resize=700%2C400&ssl=1 2x"},"classes":[]},{"id":2486,"url":"https:\/\/store.droneway.ma\/index.php\/produit\/cable-dalimentation-secteur-180w-pour-dji-inspire-2-dji-ronin-2-2\/","url_meta":{"origin":2075,"position":5},"title":"C\u00e2ble d&rsquo;alimentation secteur 180W pour DJI Inspire 2 &#038; DJI Ronin 2","author":"admin","date":"21 novembre 2020","format":false,"excerpt":"C\u00e2ble AC pour adaptateur secteur 180W Inspire 2","rel":"","context":"Article similaire","block_context":{"text":"Article similaire","link":""},"img":{"alt_text":"","src":"https:\/\/i0.wp.com\/store.droneway.ma\/wp-content\/uploads\/2020\/11\/cable-ac-pour-adaptateur-secteur-180w-inspire-2-p-image-217792-grande.jpg?resize=350%2C200&ssl=1","width":350,"height":200},"classes":[]}],"jetpack_sharing_enabled":true,"_links":{"self":[{"href":"https:\/\/store.droneway.ma\/index.php\/wp-json\/wp\/v2\/product\/2075","targetHints":{"allow":["GET"]}}],"collection":[{"href":"https:\/\/store.droneway.ma\/index.php\/wp-json\/wp\/v2\/product"}],"about":[{"href":"https:\/\/store.droneway.ma\/index.php\/wp-json\/wp\/v2\/types\/product"}],"wp:featuredmedia":[{"embeddable":true,"href":"https:\/\/store.droneway.ma\/index.php\/wp-json\/wp\/v2\/media\/579"}],"wp:attachment":[{"href":"https:\/\/store.droneway.ma\/index.php\/wp-json\/wp\/v2\/media?parent=2075"}],"wp:term":[{"taxonomy":"product_brand","embeddable":true,"href":"https:\/\/store.droneway.ma\/index.php\/wp-json\/wp\/v2\/product_brand?post=2075"},{"taxonomy":"product_cat","embeddable":true,"href":"https:\/\/store.droneway.ma\/index.php\/wp-json\/wp\/v2\/product_cat?post=2075"},{"taxonomy":"product_tag","embeddable":true,"href":"https:\/\/store.droneway.ma\/index.php\/wp-json\/wp\/v2\/product_tag?post=2075"}],"curies":[{"name":"wp","href":"https:\/\/api.w.org\/{rel}","templated":true}]}}