{"id":2073,"date":"2020-11-21T19:00:59","date_gmt":"2020-11-21T18:00:59","guid":{"rendered":"http:\/\/store.droneway.ma\/index.php\/produit\/cable-secteur-pour-chargeur-dji-hex\/"},"modified":"2020-11-21T19:01:02","modified_gmt":"2020-11-21T18:01:02","slug":"cable-secteur-pour-chargeur-dji-hex","status":"publish","type":"product","link":"https:\/\/store.droneway.ma\/index.php\/produit\/cable-secteur-pour-chargeur-dji-hex\/","title":{"rendered":"C\u00e2ble secteur pour chargeur DJI Hex"},"content":{"rendered":"<p>Raccordez le chargeur HEX de votre drone DJI Inspire 1 &#038; 2, Matrice 100, Matrice 200 (v1) ou Matrice 600 au secteur gr\u00e2ce \u00e0 ce c\u00e2ble d&rsquo;alimentation 250V.<\/p>\n","protected":false},"excerpt":{"rendered":"<p>C\u00e2ble secteur pour chargeur DJI HEX<\/p>\n","protected":false},"featured_media":738,"template":"","meta":{"content-type":"","rop_custom_images_group":[],"rop_custom_messages_group":[],"rop_publish_now":"initial","rop_publish_now_accounts":[],"rop_publish_now_history":[],"rop_publish_now_status":"pending"},"product_brand":[],"product_cat":[40,41],"product_tag":[],"class_list":{"0":"post-2073","1":"product","2":"type-product","3":"status-publish","4":"has-post-thumbnail","6":"product_cat-inspire","7":"product_cat-inspire-2","9":"first","10":"instock","11":"purchasable","12":"product-type-simple"},"jetpack-related-posts":[{"id":2119,"url":"https:\/\/store.droneway.ma\/index.php\/produit\/chargeur-dji-inspire-2-et-matrice-200-180w-2\/","url_meta":{"origin":2073,"position":0},"title":"Chargeur DJI Inspire 2 et Matrice 200 180W","author":"admin","date":"21 novembre 2020","format":false,"excerpt":"Chargeur DJI Inspire 2 180W sans cordon secteur","rel":"","context":"Article similaire","block_context":{"text":"Article similaire","link":""},"img":{"alt_text":"Chargeur DJI Inspire 2 et Matrice 200 180W","src":"https:\/\/i0.wp.com\/store.droneway.ma\/wp-content\/uploads\/2020\/11\/chargeur-dji-inspire-2-180w-p-image-183811-grande.jpg?resize=350%2C200&ssl=1","width":350,"height":200,"srcset":"https:\/\/i0.wp.com\/store.droneway.ma\/wp-content\/uploads\/2020\/11\/chargeur-dji-inspire-2-180w-p-image-183811-grande.jpg?resize=350%2C200&ssl=1 1x, https:\/\/i0.wp.com\/store.droneway.ma\/wp-content\/uploads\/2020\/11\/chargeur-dji-inspire-2-180w-p-image-183811-grande.jpg?resize=525%2C300&ssl=1 1.5x, https:\/\/i0.wp.com\/store.droneway.ma\/wp-content\/uploads\/2020\/11\/chargeur-dji-inspire-2-180w-p-image-183811-grande.jpg?resize=700%2C400&ssl=1 2x"},"classes":[]},{"id":2075,"url":"https:\/\/store.droneway.ma\/index.php\/produit\/chargeur-dji-inspire-2-et-matrice-200-180w\/","url_meta":{"origin":2073,"position":1},"title":"Chargeur DJI Inspire 2 et Matrice 200 180W","author":"admin","date":"21 novembre 2020","format":false,"excerpt":"Chargeur DJI Inspire 2 180W sans cordon secteur","rel":"","context":"Article similaire","block_context":{"text":"Article similaire","link":""},"img":{"alt_text":"Chargeur DJI Inspire 2 et Matrice 200 180W","src":"https:\/\/i0.wp.com\/store.droneway.ma\/wp-content\/uploads\/2020\/11\/chargeur-dji-inspire-2-180w-p-image-183811-grande.jpg?resize=350%2C200&ssl=1","width":350,"height":200,"srcset":"https:\/\/i0.wp.com\/store.droneway.ma\/wp-content\/uploads\/2020\/11\/chargeur-dji-inspire-2-180w-p-image-183811-grande.jpg?resize=350%2C200&ssl=1 1x, https:\/\/i0.wp.com\/store.droneway.ma\/wp-content\/uploads\/2020\/11\/chargeur-dji-inspire-2-180w-p-image-183811-grande.jpg?resize=525%2C300&ssl=1 1.5x, https:\/\/i0.wp.com\/store.droneway.ma\/wp-content\/uploads\/2020\/11\/chargeur-dji-inspire-2-180w-p-image-183811-grande.jpg?resize=700%2C400&ssl=1 2x"},"classes":[]},{"id":2078,"url":"https:\/\/store.droneway.ma\/index.php\/produit\/cable-dalimentation-secteur-180w-pour-dji-inspire-2-dji-ronin-2\/","url_meta":{"origin":2073,"position":2},"title":"C\u00e2ble d&rsquo;alimentation secteur 180W pour DJI Inspire 2 &#038; DJI Ronin 2","author":"admin","date":"21 novembre 2020","format":false,"excerpt":"C\u00e2ble de charge pour chargeur 180 W, compatible avec le DJI Inspire 2 et le stabilisateur DJI Ronin 2.","rel":"","context":"Article similaire","block_context":{"text":"Article similaire","link":""},"img":{"alt_text":"","src":"https:\/\/i0.wp.com\/store.droneway.ma\/wp-content\/uploads\/2020\/11\/cable-ac-pour-adaptateur-secteur-180w-inspire-2-p-image-217792-grande.jpg?resize=350%2C200&ssl=1","width":350,"height":200},"classes":[]},{"id":2143,"url":"https:\/\/store.droneway.ma\/index.php\/produit\/valise-pour-chargeurs-et-batteries-dji-matrice\/","url_meta":{"origin":2073,"position":3},"title":"Valise pour chargeurs et batteries DJI Matrice","author":"admin","date":"21 novembre 2020","format":false,"excerpt":"Valise pour chargeur et batteries DJI Matrice 600","rel":"","context":"Article similaire","block_context":{"text":"Article similaire","link":""},"img":{"alt_text":"Valise pour chargeurs et batteries DJI Matrice","src":"https:\/\/i0.wp.com\/store.droneway.ma\/wp-content\/uploads\/2020\/11\/valise-pour-chargeurs-et-batteries-dji-matrice-600-p-image-183238-grande.jpg?resize=350%2C200&ssl=1","width":350,"height":200,"srcset":"https:\/\/i0.wp.com\/store.droneway.ma\/wp-content\/uploads\/2020\/11\/valise-pour-chargeurs-et-batteries-dji-matrice-600-p-image-183238-grande.jpg?resize=350%2C200&ssl=1 1x, https:\/\/i0.wp.com\/store.droneway.ma\/wp-content\/uploads\/2020\/11\/valise-pour-chargeurs-et-batteries-dji-matrice-600-p-image-183238-grande.jpg?resize=525%2C300&ssl=1 1.5x, https:\/\/i0.wp.com\/store.droneway.ma\/wp-content\/uploads\/2020\/11\/valise-pour-chargeurs-et-batteries-dji-matrice-600-p-image-183238-grande.jpg?resize=700%2C400&ssl=1 2x"},"classes":[]},{"id":2486,"url":"https:\/\/store.droneway.ma\/index.php\/produit\/cable-dalimentation-secteur-180w-pour-dji-inspire-2-dji-ronin-2-2\/","url_meta":{"origin":2073,"position":4},"title":"C\u00e2ble d&rsquo;alimentation secteur 180W pour DJI Inspire 2 &#038; DJI Ronin 2","author":"admin","date":"21 novembre 2020","format":false,"excerpt":"C\u00e2ble AC pour adaptateur secteur 180W Inspire 2","rel":"","context":"Article similaire","block_context":{"text":"Article similaire","link":""},"img":{"alt_text":"","src":"https:\/\/i0.wp.com\/store.droneway.ma\/wp-content\/uploads\/2020\/11\/cable-ac-pour-adaptateur-secteur-180w-inspire-2-p-image-217792-grande.jpg?resize=350%2C200&ssl=1","width":350,"height":200},"classes":[]},{"id":2145,"url":"https:\/\/store.droneway.ma\/index.php\/produit\/valise-pour-chargeurs-et-batteries-dji-matrice-2\/","url_meta":{"origin":2073,"position":5},"title":"Valise pour chargeurs et batteries DJI Matrice","author":"admin","date":"21 novembre 2020","format":false,"excerpt":"Transportez ais\u00e9ment vos chargeurs et batteries intelligentes gr\u00e2ce \u00e0 cette mallette DJI. Elle peut contenir jusqu'\u00e0 2 chargeurs Hex DJI et 18 Batteries de type TB47S, TB48S, TB47D et TB48D. \u00c9quip\u00e9e de roues et d'une double poign\u00e9e, cette valise est id\u00e9ale pour le transport de votre \u00e9quipement. Des emplacements pour\u2026","rel":"","context":"Article similaire","block_context":{"text":"Article similaire","link":""},"img":{"alt_text":"Valise pour chargeurs et batteries DJI Matrice","src":"https:\/\/i0.wp.com\/store.droneway.ma\/wp-content\/uploads\/2020\/11\/valise-pour-chargeurs-et-batteries-dji-matrice-600-p-image-183238-grande.jpg?resize=350%2C200&ssl=1","width":350,"height":200,"srcset":"https:\/\/i0.wp.com\/store.droneway.ma\/wp-content\/uploads\/2020\/11\/valise-pour-chargeurs-et-batteries-dji-matrice-600-p-image-183238-grande.jpg?resize=350%2C200&ssl=1 1x, https:\/\/i0.wp.com\/store.droneway.ma\/wp-content\/uploads\/2020\/11\/valise-pour-chargeurs-et-batteries-dji-matrice-600-p-image-183238-grande.jpg?resize=525%2C300&ssl=1 1.5x, https:\/\/i0.wp.com\/store.droneway.ma\/wp-content\/uploads\/2020\/11\/valise-pour-chargeurs-et-batteries-dji-matrice-600-p-image-183238-grande.jpg?resize=700%2C400&ssl=1 2x"},"classes":[]}],"jetpack_sharing_enabled":true,"_links":{"self":[{"href":"https:\/\/store.droneway.ma\/index.php\/wp-json\/wp\/v2\/product\/2073","targetHints":{"allow":["GET"]}}],"collection":[{"href":"https:\/\/store.droneway.ma\/index.php\/wp-json\/wp\/v2\/product"}],"about":[{"href":"https:\/\/store.droneway.ma\/index.php\/wp-json\/wp\/v2\/types\/product"}],"wp:featuredmedia":[{"embeddable":true,"href":"https:\/\/store.droneway.ma\/index.php\/wp-json\/wp\/v2\/media\/738"}],"wp:attachment":[{"href":"https:\/\/store.droneway.ma\/index.php\/wp-json\/wp\/v2\/media?parent=2073"}],"wp:term":[{"taxonomy":"product_brand","embeddable":true,"href":"https:\/\/store.droneway.ma\/index.php\/wp-json\/wp\/v2\/product_brand?post=2073"},{"taxonomy":"product_cat","embeddable":true,"href":"https:\/\/store.droneway.ma\/index.php\/wp-json\/wp\/v2\/product_cat?post=2073"},{"taxonomy":"product_tag","embeddable":true,"href":"https:\/\/store.droneway.ma\/index.php\/wp-json\/wp\/v2\/product_tag?post=2073"}],"curies":[{"name":"wp","href":"https:\/\/api.w.org\/{rel}","templated":true}]}}