{"id":2071,"date":"2020-11-21T19:00:59","date_gmt":"2020-11-21T18:00:59","guid":{"rendered":"http:\/\/store.droneway.ma\/index.php\/produit\/dji-inspire-2-avec-zenmuse-x5s-advanced-kit\/"},"modified":"2020-11-21T19:01:01","modified_gmt":"2020-11-21T18:01:01","slug":"dji-inspire-2-avec-zenmuse-x5s-advanced-kit","status":"publish","type":"product","link":"https:\/\/store.droneway.ma\/index.php\/produit\/dji-inspire-2-avec-zenmuse-x5s-advanced-kit\/","title":{"rendered":"DJI Inspire 2 avec Zenmuse X5S Advanced Kit"},"content":{"rendered":"<p>Ce kit Advanced DJI comporte le drone Inspire 2, la cam\u00e9ra Zenmuse X5S, la radiocommande Cendence ainsi que les licences Apple ProRes et CinemaDNG.  Le DJI Inspire 2 Combo est id\u00e9al pour tous les professionnels d\u00e9sireux de trouver un drone \u00e0 la fois complet, polyvalent et ultra performant. L&rsquo;inspire 2 a \u00e9t\u00e9 pens\u00e9 pour \u00eatre facilement pilotable en double commande gr\u00e2ce \u00e0 une cam\u00e9ra FPV stabilis\u00e9e et deux transmissions vid\u00e9os distinctes. La cam\u00e9ra DJI Zenmuse X5S dispose d&rsquo;un capteur micro 4\/3 de 20.8 MP pouvant filmer en 5.2K \u00e0 30 images par seconde. La radiocommande Cendence permet une personnalisation compl\u00e8te de votre pilotage tout en augmentant la port\u00e9e du drone. Les licences Apple ProRes et CinemaDNG sont incluses dans ce combo pour un enregistrement imm\u00e9diat dans les plus hautes r\u00e9solutions et dans les meilleures qualit\u00e9s d\u2019images non-compress\u00e9es.  Note importante : Un disque SSD est n\u00e9cessaire pour l\u2019enregistrement en 4K non-compress\u00e9.<\/p>\n","protected":false},"excerpt":{"rendered":"<p>Pack complet : Inspire 2 et Zenmuse X5S<br \/>\nLicences Apple ProRes et CinemaDNG  Jusqu&rsquo;\u00e0 25 minutes de vol  D\u00e9tection d&rsquo;obstacles<\/p>\n","protected":false},"featured_media":731,"template":"","meta":{"content-type":"","rop_custom_images_group":[],"rop_custom_messages_group":[],"rop_publish_now":"initial","rop_publish_now_accounts":[],"rop_publish_now_history":[],"rop_publish_now_status":"pending"},"product_brand":[],"product_cat":[40,41],"product_tag":[],"class_list":{"0":"post-2071","1":"product","2":"type-product","3":"status-publish","4":"has-post-thumbnail","6":"product_cat-inspire","7":"product_cat-inspire-2","9":"first","10":"instock","11":"purchasable","12":"product-type-simple"},"jetpack-related-posts":[{"id":2069,"url":"https:\/\/store.droneway.ma\/index.php\/produit\/dji-inspire-2-avec-zenmuse-x7-advanced-kit\/","url_meta":{"origin":2071,"position":0},"title":"DJI Inspire 2 avec Zenmuse X7 Advanced Kit","author":"admin","date":"21 novembre 2020","format":false,"excerpt":"Pack complet : Inspire 2 et Zenmuse X7 Licences Apple ProRes et CinemaDNG Jusqu'\u00e0 25 minutes de vol D\u00e9tection d'obstacles","rel":"","context":"Article similaire","block_context":{"text":"Article similaire","link":""},"img":{"alt_text":"DJI Inspire 2 avec Zenmuse X7 Advanced Kit","src":"https:\/\/i0.wp.com\/store.droneway.ma\/wp-content\/uploads\/2020\/11\/dji-inspire-2-avec-zenmuse-x7-advanced-kit-p-image-219936-grande.jpg?resize=350%2C200&ssl=1","width":350,"height":200,"srcset":"https:\/\/i0.wp.com\/store.droneway.ma\/wp-content\/uploads\/2020\/11\/dji-inspire-2-avec-zenmuse-x7-advanced-kit-p-image-219936-grande.jpg?resize=350%2C200&ssl=1 1x, https:\/\/i0.wp.com\/store.droneway.ma\/wp-content\/uploads\/2020\/11\/dji-inspire-2-avec-zenmuse-x7-advanced-kit-p-image-219936-grande.jpg?resize=525%2C300&ssl=1 1.5x, https:\/\/i0.wp.com\/store.droneway.ma\/wp-content\/uploads\/2020\/11\/dji-inspire-2-avec-zenmuse-x7-advanced-kit-p-image-219936-grande.jpg?resize=700%2C400&ssl=1 2x"},"classes":[]},{"id":2072,"url":"https:\/\/store.droneway.ma\/index.php\/produit\/dji-inspire-2-avec-zenmuse-x5s-standard-kit\/","url_meta":{"origin":2071,"position":1},"title":"DJI Inspire 2 avec Zenmuse X5S Standard Kit","author":"admin","date":"21 novembre 2020","format":false,"excerpt":"Pack complet : Inspire 2 et Zenmuse X5S Jusqu'\u00e0 25 minutes de vol D\u00e9tection d'obstacles","rel":"","context":"Article similaire","block_context":{"text":"Article similaire","link":""},"img":{"alt_text":"DJI Inspire 2 avec Zenmuse X5S Standard Kit","src":"https:\/\/i0.wp.com\/store.droneway.ma\/wp-content\/uploads\/2020\/11\/dji-inspire-2-avec-zenmuse-x5s-standard-kit-p-image-219928-grande.jpg?resize=350%2C200&ssl=1","width":350,"height":200,"srcset":"https:\/\/i0.wp.com\/store.droneway.ma\/wp-content\/uploads\/2020\/11\/dji-inspire-2-avec-zenmuse-x5s-standard-kit-p-image-219928-grande.jpg?resize=350%2C200&ssl=1 1x, https:\/\/i0.wp.com\/store.droneway.ma\/wp-content\/uploads\/2020\/11\/dji-inspire-2-avec-zenmuse-x5s-standard-kit-p-image-219928-grande.jpg?resize=525%2C300&ssl=1 1.5x, https:\/\/i0.wp.com\/store.droneway.ma\/wp-content\/uploads\/2020\/11\/dji-inspire-2-avec-zenmuse-x5s-standard-kit-p-image-219928-grande.jpg?resize=700%2C400&ssl=1 2x"},"classes":[]},{"id":2070,"url":"https:\/\/store.droneway.ma\/index.php\/produit\/dji-inspire-2-avec-zenmuse-x7-standard-kit\/","url_meta":{"origin":2071,"position":2},"title":"DJI Inspire 2 avec Zenmuse X7 Standard Kit","author":"admin","date":"21 novembre 2020","format":false,"excerpt":"Pack complet : Inspire 2 et Zenmuse X7 Jusqu'\u00e0 25 minutes de vol D\u00e9tection d'obstacles","rel":"","context":"Article similaire","block_context":{"text":"Article similaire","link":""},"img":{"alt_text":"DJI Inspire 2 avec Zenmuse X7 Standard Kit","src":"https:\/\/i0.wp.com\/store.droneway.ma\/wp-content\/uploads\/2020\/11\/dji-inspire-2-avec-zenmuse-x7-standard-kit-p-image-219935-grande.jpg?resize=350%2C200&ssl=1","width":350,"height":200,"srcset":"https:\/\/i0.wp.com\/store.droneway.ma\/wp-content\/uploads\/2020\/11\/dji-inspire-2-avec-zenmuse-x7-standard-kit-p-image-219935-grande.jpg?resize=350%2C200&ssl=1 1x, https:\/\/i0.wp.com\/store.droneway.ma\/wp-content\/uploads\/2020\/11\/dji-inspire-2-avec-zenmuse-x7-standard-kit-p-image-219935-grande.jpg?resize=525%2C300&ssl=1 1.5x, https:\/\/i0.wp.com\/store.droneway.ma\/wp-content\/uploads\/2020\/11\/dji-inspire-2-avec-zenmuse-x7-standard-kit-p-image-219935-grande.jpg?resize=700%2C400&ssl=1 2x"},"classes":[]},{"id":2084,"url":"https:\/\/store.droneway.ma\/index.php\/produit\/valise-2780w-double-a-roulettes-pour-dji-inspire-2-hprc\/","url_meta":{"origin":2071,"position":3},"title":"Valise 2780W double \u00e0 roulettes pour DJI Inspire 2 &#8211; HPRC","author":"admin","date":"21 novembre 2020","format":false,"excerpt":"Valise \u00e0 roulettes haut de gamme HPRC Supporte la nacelle mont\u00e9e sur le drone IP67 : prot\u00e9g\u00e9e contre eau & poussi\u00e8re Double compartiment : 17 rangements S\u00e9curis\u00e9e","rel":"","context":"Article similaire","block_context":{"text":"Article similaire","link":""},"img":{"alt_text":"Valise 2780W double \u00e0 roulettes pour DJI Inspire 2 - HPRC","src":"https:\/\/i0.wp.com\/store.droneway.ma\/wp-content\/uploads\/2020\/11\/valise-hprc-a-roulettes-double-pour-dji-inspire-2-p-image-187266-grande.jpg?resize=350%2C200&ssl=1","width":350,"height":200},"classes":[]},{"id":2095,"url":"https:\/\/store.droneway.ma\/index.php\/produit\/filtre-nd16-et-pl-pour-dji-zenmuse-x5-x5r-x5s-x7\/","url_meta":{"origin":2071,"position":4},"title":"Filtre ND16 et PL pour DJI Zenmuse X5\/X5R\/X5S &#038; X7","author":"admin","date":"21 novembre 2020","format":false,"excerpt":"Filtre 2 en 1 ND & PL de qualit\u00e9 sup\u00e9rieure Effet Neutral Density ( ND16 ) Effet Polarisant ( PL ) Compatibles DJI ZENMUSE X5\/X5R\/X5S & X7","rel":"","context":"Article similaire","block_context":{"text":"Article similaire","link":""},"img":{"alt_text":"Filtre ND16 et PL pour DJI Zenmuse X5\/X5R\/X5S & X7","src":"https:\/\/i0.wp.com\/store.droneway.ma\/wp-content\/uploads\/2020\/11\/dji-zenmuse-x5-x5r-filtre-pour-drone-inspire-et-stabilisateur-main-osmo-p-image-175563-grande.jpg?resize=350%2C200&ssl=1","width":350,"height":200},"classes":[]},{"id":2101,"url":"https:\/\/store.droneway.ma\/index.php\/produit\/dji-matrice-200-v2\/","url_meta":{"origin":2071,"position":5},"title":"DJI Matrice 200 V2","author":"admin","date":"21 novembre 2020","format":false,"excerpt":"Le drone DJI Matrice s\u00e9rie 200 Con\u00e7u pour durer: Des moteurs haute performance associ\u00e9s \u00e0 des h\u00e9lices de 17 pouces assurent un vol stable par vent fort. Le nouveau syst\u00e8me d'alimentation \u00e0 double batterie chauffe automatiquement les batteries lors du vol \u00e0 des temp\u00e9ratures inf\u00e9rieures \u00e0 z\u00e9ro, tandis qu'une conception\u2026","rel":"","context":"Article similaire","block_context":{"text":"Article similaire","link":""},"img":{"alt_text":"DJI Matrice 200 V2","src":"https:\/\/i0.wp.com\/store.droneway.ma\/wp-content\/uploads\/2020\/11\/dji-matrice-200-v2-p-image-206841-grande.jpg?resize=350%2C200&ssl=1","width":350,"height":200},"classes":[]}],"jetpack_sharing_enabled":true,"_links":{"self":[{"href":"https:\/\/store.droneway.ma\/index.php\/wp-json\/wp\/v2\/product\/2071","targetHints":{"allow":["GET"]}}],"collection":[{"href":"https:\/\/store.droneway.ma\/index.php\/wp-json\/wp\/v2\/product"}],"about":[{"href":"https:\/\/store.droneway.ma\/index.php\/wp-json\/wp\/v2\/types\/product"}],"wp:featuredmedia":[{"embeddable":true,"href":"https:\/\/store.droneway.ma\/index.php\/wp-json\/wp\/v2\/media\/731"}],"wp:attachment":[{"href":"https:\/\/store.droneway.ma\/index.php\/wp-json\/wp\/v2\/media?parent=2071"}],"wp:term":[{"taxonomy":"product_brand","embeddable":true,"href":"https:\/\/store.droneway.ma\/index.php\/wp-json\/wp\/v2\/product_brand?post=2071"},{"taxonomy":"product_cat","embeddable":true,"href":"https:\/\/store.droneway.ma\/index.php\/wp-json\/wp\/v2\/product_cat?post=2071"},{"taxonomy":"product_tag","embeddable":true,"href":"https:\/\/store.droneway.ma\/index.php\/wp-json\/wp\/v2\/product_tag?post=2071"}],"curies":[{"name":"wp","href":"https:\/\/api.w.org\/{rel}","templated":true}]}}