{"id":2067,"date":"2020-11-21T19:00:42","date_gmt":"2020-11-21T18:00:42","guid":{"rendered":"http:\/\/store.droneway.ma\/index.php\/produit\/cable-otg-micro-usb-vers-usb\/"},"modified":"2020-11-21T19:00:56","modified_gmt":"2020-11-21T18:00:56","slug":"cable-otg-micro-usb-vers-usb","status":"publish","type":"product","link":"https:\/\/store.droneway.ma\/index.php\/produit\/cable-otg-micro-usb-vers-usb\/","title":{"rendered":"C\u00e2ble OTG micro USB vers USB"},"content":{"rendered":"<p>Ce c\u00e2ble OTG permettra de booster la port\u00e9e du drone DJI Spark ou encore d&rsquo;utiliser les DJI Goggles pour voler en FPV. M\u00eame si nous vous conseillons de rester prudent par rapport \u00e0 l\u2019\u00e9loignement du Spark, cet accessoire vous garantira une plus grande libert\u00e9 et un champ d\u2019action \u00e9largi. Ce c\u00e2ble micro-USB a \u00e9t\u00e9 \u00e9labor\u00e9 avec des mat\u00e9riaux premium pour vous apporter une connexion sans faille!<\/p>\n","protected":false},"excerpt":{"rendered":"<p>Booste la port\u00e9e du Spark (jusqu&rsquo;\u00e0 900m)<br \/>\n\tCompatible avec d&rsquo;autres p\u00e9riph\u00e9riques<br \/>\nPour une utilisation FPV (DJI Goggles)<br \/>\nOTG certifi\u00e9 norme UBS 2.0 \t  \tMat\u00e9riaux premium<\/p>\n","protected":false},"featured_media":701,"template":"","meta":{"content-type":"","rop_custom_images_group":[],"rop_custom_messages_group":[],"rop_publish_now":"initial","rop_publish_now_accounts":[],"rop_publish_now_history":[],"rop_publish_now_status":"pending"},"product_brand":[],"product_cat":[38,39],"product_tag":[],"class_list":{"0":"post-2067","1":"product","2":"type-product","3":"status-publish","4":"has-post-thumbnail","6":"product_cat-goggle","7":"product_cat-goggle-goggle","9":"first","10":"instock","11":"purchasable","12":"product-type-simple"},"jetpack-related-posts":[{"id":2065,"url":"https:\/\/store.droneway.ma\/index.php\/produit\/dji-goggles-racing-edition\/","url_meta":{"origin":2067,"position":0},"title":"DJI Goggles Racing Edition","author":"admin","date":"21 novembre 2020","format":false,"excerpt":"R\u00e9solution d'affichage 3840 x 1080 pixels Optimis\u00e9 pour les drones racer (FPV) Compatible syst\u00e8me de transmission OcuSync Compatible Mavic, Spark, Inspire, Phantom 4...","rel":"","context":"Article similaire","block_context":{"text":"Article similaire","link":""},"img":{"alt_text":"DJI Goggles Racing Edition","src":"https:\/\/i0.wp.com\/store.droneway.ma\/wp-content\/uploads\/2020\/11\/dji-goggles-re-p-image-193061-grande.jpg?resize=350%2C200&ssl=1","width":350,"height":200,"srcset":"https:\/\/i0.wp.com\/store.droneway.ma\/wp-content\/uploads\/2020\/11\/dji-goggles-re-p-image-193061-grande.jpg?resize=350%2C200&ssl=1 1x, https:\/\/i0.wp.com\/store.droneway.ma\/wp-content\/uploads\/2020\/11\/dji-goggles-re-p-image-193061-grande.jpg?resize=525%2C300&ssl=1 1.5x"},"classes":[]},{"id":2086,"url":"https:\/\/store.droneway.ma\/index.php\/produit\/dji-goggles-racing-edition-2\/","url_meta":{"origin":2067,"position":1},"title":"DJI Goggles Racing Edition","author":"admin","date":"21 novembre 2020","format":false,"excerpt":"R\u00e9solution d'affichage 3840 x 1080 pixels Optimis\u00e9 pour les drones racer (FPV) Compatible syst\u00e8me de transmission OcuSync Compatible Mavic, Spark, Inspire, Phantom 4...","rel":"","context":"Article similaire","block_context":{"text":"Article similaire","link":""},"img":{"alt_text":"DJI Goggles Racing Edition","src":"https:\/\/i0.wp.com\/store.droneway.ma\/wp-content\/uploads\/2020\/11\/dji-goggles-re-p-image-193061-grande.jpg?resize=350%2C200&ssl=1","width":350,"height":200,"srcset":"https:\/\/i0.wp.com\/store.droneway.ma\/wp-content\/uploads\/2020\/11\/dji-goggles-re-p-image-193061-grande.jpg?resize=350%2C200&ssl=1 1x, https:\/\/i0.wp.com\/store.droneway.ma\/wp-content\/uploads\/2020\/11\/dji-goggles-re-p-image-193061-grande.jpg?resize=525%2C300&ssl=1 1.5x"},"classes":[]},{"id":2241,"url":"https:\/\/store.droneway.ma\/index.php\/produit\/dji-goggles-racing-edition-3\/","url_meta":{"origin":2067,"position":2},"title":"DJI Goggles Racing Edition","author":"admin","date":"21 novembre 2020","format":false,"excerpt":"R\u00e9solution d'affichage 3840 x 1080 pixels Optimis\u00e9 pour les drones racer (FPV) Compatible syst\u00e8me de transmission OcuSync Compatible Mavic, Spark, Inspire, Phantom 4...","rel":"","context":"Article similaire","block_context":{"text":"Article similaire","link":""},"img":{"alt_text":"DJI Goggles Racing Edition","src":"https:\/\/i0.wp.com\/store.droneway.ma\/wp-content\/uploads\/2020\/11\/dji-goggles-re-p-image-193061-grande.jpg?resize=350%2C200&ssl=1","width":350,"height":200,"srcset":"https:\/\/i0.wp.com\/store.droneway.ma\/wp-content\/uploads\/2020\/11\/dji-goggles-re-p-image-193061-grande.jpg?resize=350%2C200&ssl=1 1x, https:\/\/i0.wp.com\/store.droneway.ma\/wp-content\/uploads\/2020\/11\/dji-goggles-re-p-image-193061-grande.jpg?resize=525%2C300&ssl=1 1.5x"},"classes":[]},{"id":2066,"url":"https:\/\/store.droneway.ma\/index.php\/produit\/dji-goggles\/","url_meta":{"origin":2067,"position":3},"title":"DJI Goggles","author":"admin","date":"21 novembre 2020","format":false,"excerpt":"Retour FULL HD 1080p \u00c9crans 5\" \/ FOV de 85\u00b0 Connectique HDMI 110 millisecondes de latence Compatible Mavic, Inspire, Phantom 4, Spark...","rel":"","context":"Article similaire","block_context":{"text":"Article similaire","link":""},"img":{"alt_text":"DJI Goggles","src":"https:\/\/i0.wp.com\/store.droneway.ma\/wp-content\/uploads\/2020\/11\/casque-dji-goggles-p-image-188044-grande.jpg?resize=350%2C200&ssl=1","width":350,"height":200},"classes":[]},{"id":2093,"url":"https:\/\/store.droneway.ma\/index.php\/produit\/dji-goggles-2\/","url_meta":{"origin":2067,"position":4},"title":"DJI Goggles","author":"admin","date":"21 novembre 2020","format":false,"excerpt":"Retour FULL HD 1080p \u00c9crans 5\" \/ FOV de 85\u00b0 Connectique HDMI 110 millisecondes de latence Compatible Mavic, Inspire, Phantom 4, Spark...","rel":"","context":"Article similaire","block_context":{"text":"Article similaire","link":""},"img":{"alt_text":"DJI Goggles","src":"https:\/\/i0.wp.com\/store.droneway.ma\/wp-content\/uploads\/2020\/11\/casque-dji-goggles-p-image-188044-grande.jpg?resize=350%2C200&ssl=1","width":350,"height":200},"classes":[]},{"id":2261,"url":"https:\/\/store.droneway.ma\/index.php\/produit\/dji-goggles-3\/","url_meta":{"origin":2067,"position":5},"title":"DJI Goggles","author":"admin","date":"21 novembre 2020","format":false,"excerpt":"Retour FULL HD 1080p \u00c9crans 5\" \/ FOV de 85\u00b0 Connectique HDMI 110 millisecondes de latence Compatible Mavic, Inspire, Phantom 4, Spark...","rel":"","context":"Article similaire","block_context":{"text":"Article similaire","link":""},"img":{"alt_text":"DJI Goggles","src":"https:\/\/i0.wp.com\/store.droneway.ma\/wp-content\/uploads\/2020\/11\/casque-dji-goggles-p-image-188044-grande.jpg?resize=350%2C200&ssl=1","width":350,"height":200},"classes":[]}],"jetpack_sharing_enabled":true,"_links":{"self":[{"href":"https:\/\/store.droneway.ma\/index.php\/wp-json\/wp\/v2\/product\/2067","targetHints":{"allow":["GET"]}}],"collection":[{"href":"https:\/\/store.droneway.ma\/index.php\/wp-json\/wp\/v2\/product"}],"about":[{"href":"https:\/\/store.droneway.ma\/index.php\/wp-json\/wp\/v2\/types\/product"}],"wp:featuredmedia":[{"embeddable":true,"href":"https:\/\/store.droneway.ma\/index.php\/wp-json\/wp\/v2\/media\/701"}],"wp:attachment":[{"href":"https:\/\/store.droneway.ma\/index.php\/wp-json\/wp\/v2\/media?parent=2067"}],"wp:term":[{"taxonomy":"product_brand","embeddable":true,"href":"https:\/\/store.droneway.ma\/index.php\/wp-json\/wp\/v2\/product_brand?post=2067"},{"taxonomy":"product_cat","embeddable":true,"href":"https:\/\/store.droneway.ma\/index.php\/wp-json\/wp\/v2\/product_cat?post=2067"},{"taxonomy":"product_tag","embeddable":true,"href":"https:\/\/store.droneway.ma\/index.php\/wp-json\/wp\/v2\/product_tag?post=2067"}],"curies":[{"name":"wp","href":"https:\/\/api.w.org\/{rel}","templated":true}]}}