{"id":2064,"date":"2020-11-21T19:00:42","date_gmt":"2020-11-21T18:00:42","guid":{"rendered":"http:\/\/store.droneway.ma\/index.php\/produit\/dji-fpv-basic-combo\/"},"modified":"2020-11-21T19:00:54","modified_gmt":"2020-11-21T18:00:54","slug":"dji-fpv-basic-combo","status":"publish","type":"product","link":"https:\/\/store.droneway.ma\/index.php\/produit\/dji-fpv-basic-combo\/","title":{"rendered":"DJI FPV &#8211; Basic combo"},"content":{"rendered":"<p>Optez pour le Basic Combo DJI FPV et \u00e9quipez votre drone racer du syst\u00e8me de transmission num\u00e9rique HD \u00e0 faible latence pour des courses en immersion endiabl\u00e9es ! Le DJI FPV est l&rsquo;\u00e9volution des DJI Goggles Racing Edition sorties 2 ans auparavant.\u00a0  Le kit se compose de l&rsquo;unit\u00e9 a\u00e9rienne et de sa cam\u00e9ra ainsi que du casque DJI FPV. Connectez l&rsquo;unit\u00e9 a\u00e9rienne DJI FPV sur votre carte de vol, installez la cam\u00e9ra et d\u00e9couvrez le vol subjectif en haute d\u00e9finition.  DJI FPV s&rsquo;appuie sur le syst\u00e8me de transmission DJI HDL FPV qui fonctionne en boucle ferm\u00e9e et offre un flux vid\u00e9o avec une tr\u00e8s faible latence de 28 ms, une r\u00e9solution HD 720p \u00e0 120 im\/s dans le casque FPV et des images 1080p \u00e0 60im\/s enregistr\u00e9es par la cam\u00e9ra.<\/p>\n","protected":false},"excerpt":{"rendered":"<p>Combo cam\u00e9ra DJI FPV<\/p>\n","protected":false},"featured_media":471,"template":"","meta":{"content-type":"","rop_custom_images_group":[],"rop_custom_messages_group":[],"rop_publish_now":"initial","rop_publish_now_accounts":[],"rop_publish_now_history":[],"rop_publish_now_status":"pending"},"product_brand":[],"product_cat":[20,57],"product_tag":[],"class_list":{"0":"post-2064","1":"product","2":"type-product","3":"status-publish","4":"has-post-thumbnail","6":"product_cat-goggle-fpv","7":"product_cat-fpv","9":"first","10":"instock","11":"purchasable","12":"product-type-simple"},"jetpack-related-posts":[{"id":2061,"url":"https:\/\/store.droneway.ma\/index.php\/produit\/dji-fpv-fly-more-combo\/","url_meta":{"origin":2064,"position":0},"title":"DJI FPV &#8211; Fly More Combo","author":"admin","date":"21 novembre 2020","format":false,"excerpt":"L'unit\u00e9 a\u00e9rienne DJI FPV compos\u00e9 du module et d'une cam\u00e9ra FPV HD Un casque d'immersion DJI FPV confortable Une radiocommande DJI FPV pour le pilotage du drone","rel":"","context":"Article similaire","block_context":{"text":"Article similaire","link":""},"img":{"alt_text":"DJI FPV - Fly More Combo","src":"https:\/\/i0.wp.com\/store.droneway.ma\/wp-content\/uploads\/2020\/11\/dji-fpv-fly-more-combo-p-image-211364-grande.jpg?resize=350%2C200&ssl=1","width":350,"height":200,"srcset":"https:\/\/i0.wp.com\/store.droneway.ma\/wp-content\/uploads\/2020\/11\/dji-fpv-fly-more-combo-p-image-211364-grande.jpg?resize=350%2C200&ssl=1 1x, https:\/\/i0.wp.com\/store.droneway.ma\/wp-content\/uploads\/2020\/11\/dji-fpv-fly-more-combo-p-image-211364-grande.jpg?resize=525%2C300&ssl=1 1.5x, https:\/\/i0.wp.com\/store.droneway.ma\/wp-content\/uploads\/2020\/11\/dji-fpv-fly-more-combo-p-image-211364-grande.jpg?resize=700%2C400&ssl=1 2x"},"classes":[]},{"id":2058,"url":"https:\/\/store.droneway.ma\/index.php\/produit\/cable-3-en-1-pour-unite-aerienne-dji-fpv\/","url_meta":{"origin":2064,"position":1},"title":"C\u00e2ble 3 en 1 pour unit\u00e9 a\u00e9rienne DJI FPV","author":"admin","date":"21 novembre 2020","format":false,"excerpt":"C\u00e2bme 3 en 1","rel":"","context":"Article similaire","block_context":{"text":"Article similaire","link":""},"img":{"alt_text":"C\u00e2ble 3 en 1 pour unit\u00e9 a\u00e9rienne DJI FPV","src":"https:\/\/i0.wp.com\/store.droneway.ma\/wp-content\/uploads\/2020\/11\/cable-3-en-1-pour-unite-aerienne-dji-fpv-p-image-211371-grande.jpg?resize=350%2C200&ssl=1","width":350,"height":200},"classes":[]},{"id":2060,"url":"https:\/\/store.droneway.ma\/index.php\/produit\/casque-dji-fpv\/","url_meta":{"origin":2064,"position":2},"title":"Casque DJI FPV","author":"admin","date":"21 novembre 2020","format":false,"excerpt":"Casque DJI FPV pour vos configurations analogiques gr\u00e2ce \u00e0 ce kit iFlight","rel":"","context":"Article similaire","block_context":{"text":"Article similaire","link":""},"img":{"alt_text":"Casque DJI FPV","src":"https:\/\/i0.wp.com\/store.droneway.ma\/wp-content\/uploads\/2020\/11\/casque-dji-fpv-p-image-211276-grande.jpg?resize=350%2C200&ssl=1","width":350,"height":200,"srcset":"https:\/\/i0.wp.com\/store.droneway.ma\/wp-content\/uploads\/2020\/11\/casque-dji-fpv-p-image-211276-grande.jpg?resize=350%2C200&ssl=1 1x, https:\/\/i0.wp.com\/store.droneway.ma\/wp-content\/uploads\/2020\/11\/casque-dji-fpv-p-image-211276-grande.jpg?resize=525%2C300&ssl=1 1.5x, https:\/\/i0.wp.com\/store.droneway.ma\/wp-content\/uploads\/2020\/11\/casque-dji-fpv-p-image-211276-grande.jpg?resize=700%2C400&ssl=1 2x"},"classes":[]},{"id":2063,"url":"https:\/\/store.droneway.ma\/index.php\/produit\/camera-dji-fpv\/","url_meta":{"origin":2064,"position":3},"title":"Cam\u00e9ra DJI FPV","author":"admin","date":"21 novembre 2020","format":false,"excerpt":"Cam\u00e9ra DJI FPV","rel":"","context":"Article similaire","block_context":{"text":"Article similaire","link":""},"img":{"alt_text":"Cam\u00e9ra DJI FPV","src":"https:\/\/i0.wp.com\/store.droneway.ma\/wp-content\/uploads\/2020\/11\/camera-dji-fpv-p-image-211348-grande.jpg?resize=350%2C200&ssl=1","width":350,"height":200,"srcset":"https:\/\/i0.wp.com\/store.droneway.ma\/wp-content\/uploads\/2020\/11\/camera-dji-fpv-p-image-211348-grande.jpg?resize=350%2C200&ssl=1 1x, https:\/\/i0.wp.com\/store.droneway.ma\/wp-content\/uploads\/2020\/11\/camera-dji-fpv-p-image-211348-grande.jpg?resize=525%2C300&ssl=1 1.5x"},"classes":[]},{"id":2062,"url":"https:\/\/store.droneway.ma\/index.php\/produit\/protection-lentille-dji-fpv-dji\/","url_meta":{"origin":2064,"position":4},"title":"Protection lentille DJI FPV &#8211; DJI","author":"admin","date":"21 novembre 2020","format":false,"excerpt":"Cet accessoire prot\u00e8ge efficacement l'objectif de la cam\u00e9ra pendant le vol. Le bo\u00eetier de protection en m\u00e9tal, la lentille de protection en verre tremp\u00e9 et la lentille en verre sont tous amovibles. Cet accessoire peut \u00e9galement \u00eatre viss\u00e9 sur le cadre de la cam\u00e9ra.","rel":"","context":"Article similaire","block_context":{"text":"Article similaire","link":""},"img":{"alt_text":"Protection lentille DJI FPV - DJI","src":"https:\/\/i0.wp.com\/store.droneway.ma\/wp-content\/uploads\/2020\/11\/protecteur-d-objectif-dji-fpv-dji-p-image-212655-grande.jpg?resize=350%2C200&ssl=1","width":350,"height":200},"classes":[]},{"id":2057,"url":"https:\/\/store.droneway.ma\/index.php\/produit\/kit-de-conversion-analogique-iflight-pour-dji-fpv\/","url_meta":{"origin":2064,"position":5},"title":"Kit de conversion analogique iFlight pour DJI FPV","author":"admin","date":"21 novembre 2020","format":false,"excerpt":"Casque DJI FPV pour vos configurations analogiques gr\u00e2ce \u00e0 ce kit iFlight","rel":"","context":"Article similaire","block_context":{"text":"Article similaire","link":""},"img":{"alt_text":"Kit de conversion analogique iFlight pour DJI FPV","src":"https:\/\/i0.wp.com\/store.droneway.ma\/wp-content\/uploads\/2020\/11\/kit-de-conversion-analogique-iflight-pour-dji-fpv-p-image-217396-grande.jpg?resize=350%2C200&ssl=1","width":350,"height":200,"srcset":"https:\/\/i0.wp.com\/store.droneway.ma\/wp-content\/uploads\/2020\/11\/kit-de-conversion-analogique-iflight-pour-dji-fpv-p-image-217396-grande.jpg?resize=350%2C200&ssl=1 1x, https:\/\/i0.wp.com\/store.droneway.ma\/wp-content\/uploads\/2020\/11\/kit-de-conversion-analogique-iflight-pour-dji-fpv-p-image-217396-grande.jpg?resize=525%2C300&ssl=1 1.5x, https:\/\/i0.wp.com\/store.droneway.ma\/wp-content\/uploads\/2020\/11\/kit-de-conversion-analogique-iflight-pour-dji-fpv-p-image-217396-grande.jpg?resize=700%2C400&ssl=1 2x"},"classes":[]}],"jetpack_sharing_enabled":true,"_links":{"self":[{"href":"https:\/\/store.droneway.ma\/index.php\/wp-json\/wp\/v2\/product\/2064","targetHints":{"allow":["GET"]}}],"collection":[{"href":"https:\/\/store.droneway.ma\/index.php\/wp-json\/wp\/v2\/product"}],"about":[{"href":"https:\/\/store.droneway.ma\/index.php\/wp-json\/wp\/v2\/types\/product"}],"wp:featuredmedia":[{"embeddable":true,"href":"https:\/\/store.droneway.ma\/index.php\/wp-json\/wp\/v2\/media\/471"}],"wp:attachment":[{"href":"https:\/\/store.droneway.ma\/index.php\/wp-json\/wp\/v2\/media?parent=2064"}],"wp:term":[{"taxonomy":"product_brand","embeddable":true,"href":"https:\/\/store.droneway.ma\/index.php\/wp-json\/wp\/v2\/product_brand?post=2064"},{"taxonomy":"product_cat","embeddable":true,"href":"https:\/\/store.droneway.ma\/index.php\/wp-json\/wp\/v2\/product_cat?post=2064"},{"taxonomy":"product_tag","embeddable":true,"href":"https:\/\/store.droneway.ma\/index.php\/wp-json\/wp\/v2\/product_tag?post=2064"}],"curies":[{"name":"wp","href":"https:\/\/api.w.org\/{rel}","templated":true}]}}