{"id":2063,"date":"2020-11-21T19:00:42","date_gmt":"2020-11-21T18:00:42","guid":{"rendered":"http:\/\/store.droneway.ma\/index.php\/produit\/camera-dji-fpv\/"},"modified":"2020-11-21T19:00:53","modified_gmt":"2020-11-21T18:00:53","slug":"camera-dji-fpv","status":"publish","type":"product","link":"https:\/\/store.droneway.ma\/index.php\/produit\/camera-dji-fpv\/","title":{"rendered":"Cam\u00e9ra DJI FPV"},"content":{"rendered":"<p>Remplacez la cam\u00e9ra de votre syst\u00e8me de transmission DJI FPV.  Son design permet un remplacement rapide et facile en cas de casse de votre cam\u00e9ra vendue en pack.<\/p>\n","protected":false},"excerpt":{"rendered":"<p>Cam\u00e9ra DJI FPV<\/p>\n","protected":false},"featured_media":449,"template":"","meta":{"content-type":"","rop_custom_images_group":[],"rop_custom_messages_group":[],"rop_publish_now":"initial","rop_publish_now_accounts":[],"rop_publish_now_history":[],"rop_publish_now_status":"pending"},"product_brand":[],"product_cat":[20,57],"product_tag":[],"class_list":{"0":"post-2063","1":"product","2":"type-product","3":"status-publish","4":"has-post-thumbnail","6":"product_cat-goggle-fpv","7":"product_cat-fpv","9":"first","10":"instock","11":"purchasable","12":"product-type-simple"},"jetpack-related-posts":[{"id":2064,"url":"https:\/\/store.droneway.ma\/index.php\/produit\/dji-fpv-basic-combo\/","url_meta":{"origin":2063,"position":0},"title":"DJI FPV &#8211; Basic combo","author":"admin","date":"21 novembre 2020","format":false,"excerpt":"Combo cam\u00e9ra DJI FPV","rel":"","context":"Article similaire","block_context":{"text":"Article similaire","link":""},"img":{"alt_text":"DJI FPV - Basic combo","src":"https:\/\/i0.wp.com\/store.droneway.ma\/wp-content\/uploads\/2020\/11\/dji-fpv-basic-combo-p-image-211406-grande.jpg?resize=350%2C200&ssl=1","width":350,"height":200,"srcset":"https:\/\/i0.wp.com\/store.droneway.ma\/wp-content\/uploads\/2020\/11\/dji-fpv-basic-combo-p-image-211406-grande.jpg?resize=350%2C200&ssl=1 1x, https:\/\/i0.wp.com\/store.droneway.ma\/wp-content\/uploads\/2020\/11\/dji-fpv-basic-combo-p-image-211406-grande.jpg?resize=525%2C300&ssl=1 1.5x, https:\/\/i0.wp.com\/store.droneway.ma\/wp-content\/uploads\/2020\/11\/dji-fpv-basic-combo-p-image-211406-grande.jpg?resize=700%2C400&ssl=1 2x"},"classes":[]},{"id":2062,"url":"https:\/\/store.droneway.ma\/index.php\/produit\/protection-lentille-dji-fpv-dji\/","url_meta":{"origin":2063,"position":1},"title":"Protection lentille DJI FPV &#8211; DJI","author":"admin","date":"21 novembre 2020","format":false,"excerpt":"Cet accessoire prot\u00e8ge efficacement l'objectif de la cam\u00e9ra pendant le vol. Le bo\u00eetier de protection en m\u00e9tal, la lentille de protection en verre tremp\u00e9 et la lentille en verre sont tous amovibles. Cet accessoire peut \u00e9galement \u00eatre viss\u00e9 sur le cadre de la cam\u00e9ra.","rel":"","context":"Article similaire","block_context":{"text":"Article similaire","link":""},"img":{"alt_text":"Protection lentille DJI FPV - DJI","src":"https:\/\/i0.wp.com\/store.droneway.ma\/wp-content\/uploads\/2020\/11\/protecteur-d-objectif-dji-fpv-dji-p-image-212655-grande.jpg?resize=350%2C200&ssl=1","width":350,"height":200},"classes":[]},{"id":2061,"url":"https:\/\/store.droneway.ma\/index.php\/produit\/dji-fpv-fly-more-combo\/","url_meta":{"origin":2063,"position":2},"title":"DJI FPV &#8211; Fly More Combo","author":"admin","date":"21 novembre 2020","format":false,"excerpt":"L'unit\u00e9 a\u00e9rienne DJI FPV compos\u00e9 du module et d'une cam\u00e9ra FPV HD Un casque d'immersion DJI FPV confortable Une radiocommande DJI FPV pour le pilotage du drone","rel":"","context":"Article similaire","block_context":{"text":"Article similaire","link":""},"img":{"alt_text":"DJI FPV - Fly More Combo","src":"https:\/\/i0.wp.com\/store.droneway.ma\/wp-content\/uploads\/2020\/11\/dji-fpv-fly-more-combo-p-image-211364-grande.jpg?resize=350%2C200&ssl=1","width":350,"height":200,"srcset":"https:\/\/i0.wp.com\/store.droneway.ma\/wp-content\/uploads\/2020\/11\/dji-fpv-fly-more-combo-p-image-211364-grande.jpg?resize=350%2C200&ssl=1 1x, https:\/\/i0.wp.com\/store.droneway.ma\/wp-content\/uploads\/2020\/11\/dji-fpv-fly-more-combo-p-image-211364-grande.jpg?resize=525%2C300&ssl=1 1.5x, https:\/\/i0.wp.com\/store.droneway.ma\/wp-content\/uploads\/2020\/11\/dji-fpv-fly-more-combo-p-image-211364-grande.jpg?resize=700%2C400&ssl=1 2x"},"classes":[]},{"id":2287,"url":"https:\/\/store.droneway.ma\/index.php\/produit\/dji-osmo-action\/","url_meta":{"origin":2063,"position":3},"title":"DJI Osmo Action 2 Power Combo","author":"admin","date":"21 novembre 2020","format":false,"excerpt":"Filme en 4k \u00e0 60 images par seconde Deux \u00e9crans LCD Fonction Hyperlapse et Timelapse Stabilisation num\u00e9rique Rocksteady La cam\u00e9ra DJI Osmo Action 2 me suit en voyage \u00e0 l'\u00e9tranger.","rel":"","context":"Article similaire","block_context":{"text":"Article similaire","link":""},"img":{"alt_text":"","src":"https:\/\/i0.wp.com\/store.droneway.ma\/wp-content\/uploads\/2020\/11\/action-2.jpg?resize=350%2C200&ssl=1","width":350,"height":200,"srcset":"https:\/\/i0.wp.com\/store.droneway.ma\/wp-content\/uploads\/2020\/11\/action-2.jpg?resize=350%2C200&ssl=1 1x, https:\/\/i0.wp.com\/store.droneway.ma\/wp-content\/uploads\/2020\/11\/action-2.jpg?resize=525%2C300&ssl=1 1.5x, https:\/\/i0.wp.com\/store.droneway.ma\/wp-content\/uploads\/2020\/11\/action-2.jpg?resize=700%2C400&ssl=1 2x, https:\/\/i0.wp.com\/store.droneway.ma\/wp-content\/uploads\/2020\/11\/action-2.jpg?resize=1050%2C600&ssl=1 3x"},"classes":[]},{"id":2072,"url":"https:\/\/store.droneway.ma\/index.php\/produit\/dji-inspire-2-avec-zenmuse-x5s-standard-kit\/","url_meta":{"origin":2063,"position":4},"title":"DJI Inspire 2 avec Zenmuse X5S Standard Kit","author":"admin","date":"21 novembre 2020","format":false,"excerpt":"Pack complet : Inspire 2 et Zenmuse X5S Jusqu'\u00e0 25 minutes de vol D\u00e9tection d'obstacles","rel":"","context":"Article similaire","block_context":{"text":"Article similaire","link":""},"img":{"alt_text":"DJI Inspire 2 avec Zenmuse X5S Standard Kit","src":"https:\/\/i0.wp.com\/store.droneway.ma\/wp-content\/uploads\/2020\/11\/dji-inspire-2-avec-zenmuse-x5s-standard-kit-p-image-219928-grande.jpg?resize=350%2C200&ssl=1","width":350,"height":200,"srcset":"https:\/\/i0.wp.com\/store.droneway.ma\/wp-content\/uploads\/2020\/11\/dji-inspire-2-avec-zenmuse-x5s-standard-kit-p-image-219928-grande.jpg?resize=350%2C200&ssl=1 1x, https:\/\/i0.wp.com\/store.droneway.ma\/wp-content\/uploads\/2020\/11\/dji-inspire-2-avec-zenmuse-x5s-standard-kit-p-image-219928-grande.jpg?resize=525%2C300&ssl=1 1.5x, https:\/\/i0.wp.com\/store.droneway.ma\/wp-content\/uploads\/2020\/11\/dji-inspire-2-avec-zenmuse-x5s-standard-kit-p-image-219928-grande.jpg?resize=700%2C400&ssl=1 2x"},"classes":[]},{"id":2057,"url":"https:\/\/store.droneway.ma\/index.php\/produit\/kit-de-conversion-analogique-iflight-pour-dji-fpv\/","url_meta":{"origin":2063,"position":5},"title":"Kit de conversion analogique iFlight pour DJI FPV","author":"admin","date":"21 novembre 2020","format":false,"excerpt":"Casque DJI FPV pour vos configurations analogiques gr\u00e2ce \u00e0 ce kit iFlight","rel":"","context":"Article similaire","block_context":{"text":"Article similaire","link":""},"img":{"alt_text":"Kit de conversion analogique iFlight pour DJI FPV","src":"https:\/\/i0.wp.com\/store.droneway.ma\/wp-content\/uploads\/2020\/11\/kit-de-conversion-analogique-iflight-pour-dji-fpv-p-image-217396-grande.jpg?resize=350%2C200&ssl=1","width":350,"height":200,"srcset":"https:\/\/i0.wp.com\/store.droneway.ma\/wp-content\/uploads\/2020\/11\/kit-de-conversion-analogique-iflight-pour-dji-fpv-p-image-217396-grande.jpg?resize=350%2C200&ssl=1 1x, https:\/\/i0.wp.com\/store.droneway.ma\/wp-content\/uploads\/2020\/11\/kit-de-conversion-analogique-iflight-pour-dji-fpv-p-image-217396-grande.jpg?resize=525%2C300&ssl=1 1.5x, https:\/\/i0.wp.com\/store.droneway.ma\/wp-content\/uploads\/2020\/11\/kit-de-conversion-analogique-iflight-pour-dji-fpv-p-image-217396-grande.jpg?resize=700%2C400&ssl=1 2x"},"classes":[]}],"jetpack_sharing_enabled":true,"_links":{"self":[{"href":"https:\/\/store.droneway.ma\/index.php\/wp-json\/wp\/v2\/product\/2063","targetHints":{"allow":["GET"]}}],"collection":[{"href":"https:\/\/store.droneway.ma\/index.php\/wp-json\/wp\/v2\/product"}],"about":[{"href":"https:\/\/store.droneway.ma\/index.php\/wp-json\/wp\/v2\/types\/product"}],"wp:featuredmedia":[{"embeddable":true,"href":"https:\/\/store.droneway.ma\/index.php\/wp-json\/wp\/v2\/media\/449"}],"wp:attachment":[{"href":"https:\/\/store.droneway.ma\/index.php\/wp-json\/wp\/v2\/media?parent=2063"}],"wp:term":[{"taxonomy":"product_brand","embeddable":true,"href":"https:\/\/store.droneway.ma\/index.php\/wp-json\/wp\/v2\/product_brand?post=2063"},{"taxonomy":"product_cat","embeddable":true,"href":"https:\/\/store.droneway.ma\/index.php\/wp-json\/wp\/v2\/product_cat?post=2063"},{"taxonomy":"product_tag","embeddable":true,"href":"https:\/\/store.droneway.ma\/index.php\/wp-json\/wp\/v2\/product_tag?post=2063"}],"curies":[{"name":"wp","href":"https:\/\/api.w.org\/{rel}","templated":true}]}}