{"id":2062,"date":"2020-11-21T19:00:42","date_gmt":"2020-11-21T18:00:42","guid":{"rendered":"http:\/\/store.droneway.ma\/index.php\/produit\/protection-lentille-dji-fpv-dji\/"},"modified":"2020-11-21T19:00:53","modified_gmt":"2020-11-21T18:00:53","slug":"protection-lentille-dji-fpv-dji","status":"publish","type":"product","link":"https:\/\/store.droneway.ma\/index.php\/produit\/protection-lentille-dji-fpv-dji\/","title":{"rendered":"Protection lentille DJI FPV &#8211; DJI"},"content":{"rendered":"<p>Cet accessoire prot\u00e8ge efficacement l&rsquo;objectif de la cam\u00e9ra pendant le vol.  Le bo\u00eetier de protection en m\u00e9tal, la lentille de protection en verre tremp\u00e9 et la lentille en verre sont tous amovibles.  Cet accessoire peut \u00e9galement \u00eatre viss\u00e9 sur le cadre de la cam\u00e9ra.<\/p>\n","protected":false},"excerpt":{"rendered":"<p>Cet accessoire prot\u00e8ge efficacement l&rsquo;objectif de la cam\u00e9ra pendant le vol.  Le bo\u00eetier de protection en m\u00e9tal, la lentille de protection en verre tremp\u00e9 et la lentille en verre sont tous amovibles.  Cet accessoire peut \u00e9galement \u00eatre viss\u00e9 sur le cadre de la cam\u00e9ra.<\/p>\n","protected":false},"featured_media":441,"template":"","meta":{"content-type":"","rop_custom_images_group":[],"rop_custom_messages_group":[],"rop_publish_now":"initial","rop_publish_now_accounts":[],"rop_publish_now_history":[],"rop_publish_now_status":"pending"},"product_brand":[],"product_cat":[20,57],"product_tag":[],"class_list":{"0":"post-2062","1":"product","2":"type-product","3":"status-publish","4":"has-post-thumbnail","6":"product_cat-goggle-fpv","7":"product_cat-fpv","9":"first","10":"instock","11":"purchasable","12":"product-type-simple"},"jetpack-related-posts":[{"id":2291,"url":"https:\/\/store.droneway.ma\/index.php\/produit\/kit-de-3-filtres-nd-pl-gradues-pour-dji-osmo-action-pgytech\/","url_meta":{"origin":2062,"position":0},"title":"Kit de 3 filtres ND-PL gradu\u00e9s pour DJI Osmo Action &#8211; PGYTECH","author":"admin","date":"21 novembre 2020","format":false,"excerpt":"Kit compos\u00e9 de trois filtres ND, PL et gradu\u00e9s Filtres \u00e0 visser en lieu et place de la lentille d'origine Filtres ultra l\u00e9gers","rel":"","context":"Article similaire","block_context":{"text":"Article similaire","link":""},"img":{"alt_text":"Kit de 3 filtres ND-PL gradu\u00e9s pour DJI Osmo Action - PGYTECH","src":"https:\/\/i0.wp.com\/store.droneway.ma\/wp-content\/uploads\/2020\/11\/kit-de-3-filtres-nd-pl-gradues-pour-dji-osmo-pocket-pgytech-p-image-211825-grande.jpg?resize=350%2C200&ssl=1","width":350,"height":200,"srcset":"https:\/\/i0.wp.com\/store.droneway.ma\/wp-content\/uploads\/2020\/11\/kit-de-3-filtres-nd-pl-gradues-pour-dji-osmo-pocket-pgytech-p-image-211825-grande.jpg?resize=350%2C200&ssl=1 1x, https:\/\/i0.wp.com\/store.droneway.ma\/wp-content\/uploads\/2020\/11\/kit-de-3-filtres-nd-pl-gradues-pour-dji-osmo-pocket-pgytech-p-image-211825-grande.jpg?resize=525%2C300&ssl=1 1.5x, https:\/\/i0.wp.com\/store.droneway.ma\/wp-content\/uploads\/2020\/11\/kit-de-3-filtres-nd-pl-gradues-pour-dji-osmo-pocket-pgytech-p-image-211825-grande.jpg?resize=700%2C400&ssl=1 2x"},"classes":[]},{"id":2917,"url":"https:\/\/store.droneway.ma\/index.php\/produit\/mavic-3-pro-cine\/","url_meta":{"origin":2062,"position":1},"title":"Mavic 3 Pro &#038; Cin\u00e9","author":"admin","date":"1 juillet 2024","format":false,"excerpt":"La s\u00e9rie DJI Mavic 3 pr\u00e9sente des performances d'imagerie de suivi. Le syst\u00e8me de triple cam\u00e9ra de Mavic 3 Pro inaugure une nouvelle \u00e8re de drones de cam\u00e9ra en liant trois capteurs et lentilles avec des distances focales diff\u00e9rentes. \u00c9quip\u00e9 d'une cam\u00e9ra Hasselblad et d'une double cam\u00e9ra, Mavic 3 Pro\u2026","rel":"","context":"Article similaire","block_context":{"text":"Article similaire","link":""},"img":{"alt_text":"mavic 3","src":"https:\/\/i0.wp.com\/store.droneway.ma\/wp-content\/uploads\/2024\/07\/mavic-3-pro-cine.jpg?resize=350%2C200&ssl=1","width":350,"height":200,"srcset":"https:\/\/i0.wp.com\/store.droneway.ma\/wp-content\/uploads\/2024\/07\/mavic-3-pro-cine.jpg?resize=350%2C200&ssl=1 1x, https:\/\/i0.wp.com\/store.droneway.ma\/wp-content\/uploads\/2024\/07\/mavic-3-pro-cine.jpg?resize=525%2C300&ssl=1 1.5x, https:\/\/i0.wp.com\/store.droneway.ma\/wp-content\/uploads\/2024\/07\/mavic-3-pro-cine.jpg?resize=700%2C400&ssl=1 2x, https:\/\/i0.wp.com\/store.droneway.ma\/wp-content\/uploads\/2024\/07\/mavic-3-pro-cine.jpg?resize=1050%2C600&ssl=1 3x"},"classes":[]},{"id":2289,"url":"https:\/\/store.droneway.ma\/index.php\/produit\/pack-de-4-filtres-nd-pour-dji-osmo-action-pgytech\/","url_meta":{"origin":2062,"position":2},"title":"Pack de 4 filtres ND pour DJI Osmo Action &#8211; PGYTECH","author":"admin","date":"21 novembre 2020","format":false,"excerpt":"Att\u00e9nue la lumi\u00e8re Qualit\u00e9 PGYTECH Con\u00e7us pour cam\u00e9ra DJI Osmo Action Facile \u00e0 installer en lieu et place de la lentille protectrice","rel":"","context":"Article similaire","block_context":{"text":"Article similaire","link":""},"img":{"alt_text":"Pack de 4 filtres ND pour DJI Osmo Action - PGYTECH","src":"https:\/\/i0.wp.com\/store.droneway.ma\/wp-content\/uploads\/2020\/11\/pack-de-4-filtres-nd-pour-dji-osmo-action-pgytech-p-image-214296-grande.jpg?resize=350%2C200&ssl=1","width":350,"height":200},"classes":[]},{"id":2288,"url":"https:\/\/store.droneway.ma\/index.php\/produit\/filtre-cpl-pour-dji-osmo-action-pgytech\/","url_meta":{"origin":2062,"position":3},"title":"Filtre CPL pour DJI Osmo Action &#8211; PGYTECH","author":"admin","date":"21 novembre 2020","format":false,"excerpt":"Sp\u00e9cialement con\u00e7u pour la cam\u00e9ra DJI Osmo Action Att\u00e9nue les effets naturels sur les surface r\u00e9fl\u00e9chissantes Facile \u00e0 installer en lieu et place de la lentille protectrice","rel":"","context":"Article similaire","block_context":{"text":"Article similaire","link":""},"img":{"alt_text":"Filtre CPL pour DJI Osmo Action - PGYTECH","src":"https:\/\/i0.wp.com\/store.droneway.ma\/wp-content\/uploads\/2020\/11\/filtre-cpl-pour-dji-osmo-action-pgytech-p-image-209120-grande.jpg?resize=350%2C200&ssl=1","width":350,"height":200},"classes":[]},{"id":2290,"url":"https:\/\/store.droneway.ma\/index.php\/produit\/pack-de-4-filtres-nd-pl-pour-dji-osmo-action-pgytech\/","url_meta":{"origin":2062,"position":4},"title":"Pack de 4 filtres ND\/PL pour DJI Osmo Action- PGYTECH","author":"admin","date":"21 novembre 2020","format":false,"excerpt":"Kit complet de 4 filtres Verre trait\u00e9 anti-rayures et anti-eau et huile Sp\u00e9cialement con\u00e7us pour DJI Osmo Action","rel":"","context":"Article similaire","block_context":{"text":"Article similaire","link":""},"img":{"alt_text":"Pack de 4 filtres ND\/PL pour DJI Osmo Action- PGYTECH","src":"https:\/\/i0.wp.com\/store.droneway.ma\/wp-content\/uploads\/2020\/11\/pack-de-4-filtres-nd-pl-pour-dji-osmo-action-pgytech-p-image-210122-grande.jpg?resize=350%2C200&ssl=1","width":350,"height":200,"srcset":"https:\/\/i0.wp.com\/store.droneway.ma\/wp-content\/uploads\/2020\/11\/pack-de-4-filtres-nd-pl-pour-dji-osmo-action-pgytech-p-image-210122-grande.jpg?resize=350%2C200&ssl=1 1x, https:\/\/i0.wp.com\/store.droneway.ma\/wp-content\/uploads\/2020\/11\/pack-de-4-filtres-nd-pl-pour-dji-osmo-action-pgytech-p-image-210122-grande.jpg?resize=525%2C300&ssl=1 1.5x, https:\/\/i0.wp.com\/store.droneway.ma\/wp-content\/uploads\/2020\/11\/pack-de-4-filtres-nd-pl-pour-dji-osmo-action-pgytech-p-image-210122-grande.jpg?resize=700%2C400&ssl=1 2x"},"classes":[]},{"id":2284,"url":"https:\/\/store.droneway.ma\/index.php\/produit\/pack-insta360-one-r-aerial-add-on\/","url_meta":{"origin":2062,"position":5},"title":"Pack Insta360 ONE R Aerial Add-On","author":"admin","date":"21 novembre 2020","format":false,"excerpt":"Montage s\u00e9curis\u00e9 et rapide Batterie verticale inclus Capteur 360 inclus","rel":"","context":"Article similaire","block_context":{"text":"Article similaire","link":""},"img":{"alt_text":"Pack Insta360 ONE R Aerial Add-On","src":"https:\/\/i0.wp.com\/store.droneway.ma\/wp-content\/uploads\/2020\/11\/Pack-Insta360-ONE-R-Aerial-Add-On.jpg?resize=350%2C200&ssl=1","width":350,"height":200,"srcset":"https:\/\/i0.wp.com\/store.droneway.ma\/wp-content\/uploads\/2020\/11\/Pack-Insta360-ONE-R-Aerial-Add-On.jpg?resize=350%2C200&ssl=1 1x, https:\/\/i0.wp.com\/store.droneway.ma\/wp-content\/uploads\/2020\/11\/Pack-Insta360-ONE-R-Aerial-Add-On.jpg?resize=525%2C300&ssl=1 1.5x"},"classes":[]}],"jetpack_sharing_enabled":true,"_links":{"self":[{"href":"https:\/\/store.droneway.ma\/index.php\/wp-json\/wp\/v2\/product\/2062","targetHints":{"allow":["GET"]}}],"collection":[{"href":"https:\/\/store.droneway.ma\/index.php\/wp-json\/wp\/v2\/product"}],"about":[{"href":"https:\/\/store.droneway.ma\/index.php\/wp-json\/wp\/v2\/types\/product"}],"wp:featuredmedia":[{"embeddable":true,"href":"https:\/\/store.droneway.ma\/index.php\/wp-json\/wp\/v2\/media\/441"}],"wp:attachment":[{"href":"https:\/\/store.droneway.ma\/index.php\/wp-json\/wp\/v2\/media?parent=2062"}],"wp:term":[{"taxonomy":"product_brand","embeddable":true,"href":"https:\/\/store.droneway.ma\/index.php\/wp-json\/wp\/v2\/product_brand?post=2062"},{"taxonomy":"product_cat","embeddable":true,"href":"https:\/\/store.droneway.ma\/index.php\/wp-json\/wp\/v2\/product_cat?post=2062"},{"taxonomy":"product_tag","embeddable":true,"href":"https:\/\/store.droneway.ma\/index.php\/wp-json\/wp\/v2\/product_tag?post=2062"}],"curies":[{"name":"wp","href":"https:\/\/api.w.org\/{rel}","templated":true}]}}