{"id":2058,"date":"2020-11-21T19:00:42","date_gmt":"2020-11-21T18:00:42","guid":{"rendered":"http:\/\/store.droneway.ma\/index.php\/produit\/cable-3-en-1-pour-unite-aerienne-dji-fpv\/"},"modified":"2020-11-21T19:00:51","modified_gmt":"2020-11-21T18:00:51","slug":"cable-3-en-1-pour-unite-aerienne-dji-fpv","status":"publish","type":"product","link":"https:\/\/store.droneway.ma\/index.php\/produit\/cable-3-en-1-pour-unite-aerienne-dji-fpv\/","title":{"rendered":"C\u00e2ble 3 en 1 pour unit\u00e9 a\u00e9rienne DJI FPV"},"content":{"rendered":"<p>Ce c\u00e2ble 3 en 1 pour syst\u00e8me DJI FPV permet de connecter votre unit\u00e9 a\u00e9rienne vers les diff\u00e9rents modules de votre drone racer (alimentation, Rx, contr\u00f4leur de vol etc). Il est fourni d&rsquo;origine dans les packs Experience, Basic et Fly More Combo avec l&rsquo;unit\u00e9 a\u00e9rienne du DJI FPV.<\/p>\n","protected":false},"excerpt":{"rendered":"<p>C\u00e2bme 3 en 1<\/p>\n","protected":false},"featured_media":389,"template":"","meta":{"content-type":"","rop_custom_images_group":[],"rop_custom_messages_group":[],"rop_publish_now":"initial","rop_publish_now_accounts":[],"rop_publish_now_history":[],"rop_publish_now_status":"pending"},"product_brand":[],"product_cat":[20,57],"product_tag":[],"class_list":{"0":"post-2058","1":"product","2":"type-product","3":"status-publish","4":"has-post-thumbnail","6":"product_cat-goggle-fpv","7":"product_cat-fpv","9":"first","10":"instock","11":"purchasable","12":"product-type-simple"},"jetpack-related-posts":[{"id":2061,"url":"https:\/\/store.droneway.ma\/index.php\/produit\/dji-fpv-fly-more-combo\/","url_meta":{"origin":2058,"position":0},"title":"DJI FPV &#8211; Fly More Combo","author":"admin","date":"21 novembre 2020","format":false,"excerpt":"L'unit\u00e9 a\u00e9rienne DJI FPV compos\u00e9 du module et d'une cam\u00e9ra FPV HD Un casque d'immersion DJI FPV confortable Une radiocommande DJI FPV pour le pilotage du drone","rel":"","context":"Article similaire","block_context":{"text":"Article similaire","link":""},"img":{"alt_text":"DJI FPV - Fly More Combo","src":"https:\/\/i0.wp.com\/store.droneway.ma\/wp-content\/uploads\/2020\/11\/dji-fpv-fly-more-combo-p-image-211364-grande.jpg?resize=350%2C200&ssl=1","width":350,"height":200,"srcset":"https:\/\/i0.wp.com\/store.droneway.ma\/wp-content\/uploads\/2020\/11\/dji-fpv-fly-more-combo-p-image-211364-grande.jpg?resize=350%2C200&ssl=1 1x, https:\/\/i0.wp.com\/store.droneway.ma\/wp-content\/uploads\/2020\/11\/dji-fpv-fly-more-combo-p-image-211364-grande.jpg?resize=525%2C300&ssl=1 1.5x, https:\/\/i0.wp.com\/store.droneway.ma\/wp-content\/uploads\/2020\/11\/dji-fpv-fly-more-combo-p-image-211364-grande.jpg?resize=700%2C400&ssl=1 2x"},"classes":[]},{"id":2064,"url":"https:\/\/store.droneway.ma\/index.php\/produit\/dji-fpv-basic-combo\/","url_meta":{"origin":2058,"position":1},"title":"DJI FPV &#8211; Basic combo","author":"admin","date":"21 novembre 2020","format":false,"excerpt":"Combo cam\u00e9ra DJI FPV","rel":"","context":"Article similaire","block_context":{"text":"Article similaire","link":""},"img":{"alt_text":"DJI FPV - Basic combo","src":"https:\/\/i0.wp.com\/store.droneway.ma\/wp-content\/uploads\/2020\/11\/dji-fpv-basic-combo-p-image-211406-grande.jpg?resize=350%2C200&ssl=1","width":350,"height":200,"srcset":"https:\/\/i0.wp.com\/store.droneway.ma\/wp-content\/uploads\/2020\/11\/dji-fpv-basic-combo-p-image-211406-grande.jpg?resize=350%2C200&ssl=1 1x, https:\/\/i0.wp.com\/store.droneway.ma\/wp-content\/uploads\/2020\/11\/dji-fpv-basic-combo-p-image-211406-grande.jpg?resize=525%2C300&ssl=1 1.5x, https:\/\/i0.wp.com\/store.droneway.ma\/wp-content\/uploads\/2020\/11\/dji-fpv-basic-combo-p-image-211406-grande.jpg?resize=700%2C400&ssl=1 2x"},"classes":[]},{"id":2060,"url":"https:\/\/store.droneway.ma\/index.php\/produit\/casque-dji-fpv\/","url_meta":{"origin":2058,"position":2},"title":"Casque DJI FPV","author":"admin","date":"21 novembre 2020","format":false,"excerpt":"Casque DJI FPV pour vos configurations analogiques gr\u00e2ce \u00e0 ce kit iFlight","rel":"","context":"Article similaire","block_context":{"text":"Article similaire","link":""},"img":{"alt_text":"Casque DJI FPV","src":"https:\/\/i0.wp.com\/store.droneway.ma\/wp-content\/uploads\/2020\/11\/casque-dji-fpv-p-image-211276-grande.jpg?resize=350%2C200&ssl=1","width":350,"height":200,"srcset":"https:\/\/i0.wp.com\/store.droneway.ma\/wp-content\/uploads\/2020\/11\/casque-dji-fpv-p-image-211276-grande.jpg?resize=350%2C200&ssl=1 1x, https:\/\/i0.wp.com\/store.droneway.ma\/wp-content\/uploads\/2020\/11\/casque-dji-fpv-p-image-211276-grande.jpg?resize=525%2C300&ssl=1 1.5x, https:\/\/i0.wp.com\/store.droneway.ma\/wp-content\/uploads\/2020\/11\/casque-dji-fpv-p-image-211276-grande.jpg?resize=700%2C400&ssl=1 2x"},"classes":[]},{"id":2067,"url":"https:\/\/store.droneway.ma\/index.php\/produit\/cable-otg-micro-usb-vers-usb\/","url_meta":{"origin":2058,"position":3},"title":"C\u00e2ble OTG micro USB vers USB","author":"admin","date":"21 novembre 2020","format":false,"excerpt":"Booste la port\u00e9e du Spark (jusqu'\u00e0 900m) Compatible avec d'autres p\u00e9riph\u00e9riques Pour une utilisation FPV (DJI Goggles) OTG certifi\u00e9 norme UBS 2.0 Mat\u00e9riaux premium","rel":"","context":"Article similaire","block_context":{"text":"Article similaire","link":""},"img":{"alt_text":"C\u00e2ble OTG micro USB vers USB","src":"https:\/\/i0.wp.com\/store.droneway.ma\/wp-content\/uploads\/2020\/11\/cable-usb-vers-micro-usb-pour-dji-spark-p-image-189624-grande.jpg?resize=350%2C200&ssl=1","width":350,"height":200},"classes":[]},{"id":2063,"url":"https:\/\/store.droneway.ma\/index.php\/produit\/camera-dji-fpv\/","url_meta":{"origin":2058,"position":4},"title":"Cam\u00e9ra DJI FPV","author":"admin","date":"21 novembre 2020","format":false,"excerpt":"Cam\u00e9ra DJI FPV","rel":"","context":"Article similaire","block_context":{"text":"Article similaire","link":""},"img":{"alt_text":"Cam\u00e9ra DJI FPV","src":"https:\/\/i0.wp.com\/store.droneway.ma\/wp-content\/uploads\/2020\/11\/camera-dji-fpv-p-image-211348-grande.jpg?resize=350%2C200&ssl=1","width":350,"height":200,"srcset":"https:\/\/i0.wp.com\/store.droneway.ma\/wp-content\/uploads\/2020\/11\/camera-dji-fpv-p-image-211348-grande.jpg?resize=350%2C200&ssl=1 1x, https:\/\/i0.wp.com\/store.droneway.ma\/wp-content\/uploads\/2020\/11\/camera-dji-fpv-p-image-211348-grande.jpg?resize=525%2C300&ssl=1 1.5x"},"classes":[]},{"id":2057,"url":"https:\/\/store.droneway.ma\/index.php\/produit\/kit-de-conversion-analogique-iflight-pour-dji-fpv\/","url_meta":{"origin":2058,"position":5},"title":"Kit de conversion analogique iFlight pour DJI FPV","author":"admin","date":"21 novembre 2020","format":false,"excerpt":"Casque DJI FPV pour vos configurations analogiques gr\u00e2ce \u00e0 ce kit iFlight","rel":"","context":"Article similaire","block_context":{"text":"Article similaire","link":""},"img":{"alt_text":"Kit de conversion analogique iFlight pour DJI FPV","src":"https:\/\/i0.wp.com\/store.droneway.ma\/wp-content\/uploads\/2020\/11\/kit-de-conversion-analogique-iflight-pour-dji-fpv-p-image-217396-grande.jpg?resize=350%2C200&ssl=1","width":350,"height":200,"srcset":"https:\/\/i0.wp.com\/store.droneway.ma\/wp-content\/uploads\/2020\/11\/kit-de-conversion-analogique-iflight-pour-dji-fpv-p-image-217396-grande.jpg?resize=350%2C200&ssl=1 1x, https:\/\/i0.wp.com\/store.droneway.ma\/wp-content\/uploads\/2020\/11\/kit-de-conversion-analogique-iflight-pour-dji-fpv-p-image-217396-grande.jpg?resize=525%2C300&ssl=1 1.5x, https:\/\/i0.wp.com\/store.droneway.ma\/wp-content\/uploads\/2020\/11\/kit-de-conversion-analogique-iflight-pour-dji-fpv-p-image-217396-grande.jpg?resize=700%2C400&ssl=1 2x"},"classes":[]}],"jetpack_sharing_enabled":true,"_links":{"self":[{"href":"https:\/\/store.droneway.ma\/index.php\/wp-json\/wp\/v2\/product\/2058","targetHints":{"allow":["GET"]}}],"collection":[{"href":"https:\/\/store.droneway.ma\/index.php\/wp-json\/wp\/v2\/product"}],"about":[{"href":"https:\/\/store.droneway.ma\/index.php\/wp-json\/wp\/v2\/types\/product"}],"wp:featuredmedia":[{"embeddable":true,"href":"https:\/\/store.droneway.ma\/index.php\/wp-json\/wp\/v2\/media\/389"}],"wp:attachment":[{"href":"https:\/\/store.droneway.ma\/index.php\/wp-json\/wp\/v2\/media?parent=2058"}],"wp:term":[{"taxonomy":"product_brand","embeddable":true,"href":"https:\/\/store.droneway.ma\/index.php\/wp-json\/wp\/v2\/product_brand?post=2058"},{"taxonomy":"product_cat","embeddable":true,"href":"https:\/\/store.droneway.ma\/index.php\/wp-json\/wp\/v2\/product_cat?post=2058"},{"taxonomy":"product_tag","embeddable":true,"href":"https:\/\/store.droneway.ma\/index.php\/wp-json\/wp\/v2\/product_tag?post=2058"}],"curies":[{"name":"wp","href":"https:\/\/api.w.org\/{rel}","templated":true}]}}