{"id":2055,"date":"2020-11-21T19:00:42","date_gmt":"2020-11-21T18:00:42","guid":{"rendered":"http:\/\/store.droneway.ma\/index.php\/produit\/dji-agras-t16\/"},"modified":"2020-11-21T19:00:50","modified_gmt":"2020-11-21T18:00:50","slug":"dji-agras-t16","status":"publish","type":"product","link":"https:\/\/store.droneway.ma\/index.php\/produit\/dji-agras-t16\/","title":{"rendered":"DJI Agras T16"},"content":{"rendered":"<p>Le DJI Agras T16 est un drone sp\u00e9cialis\u00e9 dans l&rsquo;agriculture de pr\u00e9cision et l&rsquo;\u00e9pandage. Ce mod\u00e8le pr\u00e9sente de nombreuses am\u00e9liorations : une structure globale am\u00e9lior\u00e9e et un nouveau design modulaire.  Sa charge utile, 16L, est \u00e9galement la plus \u00e9lev\u00e9e de tous les drones agricoles con\u00e7us \u00e0 ce jour par DJI, tout comme sa largeur d&rsquo;\u00e9pandage pour un rendement optimis\u00e9.  Le T16 vous offrira un mat\u00e9riel robuste, d&rsquo;une fiabilit\u00e9 extr\u00eame. L\u2019int\u00e9gration de l\u2019intelligence artificielle, le RTK et la planification des op\u00e9rations en 3D font du T16 un outil professionnel qui conviendra aux agriculteurs qui souhaitent \u00e9pandre avec pr\u00e9cision des traitements sp\u00e9cifiques sur leurs cultures.<\/p>\n","protected":false},"excerpt":{"rendered":"<p>Drone DJI agricole optimis\u00e9 pour des performances in\u00e9gal\u00e9es<br \/>\nDouble IMU et redondance GNSS+RTK et barom\u00e8tre<br \/>\nD\u00e9tection de l&rsquo;environnement et suivi de terrain<br \/>\n\u00c9tanch\u00e9it\u00e9 IP67 pour le module de base  RTK pour une pr\u00e9cision centim\u00e9trique<br \/>\nCam\u00e9ra FPV grand angle<br \/>\nIntelligence artificielle<br \/>\nGrande charge : 16L<\/p>\n","protected":false},"featured_media":1003,"template":"","meta":{"content-type":"","rop_custom_images_group":[],"rop_custom_messages_group":[],"rop_publish_now":"initial","rop_publish_now_accounts":[],"rop_publish_now_history":[],"rop_publish_now_status":"pending"},"product_brand":[],"product_cat":[29,42],"product_tag":[],"class_list":{"0":"post-2055","1":"product","2":"type-product","3":"status-publish","4":"has-post-thumbnail","6":"product_cat-dji-agras","7":"product_cat-agras","9":"first","10":"instock","11":"purchasable","12":"product-type-simple"},"jetpack-related-posts":[{"id":2052,"url":"https:\/\/store.droneway.ma\/index.php\/produit\/station-mobile-dji-d-rtk-haute-precision-gnss-pour-dji-agras-mg-1p\/","url_meta":{"origin":2055,"position":0},"title":"Station mobile DJI D-RTK haute pr\u00e9cision GNSS pour DJI Agras MG-1P","author":"admin","date":"21 novembre 2020","format":false,"excerpt":"RTK Handheld pour Agras MG-1P RTK Positionnement centim\u00e9trique","rel":"","context":"Article similaire","block_context":{"text":"Article similaire","link":""},"img":{"alt_text":"Station mobile DJI D-RTK haute pr\u00e9cision GNSS pour DJI Agras MG-1P","src":"https:\/\/i0.wp.com\/store.droneway.ma\/wp-content\/uploads\/2020\/11\/dji-mg-1p-rtk-handheld-p-image-209726-grande.jpg?resize=350%2C200&ssl=1","width":350,"height":200},"classes":[]},{"id":2053,"url":"https:\/\/store.droneway.ma\/index.php\/produit\/station-mobile-dji-d-rtk-gnss-pour-dji-agras-mg-1p-avec-trepied\/","url_meta":{"origin":2055,"position":1},"title":"Station mobile DJI D-RTK GNSS pour DJI Agras MG-1P (avec tr\u00e9pied)","author":"admin","date":"21 novembre 2020","format":false,"excerpt":"RTK Handheld pour Agras MG-1P RTK Positionnement centim\u00e9trique Version avec tr\u00e9pied","rel":"","context":"Article similaire","block_context":{"text":"Article similaire","link":""},"img":{"alt_text":"Station mobile DJI D-RTK GNSS pour DJI Agras MG-1P (avec tr\u00e9pied)","src":"https:\/\/i0.wp.com\/store.droneway.ma\/wp-content\/uploads\/2020\/11\/mg-1p-rtk-ground-station-p-image-209730-grande.jpg?resize=350%2C200&ssl=1","width":350,"height":200},"classes":[]},{"id":2050,"url":"https:\/\/store.droneway.ma\/index.php\/produit\/dji-agras-mg-1p-rtk\/","url_meta":{"origin":2055,"position":2},"title":"DJI Agras MG-1P RTK","author":"admin","date":"21 novembre 2020","format":false,"excerpt":"Drone de pr\u00e9cision pour agriculture de pr\u00e9cision Nombreux capteurs pour une s\u00e9curit\u00e9 accrue Pr\u00e9cision extr\u00eame : au niveau centim\u00e9trique Contr\u00f4le sur une distance de 3 km Application MG v2.0","rel":"","context":"Article similaire","block_context":{"text":"Article similaire","link":""},"img":{"alt_text":"DJI Agras MG-1P RTK","src":"https:\/\/i0.wp.com\/store.droneway.ma\/wp-content\/uploads\/2020\/11\/p-image-209736-grande.jpg?resize=350%2C200&ssl=1","width":350,"height":200},"classes":[]},{"id":2051,"url":"https:\/\/store.droneway.ma\/index.php\/produit\/dji-agras-mg-1p\/","url_meta":{"origin":2055,"position":3},"title":"DJI Agras MG-1P","author":"admin","date":"21 novembre 2020","format":false,"excerpt":"Drone de pr\u00e9cision pour agriculture de pr\u00e9cision Nombreux capteurs pour une s\u00e9curit\u00e9 accrue Contr\u00f4le sur une distance de 3 km Application MG v2.0","rel":"","context":"Article similaire","block_context":{"text":"Article similaire","link":""},"img":{"alt_text":"DJI Agras MG-1P","src":"https:\/\/i0.wp.com\/store.droneway.ma\/wp-content\/uploads\/2020\/11\/dji-agras-mg-1p-p-image-209677-grande.jpg?resize=350%2C200&ssl=1","width":350,"height":200},"classes":[]},{"id":2436,"url":"https:\/\/store.droneway.ma\/index.php\/produit\/dji-phantom-4-multispectral-base-d-rtk-2\/","url_meta":{"origin":2055,"position":4},"title":"DJI Phantom 4 Multispectral + base D-RTK 2","author":"admin","date":"21 novembre 2020","format":false,"excerpt":"Le Phantom 4 Multispectral est un drone capable d\u2019analyser avec pr\u00e9cision l\u2019\u00e9tat de vos cultures. Ce module multispectral regroupe six capteurs distincts pour mesurer dans les meilleures conditions la sant\u00e9 des cultures sur de grandes zones, tout en d\u00e9tectant les mauvaises herbes mais aussi les insectes et certaines conditions de\u2026","rel":"","context":"Article similaire","block_context":{"text":"Article similaire","link":""},"img":{"alt_text":"DJI Phantom 4 Multispectral + base D-RTK 2","src":"https:\/\/i0.wp.com\/store.droneway.ma\/wp-content\/uploads\/2020\/11\/DJI-Phantom-4-Multispectral-base-D-RTK-2.jpg?resize=350%2C200&ssl=1","width":350,"height":200,"srcset":"https:\/\/i0.wp.com\/store.droneway.ma\/wp-content\/uploads\/2020\/11\/DJI-Phantom-4-Multispectral-base-D-RTK-2.jpg?resize=350%2C200&ssl=1 1x, https:\/\/i0.wp.com\/store.droneway.ma\/wp-content\/uploads\/2020\/11\/DJI-Phantom-4-Multispectral-base-D-RTK-2.jpg?resize=525%2C300&ssl=1 1.5x, https:\/\/i0.wp.com\/store.droneway.ma\/wp-content\/uploads\/2020\/11\/DJI-Phantom-4-Multispectral-base-D-RTK-2.jpg?resize=700%2C400&ssl=1 2x"},"classes":[]},{"id":2129,"url":"https:\/\/store.droneway.ma\/index.php\/produit\/station-mobile-dji-d-rtk-2-haute-precision-gnss-pour-dji-phantom-4-rtk\/","url_meta":{"origin":2055,"position":5},"title":"Station mobile DJI D-RTK 2 haute pr\u00e9cision GNSS pour DJI Phantom 4 RTK","author":"admin","date":"21 novembre 2020","format":false,"excerpt":"Solution de positionnement centim\u00e9trique : 1cm + 1 ppm Autonomie variable : 2h, 50h ou en continu Compatible DJI Phantom 4 RTK","rel":"","context":"Article similaire","block_context":{"text":"Article similaire","link":""},"img":{"alt_text":"Station mobile DJI D-RTK 2 haute pr\u00e9cision GNSS pour DJI Phantom 4 RTK","src":"https:\/\/i0.wp.com\/store.droneway.ma\/wp-content\/uploads\/2020\/11\/station-mobile-dji-d-rtk-2-haute-precision-gnss-p-image-202399-grande.jpg?resize=350%2C200&ssl=1","width":350,"height":200},"classes":[]}],"jetpack_sharing_enabled":true,"_links":{"self":[{"href":"https:\/\/store.droneway.ma\/index.php\/wp-json\/wp\/v2\/product\/2055","targetHints":{"allow":["GET"]}}],"collection":[{"href":"https:\/\/store.droneway.ma\/index.php\/wp-json\/wp\/v2\/product"}],"about":[{"href":"https:\/\/store.droneway.ma\/index.php\/wp-json\/wp\/v2\/types\/product"}],"wp:featuredmedia":[{"embeddable":true,"href":"https:\/\/store.droneway.ma\/index.php\/wp-json\/wp\/v2\/media\/1003"}],"wp:attachment":[{"href":"https:\/\/store.droneway.ma\/index.php\/wp-json\/wp\/v2\/media?parent=2055"}],"wp:term":[{"taxonomy":"product_brand","embeddable":true,"href":"https:\/\/store.droneway.ma\/index.php\/wp-json\/wp\/v2\/product_brand?post=2055"},{"taxonomy":"product_cat","embeddable":true,"href":"https:\/\/store.droneway.ma\/index.php\/wp-json\/wp\/v2\/product_cat?post=2055"},{"taxonomy":"product_tag","embeddable":true,"href":"https:\/\/store.droneway.ma\/index.php\/wp-json\/wp\/v2\/product_tag?post=2055"}],"curies":[{"name":"wp","href":"https:\/\/api.w.org\/{rel}","templated":true}]}}