{"id":2054,"date":"2020-11-21T19:00:42","date_gmt":"2020-11-21T18:00:42","guid":{"rendered":"http:\/\/store.droneway.ma\/index.php\/produit\/chargeur-dji-agras-1s-1p-et-hub-6-connexions\/"},"modified":"2020-11-21T19:00:49","modified_gmt":"2020-11-21T18:00:49","slug":"chargeur-dji-agras-1s-1p-et-hub-6-connexions","status":"publish","type":"product","link":"https:\/\/store.droneway.ma\/index.php\/produit\/chargeur-dji-agras-1s-1p-et-hub-6-connexions\/","title":{"rendered":"Chargeur DJI Agras 1S\/1P et hub 6 connexions"},"content":{"rendered":"<p>Dot\u00e9 des fonctionnalit\u00e9s d&rsquo;un chargeur conventionnel de batterie et d&rsquo;un hub de charge pratique, le chargeur de batterie intelligent DJI MG \u00e0 6 canaux peut connecter jusqu&rsquo;\u00e0 6 batteries MG-1S et MG-1P et les charger successivement.  Lors de son utilisation, le chargeur de batterie DJI chargera intelligemment deux batteries (une de chaque c\u00f4t\u00e9) simultan\u00e9ment, am\u00e9liorant ainsi l&rsquo;efficacit\u00e9 de la charge.  La puissance de sortie maximale du chargeur de batterie est de 2 400 W et les utilisateurs ont le choix entre deux modes de fonctionnement diff\u00e9rents: charge rapide et charge lente. De plus, le chargeur de batterie DJI poss\u00e8de les fonctions suivantes: protection contre les surintensit\u00e9s, protection contre les surcharges, protection contre la surchauffe, protection contre la d\u00e9connexion, \u00e9quilibrage rapide de la tension et affichage de l&rsquo;\u00e9tat.<\/p>\n","protected":false},"excerpt":{"rendered":"<p>Chargeur DJI sp\u00e9cialis\u00e9 puissant : 2400W<br \/>\nRecharge 2 batteries simultan\u00e9ment<br \/>\nRecharge 6 batteries successivement<br \/>\nMode de charges : lente et rapide<\/p>\n","protected":false},"featured_media":999,"template":"","meta":{"content-type":"","rop_custom_images_group":[],"rop_custom_messages_group":[],"rop_publish_now":"initial","rop_publish_now_accounts":[],"rop_publish_now_history":[],"rop_publish_now_status":"pending"},"product_brand":[],"product_cat":[29,42],"product_tag":[],"class_list":{"0":"post-2054","1":"product","2":"type-product","3":"status-publish","4":"has-post-thumbnail","6":"product_cat-dji-agras","7":"product_cat-agras","9":"first","10":"instock","11":"purchasable","12":"product-type-simple"},"jetpack-related-posts":[{"id":2164,"url":"https:\/\/store.droneway.ma\/index.php\/produit\/hub-de-chargement-dji-mavic-air-2\/","url_meta":{"origin":2054,"position":0},"title":"Hub de chargement DJI Mavic Air 2","author":"admin","date":"21 novembre 2020","format":false,"excerpt":"Charge 3 batteries d'affil\u00e9 Compact","rel":"","context":"Article similaire","block_context":{"text":"Article similaire","link":""},"img":{"alt_text":"Hub de chargement DJI Mavic Air 2","src":"https:\/\/i0.wp.com\/store.droneway.ma\/wp-content\/uploads\/2020\/11\/hub-de-chargement-dji-mavic-air-2-p-image-217448-grande.jpg?resize=350%2C200&ssl=1","width":350,"height":200,"srcset":"https:\/\/i0.wp.com\/store.droneway.ma\/wp-content\/uploads\/2020\/11\/hub-de-chargement-dji-mavic-air-2-p-image-217448-grande.jpg?resize=350%2C200&ssl=1 1x, https:\/\/i0.wp.com\/store.droneway.ma\/wp-content\/uploads\/2020\/11\/hub-de-chargement-dji-mavic-air-2-p-image-217448-grande.jpg?resize=525%2C300&ssl=1 1.5x, https:\/\/i0.wp.com\/store.droneway.ma\/wp-content\/uploads\/2020\/11\/hub-de-chargement-dji-mavic-air-2-p-image-217448-grande.jpg?resize=700%2C400&ssl=1 2x"},"classes":[]},{"id":2144,"url":"https:\/\/store.droneway.ma\/index.php\/produit\/chargeur-hex-dji\/","url_meta":{"origin":2054,"position":1},"title":"Chargeur HEX DJI","author":"admin","date":"21 novembre 2020","format":false,"excerpt":"Chargeur Hex DJI","rel":"","context":"Article similaire","block_context":{"text":"Article similaire","link":""},"img":{"alt_text":"Chargeur HEX DJI","src":"https:\/\/i0.wp.com\/store.droneway.ma\/wp-content\/uploads\/2020\/11\/chargeur-hex-dji-p-image-183261-grande.jpg?resize=350%2C200&ssl=1","width":350,"height":200,"srcset":"https:\/\/i0.wp.com\/store.droneway.ma\/wp-content\/uploads\/2020\/11\/chargeur-hex-dji-p-image-183261-grande.jpg?resize=350%2C200&ssl=1 1x, https:\/\/i0.wp.com\/store.droneway.ma\/wp-content\/uploads\/2020\/11\/chargeur-hex-dji-p-image-183261-grande.jpg?resize=525%2C300&ssl=1 1.5x, https:\/\/i0.wp.com\/store.droneway.ma\/wp-content\/uploads\/2020\/11\/chargeur-hex-dji-p-image-183261-grande.jpg?resize=700%2C400&ssl=1 2x"},"classes":[]},{"id":2089,"url":"https:\/\/store.droneway.ma\/index.php\/produit\/hub-de-chargement-pour-dji-crystalsky-cendence-wb37\/","url_meta":{"origin":2054,"position":2},"title":"Hub de chargement pour DJI Crystalsky &#038; Cendence (WB37)","author":"admin","date":"21 novembre 2020","format":false,"excerpt":"Ce HUB n\u00e9cessite de poss\u00e9der un chargeur de marque DJI","rel":"","context":"Article similaire","block_context":{"text":"Article similaire","link":""},"img":{"alt_text":"","src":"https:\/\/i0.wp.com\/store.droneway.ma\/wp-content\/uploads\/2020\/11\/hub-de-chargement-pour-dji-crystalsky-cendence-p-image-190299-grande.jpg?resize=350%2C200&ssl=1","width":350,"height":200},"classes":[]},{"id":2105,"url":"https:\/\/store.droneway.ma\/index.php\/produit\/valise-4600w-etanche-pour-dji-matrice-200-210-hprc\/","url_meta":{"origin":2054,"position":3},"title":"Valise 4600W \u00e9tanche pour DJI Matrice 200 &#038; 210 &#8211; HPRC","author":"admin","date":"21 novembre 2020","format":false,"excerpt":"Valise haut de gamme HPRC Compatible DJI Matrice 200\/210 Supporte le drone avec son train en landing mode IP67 : prot\u00e9g\u00e9e contre eau & poussi\u00e8re Plus de 12 rangements","rel":"","context":"Article similaire","block_context":{"text":"Article similaire","link":""},"img":{"alt_text":"Valise 4600W \u00e9tanche pour DJI Matrice 200 & 210 - HPRC","src":"https:\/\/i0.wp.com\/store.droneway.ma\/wp-content\/uploads\/2020\/11\/valise-hprc-pour-dji-matrice-200-210-p-image-201677-grande.jpg?resize=350%2C200&ssl=1","width":350,"height":200,"srcset":"https:\/\/i0.wp.com\/store.droneway.ma\/wp-content\/uploads\/2020\/11\/valise-hprc-pour-dji-matrice-200-210-p-image-201677-grande.jpg?resize=350%2C200&ssl=1 1x, https:\/\/i0.wp.com\/store.droneway.ma\/wp-content\/uploads\/2020\/11\/valise-hprc-pour-dji-matrice-200-210-p-image-201677-grande.jpg?resize=525%2C300&ssl=1 1.5x, https:\/\/i0.wp.com\/store.droneway.ma\/wp-content\/uploads\/2020\/11\/valise-hprc-pour-dji-matrice-200-210-p-image-201677-grande.jpg?resize=700%2C400&ssl=1 2x"},"classes":[]},{"id":2082,"url":"https:\/\/store.droneway.ma\/index.php\/produit\/valise-2550w-pour-batteries-dji-inspire-2-jaune-hprc\/","url_meta":{"origin":2054,"position":4},"title":"Valise 2550W pour batteries DJI Inspire 2 (Jaune) &#8211; HPRC","author":"admin","date":"21 novembre 2020","format":false,"excerpt":"Compatible batteries DJI Inspire 2 Peut contenir jusqu'\u00e0 10 batteries TB50 Compartiments pour 2 chargeurs + Hub Valise \u00e9tanche IP67","rel":"","context":"Article similaire","block_context":{"text":"Article similaire","link":""},"img":{"alt_text":"Valise 2550W pour batteries DJI Inspire 2 (Jaune) - HPRC","src":"https:\/\/i0.wp.com\/store.droneway.ma\/wp-content\/uploads\/2020\/11\/valise-hprc-pour-batteries-dji-inspire-2-p-image-193247-grande.jpg?resize=350%2C200&ssl=1","width":350,"height":200,"srcset":"https:\/\/i0.wp.com\/store.droneway.ma\/wp-content\/uploads\/2020\/11\/valise-hprc-pour-batteries-dji-inspire-2-p-image-193247-grande.jpg?resize=350%2C200&ssl=1 1x, https:\/\/i0.wp.com\/store.droneway.ma\/wp-content\/uploads\/2020\/11\/valise-hprc-pour-batteries-dji-inspire-2-p-image-193247-grande.jpg?resize=525%2C300&ssl=1 1.5x, https:\/\/i0.wp.com\/store.droneway.ma\/wp-content\/uploads\/2020\/11\/valise-hprc-pour-batteries-dji-inspire-2-p-image-193247-grande.jpg?resize=700%2C400&ssl=1 2x"},"classes":[]},{"id":2074,"url":"https:\/\/store.droneway.ma\/index.php\/produit\/hub-de-chargement-dji-inspire-2-et-matrice-200\/","url_meta":{"origin":2054,"position":5},"title":"Hub de chargement DJI Inspire 2 et Matrice 200","author":"admin","date":"21 novembre 2020","format":false,"excerpt":"Jusqu'\u00e0 4 batteries ! Charge automatique Compatible batteries TB50","rel":"","context":"Article similaire","block_context":{"text":"Article similaire","link":""},"img":{"alt_text":"Hub de chargement DJI Inspire 2 et Matrice 200","src":"https:\/\/i0.wp.com\/store.droneway.ma\/wp-content\/uploads\/2020\/11\/hub-de-chargement-dji-inspire-2-p-image-194240-grande.jpg?resize=350%2C200&ssl=1","width":350,"height":200,"srcset":"https:\/\/i0.wp.com\/store.droneway.ma\/wp-content\/uploads\/2020\/11\/hub-de-chargement-dji-inspire-2-p-image-194240-grande.jpg?resize=350%2C200&ssl=1 1x, https:\/\/i0.wp.com\/store.droneway.ma\/wp-content\/uploads\/2020\/11\/hub-de-chargement-dji-inspire-2-p-image-194240-grande.jpg?resize=525%2C300&ssl=1 1.5x"},"classes":[]}],"jetpack_sharing_enabled":true,"_links":{"self":[{"href":"https:\/\/store.droneway.ma\/index.php\/wp-json\/wp\/v2\/product\/2054","targetHints":{"allow":["GET"]}}],"collection":[{"href":"https:\/\/store.droneway.ma\/index.php\/wp-json\/wp\/v2\/product"}],"about":[{"href":"https:\/\/store.droneway.ma\/index.php\/wp-json\/wp\/v2\/types\/product"}],"wp:featuredmedia":[{"embeddable":true,"href":"https:\/\/store.droneway.ma\/index.php\/wp-json\/wp\/v2\/media\/999"}],"wp:attachment":[{"href":"https:\/\/store.droneway.ma\/index.php\/wp-json\/wp\/v2\/media?parent=2054"}],"wp:term":[{"taxonomy":"product_brand","embeddable":true,"href":"https:\/\/store.droneway.ma\/index.php\/wp-json\/wp\/v2\/product_brand?post=2054"},{"taxonomy":"product_cat","embeddable":true,"href":"https:\/\/store.droneway.ma\/index.php\/wp-json\/wp\/v2\/product_cat?post=2054"},{"taxonomy":"product_tag","embeddable":true,"href":"https:\/\/store.droneway.ma\/index.php\/wp-json\/wp\/v2\/product_tag?post=2054"}],"curies":[{"name":"wp","href":"https:\/\/api.w.org\/{rel}","templated":true}]}}