{"id":2053,"date":"2020-11-21T19:00:42","date_gmt":"2020-11-21T18:00:42","guid":{"rendered":"http:\/\/store.droneway.ma\/index.php\/produit\/station-mobile-dji-d-rtk-gnss-pour-dji-agras-mg-1p-avec-trepied\/"},"modified":"2020-11-21T19:00:49","modified_gmt":"2020-11-21T18:00:49","slug":"station-mobile-dji-d-rtk-gnss-pour-dji-agras-mg-1p-avec-trepied","status":"publish","type":"product","link":"https:\/\/store.droneway.ma\/index.php\/produit\/station-mobile-dji-d-rtk-gnss-pour-dji-agras-mg-1p-avec-trepied\/","title":{"rendered":"Station mobile DJI D-RTK GNSS pour DJI Agras MG-1P (avec tr\u00e9pied)"},"content":{"rendered":"<p>La station mobile DJI D-RTK haute pr\u00e9cision GNSS est indispensable pour le bon fonctionnement du drone DJI Agras MG-1P RTK afin d&rsquo;\u00e9tablir une planification centim\u00e9trique de votre plan de vol.  Le drone Agras MG-1P RTK est un drone sp\u00e9cialis\u00e9 pour l\u2019agriculture de pr\u00e9cision. Cette version, encore plus pr\u00e9cise que la version MG-1P, offrira un positionnement au centim\u00e8tre pr\u00e8s, pour un \u00e9pandage optimal !  Note : ce produit ne peut \u00eatre utilis\u00e9 qu&rsquo;avec le drone DJI Agras MG-1P RTK.Version avec tr\u00e9pied.<\/p>\n","protected":false},"excerpt":{"rendered":"<p>RTK Handheld pour Agras MG-1P<br \/>\nRTK  Positionnement centim\u00e9trique<br \/>\nVersion avec tr\u00e9pied<\/p>\n","protected":false},"featured_media":995,"template":"","meta":{"content-type":"","rop_custom_images_group":[],"rop_custom_messages_group":[],"rop_publish_now":"initial","rop_publish_now_accounts":[],"rop_publish_now_history":[],"rop_publish_now_status":"pending"},"product_brand":[],"product_cat":[29,42],"product_tag":[],"class_list":{"0":"post-2053","1":"product","2":"type-product","3":"status-publish","4":"has-post-thumbnail","6":"product_cat-dji-agras","7":"product_cat-agras","9":"first","10":"instock","11":"purchasable","12":"product-type-simple"},"jetpack-related-posts":[{"id":2052,"url":"https:\/\/store.droneway.ma\/index.php\/produit\/station-mobile-dji-d-rtk-haute-precision-gnss-pour-dji-agras-mg-1p\/","url_meta":{"origin":2053,"position":0},"title":"Station mobile DJI D-RTK haute pr\u00e9cision GNSS pour DJI Agras MG-1P","author":"admin","date":"21 novembre 2020","format":false,"excerpt":"RTK Handheld pour Agras MG-1P RTK Positionnement centim\u00e9trique","rel":"","context":"Article similaire","block_context":{"text":"Article similaire","link":""},"img":{"alt_text":"Station mobile DJI D-RTK haute pr\u00e9cision GNSS pour DJI Agras MG-1P","src":"https:\/\/i0.wp.com\/store.droneway.ma\/wp-content\/uploads\/2020\/11\/dji-mg-1p-rtk-handheld-p-image-209726-grande.jpg?resize=350%2C200&ssl=1","width":350,"height":200},"classes":[]},{"id":2050,"url":"https:\/\/store.droneway.ma\/index.php\/produit\/dji-agras-mg-1p-rtk\/","url_meta":{"origin":2053,"position":1},"title":"DJI Agras MG-1P RTK","author":"admin","date":"21 novembre 2020","format":false,"excerpt":"Drone de pr\u00e9cision pour agriculture de pr\u00e9cision Nombreux capteurs pour une s\u00e9curit\u00e9 accrue Pr\u00e9cision extr\u00eame : au niveau centim\u00e9trique Contr\u00f4le sur une distance de 3 km Application MG v2.0","rel":"","context":"Article similaire","block_context":{"text":"Article similaire","link":""},"img":{"alt_text":"DJI Agras MG-1P RTK","src":"https:\/\/i0.wp.com\/store.droneway.ma\/wp-content\/uploads\/2020\/11\/p-image-209736-grande.jpg?resize=350%2C200&ssl=1","width":350,"height":200},"classes":[]},{"id":2051,"url":"https:\/\/store.droneway.ma\/index.php\/produit\/dji-agras-mg-1p\/","url_meta":{"origin":2053,"position":2},"title":"DJI Agras MG-1P","author":"admin","date":"21 novembre 2020","format":false,"excerpt":"Drone de pr\u00e9cision pour agriculture de pr\u00e9cision Nombreux capteurs pour une s\u00e9curit\u00e9 accrue Contr\u00f4le sur une distance de 3 km Application MG v2.0","rel":"","context":"Article similaire","block_context":{"text":"Article similaire","link":""},"img":{"alt_text":"DJI Agras MG-1P","src":"https:\/\/i0.wp.com\/store.droneway.ma\/wp-content\/uploads\/2020\/11\/dji-agras-mg-1p-p-image-209677-grande.jpg?resize=350%2C200&ssl=1","width":350,"height":200},"classes":[]},{"id":2056,"url":"https:\/\/store.droneway.ma\/index.php\/produit\/batterie-mg-12000p-pour-dji-agras-mg-1p\/","url_meta":{"origin":2053,"position":3},"title":"Batterie MG-12000P pour DJI AGRAS MG-1P","author":"admin","date":"21 novembre 2020","format":false,"excerpt":"Batterie MG-12000P pour DJI AGRAS MG-1P","rel":"","context":"Article similaire","block_context":{"text":"Article similaire","link":""},"img":{"alt_text":"Batterie MG-12000P pour DJI AGRAS MG-1P","src":"https:\/\/i0.wp.com\/store.droneway.ma\/wp-content\/uploads\/2020\/11\/batterie-mg-12000p-p-image-216523-grande.jpg?resize=350%2C200&ssl=1","width":350,"height":200},"classes":[]},{"id":2055,"url":"https:\/\/store.droneway.ma\/index.php\/produit\/dji-agras-t16\/","url_meta":{"origin":2053,"position":4},"title":"DJI Agras T16","author":"admin","date":"21 novembre 2020","format":false,"excerpt":"Drone DJI agricole optimis\u00e9 pour des performances in\u00e9gal\u00e9es Double IMU et redondance GNSS+RTK et barom\u00e8tre D\u00e9tection de l'environnement et suivi de terrain \u00c9tanch\u00e9it\u00e9 IP67 pour le module de base RTK pour une pr\u00e9cision centim\u00e9trique Cam\u00e9ra FPV grand angle Intelligence artificielle Grande charge : 16L","rel":"","context":"Article similaire","block_context":{"text":"Article similaire","link":""},"img":{"alt_text":"DJI Agras T16","src":"https:\/\/i0.wp.com\/store.droneway.ma\/wp-content\/uploads\/2020\/11\/dji-agras-t16-p-image-213010-grande.jpg?resize=350%2C200&ssl=1","width":350,"height":200,"srcset":"https:\/\/i0.wp.com\/store.droneway.ma\/wp-content\/uploads\/2020\/11\/dji-agras-t16-p-image-213010-grande.jpg?resize=350%2C200&ssl=1 1x, https:\/\/i0.wp.com\/store.droneway.ma\/wp-content\/uploads\/2020\/11\/dji-agras-t16-p-image-213010-grande.jpg?resize=525%2C300&ssl=1 1.5x, https:\/\/i0.wp.com\/store.droneway.ma\/wp-content\/uploads\/2020\/11\/dji-agras-t16-p-image-213010-grande.jpg?resize=700%2C400&ssl=1 2x"},"classes":[]},{"id":2054,"url":"https:\/\/store.droneway.ma\/index.php\/produit\/chargeur-dji-agras-1s-1p-et-hub-6-connexions\/","url_meta":{"origin":2053,"position":5},"title":"Chargeur DJI Agras 1S\/1P et hub 6 connexions","author":"admin","date":"21 novembre 2020","format":false,"excerpt":"Chargeur DJI sp\u00e9cialis\u00e9 puissant : 2400W Recharge 2 batteries simultan\u00e9ment Recharge 6 batteries successivement Mode de charges : lente et rapide","rel":"","context":"Article similaire","block_context":{"text":"Article similaire","link":""},"img":{"alt_text":"Chargeur DJI Agras 1S\/1P et hub 6 connexions","src":"https:\/\/i0.wp.com\/store.droneway.ma\/wp-content\/uploads\/2020\/11\/chargeur-dji-agras-1s-1p-6-connexions-p-image-209217-grande.jpg?resize=350%2C200&ssl=1","width":350,"height":200,"srcset":"https:\/\/i0.wp.com\/store.droneway.ma\/wp-content\/uploads\/2020\/11\/chargeur-dji-agras-1s-1p-6-connexions-p-image-209217-grande.jpg?resize=350%2C200&ssl=1 1x, https:\/\/i0.wp.com\/store.droneway.ma\/wp-content\/uploads\/2020\/11\/chargeur-dji-agras-1s-1p-6-connexions-p-image-209217-grande.jpg?resize=525%2C300&ssl=1 1.5x"},"classes":[]}],"jetpack_sharing_enabled":true,"_links":{"self":[{"href":"https:\/\/store.droneway.ma\/index.php\/wp-json\/wp\/v2\/product\/2053","targetHints":{"allow":["GET"]}}],"collection":[{"href":"https:\/\/store.droneway.ma\/index.php\/wp-json\/wp\/v2\/product"}],"about":[{"href":"https:\/\/store.droneway.ma\/index.php\/wp-json\/wp\/v2\/types\/product"}],"wp:featuredmedia":[{"embeddable":true,"href":"https:\/\/store.droneway.ma\/index.php\/wp-json\/wp\/v2\/media\/995"}],"wp:attachment":[{"href":"https:\/\/store.droneway.ma\/index.php\/wp-json\/wp\/v2\/media?parent=2053"}],"wp:term":[{"taxonomy":"product_brand","embeddable":true,"href":"https:\/\/store.droneway.ma\/index.php\/wp-json\/wp\/v2\/product_brand?post=2053"},{"taxonomy":"product_cat","embeddable":true,"href":"https:\/\/store.droneway.ma\/index.php\/wp-json\/wp\/v2\/product_cat?post=2053"},{"taxonomy":"product_tag","embeddable":true,"href":"https:\/\/store.droneway.ma\/index.php\/wp-json\/wp\/v2\/product_tag?post=2053"}],"curies":[{"name":"wp","href":"https:\/\/api.w.org\/{rel}","templated":true}]}}