{"id":2051,"date":"2020-11-21T19:00:42","date_gmt":"2020-11-21T18:00:42","guid":{"rendered":"http:\/\/store.droneway.ma\/index.php\/produit\/dji-agras-mg-1p\/"},"modified":"2020-11-21T19:00:48","modified_gmt":"2020-11-21T18:00:48","slug":"dji-agras-mg-1p","status":"publish","type":"product","link":"https:\/\/store.droneway.ma\/index.php\/produit\/dji-agras-mg-1p\/","title":{"rendered":"DJI Agras MG-1P"},"content":{"rendered":"<p>Version am\u00e9lior\u00e9e de l\u2019AGRAS MG-1S, l\u2019AGRAS MG-1P est un drone sp\u00e9cialis\u00e9 dans l\u2019agriculture de pr\u00e9cision. Il excellera tout particuli\u00e8rement dans le traitement d\u2019informations et leur exploitation, donnant ainsi une efficacit\u00e9 accrue sur le terrain.  Sa nouvelle radiocommande permettra de contr\u00f4ler jusqu\u2019\u00e0 5 drones AGRAS MG-1P simultan\u00e9ment sur une distance de 3 km !  Il est dot\u00e9 de cam\u00e9ras, d\u00e9tecteurs et de divers capteurs tous plus performants les uns que les autres : cam\u00e9ra FPV avec Fov de 123\u00b0, radar de haute pr\u00e9cision am\u00e9lior\u00e9&#8230; Une version plus pr\u00e9cise, le DJI AGRAS MG-1P RTK,dot\u00e9e de la technologie RTK pour un positionnement au centim\u00e8tre pr\u00e8s, est \u00e9galement disponible sur notre site. L\u2019ensemble \u00e9tant contr\u00f4l\u00e9 par l\u2019application MG v2.0 pour un contr\u00f4le intuitif et intelligent de votre flotte de drones AGRAS MG-1P.  Note : seules les batteries WB37 de la radiocommande sont livr\u00e9es avec ce drone. Les batteries MG-12000P de l&rsquo;AGRAS MG-1P sont \u00e0 prendre s\u00e9par\u00e9ment.<\/p>\n","protected":false},"excerpt":{"rendered":"<p>Drone de pr\u00e9cision pour agriculture de pr\u00e9cision<br \/>\nNombreux capteurs pour une s\u00e9curit\u00e9 accrue<br \/>\nContr\u00f4le sur une distance de 3 km<br \/>\nApplication MG v2.0<\/p>\n","protected":false},"featured_media":988,"template":"","meta":{"content-type":"","rop_custom_images_group":[],"rop_custom_messages_group":[],"rop_publish_now":"initial","rop_publish_now_accounts":[],"rop_publish_now_history":[],"rop_publish_now_status":"pending"},"product_brand":[],"product_cat":[29,42],"product_tag":[],"class_list":{"0":"post-2051","1":"product","2":"type-product","3":"status-publish","4":"has-post-thumbnail","6":"product_cat-dji-agras","7":"product_cat-agras","9":"first","10":"instock","11":"purchasable","12":"product-type-simple"},"jetpack-related-posts":[{"id":2050,"url":"https:\/\/store.droneway.ma\/index.php\/produit\/dji-agras-mg-1p-rtk\/","url_meta":{"origin":2051,"position":0},"title":"DJI Agras MG-1P RTK","author":"admin","date":"21 novembre 2020","format":false,"excerpt":"Drone de pr\u00e9cision pour agriculture de pr\u00e9cision Nombreux capteurs pour une s\u00e9curit\u00e9 accrue Pr\u00e9cision extr\u00eame : au niveau centim\u00e9trique Contr\u00f4le sur une distance de 3 km Application MG v2.0","rel":"","context":"Article similaire","block_context":{"text":"Article similaire","link":""},"img":{"alt_text":"DJI Agras MG-1P RTK","src":"https:\/\/i0.wp.com\/store.droneway.ma\/wp-content\/uploads\/2020\/11\/p-image-209736-grande.jpg?resize=350%2C200&ssl=1","width":350,"height":200},"classes":[]},{"id":2052,"url":"https:\/\/store.droneway.ma\/index.php\/produit\/station-mobile-dji-d-rtk-haute-precision-gnss-pour-dji-agras-mg-1p\/","url_meta":{"origin":2051,"position":1},"title":"Station mobile DJI D-RTK haute pr\u00e9cision GNSS pour DJI Agras MG-1P","author":"admin","date":"21 novembre 2020","format":false,"excerpt":"RTK Handheld pour Agras MG-1P RTK Positionnement centim\u00e9trique","rel":"","context":"Article similaire","block_context":{"text":"Article similaire","link":""},"img":{"alt_text":"Station mobile DJI D-RTK haute pr\u00e9cision GNSS pour DJI Agras MG-1P","src":"https:\/\/i0.wp.com\/store.droneway.ma\/wp-content\/uploads\/2020\/11\/dji-mg-1p-rtk-handheld-p-image-209726-grande.jpg?resize=350%2C200&ssl=1","width":350,"height":200},"classes":[]},{"id":2053,"url":"https:\/\/store.droneway.ma\/index.php\/produit\/station-mobile-dji-d-rtk-gnss-pour-dji-agras-mg-1p-avec-trepied\/","url_meta":{"origin":2051,"position":2},"title":"Station mobile DJI D-RTK GNSS pour DJI Agras MG-1P (avec tr\u00e9pied)","author":"admin","date":"21 novembre 2020","format":false,"excerpt":"RTK Handheld pour Agras MG-1P RTK Positionnement centim\u00e9trique Version avec tr\u00e9pied","rel":"","context":"Article similaire","block_context":{"text":"Article similaire","link":""},"img":{"alt_text":"Station mobile DJI D-RTK GNSS pour DJI Agras MG-1P (avec tr\u00e9pied)","src":"https:\/\/i0.wp.com\/store.droneway.ma\/wp-content\/uploads\/2020\/11\/mg-1p-rtk-ground-station-p-image-209730-grande.jpg?resize=350%2C200&ssl=1","width":350,"height":200},"classes":[]},{"id":2056,"url":"https:\/\/store.droneway.ma\/index.php\/produit\/batterie-mg-12000p-pour-dji-agras-mg-1p\/","url_meta":{"origin":2051,"position":3},"title":"Batterie MG-12000P pour DJI AGRAS MG-1P","author":"admin","date":"21 novembre 2020","format":false,"excerpt":"Batterie MG-12000P pour DJI AGRAS MG-1P","rel":"","context":"Article similaire","block_context":{"text":"Article similaire","link":""},"img":{"alt_text":"Batterie MG-12000P pour DJI AGRAS MG-1P","src":"https:\/\/i0.wp.com\/store.droneway.ma\/wp-content\/uploads\/2020\/11\/batterie-mg-12000p-p-image-216523-grande.jpg?resize=350%2C200&ssl=1","width":350,"height":200},"classes":[]},{"id":2054,"url":"https:\/\/store.droneway.ma\/index.php\/produit\/chargeur-dji-agras-1s-1p-et-hub-6-connexions\/","url_meta":{"origin":2051,"position":4},"title":"Chargeur DJI Agras 1S\/1P et hub 6 connexions","author":"admin","date":"21 novembre 2020","format":false,"excerpt":"Chargeur DJI sp\u00e9cialis\u00e9 puissant : 2400W Recharge 2 batteries simultan\u00e9ment Recharge 6 batteries successivement Mode de charges : lente et rapide","rel":"","context":"Article similaire","block_context":{"text":"Article similaire","link":""},"img":{"alt_text":"Chargeur DJI Agras 1S\/1P et hub 6 connexions","src":"https:\/\/i0.wp.com\/store.droneway.ma\/wp-content\/uploads\/2020\/11\/chargeur-dji-agras-1s-1p-6-connexions-p-image-209217-grande.jpg?resize=350%2C200&ssl=1","width":350,"height":200,"srcset":"https:\/\/i0.wp.com\/store.droneway.ma\/wp-content\/uploads\/2020\/11\/chargeur-dji-agras-1s-1p-6-connexions-p-image-209217-grande.jpg?resize=350%2C200&ssl=1 1x, https:\/\/i0.wp.com\/store.droneway.ma\/wp-content\/uploads\/2020\/11\/chargeur-dji-agras-1s-1p-6-connexions-p-image-209217-grande.jpg?resize=525%2C300&ssl=1 1.5x"},"classes":[]},{"id":2049,"url":"https:\/\/store.droneway.ma\/index.php\/produit\/batterie-dji-pour-wind-series-et-agras-mg-1\/","url_meta":{"origin":2051,"position":5},"title":"Batterie DJI pour Wind series et Agras MG-1","author":"admin","date":"21 novembre 2020","format":false,"excerpt":"Batterie intelligente DJI Grande capacit\u00e9 12000 mAh","rel":"","context":"Article similaire","block_context":{"text":"Article similaire","link":""},"img":{"alt_text":"Batterie DJI pour Wind series et Agras MG-1","src":"https:\/\/i0.wp.com\/store.droneway.ma\/wp-content\/uploads\/2020\/11\/batterie-dji-pour-wind-et-agras-mg-1-p-image-200025-grande.jpg?resize=350%2C200&ssl=1","width":350,"height":200},"classes":[]}],"jetpack_sharing_enabled":true,"_links":{"self":[{"href":"https:\/\/store.droneway.ma\/index.php\/wp-json\/wp\/v2\/product\/2051","targetHints":{"allow":["GET"]}}],"collection":[{"href":"https:\/\/store.droneway.ma\/index.php\/wp-json\/wp\/v2\/product"}],"about":[{"href":"https:\/\/store.droneway.ma\/index.php\/wp-json\/wp\/v2\/types\/product"}],"wp:featuredmedia":[{"embeddable":true,"href":"https:\/\/store.droneway.ma\/index.php\/wp-json\/wp\/v2\/media\/988"}],"wp:attachment":[{"href":"https:\/\/store.droneway.ma\/index.php\/wp-json\/wp\/v2\/media?parent=2051"}],"wp:term":[{"taxonomy":"product_brand","embeddable":true,"href":"https:\/\/store.droneway.ma\/index.php\/wp-json\/wp\/v2\/product_brand?post=2051"},{"taxonomy":"product_cat","embeddable":true,"href":"https:\/\/store.droneway.ma\/index.php\/wp-json\/wp\/v2\/product_cat?post=2051"},{"taxonomy":"product_tag","embeddable":true,"href":"https:\/\/store.droneway.ma\/index.php\/wp-json\/wp\/v2\/product_tag?post=2051"}],"curies":[{"name":"wp","href":"https:\/\/api.w.org\/{rel}","templated":true}]}}