{"id":2050,"date":"2020-11-21T19:00:42","date_gmt":"2020-11-21T18:00:42","guid":{"rendered":"http:\/\/store.droneway.ma\/index.php\/produit\/dji-agras-mg-1p-rtk\/"},"modified":"2020-11-21T19:00:47","modified_gmt":"2020-11-21T18:00:47","slug":"dji-agras-mg-1p-rtk","status":"publish","type":"product","link":"https:\/\/store.droneway.ma\/index.php\/produit\/dji-agras-mg-1p-rtk\/","title":{"rendered":"DJI Agras MG-1P RTK"},"content":{"rendered":"<p>Version am\u00e9lior\u00e9e de l\u2019AGRAS MG-1P, l\u2019AGRAS MG-1P RTK est un drone sp\u00e9cialis\u00e9 dans l\u2019agriculture de pr\u00e9cision. Il excellera tout particuli\u00e8rement dans le traitement d\u2019informations et leur exploitation, donnant ainsi une efficacit\u00e9 accrue sur le terrain et une pr\u00e9cision centim\u00e9trique !  La nouvelle radiocommande permettra de prendre le contr\u00f4le de 1 \u00e0 5 drone(s) AGRAS MG-1P RTK simultan\u00e9ment sur une distance de 3 km !  Il est dot\u00e9 de cam\u00e9ras, d\u00e9tecteurs et de divers capteurs tous plus performants les uns que les autres : cam\u00e9ra FPV avec Fov de 123\u00b0, radar de haute pr\u00e9cision am\u00e9lior\u00e9 et module RTK int\u00e9gr\u00e9 pour une pr\u00e9cision incroyable, au centim\u00e8tre pr\u00e8s&#8230; L\u2019ensemble est contr\u00f4l\u00e9 par l\u2019application MG v2.0 pour un contr\u00f4le intuitif et intelligent de votre flotte de drones AGRAS MG-1P RTK.  Note : seules les batteries WB37 de la radiocommande sont livr\u00e9es avec ce drone. Les batteries MG-12000P de l&rsquo;AGRAS MG-1P RTK sont \u00e0 prendre s\u00e9par\u00e9ment.<\/p>\n","protected":false},"excerpt":{"rendered":"<p>Drone de pr\u00e9cision pour agriculture de pr\u00e9cision  Nombreux capteurs pour une s\u00e9curit\u00e9 accrue  Pr\u00e9cision extr\u00eame : au niveau centim\u00e9trique  Contr\u00f4le sur une distance de 3 km  Application MG v2.0<\/p>\n","protected":false},"featured_media":984,"template":"","meta":{"content-type":"","rop_custom_images_group":[],"rop_custom_messages_group":[],"rop_publish_now":"initial","rop_publish_now_accounts":[],"rop_publish_now_history":[],"rop_publish_now_status":"pending"},"product_brand":[],"product_cat":[29,42],"product_tag":[],"class_list":{"0":"post-2050","1":"product","2":"type-product","3":"status-publish","4":"has-post-thumbnail","6":"product_cat-dji-agras","7":"product_cat-agras","9":"first","10":"instock","11":"purchasable","12":"product-type-simple"},"jetpack-related-posts":[{"id":2051,"url":"https:\/\/store.droneway.ma\/index.php\/produit\/dji-agras-mg-1p\/","url_meta":{"origin":2050,"position":0},"title":"DJI Agras MG-1P","author":"admin","date":"21 novembre 2020","format":false,"excerpt":"Drone de pr\u00e9cision pour agriculture de pr\u00e9cision Nombreux capteurs pour une s\u00e9curit\u00e9 accrue Contr\u00f4le sur une distance de 3 km Application MG v2.0","rel":"","context":"Article similaire","block_context":{"text":"Article similaire","link":""},"img":{"alt_text":"DJI Agras MG-1P","src":"https:\/\/i0.wp.com\/store.droneway.ma\/wp-content\/uploads\/2020\/11\/dji-agras-mg-1p-p-image-209677-grande.jpg?resize=350%2C200&ssl=1","width":350,"height":200},"classes":[]},{"id":2052,"url":"https:\/\/store.droneway.ma\/index.php\/produit\/station-mobile-dji-d-rtk-haute-precision-gnss-pour-dji-agras-mg-1p\/","url_meta":{"origin":2050,"position":1},"title":"Station mobile DJI D-RTK haute pr\u00e9cision GNSS pour DJI Agras MG-1P","author":"admin","date":"21 novembre 2020","format":false,"excerpt":"RTK Handheld pour Agras MG-1P RTK Positionnement centim\u00e9trique","rel":"","context":"Article similaire","block_context":{"text":"Article similaire","link":""},"img":{"alt_text":"Station mobile DJI D-RTK haute pr\u00e9cision GNSS pour DJI Agras MG-1P","src":"https:\/\/i0.wp.com\/store.droneway.ma\/wp-content\/uploads\/2020\/11\/dji-mg-1p-rtk-handheld-p-image-209726-grande.jpg?resize=350%2C200&ssl=1","width":350,"height":200},"classes":[]},{"id":2053,"url":"https:\/\/store.droneway.ma\/index.php\/produit\/station-mobile-dji-d-rtk-gnss-pour-dji-agras-mg-1p-avec-trepied\/","url_meta":{"origin":2050,"position":2},"title":"Station mobile DJI D-RTK GNSS pour DJI Agras MG-1P (avec tr\u00e9pied)","author":"admin","date":"21 novembre 2020","format":false,"excerpt":"RTK Handheld pour Agras MG-1P RTK Positionnement centim\u00e9trique Version avec tr\u00e9pied","rel":"","context":"Article similaire","block_context":{"text":"Article similaire","link":""},"img":{"alt_text":"Station mobile DJI D-RTK GNSS pour DJI Agras MG-1P (avec tr\u00e9pied)","src":"https:\/\/i0.wp.com\/store.droneway.ma\/wp-content\/uploads\/2020\/11\/mg-1p-rtk-ground-station-p-image-209730-grande.jpg?resize=350%2C200&ssl=1","width":350,"height":200},"classes":[]},{"id":2056,"url":"https:\/\/store.droneway.ma\/index.php\/produit\/batterie-mg-12000p-pour-dji-agras-mg-1p\/","url_meta":{"origin":2050,"position":3},"title":"Batterie MG-12000P pour DJI AGRAS MG-1P","author":"admin","date":"21 novembre 2020","format":false,"excerpt":"Batterie MG-12000P pour DJI AGRAS MG-1P","rel":"","context":"Article similaire","block_context":{"text":"Article similaire","link":""},"img":{"alt_text":"Batterie MG-12000P pour DJI AGRAS MG-1P","src":"https:\/\/i0.wp.com\/store.droneway.ma\/wp-content\/uploads\/2020\/11\/batterie-mg-12000p-p-image-216523-grande.jpg?resize=350%2C200&ssl=1","width":350,"height":200},"classes":[]},{"id":2054,"url":"https:\/\/store.droneway.ma\/index.php\/produit\/chargeur-dji-agras-1s-1p-et-hub-6-connexions\/","url_meta":{"origin":2050,"position":4},"title":"Chargeur DJI Agras 1S\/1P et hub 6 connexions","author":"admin","date":"21 novembre 2020","format":false,"excerpt":"Chargeur DJI sp\u00e9cialis\u00e9 puissant : 2400W Recharge 2 batteries simultan\u00e9ment Recharge 6 batteries successivement Mode de charges : lente et rapide","rel":"","context":"Article similaire","block_context":{"text":"Article similaire","link":""},"img":{"alt_text":"Chargeur DJI Agras 1S\/1P et hub 6 connexions","src":"https:\/\/i0.wp.com\/store.droneway.ma\/wp-content\/uploads\/2020\/11\/chargeur-dji-agras-1s-1p-6-connexions-p-image-209217-grande.jpg?resize=350%2C200&ssl=1","width":350,"height":200,"srcset":"https:\/\/i0.wp.com\/store.droneway.ma\/wp-content\/uploads\/2020\/11\/chargeur-dji-agras-1s-1p-6-connexions-p-image-209217-grande.jpg?resize=350%2C200&ssl=1 1x, https:\/\/i0.wp.com\/store.droneway.ma\/wp-content\/uploads\/2020\/11\/chargeur-dji-agras-1s-1p-6-connexions-p-image-209217-grande.jpg?resize=525%2C300&ssl=1 1.5x"},"classes":[]},{"id":2055,"url":"https:\/\/store.droneway.ma\/index.php\/produit\/dji-agras-t16\/","url_meta":{"origin":2050,"position":5},"title":"DJI Agras T16","author":"admin","date":"21 novembre 2020","format":false,"excerpt":"Drone DJI agricole optimis\u00e9 pour des performances in\u00e9gal\u00e9es Double IMU et redondance GNSS+RTK et barom\u00e8tre D\u00e9tection de l'environnement et suivi de terrain \u00c9tanch\u00e9it\u00e9 IP67 pour le module de base RTK pour une pr\u00e9cision centim\u00e9trique Cam\u00e9ra FPV grand angle Intelligence artificielle Grande charge : 16L","rel":"","context":"Article similaire","block_context":{"text":"Article similaire","link":""},"img":{"alt_text":"DJI Agras T16","src":"https:\/\/i0.wp.com\/store.droneway.ma\/wp-content\/uploads\/2020\/11\/dji-agras-t16-p-image-213010-grande.jpg?resize=350%2C200&ssl=1","width":350,"height":200,"srcset":"https:\/\/i0.wp.com\/store.droneway.ma\/wp-content\/uploads\/2020\/11\/dji-agras-t16-p-image-213010-grande.jpg?resize=350%2C200&ssl=1 1x, https:\/\/i0.wp.com\/store.droneway.ma\/wp-content\/uploads\/2020\/11\/dji-agras-t16-p-image-213010-grande.jpg?resize=525%2C300&ssl=1 1.5x, https:\/\/i0.wp.com\/store.droneway.ma\/wp-content\/uploads\/2020\/11\/dji-agras-t16-p-image-213010-grande.jpg?resize=700%2C400&ssl=1 2x"},"classes":[]}],"jetpack_sharing_enabled":true,"_links":{"self":[{"href":"https:\/\/store.droneway.ma\/index.php\/wp-json\/wp\/v2\/product\/2050","targetHints":{"allow":["GET"]}}],"collection":[{"href":"https:\/\/store.droneway.ma\/index.php\/wp-json\/wp\/v2\/product"}],"about":[{"href":"https:\/\/store.droneway.ma\/index.php\/wp-json\/wp\/v2\/types\/product"}],"wp:featuredmedia":[{"embeddable":true,"href":"https:\/\/store.droneway.ma\/index.php\/wp-json\/wp\/v2\/media\/984"}],"wp:attachment":[{"href":"https:\/\/store.droneway.ma\/index.php\/wp-json\/wp\/v2\/media?parent=2050"}],"wp:term":[{"taxonomy":"product_brand","embeddable":true,"href":"https:\/\/store.droneway.ma\/index.php\/wp-json\/wp\/v2\/product_brand?post=2050"},{"taxonomy":"product_cat","embeddable":true,"href":"https:\/\/store.droneway.ma\/index.php\/wp-json\/wp\/v2\/product_cat?post=2050"},{"taxonomy":"product_tag","embeddable":true,"href":"https:\/\/store.droneway.ma\/index.php\/wp-json\/wp\/v2\/product_tag?post=2050"}],"curies":[{"name":"wp","href":"https:\/\/api.w.org\/{rel}","templated":true}]}}