{"id":2049,"date":"2020-11-21T19:00:42","date_gmt":"2020-11-21T18:00:42","guid":{"rendered":"http:\/\/store.droneway.ma\/index.php\/produit\/batterie-dji-pour-wind-series-et-agras-mg-1\/"},"modified":"2020-11-21T19:00:42","modified_gmt":"2020-11-21T18:00:42","slug":"batterie-dji-pour-wind-series-et-agras-mg-1","status":"publish","type":"product","link":"https:\/\/store.droneway.ma\/index.php\/produit\/batterie-dji-pour-wind-series-et-agras-mg-1\/","title":{"rendered":"Batterie DJI pour Wind series et Agras MG-1"},"content":{"rendered":"<p>Cette batterie DJI 12000 mAh 22.2V permettra d\u2019alimenter les drones Agras MG-1 et ceux de la WIND Series. Une batterie peut couvrir entre 6 000-10 000m2 pour pulv\u00e9riser les 10L de traitement contenu dans le r\u00e9servoir en l\u2019espace de 8 \u00e0 12 minutes. Plusieurs batteries seront n\u00e9cessaires pour alimenter les drones en fonctions de leurs caract\u00e9ristiques et de la surface \u00e0 traiter.<\/p>\n","protected":false},"excerpt":{"rendered":"<p>Batterie intelligente DJI  Grande capacit\u00e9 12000 mAh<\/p>\n","protected":false},"featured_media":980,"template":"","meta":{"content-type":"","rop_custom_images_group":[],"rop_custom_messages_group":[],"rop_publish_now":"initial","rop_publish_now_accounts":[],"rop_publish_now_history":[],"rop_publish_now_status":"pending"},"product_brand":[],"product_cat":[29,42],"product_tag":[],"class_list":{"0":"post-2049","1":"product","2":"type-product","3":"status-publish","4":"has-post-thumbnail","6":"product_cat-dji-agras","7":"product_cat-agras","9":"first","10":"instock","11":"purchasable","12":"product-type-simple"},"jetpack-related-posts":[{"id":2051,"url":"https:\/\/store.droneway.ma\/index.php\/produit\/dji-agras-mg-1p\/","url_meta":{"origin":2049,"position":0},"title":"DJI Agras MG-1P","author":"admin","date":"21 novembre 2020","format":false,"excerpt":"Drone de pr\u00e9cision pour agriculture de pr\u00e9cision Nombreux capteurs pour une s\u00e9curit\u00e9 accrue Contr\u00f4le sur une distance de 3 km Application MG v2.0","rel":"","context":"Article similaire","block_context":{"text":"Article similaire","link":""},"img":{"alt_text":"DJI Agras MG-1P","src":"https:\/\/i0.wp.com\/store.droneway.ma\/wp-content\/uploads\/2020\/11\/dji-agras-mg-1p-p-image-209677-grande.jpg?resize=350%2C200&ssl=1","width":350,"height":200},"classes":[]},{"id":2050,"url":"https:\/\/store.droneway.ma\/index.php\/produit\/dji-agras-mg-1p-rtk\/","url_meta":{"origin":2049,"position":1},"title":"DJI Agras MG-1P RTK","author":"admin","date":"21 novembre 2020","format":false,"excerpt":"Drone de pr\u00e9cision pour agriculture de pr\u00e9cision Nombreux capteurs pour une s\u00e9curit\u00e9 accrue Pr\u00e9cision extr\u00eame : au niveau centim\u00e9trique Contr\u00f4le sur une distance de 3 km Application MG v2.0","rel":"","context":"Article similaire","block_context":{"text":"Article similaire","link":""},"img":{"alt_text":"DJI Agras MG-1P RTK","src":"https:\/\/i0.wp.com\/store.droneway.ma\/wp-content\/uploads\/2020\/11\/p-image-209736-grande.jpg?resize=350%2C200&ssl=1","width":350,"height":200},"classes":[]},{"id":2056,"url":"https:\/\/store.droneway.ma\/index.php\/produit\/batterie-mg-12000p-pour-dji-agras-mg-1p\/","url_meta":{"origin":2049,"position":2},"title":"Batterie MG-12000P pour DJI AGRAS MG-1P","author":"admin","date":"21 novembre 2020","format":false,"excerpt":"Batterie MG-12000P pour DJI AGRAS MG-1P","rel":"","context":"Article similaire","block_context":{"text":"Article similaire","link":""},"img":{"alt_text":"Batterie MG-12000P pour DJI AGRAS MG-1P","src":"https:\/\/i0.wp.com\/store.droneway.ma\/wp-content\/uploads\/2020\/11\/batterie-mg-12000p-p-image-216523-grande.jpg?resize=350%2C200&ssl=1","width":350,"height":200},"classes":[]},{"id":2054,"url":"https:\/\/store.droneway.ma\/index.php\/produit\/chargeur-dji-agras-1s-1p-et-hub-6-connexions\/","url_meta":{"origin":2049,"position":3},"title":"Chargeur DJI Agras 1S\/1P et hub 6 connexions","author":"admin","date":"21 novembre 2020","format":false,"excerpt":"Chargeur DJI sp\u00e9cialis\u00e9 puissant : 2400W Recharge 2 batteries simultan\u00e9ment Recharge 6 batteries successivement Mode de charges : lente et rapide","rel":"","context":"Article similaire","block_context":{"text":"Article similaire","link":""},"img":{"alt_text":"Chargeur DJI Agras 1S\/1P et hub 6 connexions","src":"https:\/\/i0.wp.com\/store.droneway.ma\/wp-content\/uploads\/2020\/11\/chargeur-dji-agras-1s-1p-6-connexions-p-image-209217-grande.jpg?resize=350%2C200&ssl=1","width":350,"height":200,"srcset":"https:\/\/i0.wp.com\/store.droneway.ma\/wp-content\/uploads\/2020\/11\/chargeur-dji-agras-1s-1p-6-connexions-p-image-209217-grande.jpg?resize=350%2C200&ssl=1 1x, https:\/\/i0.wp.com\/store.droneway.ma\/wp-content\/uploads\/2020\/11\/chargeur-dji-agras-1s-1p-6-connexions-p-image-209217-grande.jpg?resize=525%2C300&ssl=1 1.5x"},"classes":[]},{"id":2123,"url":"https:\/\/store.droneway.ma\/index.php\/produit\/batterie-tb50-4280-mah-pour-dji-matrice-200\/","url_meta":{"origin":2049,"position":4},"title":"Batterie TB50 4280 mAh pour DJI Matrice 200","author":"admin","date":"21 novembre 2020","format":false,"excerpt":"Batterie TB50 pour DJI Matrice 200 et 210","rel":"","context":"Article similaire","block_context":{"text":"Article similaire","link":""},"img":{"alt_text":"Batterie TB50 4280 mAh pour DJI Matrice 200","src":"https:\/\/i0.wp.com\/store.droneway.ma\/wp-content\/uploads\/2020\/11\/batterie-tb50-pour-dji-matrice-200-p-image-189655-grande.jpg?resize=350%2C200&ssl=1","width":350,"height":200},"classes":[]},{"id":2141,"url":"https:\/\/store.droneway.ma\/index.php\/produit\/batterie-tb48s-5700-mah-dji-matrice-600\/","url_meta":{"origin":2049,"position":5},"title":"Batterie TB48S 5700 mAh DJI Matrice 600","author":"admin","date":"21 novembre 2020","format":false,"excerpt":"Batterie TB48S 5700 mAh DJI Matrice 600","rel":"","context":"Article similaire","block_context":{"text":"Article similaire","link":""},"img":{"alt_text":"","src":"https:\/\/i0.wp.com\/store.droneway.ma\/wp-content\/uploads\/2020\/11\/batterie-tb48s-5700-mah-dji-matrice-600-p-image-181015-grande.jpg?resize=350%2C200&ssl=1","width":350,"height":200},"classes":[]}],"jetpack_sharing_enabled":true,"_links":{"self":[{"href":"https:\/\/store.droneway.ma\/index.php\/wp-json\/wp\/v2\/product\/2049","targetHints":{"allow":["GET"]}}],"collection":[{"href":"https:\/\/store.droneway.ma\/index.php\/wp-json\/wp\/v2\/product"}],"about":[{"href":"https:\/\/store.droneway.ma\/index.php\/wp-json\/wp\/v2\/types\/product"}],"wp:featuredmedia":[{"embeddable":true,"href":"https:\/\/store.droneway.ma\/index.php\/wp-json\/wp\/v2\/media\/980"}],"wp:attachment":[{"href":"https:\/\/store.droneway.ma\/index.php\/wp-json\/wp\/v2\/media?parent=2049"}],"wp:term":[{"taxonomy":"product_brand","embeddable":true,"href":"https:\/\/store.droneway.ma\/index.php\/wp-json\/wp\/v2\/product_brand?post=2049"},{"taxonomy":"product_cat","embeddable":true,"href":"https:\/\/store.droneway.ma\/index.php\/wp-json\/wp\/v2\/product_cat?post=2049"},{"taxonomy":"product_tag","embeddable":true,"href":"https:\/\/store.droneway.ma\/index.php\/wp-json\/wp\/v2\/product_tag?post=2049"}],"curies":[{"name":"wp","href":"https:\/\/api.w.org\/{rel}","templated":true}]}}