{"id":3032,"date":"2024-08-22T16:01:21","date_gmt":"2024-08-22T14:01:21","guid":{"rendered":"https:\/\/store.droneway.ma\/?page_id=3032"},"modified":"2024-08-22T16:01:21","modified_gmt":"2024-08-22T14:01:21","slug":"paiement-en-ligne-sur-notre-site","status":"publish","type":"page","link":"https:\/\/store.droneway.ma\/index.php\/paiement-en-ligne-sur-notre-site\/","title":{"rendered":"Paiement en-ligne sur notre site"},"content":{"rendered":"<div class=\"page\" title=\"Page 1\">\n<div class=\"layoutArea\">\n<div class=\"column\">\n<p>\u00ab Le paiement en ligne sur notre site est se\u0301curise\u0301 par la plateforme de paiement en ligne FPAY de la socie\u0301te\u0301 FAST PAYMENT LTD.<\/p>\n<p>FAST PAYMENT LTD adhe\u0300re aux normes e\u0301tablies par la norme PCI-DSS, telles qu\u2019elles sont ge\u0301re\u0301es par le PCI Security Standards Council, qui est un effort conjoint de marques telles que VISA \/ MASTERCARD.<\/p>\n<p>La plate-forme FPAY vous garantit le traitement, en toute confidentialite\u0301, de vos donne\u0301es bancaires et personnelles en conformite\u0301 avec les standards de se\u0301curite\u0301 en vigueur.<\/p>\n<\/div>\n<\/div>\n<table>\n<tbody>\n<tr>\n<td>\n<div class=\"layoutArea\">\n<div class=\"column\">\n<p>La connexion entre le site marchand et la plateforme FPAY est se\u0301curise\u0301e par le protocole TLS 1.2, le plus haut niveau de se\u0301curite\u0301 de cryptage des donne\u0301es e\u0301change\u0301es sur Internet. FPAY utilise notamment un certificat de se\u0301curite\u0301 EV (Extended Value) que vous pouvez identifier a\u0300 travers la barre verte dans le champ URL de votre navigateur.<\/p>\n<\/div>\n<\/div>\n<\/td>\n<\/tr>\n<tr>\n<td>\n<div class=\"layoutArea\">\n<div class=\"column\">\n<p>Dans le cas ou\u0300 votre banque fourni ce service, FPAY utilise la double authentification 3-D Secure (Verified By Visa ou MasterCard SecureCode) afin de se\u0301curiser au maximum vos achats sur Internet. \u00bb<\/p>\n<\/div>\n<\/div>\n<\/td>\n<\/tr>\n<\/tbody>\n<\/table>\n<\/div>\n<div class=\"sharedaddy sd-sharing-enabled\">\n<div class=\"robots-nocontent sd-block sd-social sd-social-official sd-sharing\">\n<h3 class=\"sd-title\"><\/h3>\n<\/div>\n<\/div>\n","protected":false},"excerpt":{"rendered":"<p>\u00ab Le paiement en ligne sur notre site est se\u0301curise\u0301 par la plateforme de paiement en ligne FPAY de la&hellip;<\/p>\n","protected":false},"author":2,"featured_media":0,"parent":0,"menu_order":0,"comment_status":"closed","ping_status":"closed","template":"","meta":{"content-type":"","rop_custom_images_group":[],"rop_custom_messages_group":[],"rop_publish_now":"initial","rop_publish_now_accounts":[],"rop_publish_now_history":[],"rop_publish_now_status":"pending","footnotes":""},"class_list":["post-3032","page","type-page","status-publish","hentry"],"jetpack-related-posts":[{"id":3,"url":"https:\/\/store.droneway.ma\/index.php\/politique-de-confidentialite\/","url_meta":{"origin":3032,"position":0},"title":"Politique de confidentialit\u00e9 de droneway.ma sur Internet","author":"admin","date":"13 novembre 2020","format":false,"excerpt":"Politique de confidentialit\u00e9 de droneway.ma sur Internet droneway.ma\u00a0(BPROS SARL) respecte votre droit \u00e0 la vie priv\u00e9e. Cette politique r\u00e9capitule la nature des informations personnelles que nous pouvons recueillir, et la mani\u00e8re dont nous pourrions les utiliser. Cette politique aborde \u00e9galement d\u2019autres sujets importants relatifs \u00e0 votre vie priv\u00e9e. Politique g\u00e9n\u00e9rale\u00a0droneway.ma\u00a0(BPROS\u2026","rel":"","context":"Article similaire","block_context":{"text":"Article similaire","link":""},"img":{"alt_text":"","src":"","width":0,"height":0},"classes":[]},{"id":3025,"url":"https:\/\/store.droneway.ma\/index.php\/comment-acheter\/","url_meta":{"origin":3032,"position":1},"title":"Comment acheter","author":"Kend","date":"22 ao\u00fbt 2024","format":false,"excerpt":"Un article vous int\u00e9resse et vous voulez le r\u00e9server avant que quelqu\u2019un ne le fasse avant vous? C\u2019est simple, cliquez vite sur le bouton \u00ab Commander \u00bb figurant sur l\u2019article de votre choix, cr\u00e9er votre compte en quelques secondes et validez votre commande, OU, appelez vite le +212 663-190620\u00a0, nos\u2026","rel":"","context":"Article similaire","block_context":{"text":"Article similaire","link":""},"img":{"alt_text":"","src":"","width":0,"height":0},"classes":[]},{"id":2991,"url":"https:\/\/store.droneway.ma\/index.php\/informations-legales\/","url_meta":{"origin":3032,"position":2},"title":"Informations L\u00e9gales","author":"Kend","date":"22 ao\u00fbt 2024","format":false,"excerpt":"[Version fran\u00e7aise] Ce Site est \u00e9dit\u00e9 par la soci\u00e9t\u00e9 BPros Sarl, Soci\u00e9t\u00e9 au capital de 300.000,00 dirhams, dont le si\u00e8ge social est situ\u00e9 au 22 All\u00e9e des Sauges, Casablanca 20250, Maroc, et dont les informations l\u00e9gales sont les suivantes : 1. Identit\u00e9 * Raison sociale : BPros Sarl * Adresse\u2026","rel":"","context":"Article similaire","block_context":{"text":"Article similaire","link":""},"img":{"alt_text":"","src":"","width":0,"height":0},"classes":[]},{"id":2987,"url":"https:\/\/store.droneway.ma\/index.php\/conditions-generales-de-ventes\/","url_meta":{"origin":3032,"position":3},"title":"Conditions G\u00e9n\u00e9rales de Vente","author":"Kend","date":"22 ao\u00fbt 2024","format":false,"excerpt":"ART 1 : Application des Conditions G\u00e9n\u00e9rales de Vente - Opposabilit\u00e9 des Conditions G\u00e9n\u00e9rales de Vente Les pr\u00e9sentes conditions g\u00e9n\u00e9rales de vente (CGV) sont syst\u00e9matiquement adress\u00e9es par le vendeur (le \"Vendeur\") \u00e0 chaque acheteur (\"l'Acheteur\") pour lui permettre de passer commande ou accessibles par lien hypertexte. Le fait de passer\u2026","rel":"","context":"Article similaire","block_context":{"text":"Article similaire","link":""},"img":{"alt_text":"","src":"","width":0,"height":0},"classes":[]},{"id":3027,"url":"https:\/\/store.droneway.ma\/index.php\/modalites-de-livraison\/","url_meta":{"origin":3032,"position":4},"title":"Modalit\u00e9s de livraison","author":"Kend","date":"22 ao\u00fbt 2024","format":false,"excerpt":"Modes de livraison Les produits sont livr\u00e9s \u00e0 domicile par nos partenaires logistiques ( Amana Express, Aramex, SPEEDYAF\u2026) Avant la livraison vous \u00eates pr\u00e9venu par notre service et Amana vous contactera avant la livraison par t\u00e9l\u00e9phone. En cas d\u2019absence lors de la livraison le colis sera disponible au bureau de\u2026","rel":"","context":"Article similaire","block_context":{"text":"Article similaire","link":""},"img":{"alt_text":"","src":"","width":0,"height":0},"classes":[]}],"jetpack_sharing_enabled":true,"_links":{"self":[{"href":"https:\/\/store.droneway.ma\/index.php\/wp-json\/wp\/v2\/pages\/3032","targetHints":{"allow":["GET"]}}],"collection":[{"href":"https:\/\/store.droneway.ma\/index.php\/wp-json\/wp\/v2\/pages"}],"about":[{"href":"https:\/\/store.droneway.ma\/index.php\/wp-json\/wp\/v2\/types\/page"}],"author":[{"embeddable":true,"href":"https:\/\/store.droneway.ma\/index.php\/wp-json\/wp\/v2\/users\/2"}],"replies":[{"embeddable":true,"href":"https:\/\/store.droneway.ma\/index.php\/wp-json\/wp\/v2\/comments?post=3032"}],"version-history":[{"count":1,"href":"https:\/\/store.droneway.ma\/index.php\/wp-json\/wp\/v2\/pages\/3032\/revisions"}],"predecessor-version":[{"id":3033,"href":"https:\/\/store.droneway.ma\/index.php\/wp-json\/wp\/v2\/pages\/3032\/revisions\/3033"}],"wp:attachment":[{"href":"https:\/\/store.droneway.ma\/index.php\/wp-json\/wp\/v2\/media?parent=3032"}],"curies":[{"name":"wp","href":"https:\/\/api.w.org\/{rel}","templated":true}]}}