{"id":3027,"date":"2024-08-22T15:46:37","date_gmt":"2024-08-22T13:46:37","guid":{"rendered":"https:\/\/store.droneway.ma\/?page_id=3027"},"modified":"2024-08-22T15:46:37","modified_gmt":"2024-08-22T13:46:37","slug":"modalites-de-livraison","status":"publish","type":"page","link":"https:\/\/store.droneway.ma\/index.php\/modalites-de-livraison\/","title":{"rendered":"Modalit\u00e9s de livraison"},"content":{"rendered":"<p><strong>Modes de livraison<\/strong><\/p>\n<p>Les produits sont livr\u00e9s \u00e0 domicile par nos partenaires logistiques ( Amana Express, Aramex, SPEEDYAF\u2026)<\/p>\n<p>Avant la livraison vous \u00eates pr\u00e9venu par notre service et Amana vous contactera avant la livraison par t\u00e9l\u00e9phone. En cas d\u2019absence lors de la livraison le colis sera disponible au bureau de poste le plus proche<\/p>\n<p><strong>Adresse de livraison<\/strong><\/p>\n<p>Les produits sont livr\u00e9s \u00e0 l\u2019adresse indiqu\u00e9e par le Client sur le bon de commande.<\/p>\n<p>Le Client se doit de v\u00e9rifier l\u2019exhaustivit\u00e9 et la conformit\u00e9 des renseignements qu\u2019il fournit \u00e0 la soci\u00e9t\u00e9. Cette derni\u00e8re ne saurait \u00eatre tenue responsable d\u2019\u00e9ventuelles erreurs de saisie et des cons\u00e9quences en termes de retard ou d\u2019erreur de livraison.<\/p>\n<p>Dans ce contexte, tous les frais engag\u00e9s pour la r\u00e9exp\u00e9dition de la commande seront enti\u00e8rement \u00e0 la charge du Client.<\/p>\n<p><strong>D\u00e9lais de livraison \u00a0<\/strong><\/p>\n<p>L\u2019envoi de la commande est effectu\u00e9 le jour m\u00eame de la validation du paiement, sous des d\u00e9lais garantis allant de 1 \u00e0 2 jours en fonction des destinations.<\/p>\n<p>Les livraisons s\u2019effectuent du lundi au samedi matin, sauf jours f\u00e9ri\u00e9s.<\/p>\n<p>Un courrier \u00e9lectronique est envoy\u00e9 au Client au moment de l\u2019envoi de la commande sous r\u00e9serve que l\u2019adresse \u00e9lectronique indiqu\u00e9e dans le formulaire d\u2019inscription ne comporte pas d\u2019erreur.<\/p>\n<p><strong>Paiement \u00e0 la livraison<\/strong><\/p>\n<p>Dans le cas o\u00f9 vous optez pour un paiement \u00e0 la livraison, votre colis sera exp\u00e9di\u00e9 apr\u00e8s traitement et validation par notre service commercial. une fois votre commande valid\u00e9e, vous recevrez votre colis sous 24-48h.<\/p>\n","protected":false},"excerpt":{"rendered":"<p>Modes de livraison Les produits sont livr\u00e9s \u00e0 domicile par nos partenaires logistiques ( Amana Express, Aramex, SPEEDYAF\u2026) Avant la&hellip;<\/p>\n","protected":false},"author":2,"featured_media":0,"parent":0,"menu_order":0,"comment_status":"closed","ping_status":"closed","template":"","meta":{"content-type":"","rop_custom_images_group":[],"rop_custom_messages_group":[],"rop_publish_now":"initial","rop_publish_now_accounts":[],"rop_publish_now_history":[],"rop_publish_now_status":"pending","footnotes":""},"class_list":["post-3027","page","type-page","status-publish","hentry"],"jetpack-related-posts":[{"id":3025,"url":"https:\/\/store.droneway.ma\/index.php\/comment-acheter\/","url_meta":{"origin":3027,"position":0},"title":"Comment acheter","author":"Kend","date":"22 ao\u00fbt 2024","format":false,"excerpt":"Un article vous int\u00e9resse et vous voulez le r\u00e9server avant que quelqu\u2019un ne le fasse avant vous? C\u2019est simple, cliquez vite sur le bouton \u00ab Commander \u00bb figurant sur l\u2019article de votre choix, cr\u00e9er votre compte en quelques secondes et validez votre commande, OU, appelez vite le +212 663-190620\u00a0, nos\u2026","rel":"","context":"Article similaire","block_context":{"text":"Article similaire","link":""},"img":{"alt_text":"","src":"","width":0,"height":0},"classes":[]},{"id":2987,"url":"https:\/\/store.droneway.ma\/index.php\/conditions-generales-de-ventes\/","url_meta":{"origin":3027,"position":1},"title":"Conditions G\u00e9n\u00e9rales de Vente","author":"Kend","date":"22 ao\u00fbt 2024","format":false,"excerpt":"ART 1 : Application des Conditions G\u00e9n\u00e9rales de Vente - Opposabilit\u00e9 des Conditions G\u00e9n\u00e9rales de Vente Les pr\u00e9sentes conditions g\u00e9n\u00e9rales de vente (CGV) sont syst\u00e9matiquement adress\u00e9es par le vendeur (le \"Vendeur\") \u00e0 chaque acheteur (\"l'Acheteur\") pour lui permettre de passer commande ou accessibles par lien hypertexte. Le fait de passer\u2026","rel":"","context":"Article similaire","block_context":{"text":"Article similaire","link":""},"img":{"alt_text":"","src":"","width":0,"height":0},"classes":[]},{"id":3023,"url":"https:\/\/store.droneway.ma\/index.php\/droit-de-retractation\/","url_meta":{"origin":3027,"position":2},"title":"Droit de r\u00e9tractation","author":"Kend","date":"22 ao\u00fbt 2024","format":false,"excerpt":"Droit de r\u00e9tractation Tout \u00e9change de produit non d\u00e9bal\u00e9 dans son \u00e9tat d\u2019origine et non utilis\u00e9 est possible dans un d\u00e9lai de 24h (hors produits en promotions).\u00a0 A compter de la date de livraison de votre commande, vous disposez d\u2019un d\u00e9lais de 7 jours pour faire valoir votre droit de\u2026","rel":"","context":"Article similaire","block_context":{"text":"Article similaire","link":""},"img":{"alt_text":"","src":"","width":0,"height":0},"classes":[]},{"id":3,"url":"https:\/\/store.droneway.ma\/index.php\/politique-de-confidentialite\/","url_meta":{"origin":3027,"position":3},"title":"Politique de confidentialit\u00e9 de droneway.ma sur Internet","author":"admin","date":"13 novembre 2020","format":false,"excerpt":"Politique de confidentialit\u00e9 de droneway.ma sur Internet droneway.ma\u00a0(BPROS SARL) respecte votre droit \u00e0 la vie priv\u00e9e. Cette politique r\u00e9capitule la nature des informations personnelles que nous pouvons recueillir, et la mani\u00e8re dont nous pourrions les utiliser. Cette politique aborde \u00e9galement d\u2019autres sujets importants relatifs \u00e0 votre vie priv\u00e9e. Politique g\u00e9n\u00e9rale\u00a0droneway.ma\u00a0(BPROS\u2026","rel":"","context":"Article similaire","block_context":{"text":"Article similaire","link":""},"img":{"alt_text":"","src":"","width":0,"height":0},"classes":[]},{"id":8,"url":"https:\/\/store.droneway.ma\/index.php\/commander\/","url_meta":{"origin":3027,"position":4},"title":"Validation de la commande","author":"admin","date":"13 novembre 2020","format":false,"excerpt":"","rel":"","context":"Article similaire","block_context":{"text":"Article similaire","link":""},"img":{"alt_text":"","src":"","width":0,"height":0},"classes":[]},{"id":2991,"url":"https:\/\/store.droneway.ma\/index.php\/informations-legales\/","url_meta":{"origin":3027,"position":5},"title":"Informations L\u00e9gales","author":"Kend","date":"22 ao\u00fbt 2024","format":false,"excerpt":"[Version fran\u00e7aise] Ce Site est \u00e9dit\u00e9 par la soci\u00e9t\u00e9 BPros Sarl, Soci\u00e9t\u00e9 au capital de 300.000,00 dirhams, dont le si\u00e8ge social est situ\u00e9 au 22 All\u00e9e des Sauges, Casablanca 20250, Maroc, et dont les informations l\u00e9gales sont les suivantes : 1. Identit\u00e9 * Raison sociale : BPros Sarl * Adresse\u2026","rel":"","context":"Article similaire","block_context":{"text":"Article similaire","link":""},"img":{"alt_text":"","src":"","width":0,"height":0},"classes":[]}],"jetpack_sharing_enabled":true,"_links":{"self":[{"href":"https:\/\/store.droneway.ma\/index.php\/wp-json\/wp\/v2\/pages\/3027","targetHints":{"allow":["GET"]}}],"collection":[{"href":"https:\/\/store.droneway.ma\/index.php\/wp-json\/wp\/v2\/pages"}],"about":[{"href":"https:\/\/store.droneway.ma\/index.php\/wp-json\/wp\/v2\/types\/page"}],"author":[{"embeddable":true,"href":"https:\/\/store.droneway.ma\/index.php\/wp-json\/wp\/v2\/users\/2"}],"replies":[{"embeddable":true,"href":"https:\/\/store.droneway.ma\/index.php\/wp-json\/wp\/v2\/comments?post=3027"}],"version-history":[{"count":1,"href":"https:\/\/store.droneway.ma\/index.php\/wp-json\/wp\/v2\/pages\/3027\/revisions"}],"predecessor-version":[{"id":3028,"href":"https:\/\/store.droneway.ma\/index.php\/wp-json\/wp\/v2\/pages\/3027\/revisions\/3028"}],"wp:attachment":[{"href":"https:\/\/store.droneway.ma\/index.php\/wp-json\/wp\/v2\/media?parent=3027"}],"curies":[{"name":"wp","href":"https:\/\/api.w.org\/{rel}","templated":true}]}}