{"id":3025,"date":"2024-08-22T15:45:56","date_gmt":"2024-08-22T13:45:56","guid":{"rendered":"https:\/\/store.droneway.ma\/?page_id=3025"},"modified":"2024-08-22T15:45:56","modified_gmt":"2024-08-22T13:45:56","slug":"comment-acheter","status":"publish","type":"page","link":"https:\/\/store.droneway.ma\/index.php\/comment-acheter\/","title":{"rendered":"Comment acheter"},"content":{"rendered":"<p>Un article vous int\u00e9resse et vous voulez le r\u00e9server avant que quelqu\u2019un ne le fasse avant vous? C\u2019est simple, cliquez vite sur le bouton \u00ab Commander \u00bb figurant sur l\u2019article de votre choix, cr\u00e9er votre compte en quelques secondes et validez votre commande, OU, appelez vite le <span class=\"LrzXr zdqRlf kno-fv\"><span aria-label=\"Call Phone Number +212 663-190620\">+212 663-190620<\/span><\/span>\u00a0, nos commerciaux auront le grand plaisir de vous conseiller, de vous orienter et de mettre le point avec vous sur les modalit\u00e9s d\u2019achat et de livraison selon votre ville et votre moyen de paiement.<\/p>\n<p><strong>Livraison et paiement \u00e0 Casablanca:<\/strong><\/p>\n<p>Les frais de livraison d\u00e9pendront de la taille des articles command\u00e9s. Nous proposons \u00e9galement le retrait gratuit dans nos magasins et entrep\u00f4ts \u00e0 Tanger et Casablanca. Le paiement se fait en esp\u00e8ce ou par carte via paiement s\u00e9curis\u00e9 assur\u00e9 par notre acqu\u00e9reur partenaire <a href=\"http:\/\/CMI.CO.MA\" target=\"_blank\" rel=\"noopener\">CMI.CO.MA<\/a>, apr\u00e8s avoir examin\u00e9 votre produit.<\/p>\n<p><strong>Livraison et paiement sur les autres villes du royaume:<\/strong><\/p>\n<p>Pour les villes Hors Casablanca, le paiement se fait \u00e0 l\u2019avance par virement \/ versement bancaire ou en ligne (carte bancaire marocaine). Une fois le paiement re\u00e7u, nous proc\u00e9dons imm\u00e9diatement \u00e0 l\u2019envoi de votre colis.<\/p>\n<p>Les instructions de paiement n\u00e9cessaires pour effectuer votre paiement vous seront envoy\u00e9es par email apr\u00e8s validation de votre commande par notre \u00e9quipe commerciale. Les frais de livraison s\u2019\u00e9l\u00e8vent \u00e0 449 Dhs TTC (Option fragile + Assurance colis inclus) pour toutes commandes hors Casablanca. L\u2019envoi se fait \u00e0 travers nos partenaires Amana Express\u00ae (service de Barid Al Maghrib) ou bien Aramex\u00ae. Les d\u00e9lais de livraison varient selon la destination et la conjoncture au moment de l\u2019envoi.<\/p>\n","protected":false},"excerpt":{"rendered":"<p>Un article vous int\u00e9resse et vous voulez le r\u00e9server avant que quelqu\u2019un ne le fasse avant vous? C\u2019est simple, cliquez&hellip;<\/p>\n","protected":false},"author":2,"featured_media":0,"parent":0,"menu_order":0,"comment_status":"closed","ping_status":"closed","template":"","meta":{"content-type":"","rop_custom_images_group":[],"rop_custom_messages_group":[],"rop_publish_now":"initial","rop_publish_now_accounts":[],"rop_publish_now_history":[],"rop_publish_now_status":"pending","footnotes":""},"class_list":["post-3025","page","type-page","status-publish","hentry"],"jetpack-related-posts":[{"id":3027,"url":"https:\/\/store.droneway.ma\/index.php\/modalites-de-livraison\/","url_meta":{"origin":3025,"position":0},"title":"Modalit\u00e9s de livraison","author":"Kend","date":"22 ao\u00fbt 2024","format":false,"excerpt":"Modes de livraison Les produits sont livr\u00e9s \u00e0 domicile par nos partenaires logistiques ( Amana Express, Aramex, SPEEDYAF\u2026) Avant la livraison vous \u00eates pr\u00e9venu par notre service et Amana vous contactera avant la livraison par t\u00e9l\u00e9phone. En cas d\u2019absence lors de la livraison le colis sera disponible au bureau de\u2026","rel":"","context":"Article similaire","block_context":{"text":"Article similaire","link":""},"img":{"alt_text":"","src":"","width":0,"height":0},"classes":[]},{"id":2987,"url":"https:\/\/store.droneway.ma\/index.php\/conditions-generales-de-ventes\/","url_meta":{"origin":3025,"position":1},"title":"Conditions G\u00e9n\u00e9rales de Vente","author":"Kend","date":"22 ao\u00fbt 2024","format":false,"excerpt":"ART 1 : Application des Conditions G\u00e9n\u00e9rales de Vente - Opposabilit\u00e9 des Conditions G\u00e9n\u00e9rales de Vente Les pr\u00e9sentes conditions g\u00e9n\u00e9rales de vente (CGV) sont syst\u00e9matiquement adress\u00e9es par le vendeur (le \"Vendeur\") \u00e0 chaque acheteur (\"l'Acheteur\") pour lui permettre de passer commande ou accessibles par lien hypertexte. Le fait de passer\u2026","rel":"","context":"Article similaire","block_context":{"text":"Article similaire","link":""},"img":{"alt_text":"","src":"","width":0,"height":0},"classes":[]},{"id":3023,"url":"https:\/\/store.droneway.ma\/index.php\/droit-de-retractation\/","url_meta":{"origin":3025,"position":2},"title":"Droit de r\u00e9tractation","author":"Kend","date":"22 ao\u00fbt 2024","format":false,"excerpt":"Droit de r\u00e9tractation Tout \u00e9change de produit non d\u00e9bal\u00e9 dans son \u00e9tat d\u2019origine et non utilis\u00e9 est possible dans un d\u00e9lai de 24h (hors produits en promotions).\u00a0 A compter de la date de livraison de votre commande, vous disposez d\u2019un d\u00e9lais de 7 jours pour faire valoir votre droit de\u2026","rel":"","context":"Article similaire","block_context":{"text":"Article similaire","link":""},"img":{"alt_text":"","src":"","width":0,"height":0},"classes":[]},{"id":2991,"url":"https:\/\/store.droneway.ma\/index.php\/informations-legales\/","url_meta":{"origin":3025,"position":3},"title":"Informations L\u00e9gales","author":"Kend","date":"22 ao\u00fbt 2024","format":false,"excerpt":"[Version fran\u00e7aise] Ce Site est \u00e9dit\u00e9 par la soci\u00e9t\u00e9 BPros Sarl, Soci\u00e9t\u00e9 au capital de 300.000,00 dirhams, dont le si\u00e8ge social est situ\u00e9 au 22 All\u00e9e des Sauges, Casablanca 20250, Maroc, et dont les informations l\u00e9gales sont les suivantes : 1. Identit\u00e9 * Raison sociale : BPros Sarl * Adresse\u2026","rel":"","context":"Article similaire","block_context":{"text":"Article similaire","link":""},"img":{"alt_text":"","src":"","width":0,"height":0},"classes":[]},{"id":3032,"url":"https:\/\/store.droneway.ma\/index.php\/paiement-en-ligne-sur-notre-site\/","url_meta":{"origin":3025,"position":4},"title":"Paiement en-ligne sur notre site","author":"Kend","date":"22 ao\u00fbt 2024","format":false,"excerpt":"\u00ab Le paiement en ligne sur notre site est se\u0301curise\u0301 par la plateforme de paiement en ligne FPAY de la socie\u0301te\u0301 FAST PAYMENT LTD. FAST PAYMENT LTD adhe\u0300re aux normes e\u0301tablies par la norme PCI-DSS, telles qu\u2019elles sont ge\u0301re\u0301es par le PCI Security Standards Council, qui est un effort conjoint\u2026","rel":"","context":"Article similaire","block_context":{"text":"Article similaire","link":""},"img":{"alt_text":"","src":"","width":0,"height":0},"classes":[]},{"id":3,"url":"https:\/\/store.droneway.ma\/index.php\/politique-de-confidentialite\/","url_meta":{"origin":3025,"position":5},"title":"Politique de confidentialit\u00e9 de droneway.ma sur Internet","author":"admin","date":"13 novembre 2020","format":false,"excerpt":"Politique de confidentialit\u00e9 de droneway.ma sur Internet droneway.ma\u00a0(BPROS SARL) respecte votre droit \u00e0 la vie priv\u00e9e. Cette politique r\u00e9capitule la nature des informations personnelles que nous pouvons recueillir, et la mani\u00e8re dont nous pourrions les utiliser. Cette politique aborde \u00e9galement d\u2019autres sujets importants relatifs \u00e0 votre vie priv\u00e9e. Politique g\u00e9n\u00e9rale\u00a0droneway.ma\u00a0(BPROS\u2026","rel":"","context":"Article similaire","block_context":{"text":"Article similaire","link":""},"img":{"alt_text":"","src":"","width":0,"height":0},"classes":[]}],"jetpack_sharing_enabled":true,"_links":{"self":[{"href":"https:\/\/store.droneway.ma\/index.php\/wp-json\/wp\/v2\/pages\/3025","targetHints":{"allow":["GET"]}}],"collection":[{"href":"https:\/\/store.droneway.ma\/index.php\/wp-json\/wp\/v2\/pages"}],"about":[{"href":"https:\/\/store.droneway.ma\/index.php\/wp-json\/wp\/v2\/types\/page"}],"author":[{"embeddable":true,"href":"https:\/\/store.droneway.ma\/index.php\/wp-json\/wp\/v2\/users\/2"}],"replies":[{"embeddable":true,"href":"https:\/\/store.droneway.ma\/index.php\/wp-json\/wp\/v2\/comments?post=3025"}],"version-history":[{"count":1,"href":"https:\/\/store.droneway.ma\/index.php\/wp-json\/wp\/v2\/pages\/3025\/revisions"}],"predecessor-version":[{"id":3026,"href":"https:\/\/store.droneway.ma\/index.php\/wp-json\/wp\/v2\/pages\/3025\/revisions\/3026"}],"wp:attachment":[{"href":"https:\/\/store.droneway.ma\/index.php\/wp-json\/wp\/v2\/media?parent=3025"}],"curies":[{"name":"wp","href":"https:\/\/api.w.org\/{rel}","templated":true}]}}