{"id":2991,"date":"2024-08-22T01:45:09","date_gmt":"2024-08-21T23:45:09","guid":{"rendered":"https:\/\/store.droneway.ma\/?page_id=2991"},"modified":"2024-08-23T22:08:46","modified_gmt":"2024-08-23T20:08:46","slug":"informations-legales","status":"publish","type":"page","link":"https:\/\/store.droneway.ma\/index.php\/informations-legales\/","title":{"rendered":"Informations L\u00e9gales"},"content":{"rendered":"<p>[Version fran\u00e7aise]<\/p>\n<p>Ce Site est \u00e9dit\u00e9 par la soci\u00e9t\u00e9 BPros Sarl, Soci\u00e9t\u00e9 au capital de 300.000,00 dirhams, dont le si\u00e8ge social est situ\u00e9 au 22 All\u00e9e des Sauges, Casablanca 20250, Maroc, et dont les informations l\u00e9gales sont les suivantes :<\/p>\n<p>1. Identit\u00e9<\/p>\n<p>* Raison sociale : BPros Sarl<br \/>\n* Adresse : 22 All\u00e9e des Sauges, Casablanca 20250, Maroc<br \/>\n* Registre de Commerce : 196331 Casablanca<br \/>\n* Patente : 37963458<br \/>\n* IF : 40298417<br \/>\n* ICE : 000058410000053<br \/>\n* CNSS : 8302151<br \/>\n* T\u00e9l\u00e9phone : +212 663-190620<br \/>\n* Horaires d&rsquo;ouverture : Du lundi au vendredi de 8h00 \u00e0 18h00<\/p>\n<p>Le site Internet https:\/\/store.droneway.ma\/ a \u00e9t\u00e9 \u00e9labor\u00e9 au profit de tous les internautes d\u00e9sireux de mieux conna\u00eetre l&rsquo;enseigne Droneway, ses activit\u00e9s, ses produits, ses promotions et ses services.<\/p>\n<p>2. D\u00e9claration<\/p>\n<p>Les donn\u00e9es \u00e0 caract\u00e8re personnel recueillies dans le cadre de ce site feront l&rsquo;objet d&rsquo;une d\u00e9claration \u00e0 la Commission Nationale de Contr\u00f4le des Donn\u00e9es \u00e0 caract\u00e8re Personnel (la CNDP) en application de la loi 09-08 du 18 f\u00e9vrier 2009 relative \u00e0 la Protection des Personnes Physiques \u00e0 l&rsquo;\u00e9gard du Traitement des Donn\u00e9es \u00e0 Caract\u00e8re Personnel. Les utilisateurs peuvent obtenir \u00e0 cet effet les renseignements n\u00e9cessaires aupr\u00e8s de cet organisme.<\/p>\n<p>3. Modifications des mentions l\u00e9gales<\/p>\n<p>Les pr\u00e9sentes mentions l\u00e9gales sont consultables en ligne sur le site. Elles sont susceptibles d&rsquo;\u00eatre modifi\u00e9es sans autre formalit\u00e9 que la mise en ligne d&rsquo;une nouvelle version modifi\u00e9e, seule cette derni\u00e8re version \u00e9tant retenue.<\/p>\n<p>4. Comp\u00e9tence juridictionnelle et loi applicable<\/p>\n<p>Tout litige portant sur l&rsquo;interpr\u00e9tation ou l&rsquo;ex\u00e9cution des pr\u00e9sentes sera soumis \u00e0 la comp\u00e9tence exclusive du Tribunal de Commerce de Casablanca, la loi marocaine \u00e9tant applicable au fond et \u00e0 la proc\u00e9dure.<\/p>\n<p>[\u0627\u0644\u0646\u0633\u062e\u0629 \u0627\u0644\u0639\u0631\u0628\u064a\u0629]<\/p>\n<p>\u062a\u0645 \u0646\u0634\u0631 \u0647\u0630\u0627 \u0627\u0644\u0645\u0648\u0642\u0639 \u0645\u0646 \u0642\u0628\u0644 \u0634\u0631\u0643\u0629 BPros Sarl\u060c \u0648\u0647\u064a \u0634\u0631\u0643\u0629 \u0628\u0631\u0623\u0633 \u0645\u0627\u0644 300.000,00 \u062f\u0631\u0647\u0645\u060c \u0648\u064a\u0642\u0639 \u0645\u0643\u062a\u0628\u0647\u0627 \u0627\u0644\u0631\u0626\u064a\u0633\u064a \u0641\u064a 22 \u0632\u0646\u0642\u0629 \u0627\u0644\u0633\u0648\u062c\u060c \u0627\u0644\u062f\u0627\u0631 \u0627\u0644\u0628\u064a\u0636\u0627\u0621 20250\u060c \u0627\u0644\u0645\u063a\u0631\u0628\u060c \u0648\u0645\u0639\u0644\u0648\u0645\u0627\u062a\u0647\u0627 \u0627\u0644\u0642\u0627\u0646\u0648\u0646\u064a\u0629 \u0647\u064a \u0643\u0645\u0627 \u064a\u0644\u064a:<\/p>\n<p>1. \u0627\u0644\u0647\u0648\u064a\u0629<\/p>\n<p>* \u0627\u0644\u0627\u0633\u0645 \u0627\u0644\u062a\u062c\u0627\u0631\u064a: BPros Sarl<br \/>\n* \u0627\u0644\u0639\u0646\u0648\u0627\u0646: 22 \u0632\u0646\u0642\u0629 \u0627\u0644\u0633\u0648\u062c\u060c \u0627\u0644\u062f\u0627\u0631 \u0627\u0644\u0628\u064a\u0636\u0627\u0621 20250\u060c \u0627\u0644\u0645\u063a\u0631\u0628<br \/>\n* \u0627\u0644\u0633\u062c\u0644 \u0627\u0644\u062a\u062c\u0627\u0631\u064a: 196331 \u0627\u0644\u062f\u0627\u0631 \u0627\u0644\u0628\u064a\u0636\u0627\u0621<br \/>\n* \u0627\u0644\u0636\u0631\u064a\u0628\u0629 \u0627\u0644\u0645\u0647\u0646\u064a\u0629: 37963458<br \/>\n* \u0627\u0644\u062a\u0639\u0631\u064a\u0641 \u0627\u0644\u0636\u0631\u064a\u0628\u064a: 40298417<br \/>\n* \u0627\u0644\u062a\u0639\u0631\u064a\u0641 \u0627\u0644\u0645\u0648\u062d\u062f \u0644\u0644\u0645\u0642\u0627\u0648\u0644\u0629: 000058410000053<br \/>\n* \u0627\u0644\u0635\u0646\u062f\u0648\u0642 \u0627\u0644\u0648\u0637\u0646\u064a \u0644\u0644\u0636\u0645\u0627\u0646 \u0627\u0644\u0627\u062c\u062a\u0645\u0627\u0639\u064a: 8302151<br \/>\n* \u0627\u0644\u0647\u0627\u062a\u0641: +212 663-190620<br \/>\n* \u0633\u0627\u0639\u0627\u062a \u0627\u0644\u0639\u0645\u0644: \u0645\u0646 \u0627\u0644\u0627\u062b\u0646\u064a\u0646 \u0625\u0644\u0649 \u0627\u0644\u062c\u0645\u0639\u0629 \u0645\u0646 \u0627\u0644\u0633\u0627\u0639\u0629 8:00 \u0635\u0628\u0627\u062d\u064b\u0627 \u0625\u0644\u0649 18:00<\/p>\n<p>\u062a\u0645 \u062a\u0637\u0648\u064a\u0631 \u0645\u0648\u0642\u0639 \u0627\u0644\u0625\u0646\u062a\u0631\u0646\u062a https:\/\/store.droneway.ma\/ \u0644\u0635\u0627\u0644\u062d \u062c\u0645\u064a\u0639 \u0645\u0633\u062a\u062e\u062f\u0645\u064a \u0627\u0644\u0625\u0646\u062a\u0631\u0646\u062a \u0627\u0644\u0631\u0627\u063a\u0628\u064a\u0646 \u0641\u064a \u0645\u0639\u0631\u0641\u0629 \u0627\u0644\u0645\u0632\u064a\u062f \u0639\u0646 \u0639\u0644\u0627\u0645\u0629 Droneway \u0627\u0644\u062a\u062c\u0627\u0631\u064a\u0629 \u0648\u0623\u0646\u0634\u0637\u062a\u0647\u0627 \u0648\u0645\u0646\u062a\u062c\u0627\u062a\u0647\u0627 \u0648\u0639\u0631\u0648\u0636\u0647\u0627 \u0627\u0644\u062a\u0631\u0648\u064a\u062c\u064a\u0629 \u0648\u062e\u062f\u0645\u0627\u062a\u0647\u0627.<\/p>\n<p>2. \u0627\u0644\u062a\u0635\u0631\u064a\u062d<\/p>\n<p>\u0633\u062a\u0643\u0648\u0646 \u0627\u0644\u0628\u064a\u0627\u0646\u0627\u062a \u0627\u0644\u0634\u062e\u0635\u064a\u0629 \u0627\u0644\u062a\u064a \u064a\u062a\u0645 \u062c\u0645\u0639\u0647\u0627 \u0641\u064a \u0625\u0637\u0627\u0631 \u0647\u0630\u0627 \u0627\u0644\u0645\u0648\u0642\u0639 \u0645\u0648\u0636\u0648\u0639 \u0625\u0639\u0644\u0627\u0646 \u0625\u0644\u0649 \u0627\u0644\u0644\u062c\u0646\u0629 \u0627\u0644\u0648\u0637\u0646\u064a\u0629 \u0644\u0645\u0631\u0627\u0642\u0628\u0629 \u062d\u0645\u0627\u064a\u0629 \u0627\u0644\u0645\u0639\u0637\u064a\u0627\u062a \u0630\u0627\u062a \u0627\u0644\u0637\u0627\u0628\u0639 \u0627\u0644\u0634\u062e\u0635\u064a \u0648\u0641\u0642\u064b\u0627 \u0644\u0644\u0642\u0627\u0646\u0648\u0646 09-08 \u0627\u0644\u0645\u0624\u0631\u062e 18 \u0641\u0628\u0631\u0627\u064a\u0631 2009 \u0627\u0644\u0645\u062a\u0639\u0644\u0642 \u0628\u062d\u0645\u0627\u064a\u0629 \u0627\u0644\u0623\u0634\u062e\u0627\u0635 \u0627\u0644\u0630\u0627\u062a\u064a\u064a\u0646 \u062a\u062c\u0627\u0647 \u0645\u0639\u0627\u0644\u062c\u0629 \u0627\u0644\u0645\u0639\u0637\u064a\u0627\u062a \u0630\u0627\u062a \u0627\u0644\u0637\u0627\u0628\u0639 \u0627\u0644\u0634\u062e\u0635\u064a. \u064a\u0645\u0643\u0646 \u0644\u0644\u0645\u0633\u062a\u062e\u062f\u0645\u064a\u0646 \u0627\u0644\u062d\u0635\u0648\u0644 \u0639\u0644\u0649 \u0627\u0644\u0645\u0639\u0644\u0648\u0645\u0627\u062a \u0627\u0644\u0644\u0627\u0632\u0645\u0629 \u0644\u0647\u0630\u0627 \u0627\u0644\u063a\u0631\u0636 \u0645\u0646 \u0647\u0630\u0647 \u0627\u0644\u0647\u064a\u0626\u0629.<\/p>\n<p>3. \u0627\u0644\u062a\u063a\u064a\u064a\u0631\u0627\u062a \u0641\u064a \u0627\u0644\u0625\u0634\u0639\u0627\u0631\u0627\u062a \u0627\u0644\u0642\u0627\u0646\u0648\u0646\u064a\u0629<\/p>\n<p>\u064a\u0645\u0643\u0646 \u0627\u0644\u0627\u0637\u0644\u0627\u0639 \u0639\u0644\u0649 \u0647\u0630\u0647 \u0627\u0644\u0625\u0634\u0639\u0627\u0631\u0627\u062a \u0627\u0644\u0642\u0627\u0646\u0648\u0646\u064a\u0629 \u0639\u0628\u0631 \u0627\u0644\u0625\u0646\u062a\u0631\u0646\u062a \u0639\u0644\u0649 \u0627\u0644\u0645\u0648\u0642\u0639. \u0642\u062f \u064a\u062a\u0645 \u062a\u0639\u062f\u064a\u0644\u0647\u0627 \u062f\u0648\u0646 \u0623\u064a \u0625\u062c\u0631\u0627\u0621 \u0634\u0643\u0644\u064a \u0622\u062e\u0631 \u063a\u064a\u0631 \u0646\u0634\u0631 \u0646\u0633\u062e\u0629 \u0645\u0639\u062f\u0644\u0629 \u062c\u062f\u064a\u062f\u0629\u060c \u0648\u064a\u062a\u0645 \u0627\u0644\u0627\u0639\u062a\u0645\u0627\u062f \u0641\u0642\u0637 \u0639\u0644\u0649 \u0647\u0630\u0627 \u0627\u0644\u0625\u0635\u062f\u0627\u0631 \u0627\u0644\u0623\u062e\u064a\u0631.<\/p>\n<p>4. \u0627\u0644\u0627\u062e\u062a\u0635\u0627\u0635 \u0627\u0644\u0642\u0636\u0627\u0626\u064a \u0648\u0627\u0644\u0642\u0627\u0646\u0648\u0646 \u0627\u0644\u0645\u0639\u0645\u0648\u0644 \u0628\u0647<\/p>\n<p>\u0623\u064a \u0646\u0632\u0627\u0639 \u064a\u062a\u0639\u0644\u0642 \u0628\u062a\u0641\u0633\u064a\u0631 \u0623\u0648 \u062a\u0646\u0641\u064a\u0630 \u0647\u0630\u0647 \u0627\u0644\u0623\u062d\u0643\u0627\u0645 \u0633\u064a\u062e\u0636\u0639 \u0644\u0644\u0627\u062e\u062a\u0635\u0627\u0635 \u0627\u0644\u0642\u0636\u0627\u0626\u064a \u0627\u0644\u062d\u0635\u0631\u064a \u0644\u0644\u0645\u062d\u0643\u0645\u0629 \u0627\u0644\u062a\u062c\u0627\u0631\u064a\u0629 \u0628\u0627\u0644\u062f\u0627\u0631 \u0627\u0644\u0628\u064a\u0636\u0627\u0621\u060c \u0645\u0639 \u062a\u0637\u0628\u064a\u0642 \u0627\u0644\u0642\u0627\u0646\u0648\u0646 \u0627\u0644\u0645\u063a\u0631\u0628\u064a \u0639\u0644\u0649 \u0627\u0644\u0645\u0648\u0636\u0648\u0639 \u0648\u0627\u0644\u0625\u062c\u0631\u0627\u0621\u0627\u062a.<\/p>\n","protected":false},"excerpt":{"rendered":"<p>[Version fran\u00e7aise] Ce Site est \u00e9dit\u00e9 par la soci\u00e9t\u00e9 BPros Sarl, Soci\u00e9t\u00e9 au capital de 300.000,00 dirhams, dont le si\u00e8ge&hellip;<\/p>\n","protected":false},"author":2,"featured_media":0,"parent":0,"menu_order":0,"comment_status":"closed","ping_status":"closed","template":"","meta":{"content-type":"","rop_custom_images_group":[],"rop_custom_messages_group":[],"rop_publish_now":"initial","rop_publish_now_accounts":[],"rop_publish_now_history":[],"rop_publish_now_status":"pending","footnotes":""},"class_list":["post-2991","page","type-page","status-publish","hentry"],"jetpack-related-posts":[{"id":3,"url":"https:\/\/store.droneway.ma\/index.php\/politique-de-confidentialite\/","url_meta":{"origin":2991,"position":0},"title":"Politique de confidentialit\u00e9 de droneway.ma sur Internet","author":"admin","date":"13 novembre 2020","format":false,"excerpt":"Politique de confidentialit\u00e9 de droneway.ma sur Internet droneway.ma\u00a0(BPROS SARL) respecte votre droit \u00e0 la vie priv\u00e9e. Cette politique r\u00e9capitule la nature des informations personnelles que nous pouvons recueillir, et la mani\u00e8re dont nous pourrions les utiliser. Cette politique aborde \u00e9galement d\u2019autres sujets importants relatifs \u00e0 votre vie priv\u00e9e. Politique g\u00e9n\u00e9rale\u00a0droneway.ma\u00a0(BPROS\u2026","rel":"","context":"Article similaire","block_context":{"text":"Article similaire","link":""},"img":{"alt_text":"","src":"","width":0,"height":0},"classes":[]},{"id":3025,"url":"https:\/\/store.droneway.ma\/index.php\/comment-acheter\/","url_meta":{"origin":2991,"position":1},"title":"Comment acheter","author":"Kend","date":"22 ao\u00fbt 2024","format":false,"excerpt":"Un article vous int\u00e9resse et vous voulez le r\u00e9server avant que quelqu\u2019un ne le fasse avant vous? C\u2019est simple, cliquez vite sur le bouton \u00ab Commander \u00bb figurant sur l\u2019article de votre choix, cr\u00e9er votre compte en quelques secondes et validez votre commande, OU, appelez vite le +212 663-190620\u00a0, nos\u2026","rel":"","context":"Article similaire","block_context":{"text":"Article similaire","link":""},"img":{"alt_text":"","src":"","width":0,"height":0},"classes":[]},{"id":6,"url":"https:\/\/store.droneway.ma\/","url_meta":{"origin":2991,"position":2},"title":"DJI  Store Officiel Maroc","author":"admin","date":"13 novembre 2020","format":false,"excerpt":"DJI Officiel et Exclusif Store au Maroc par Droneway Drone DJI est le premier producteur mondial de drones et de stabilisateurs. D\u00e9couvrez nos drones Matrice, Phantom, Mavic et stabilisateurs","rel":"","context":"Article similaire","block_context":{"text":"Article similaire","link":""},"img":{"alt_text":"","src":"https:\/\/i0.wp.com\/store.droneway.ma\/wp-content\/uploads\/2020\/11\/dji.jpg?resize=350%2C200&ssl=1","width":350,"height":200,"srcset":"https:\/\/i0.wp.com\/store.droneway.ma\/wp-content\/uploads\/2020\/11\/dji.jpg?resize=350%2C200&ssl=1 1x, https:\/\/i0.wp.com\/store.droneway.ma\/wp-content\/uploads\/2020\/11\/dji.jpg?resize=525%2C300&ssl=1 1.5x, https:\/\/i0.wp.com\/store.droneway.ma\/wp-content\/uploads\/2020\/11\/dji.jpg?resize=700%2C400&ssl=1 2x"},"classes":[]},{"id":3032,"url":"https:\/\/store.droneway.ma\/index.php\/paiement-en-ligne-sur-notre-site\/","url_meta":{"origin":2991,"position":3},"title":"Paiement en-ligne sur notre site","author":"Kend","date":"22 ao\u00fbt 2024","format":false,"excerpt":"\u00ab Le paiement en ligne sur notre site est se\u0301curise\u0301 par la plateforme de paiement en ligne FPAY de la socie\u0301te\u0301 FAST PAYMENT LTD. FAST PAYMENT LTD adhe\u0300re aux normes e\u0301tablies par la norme PCI-DSS, telles qu\u2019elles sont ge\u0301re\u0301es par le PCI Security Standards Council, qui est un effort conjoint\u2026","rel":"","context":"Article similaire","block_context":{"text":"Article similaire","link":""},"img":{"alt_text":"","src":"","width":0,"height":0},"classes":[]},{"id":2987,"url":"https:\/\/store.droneway.ma\/index.php\/conditions-generales-de-ventes\/","url_meta":{"origin":2991,"position":4},"title":"Conditions G\u00e9n\u00e9rales de Vente","author":"Kend","date":"22 ao\u00fbt 2024","format":false,"excerpt":"ART 1 : Application des Conditions G\u00e9n\u00e9rales de Vente - Opposabilit\u00e9 des Conditions G\u00e9n\u00e9rales de Vente Les pr\u00e9sentes conditions g\u00e9n\u00e9rales de vente (CGV) sont syst\u00e9matiquement adress\u00e9es par le vendeur (le \"Vendeur\") \u00e0 chaque acheteur (\"l'Acheteur\") pour lui permettre de passer commande ou accessibles par lien hypertexte. Le fait de passer\u2026","rel":"","context":"Article similaire","block_context":{"text":"Article similaire","link":""},"img":{"alt_text":"","src":"","width":0,"height":0},"classes":[]},{"id":3027,"url":"https:\/\/store.droneway.ma\/index.php\/modalites-de-livraison\/","url_meta":{"origin":2991,"position":5},"title":"Modalit\u00e9s de livraison","author":"Kend","date":"22 ao\u00fbt 2024","format":false,"excerpt":"Modes de livraison Les produits sont livr\u00e9s \u00e0 domicile par nos partenaires logistiques ( Amana Express, Aramex, SPEEDYAF\u2026) Avant la livraison vous \u00eates pr\u00e9venu par notre service et Amana vous contactera avant la livraison par t\u00e9l\u00e9phone. En cas d\u2019absence lors de la livraison le colis sera disponible au bureau de\u2026","rel":"","context":"Article similaire","block_context":{"text":"Article similaire","link":""},"img":{"alt_text":"","src":"","width":0,"height":0},"classes":[]}],"jetpack_sharing_enabled":true,"_links":{"self":[{"href":"https:\/\/store.droneway.ma\/index.php\/wp-json\/wp\/v2\/pages\/2991","targetHints":{"allow":["GET"]}}],"collection":[{"href":"https:\/\/store.droneway.ma\/index.php\/wp-json\/wp\/v2\/pages"}],"about":[{"href":"https:\/\/store.droneway.ma\/index.php\/wp-json\/wp\/v2\/types\/page"}],"author":[{"embeddable":true,"href":"https:\/\/store.droneway.ma\/index.php\/wp-json\/wp\/v2\/users\/2"}],"replies":[{"embeddable":true,"href":"https:\/\/store.droneway.ma\/index.php\/wp-json\/wp\/v2\/comments?post=2991"}],"version-history":[{"count":2,"href":"https:\/\/store.droneway.ma\/index.php\/wp-json\/wp\/v2\/pages\/2991\/revisions"}],"predecessor-version":[{"id":3036,"href":"https:\/\/store.droneway.ma\/index.php\/wp-json\/wp\/v2\/pages\/2991\/revisions\/3036"}],"wp:attachment":[{"href":"https:\/\/store.droneway.ma\/index.php\/wp-json\/wp\/v2\/media?parent=2991"}],"curies":[{"name":"wp","href":"https:\/\/api.w.org\/{rel}","templated":true}]}}