{"id":2048,"date":"2020-11-21T18:39:11","date_gmt":"2020-11-21T17:39:11","guid":{"rendered":"http:\/\/store.droneway.ma\/index.php\/request-quote\/"},"modified":"2020-11-21T18:39:11","modified_gmt":"2020-11-21T17:39:11","slug":"request-quote","status":"publish","type":"page","link":"https:\/\/store.droneway.ma\/index.php\/request-quote\/","title":{"rendered":"Request a Quote"},"content":{"rendered":"<p>[yith_ywraq_request_quote]<\/p>\n","protected":false},"excerpt":{"rendered":"<p>[yith_ywraq_request_quote]<\/p>\n","protected":false},"author":1,"featured_media":0,"parent":0,"menu_order":0,"comment_status":"closed","ping_status":"closed","template":"","meta":{"content-type":"","rop_custom_images_group":[],"rop_custom_messages_group":[],"rop_publish_now":"initial","rop_publish_now_accounts":[],"rop_publish_now_history":[],"rop_publish_now_status":"pending","footnotes":""},"class_list":["post-2048","page","type-page","status-publish","hentry"],"jetpack-related-posts":[{"id":3,"url":"https:\/\/store.droneway.ma\/index.php\/politique-de-confidentialite\/","url_meta":{"origin":2048,"position":0},"title":"Politique de confidentialit\u00e9 de droneway.ma sur Internet","author":"admin","date":"13 novembre 2020","format":false,"excerpt":"Politique de confidentialit\u00e9 de droneway.ma sur Internet droneway.ma\u00a0(BPROS SARL) respecte votre droit \u00e0 la vie priv\u00e9e. Cette politique r\u00e9capitule la nature des informations personnelles que nous pouvons recueillir, et la mani\u00e8re dont nous pourrions les utiliser. Cette politique aborde \u00e9galement d\u2019autres sujets importants relatifs \u00e0 votre vie priv\u00e9e. Politique g\u00e9n\u00e9rale\u00a0droneway.ma\u00a0(BPROS\u2026","rel":"","context":"Article similaire","block_context":{"text":"Article similaire","link":""},"img":{"alt_text":"","src":"","width":0,"height":0},"classes":[]},{"id":3027,"url":"https:\/\/store.droneway.ma\/index.php\/modalites-de-livraison\/","url_meta":{"origin":2048,"position":1},"title":"Modalit\u00e9s de livraison","author":"Kend","date":"22 ao\u00fbt 2024","format":false,"excerpt":"Modes de livraison Les produits sont livr\u00e9s \u00e0 domicile par nos partenaires logistiques ( Amana Express, Aramex, SPEEDYAF\u2026) Avant la livraison vous \u00eates pr\u00e9venu par notre service et Amana vous contactera avant la livraison par t\u00e9l\u00e9phone. En cas d\u2019absence lors de la livraison le colis sera disponible au bureau de\u2026","rel":"","context":"Article similaire","block_context":{"text":"Article similaire","link":""},"img":{"alt_text":"","src":"","width":0,"height":0},"classes":[]},{"id":3025,"url":"https:\/\/store.droneway.ma\/index.php\/comment-acheter\/","url_meta":{"origin":2048,"position":2},"title":"Comment acheter","author":"Kend","date":"22 ao\u00fbt 2024","format":false,"excerpt":"Un article vous int\u00e9resse et vous voulez le r\u00e9server avant que quelqu\u2019un ne le fasse avant vous? C\u2019est simple, cliquez vite sur le bouton \u00ab Commander \u00bb figurant sur l\u2019article de votre choix, cr\u00e9er votre compte en quelques secondes et validez votre commande, OU, appelez vite le +212 663-190620\u00a0, nos\u2026","rel":"","context":"Article similaire","block_context":{"text":"Article similaire","link":""},"img":{"alt_text":"","src":"","width":0,"height":0},"classes":[]},{"id":2991,"url":"https:\/\/store.droneway.ma\/index.php\/informations-legales\/","url_meta":{"origin":2048,"position":3},"title":"Informations L\u00e9gales","author":"Kend","date":"22 ao\u00fbt 2024","format":false,"excerpt":"[Version fran\u00e7aise] Ce Site est \u00e9dit\u00e9 par la soci\u00e9t\u00e9 BPros Sarl, Soci\u00e9t\u00e9 au capital de 300.000,00 dirhams, dont le si\u00e8ge social est situ\u00e9 au 22 All\u00e9e des Sauges, Casablanca 20250, Maroc, et dont les informations l\u00e9gales sont les suivantes : 1. Identit\u00e9 * Raison sociale : BPros Sarl * Adresse\u2026","rel":"","context":"Article similaire","block_context":{"text":"Article similaire","link":""},"img":{"alt_text":"","src":"","width":0,"height":0},"classes":[]},{"id":2987,"url":"https:\/\/store.droneway.ma\/index.php\/conditions-generales-de-ventes\/","url_meta":{"origin":2048,"position":4},"title":"Conditions G\u00e9n\u00e9rales de Vente","author":"Kend","date":"22 ao\u00fbt 2024","format":false,"excerpt":"ART 1 : Application des Conditions G\u00e9n\u00e9rales de Vente - Opposabilit\u00e9 des Conditions G\u00e9n\u00e9rales de Vente Les pr\u00e9sentes conditions g\u00e9n\u00e9rales de vente (CGV) sont syst\u00e9matiquement adress\u00e9es par le vendeur (le \"Vendeur\") \u00e0 chaque acheteur (\"l'Acheteur\") pour lui permettre de passer commande ou accessibles par lien hypertexte. Le fait de passer\u2026","rel":"","context":"Article similaire","block_context":{"text":"Article similaire","link":""},"img":{"alt_text":"","src":"","width":0,"height":0},"classes":[]},{"id":3023,"url":"https:\/\/store.droneway.ma\/index.php\/droit-de-retractation\/","url_meta":{"origin":2048,"position":5},"title":"Droit de r\u00e9tractation","author":"Kend","date":"22 ao\u00fbt 2024","format":false,"excerpt":"Droit de r\u00e9tractation Tout \u00e9change de produit non d\u00e9bal\u00e9 dans son \u00e9tat d\u2019origine et non utilis\u00e9 est possible dans un d\u00e9lai de 24h (hors produits en promotions).\u00a0 A compter de la date de livraison de votre commande, vous disposez d\u2019un d\u00e9lais de 7 jours pour faire valoir votre droit de\u2026","rel":"","context":"Article similaire","block_context":{"text":"Article similaire","link":""},"img":{"alt_text":"","src":"","width":0,"height":0},"classes":[]}],"jetpack_sharing_enabled":true,"_links":{"self":[{"href":"https:\/\/store.droneway.ma\/index.php\/wp-json\/wp\/v2\/pages\/2048","targetHints":{"allow":["GET"]}}],"collection":[{"href":"https:\/\/store.droneway.ma\/index.php\/wp-json\/wp\/v2\/pages"}],"about":[{"href":"https:\/\/store.droneway.ma\/index.php\/wp-json\/wp\/v2\/types\/page"}],"author":[{"embeddable":true,"href":"https:\/\/store.droneway.ma\/index.php\/wp-json\/wp\/v2\/users\/1"}],"replies":[{"embeddable":true,"href":"https:\/\/store.droneway.ma\/index.php\/wp-json\/wp\/v2\/comments?post=2048"}],"version-history":[{"count":0,"href":"https:\/\/store.droneway.ma\/index.php\/wp-json\/wp\/v2\/pages\/2048\/revisions"}],"wp:attachment":[{"href":"https:\/\/store.droneway.ma\/index.php\/wp-json\/wp\/v2\/media?parent=2048"}],"curies":[{"name":"wp","href":"https:\/\/api.w.org\/{rel}","templated":true}]}}